{"id":17,"date":"2020-01-14T11:55:08","date_gmt":"2020-01-14T10:55:08","guid":{"rendered":"https:\/\/blogg.nord.no\/arctaqua\/?page_id=17"},"modified":"2021-12-23T12:13:16","modified_gmt":"2021-12-23T11:13:16","slug":"norwegian-norsk","status":"publish","type":"page","link":"https:\/\/site.nord.no\/arctaqua\/norwegian-norsk\/","title":{"rendered":"Norwegian\/Norsk"},"content":{"rendered":"<h4><strong>Velkommen til ARCTAQUA<\/strong><\/h4>\n<p><strong>Innovasjonskunnskap innen Arktisk oppdrett p\u00e5 tvers av landegrensene<\/strong><\/p>\n<p>Oppdrett er en av de hurtigst voksende sektoren innen matproduksjon i verden og blir betraktet for \u00e5 v\u00e6re en milj\u00f8messig, b\u00e6rekraftig og god kilde for protein til en voksende verdensbefolkning. Til tross for den globale veksten, s\u00e5 har produksjon innen oppdrett i Europa og Russland ikke fulgt den \u00f8kende ettersp\u00f8rselen for akvakulturprodukter. En videre diversifisering og satsning p\u00e5 nye arter innen oppdrett vil derfor kunne bidre til \u00e5 dekke ettersp\u00f8rselen for fiskeprotein. ARCTAQUA har som hovedm\u00e5l \u00e5 <strong>promotere utviklingen av b\u00e6rekraftig oppdrett i den Arktiske region<\/strong>. ARCTAQUA prosjektet, har satt seg som m\u00e5l \u00e5 adressere noen flaskehalser i produksjon av fire nye arter (arktisk r\u00f8ye, flekksteinbit, sik og nelma) i den Arktiske region, som p\u00e5 sikt vil f\u00f8re til en forbedret \u00f8konomiske situasjon gjennom utvidet produksjon av disse artene. ARCTAQUA vil p\u00e5 s\u00e5 m\u00e5te f\u00f8re til flere jobbmuligheter og bidra til \u00f8konomiske vekst og utvikling i den Arktiske region.<\/p>\n<p>&nbsp;<\/p>\n<p>De norske partnere i prosjektet er Nord universitet, Sigerfjord Fisk AS og Akvatik AS.<\/p>\n","protected":false},"excerpt":{"rendered":"<p>Velkommen til ARCTAQUA Innovasjonskunnskap innen Arktisk oppdrett p\u00e5 tvers av landegrensene Oppdrett er en av de hurtigst voksende sektoren innen matproduksjon i verden og blir betraktet for \u00e5 v\u00e6re en milj\u00f8messig, b\u00e6rekraftig og god kilde for protein til en voksende verdensbefolkning. Til tross for den globale veksten, s\u00e5 har produksjon innen oppdrett i Europa og [&hellip;]<\/p>\n","protected":false},"author":75,"featured_media":0,"parent":0,"menu_order":0,"comment_status":"closed","ping_status":"closed","template":"","meta":{"site-sidebar-layout":"default","site-content-layout":"default","ast-site-content-layout":"default","site-content-style":"default","site-sidebar-style":"default","ast-global-header-display":"","ast-banner-title-visibility":"","ast-main-header-display":"","ast-hfb-above-header-display":"","ast-hfb-below-header-display":"","ast-hfb-mobile-header-display":"","site-post-title":"","ast-breadcrumbs-content":"","ast-featured-img":"","footer-sml-layout":"","ast-disable-related-posts":"","theme-transparent-header-meta":"default","adv-header-id-meta":"","stick-header-meta":"default","header-above-stick-meta":"","header-main-stick-meta":"","header-below-stick-meta":"","astra-migrate-meta-layouts":"default","ast-page-background-enabled":"default","ast-page-background-meta":{"desktop":{"background-color":"","background-image":"","background-repeat":"repeat","background-position":"center center","background-size":"auto","background-attachment":"scroll","background-type":"","background-media":"","overlay-type":"","overlay-color":"","overlay-opacity":"","overlay-gradient":""},"tablet":{"background-color":"","background-image":"","background-repeat":"repeat","background-position":"center center","background-size":"auto","background-attachment":"scroll","background-type":"","background-media":"","overlay-type":"","overlay-color":"","overlay-opacity":"","overlay-gradient":""},"mobile":{"background-color":"","background-image":"","background-repeat":"repeat","background-position":"center center","background-size":"auto","background-attachment":"scroll","background-type":"","background-media":"","overlay-type":"","overlay-color":"","overlay-opacity":"","overlay-gradient":""}},"ast-content-background-meta":{"desktop":{"background-color":"var(--ast-global-color-5)","background-image":"","background-repeat":"repeat","background-position":"center center","background-size":"auto","background-attachment":"scroll","background-type":"","background-media":"","overlay-type":"","overlay-color":"","overlay-opacity":"","overlay-gradient":""},"tablet":{"background-color":"var(--ast-global-color-5)","background-image":"","background-repeat":"repeat","background-position":"center center","background-size":"auto","background-attachment":"scroll","background-type":"","background-media":"","overlay-type":"","overlay-color":"","overlay-opacity":"","overlay-gradient":""},"mobile":{"background-color":"var(--ast-global-color-5)","background-image":"","background-repeat":"repeat","background-position":"center center","background-size":"auto","background-attachment":"scroll","background-type":"","background-media":"","overlay-type":"","overlay-color":"","overlay-opacity":"","overlay-gradient":""}},"footnotes":""},"coauthors":[2],"class_list":["post-17","page","type-page","status-publish","hentry"],"jetpack_sharing_enabled":true,"_links":{"self":[{"href":"https:\/\/site.nord.no\/arctaqua\/wp-json\/wp\/v2\/pages\/17","targetHints":{"allow":["GET"]}}],"collection":[{"href":"https:\/\/site.nord.no\/arctaqua\/wp-json\/wp\/v2\/pages"}],"about":[{"href":"https:\/\/site.nord.no\/arctaqua\/wp-json\/wp\/v2\/types\/page"}],"author":[{"embeddable":true,"href":"https:\/\/site.nord.no\/arctaqua\/wp-json\/wp\/v2\/users\/75"}],"replies":[{"embeddable":true,"href":"https:\/\/site.nord.no\/arctaqua\/wp-json\/wp\/v2\/comments?post=17"}],"version-history":[{"count":4,"href":"https:\/\/site.nord.no\/arctaqua\/wp-json\/wp\/v2\/pages\/17\/revisions"}],"predecessor-version":[{"id":236,"href":"https:\/\/site.nord.no\/arctaqua\/wp-json\/wp\/v2\/pages\/17\/revisions\/236"}],"wp:attachment":[{"href":"https:\/\/site.nord.no\/arctaqua\/wp-json\/wp\/v2\/media?parent=17"}],"wp:term":[{"taxonomy":"author","embeddable":true,"href":"https:\/\/site.nord.no\/arctaqua\/wp-json\/wp\/v2\/coauthors?post=17"}],"curies":[{"name":"wp","href":"https:\/\/api.w.org\/{rel}","templated":true}]}}