{"id":19,"date":"2020-01-14T11:55:26","date_gmt":"2020-01-14T10:55:26","guid":{"rendered":"https:\/\/blogg.nord.no\/arctaqua\/?page_id=19"},"modified":"2020-02-14T15:09:20","modified_gmt":"2020-02-14T14:09:20","slug":"swedish-svenska","status":"publish","type":"page","link":"https:\/\/site.nord.no\/arctaqua\/swedish-svenska\/","title":{"rendered":"Swedish\/Svenska"},"content":{"rendered":"<h4><strong>V\u00e4lkommen till ARCTAQUA <\/strong><\/h4>\n<p><strong>Gr\u00e4ns\u00f6verskridande innovationer inom arktiskt vattenbruk<\/strong><\/p>\n<p>&nbsp;<\/p>\n<p>Vattenbruket \u00e4r den snabbast v\u00e4xande branschen inom global djuruppf\u00f6dningsindustri, och anses utg\u00f6ra en h\u00e5llbar k\u00e4lla f\u00f6r att f\u00f6rse v\u00e4rldens v\u00e4xande befolkning med protein. I Europa och Ryssland har dock inte vattenbrukets produktion \u00f6kat i takt med marknadens efterfr\u00e5gan. Ett s\u00e4tt att tillgodose marknadens efterfr\u00e5gan p\u00e5 fisk som proteink\u00e4lla \u00e4r att bredd utbudet av arter inom vattenbruket. ARCTAQUA-projektet kommer ta sig an de st\u00f6rsta flaskhalsarna f\u00f6r \u00f6kad produktion av nya fiskarter inom den arktiska regionen, vilket kommer ge l\u00e4gre produktionskostnader och en expansion av n\u00e4ringen i omr\u00e5det. Det l\u00e5ngsiktiga m\u00e5let f\u00f6r ARCTAQUA \u00e4r att skapa nya arbetstillf\u00e4llen och ekonomisk tillv\u00e4xt i de arktiska regionerna.<\/p>\n<p>&nbsp;<\/p>\n<p>Svenska partners inom projektet \u00e4r G\u00f6teborgs universitet (GU) och Sveriges lantbruksuniversitet (SLU).<\/p>\n","protected":false},"excerpt":{"rendered":"<p>V\u00e4lkommen till ARCTAQUA Gr\u00e4ns\u00f6verskridande innovationer inom arktiskt vattenbruk &nbsp; Vattenbruket \u00e4r den snabbast v\u00e4xande branschen inom global djuruppf\u00f6dningsindustri, och anses utg\u00f6ra en h\u00e5llbar k\u00e4lla f\u00f6r att f\u00f6rse v\u00e4rldens v\u00e4xande befolkning med protein. I Europa och Ryssland har dock inte vattenbrukets produktion \u00f6kat i takt med marknadens efterfr\u00e5gan. Ett s\u00e4tt att tillgodose marknadens efterfr\u00e5gan p\u00e5 fisk [&hellip;]<\/p>\n","protected":false},"author":75,"featured_media":0,"parent":0,"menu_order":0,"comment_status":"closed","ping_status":"closed","template":"","meta":{"site-sidebar-layout":"default","site-content-layout":"default","ast-site-content-layout":"default","site-content-style":"default","site-sidebar-style":"default","ast-global-header-display":"","ast-banner-title-visibility":"","ast-main-header-display":"","ast-hfb-above-header-display":"","ast-hfb-below-header-display":"","ast-hfb-mobile-header-display":"","site-post-title":"","ast-breadcrumbs-content":"","ast-featured-img":"","footer-sml-layout":"","ast-disable-related-posts":"","theme-transparent-header-meta":"default","adv-header-id-meta":"","stick-header-meta":"default","header-above-stick-meta":"","header-main-stick-meta":"","header-below-stick-meta":"","astra-migrate-meta-layouts":"default","ast-page-background-enabled":"default","ast-page-background-meta":{"desktop":{"background-color":"","background-image":"","background-repeat":"repeat","background-position":"center center","background-size":"auto","background-attachment":"scroll","background-type":"","background-media":"","overlay-type":"","overlay-color":"","overlay-opacity":"","overlay-gradient":""},"tablet":{"background-color":"","background-image":"","background-repeat":"repeat","background-position":"center center","background-size":"auto","background-attachment":"scroll","background-type":"","background-media":"","overlay-type":"","overlay-color":"","overlay-opacity":"","overlay-gradient":""},"mobile":{"background-color":"","background-image":"","background-repeat":"repeat","background-position":"center center","background-size":"auto","background-attachment":"scroll","background-type":"","background-media":"","overlay-type":"","overlay-color":"","overlay-opacity":"","overlay-gradient":""}},"ast-content-background-meta":{"desktop":{"background-color":"var(--ast-global-color-5)","background-image":"","background-repeat":"repeat","background-position":"center center","background-size":"auto","background-attachment":"scroll","background-type":"","background-media":"","overlay-type":"","overlay-color":"","overlay-opacity":"","overlay-gradient":""},"tablet":{"background-color":"var(--ast-global-color-5)","background-image":"","background-repeat":"repeat","background-position":"center center","background-size":"auto","background-attachment":"scroll","background-type":"","background-media":"","overlay-type":"","overlay-color":"","overlay-opacity":"","overlay-gradient":""},"mobile":{"background-color":"var(--ast-global-color-5)","background-image":"","background-repeat":"repeat","background-position":"center center","background-size":"auto","background-attachment":"scroll","background-type":"","background-media":"","overlay-type":"","overlay-color":"","overlay-opacity":"","overlay-gradient":""}},"footnotes":""},"coauthors":[2],"class_list":["post-19","page","type-page","status-publish","hentry"],"jetpack_sharing_enabled":true,"_links":{"self":[{"href":"https:\/\/site.nord.no\/arctaqua\/wp-json\/wp\/v2\/pages\/19","targetHints":{"allow":["GET"]}}],"collection":[{"href":"https:\/\/site.nord.no\/arctaqua\/wp-json\/wp\/v2\/pages"}],"about":[{"href":"https:\/\/site.nord.no\/arctaqua\/wp-json\/wp\/v2\/types\/page"}],"author":[{"embeddable":true,"href":"https:\/\/site.nord.no\/arctaqua\/wp-json\/wp\/v2\/users\/75"}],"replies":[{"embeddable":true,"href":"https:\/\/site.nord.no\/arctaqua\/wp-json\/wp\/v2\/comments?post=19"}],"version-history":[{"count":6,"href":"https:\/\/site.nord.no\/arctaqua\/wp-json\/wp\/v2\/pages\/19\/revisions"}],"predecessor-version":[{"id":237,"href":"https:\/\/site.nord.no\/arctaqua\/wp-json\/wp\/v2\/pages\/19\/revisions\/237"}],"wp:attachment":[{"href":"https:\/\/site.nord.no\/arctaqua\/wp-json\/wp\/v2\/media?parent=19"}],"wp:term":[{"taxonomy":"author","embeddable":true,"href":"https:\/\/site.nord.no\/arctaqua\/wp-json\/wp\/v2\/coauthors?post=19"}],"curies":[{"name":"wp","href":"https:\/\/api.w.org\/{rel}","templated":true}]}}