{"id":21,"date":"2020-01-14T11:55:39","date_gmt":"2020-01-14T10:55:39","guid":{"rendered":"https:\/\/blogg.nord.no\/arctaqua\/?page_id=21"},"modified":"2021-12-23T12:13:16","modified_gmt":"2021-12-23T11:13:16","slug":"ofinnish-suomalainen","status":"publish","type":"page","link":"https:\/\/site.nord.no\/arctaqua\/ofinnish-suomalainen\/","title":{"rendered":"Finnish\/Suomalainen"},"content":{"rendered":"<h3><strong>Tervetuloa ARCTAQUA<\/strong><\/h3>\n<h6><strong>Yhteiset innovaatiot arktisessa vesiviljelyss\u00e4<\/strong><\/h6>\n<p>Kalan kulutus on ollut vuosikymmeni\u00e4 nousussa, ja vesiviljely on globaalisti yksi nopeimmin kasvava alkutuotannon muoto. Euroopassa ja Ven\u00e4j\u00e4ll\u00e4 alan kasvu ei ole kuitenkaan pystynyt seuraamaan kysynn\u00e4n nousua. ArctAqua hankkeen p\u00e4\u00e4tavoite on kehitt\u00e4\u00e4 yhteisi\u00e4 menetelmi\u00e4 arktisten kalojen saatavuuden parantamiseksi ja kalatiskin lajikirjon monipuolistamiseksi. Globaalisti tuotettujen lohen ja kirjolohen rinnalle on tarkoitus kehitt\u00e4\u00e4 kansallisesti t\u00e4rkeiden lajien, kuten nieri\u00e4, kissakala ja siikalajit, tarjontaa huomioiden ymp\u00e4rist\u00f6vaikutukset ml. kiertovesikasvatuksen mahdollisuudet. Hanke tukee alueen taloudellista kasvua ja kest\u00e4v\u00e4n kalatalouden laajentumista.<\/p>\n<p>Suomesta ArctAqua hankkeeseen osallistuu Luke.<\/p>\n","protected":false},"excerpt":{"rendered":"<p>Tervetuloa ARCTAQUA Yhteiset innovaatiot arktisessa vesiviljelyss\u00e4 Kalan kulutus on ollut vuosikymmeni\u00e4 nousussa, ja vesiviljely on globaalisti yksi nopeimmin kasvava alkutuotannon muoto. Euroopassa ja Ven\u00e4j\u00e4ll\u00e4 alan kasvu ei ole kuitenkaan pystynyt seuraamaan kysynn\u00e4n nousua. ArctAqua hankkeen p\u00e4\u00e4tavoite on kehitt\u00e4\u00e4 yhteisi\u00e4 menetelmi\u00e4 arktisten kalojen saatavuuden parantamiseksi ja kalatiskin lajikirjon monipuolistamiseksi. Globaalisti tuotettujen lohen ja kirjolohen rinnalle on [&hellip;]<\/p>\n","protected":false},"author":75,"featured_media":0,"parent":0,"menu_order":0,"comment_status":"closed","ping_status":"closed","template":"","meta":{"site-sidebar-layout":"default","site-content-layout":"default","ast-site-content-layout":"default","site-content-style":"default","site-sidebar-style":"default","ast-global-header-display":"","ast-banner-title-visibility":"","ast-main-header-display":"","ast-hfb-above-header-display":"","ast-hfb-below-header-display":"","ast-hfb-mobile-header-display":"","site-post-title":"","ast-breadcrumbs-content":"","ast-featured-img":"","footer-sml-layout":"","ast-disable-related-posts":"","theme-transparent-header-meta":"default","adv-header-id-meta":"","stick-header-meta":"default","header-above-stick-meta":"","header-main-stick-meta":"","header-below-stick-meta":"","astra-migrate-meta-layouts":"default","ast-page-background-enabled":"default","ast-page-background-meta":{"desktop":{"background-color":"","background-image":"","background-repeat":"repeat","background-position":"center center","background-size":"auto","background-attachment":"scroll","background-type":"","background-media":"","overlay-type":"","overlay-color":"","overlay-opacity":"","overlay-gradient":""},"tablet":{"background-color":"","background-image":"","background-repeat":"repeat","background-position":"center center","background-size":"auto","background-attachment":"scroll","background-type":"","background-media":"","overlay-type":"","overlay-color":"","overlay-opacity":"","overlay-gradient":""},"mobile":{"background-color":"","background-image":"","background-repeat":"repeat","background-position":"center center","background-size":"auto","background-attachment":"scroll","background-type":"","background-media":"","overlay-type":"","overlay-color":"","overlay-opacity":"","overlay-gradient":""}},"ast-content-background-meta":{"desktop":{"background-color":"var(--ast-global-color-5)","background-image":"","background-repeat":"repeat","background-position":"center center","background-size":"auto","background-attachment":"scroll","background-type":"","background-media":"","overlay-type":"","overlay-color":"","overlay-opacity":"","overlay-gradient":""},"tablet":{"background-color":"var(--ast-global-color-5)","background-image":"","background-repeat":"repeat","background-position":"center center","background-size":"auto","background-attachment":"scroll","background-type":"","background-media":"","overlay-type":"","overlay-color":"","overlay-opacity":"","overlay-gradient":""},"mobile":{"background-color":"var(--ast-global-color-5)","background-image":"","background-repeat":"repeat","background-position":"center center","background-size":"auto","background-attachment":"scroll","background-type":"","background-media":"","overlay-type":"","overlay-color":"","overlay-opacity":"","overlay-gradient":""}},"footnotes":""},"coauthors":[2],"class_list":["post-21","page","type-page","status-publish","hentry"],"jetpack_sharing_enabled":true,"_links":{"self":[{"href":"https:\/\/site.nord.no\/arctaqua\/wp-json\/wp\/v2\/pages\/21","targetHints":{"allow":["GET"]}}],"collection":[{"href":"https:\/\/site.nord.no\/arctaqua\/wp-json\/wp\/v2\/pages"}],"about":[{"href":"https:\/\/site.nord.no\/arctaqua\/wp-json\/wp\/v2\/types\/page"}],"author":[{"embeddable":true,"href":"https:\/\/site.nord.no\/arctaqua\/wp-json\/wp\/v2\/users\/75"}],"replies":[{"embeddable":true,"href":"https:\/\/site.nord.no\/arctaqua\/wp-json\/wp\/v2\/comments?post=21"}],"version-history":[{"count":7,"href":"https:\/\/site.nord.no\/arctaqua\/wp-json\/wp\/v2\/pages\/21\/revisions"}],"predecessor-version":[{"id":250,"href":"https:\/\/site.nord.no\/arctaqua\/wp-json\/wp\/v2\/pages\/21\/revisions\/250"}],"wp:attachment":[{"href":"https:\/\/site.nord.no\/arctaqua\/wp-json\/wp\/v2\/media?parent=21"}],"wp:term":[{"taxonomy":"author","embeddable":true,"href":"https:\/\/site.nord.no\/arctaqua\/wp-json\/wp\/v2\/coauthors?post=21"}],"curies":[{"name":"wp","href":"https:\/\/api.w.org\/{rel}","templated":true}]}}