{"id":4,"date":"2021-08-26T10:03:50","date_gmt":"2021-08-26T08:03:50","guid":{"rendered":"https:\/\/blogg.nord.no\/barnevernamev\/?page_id=4"},"modified":"2025-07-31T22:16:08","modified_gmt":"2025-07-31T20:16:08","slug":"om-prosjektet","status":"publish","type":"page","link":"https:\/\/site.nord.no\/barnevernamev\/","title":{"rendered":"Hjem"},"content":{"rendered":"<p>Dette prosjektet skal bidra med kunnskap om hvordan barneverntjenesten forst\u00e5r psykisk og emosjonell vold.<\/p>\n<p>I forskning, politikk og praksis i barneverntjenesten har det v\u00e6rt en begrenset oppmerksomhet rettet mot psykisk og emosjonell vold. Dette til tross for de negative konsekvensene slike opplevelser synes \u00e5 ha for barn og unges psykiske helse og livskvalitet p\u00e5 lang sikt. Dette doktorgradsprosjektet skal bidra til \u00e5 rette oppmerksomheten mot psykisk og emosjonell vold, med m\u00e5l om \u00e5 fremskaffe kunnskap om hvordan profesjonelle i barneverntjenesten beskriver, forst\u00e5r og vurderer dette fenomenet. Prosjektet har tre forskningssp\u00f8rsm\u00e5l:<\/p>\n<ul>\n<li>Hvordan beskrives og defineres emosjonell vold i internasjonal forskning p\u00e5 barneverntjenesten?<\/li>\n<li>Hvordan beskriver og forst\u00e5r ansatte i barneverntjenesten emosjonell vold?<\/li>\n<li>Hvordan beskriver og vurderer ansatte i barneverntjenesten emosjonell vold i skriftlige dokumenter i barneverntjenesten?<\/li>\n<\/ul>\n<p>Forskningsdesignet er kvalitativt og omfatter ulike typer data organisert i tre delstudier.<\/p>\n<ul>\n<li>En kunnskapsoppsummering av definisjoner og beskrivelser av psykisk og emosjonell vold i internasjonal forskning.<\/li>\n<li>Fokusgruppeintervju av kontaktpersoner i barneverntjenesten.<\/li>\n<li>Dokumentanalyse av utvalgte dokumenter fra mapper i barneverntjenesten.<\/li>\n<\/ul>\n<p>Resultatene fra prosjektet er publisert i f\u00f8lgende ph.d. avhandling: <a href=\"https:\/\/nordopen.nord.no\/nord-xmlui\/handle\/11250\/3168705\">Nord Open Research Archive: Understandings of emotional abuse. A qualitative study on how emotional abuse is understood in a child welfare context<\/a><\/p>\n<p>Prosjektleder er stipendiat i profesjonsvitenskap ved Nord universitet, <a href=\"https:\/\/www.nord.no\/no\/ansatte\/sigrid-ness#&amp;acd=accAboutMe&amp;acd=h-upor\">Sigrid Ness<\/a>.<\/p>\n<p>Veiledere:<\/p>\n<ul>\n<li><a href=\"https:\/\/www.nord.no\/no\/ansatte\/natallia-bahdanovich-hanssen\">Natallia Bahdanovich Hanssen<\/a>, hovedveileder og f\u00f8rsteamanuensis ved Fakultet for l\u00e6rerutdanning, kunst og kultur.<\/li>\n<li><a href=\"https:\/\/samforsk.no\/Sider\/Ansatte\/Veronika-Paulsen.aspx\">Veronika Paulsen<\/a>, medveileder og professor ved Insituttt for sosialt arbeid, NTNU<\/li>\n<\/ul>\n","protected":false},"excerpt":{"rendered":"<p>Dette prosjektet skal bidra med kunnskap om hvordan barneverntjenesten forst\u00e5r psykisk og emosjonell vold. I forskning, politikk og praksis i barneverntjenesten har det v\u00e6rt en begrenset oppmerksomhet rettet mot psykisk og emosjonell vold. Dette til tross for de negative konsekvensene slike opplevelser synes \u00e5 ha for barn og unges psykiske helse og livskvalitet p\u00e5 lang [&hellip;]<\/p>\n","protected":false},"author":75,"featured_media":0,"parent":0,"menu_order":0,"comment_status":"closed","ping_status":"closed","template":"","meta":{"site-sidebar-layout":"default","site-content-layout":"default","ast-site-content-layout":"default","site-content-style":"default","site-sidebar-style":"default","ast-global-header-display":"","ast-banner-title-visibility":"","ast-main-header-display":"","ast-hfb-above-header-display":"","ast-hfb-below-header-display":"","ast-hfb-mobile-header-display":"","site-post-title":"","ast-breadcrumbs-content":"","ast-featured-img":"","footer-sml-layout":"","ast-disable-related-posts":"","theme-transparent-header-meta":"default","adv-header-id-meta":"","stick-header-meta":"","header-above-stick-meta":"","header-main-stick-meta":"","header-below-stick-meta":"","astra-migrate-meta-layouts":"set","ast-page-background-enabled":"default","ast-page-background-meta":{"desktop":{"background-color":"var(--ast-global-color-4)","background-image":"","background-repeat":"repeat","background-position":"center center","background-size":"auto","background-attachment":"scroll","background-type":"","background-media":"","overlay-type":"","overlay-color":"","overlay-opacity":"","overlay-gradient":""},"tablet":{"background-color":"","background-image":"","background-repeat":"repeat","background-position":"center center","background-size":"auto","background-attachment":"scroll","background-type":"","background-media":"","overlay-type":"","overlay-color":"","overlay-opacity":"","overlay-gradient":""},"mobile":{"background-color":"","background-image":"","background-repeat":"repeat","background-position":"center center","background-size":"auto","background-attachment":"scroll","background-type":"","background-media":"","overlay-type":"","overlay-color":"","overlay-opacity":"","overlay-gradient":""}},"ast-content-background-meta":{"desktop":{"background-color":"var(--ast-global-color-5)","background-image":"","background-repeat":"repeat","background-position":"center center","background-size":"auto","background-attachment":"scroll","background-type":"","background-media":"","overlay-type":"","overlay-color":"","overlay-opacity":"","overlay-gradient":""},"tablet":{"background-color":"var(--ast-global-color-5)","background-image":"","background-repeat":"repeat","background-position":"center center","background-size":"auto","background-attachment":"scroll","background-type":"","background-media":"","overlay-type":"","overlay-color":"","overlay-opacity":"","overlay-gradient":""},"mobile":{"background-color":"var(--ast-global-color-5)","background-image":"","background-repeat":"repeat","background-position":"center center","background-size":"auto","background-attachment":"scroll","background-type":"","background-media":"","overlay-type":"","overlay-color":"","overlay-opacity":"","overlay-gradient":""}},"footnotes":""},"coauthors":[2],"class_list":["post-4","page","type-page","status-publish","hentry"],"_links":{"self":[{"href":"https:\/\/site.nord.no\/barnevernamev\/wp-json\/wp\/v2\/pages\/4","targetHints":{"allow":["GET"]}}],"collection":[{"href":"https:\/\/site.nord.no\/barnevernamev\/wp-json\/wp\/v2\/pages"}],"about":[{"href":"https:\/\/site.nord.no\/barnevernamev\/wp-json\/wp\/v2\/types\/page"}],"author":[{"embeddable":true,"href":"https:\/\/site.nord.no\/barnevernamev\/wp-json\/wp\/v2\/users\/75"}],"replies":[{"embeddable":true,"href":"https:\/\/site.nord.no\/barnevernamev\/wp-json\/wp\/v2\/comments?post=4"}],"version-history":[{"count":12,"href":"https:\/\/site.nord.no\/barnevernamev\/wp-json\/wp\/v2\/pages\/4\/revisions"}],"predecessor-version":[{"id":44,"href":"https:\/\/site.nord.no\/barnevernamev\/wp-json\/wp\/v2\/pages\/4\/revisions\/44"}],"wp:attachment":[{"href":"https:\/\/site.nord.no\/barnevernamev\/wp-json\/wp\/v2\/media?parent=4"}],"wp:term":[{"taxonomy":"author","embeddable":true,"href":"https:\/\/site.nord.no\/barnevernamev\/wp-json\/wp\/v2\/coauthors?post=4"}],"curies":[{"name":"wp","href":"https:\/\/api.w.org\/{rel}","templated":true}]}}