{"id":106,"date":"2022-06-09T21:57:20","date_gmt":"2022-06-09T19:57:20","guid":{"rendered":"https:\/\/site.nord.no\/beprof\/?page_id=106"},"modified":"2022-06-09T21:57:20","modified_gmt":"2022-06-09T19:57:20","slug":"hjelp-jeg-er-sykepleier","status":"publish","type":"page","link":"https:\/\/site.nord.no\/beprof\/hjelp-jeg-er-sykepleier\/","title":{"rendered":"Hjelp, jeg er sykepleier!"},"content":{"rendered":"\n<p><strong>Beskrivelse av podcasten:<\/strong><\/p>\n\n\n\n<p>Velkommen til podcasten &laquo;Hjelp, jeg er sykepleier!&raquo; Podcasten for deg som er genuint interessert i sykepleiefaget. Etter to \u00e5r med pandemi og mye negativitet om sykepleieryrket i mediebildet er det p\u00e5 tide \u00e5 \u00e5pne \u00f8yene og se hva dette yrket egentlig er: UTROLIG komplekst. I denne podcasten vil du f\u00e5 h\u00f8re diskusjon om b\u00e5de positive og negative sider med sykepleiefaget og du vil f\u00e5 et innblikk i de mange arbeidsplasser der sykepleiere med ulik erfaring og kompetanse jobber med alt fra A til \u00c5: alt fra akuttsykepleie til \u00e5ndelig sykepleie.<br>En podcast av Helene Dahl Karlsen<\/p>\n\n\n\n<figure class=\"wp-block-embed is-type-rich is-provider-spotify wp-block-embed-spotify wp-embed-aspect-21-9 wp-has-aspect-ratio\"><div class=\"wp-block-embed__wrapper\">\nhttps:\/\/open.spotify.com\/show\/73YtK8rfuSDA4Zim0Z5u6y?si=149b769605da4d45\n<\/div><\/figure>\n","protected":false},"excerpt":{"rendered":"<p>Beskrivelse av podcasten: Velkommen til podcasten &laquo;Hjelp, jeg er sykepleier!&raquo; Podcasten for deg som er genuint interessert i sykepleiefaget. Etter to \u00e5r med pandemi og mye negativitet om sykepleieryrket i mediebildet er det p\u00e5 tide \u00e5 \u00e5pne \u00f8yene og se hva dette yrket egentlig er: UTROLIG komplekst. I denne podcasten vil du f\u00e5 h\u00f8re diskusjon &hellip; <\/p>\n<p class=\"link-more\"><a href=\"https:\/\/site.nord.no\/beprof\/hjelp-jeg-er-sykepleier\/\" class=\"more-link\">Fortsett \u00e5 lese<span class=\"screen-reader-text\"> \u00abHjelp, jeg er sykepleier!\u00bb<\/span><\/a><\/p>\n","protected":false},"author":107,"featured_media":0,"parent":0,"menu_order":0,"comment_status":"closed","ping_status":"closed","template":"","meta":{"footnotes":""},"coauthors":[2],"class_list":["post-106","page","type-page","status-publish","hentry"],"_links":{"self":[{"href":"https:\/\/site.nord.no\/beprof\/wp-json\/wp\/v2\/pages\/106","targetHints":{"allow":["GET"]}}],"collection":[{"href":"https:\/\/site.nord.no\/beprof\/wp-json\/wp\/v2\/pages"}],"about":[{"href":"https:\/\/site.nord.no\/beprof\/wp-json\/wp\/v2\/types\/page"}],"author":[{"embeddable":true,"href":"https:\/\/site.nord.no\/beprof\/wp-json\/wp\/v2\/users\/107"}],"replies":[{"embeddable":true,"href":"https:\/\/site.nord.no\/beprof\/wp-json\/wp\/v2\/comments?post=106"}],"version-history":[{"count":1,"href":"https:\/\/site.nord.no\/beprof\/wp-json\/wp\/v2\/pages\/106\/revisions"}],"predecessor-version":[{"id":107,"href":"https:\/\/site.nord.no\/beprof\/wp-json\/wp\/v2\/pages\/106\/revisions\/107"}],"wp:attachment":[{"href":"https:\/\/site.nord.no\/beprof\/wp-json\/wp\/v2\/media?parent=106"}],"wp:term":[{"taxonomy":"author","embeddable":true,"href":"https:\/\/site.nord.no\/beprof\/wp-json\/wp\/v2\/coauthors?post=106"}],"curies":[{"name":"wp","href":"https:\/\/api.w.org\/{rel}","templated":true}]}}