{"id":121,"date":"2022-07-05T13:35:51","date_gmt":"2022-07-05T11:35:51","guid":{"rendered":"https:\/\/site.nord.no\/beprof\/?page_id=121"},"modified":"2022-07-05T13:37:24","modified_gmt":"2022-07-05T11:37:24","slug":"referansegruppe","status":"publish","type":"page","link":"https:\/\/site.nord.no\/beprof\/referansegruppe\/","title":{"rendered":"Referansegruppe"},"content":{"rendered":"\n<p>Isabell Kibsgaard, Nord universitet<\/p>\n\n\n\n<p>Hilde Holm Solvoll, Nord universitet<\/p>\n\n\n\n<p>Anne Ingeborg Pedersen, Helgeland sykehuset<\/p>\n\n\n\n<p>Astrid Dagmar Jakobsen, Nordland sykehuset<\/p>\n\n\n\n<p>Marit Br\u00f8ndbo, Helse-Nordtr\u00f8ndelag<\/p>\n\n\n\n<p>Marion Celius, Hadsel kommune<\/p>\n\n\n\n<p>Bente Eidesmo, Overhalla kommune<\/p>\n\n\n\n<p>Elisabeth Bogfjellmo, Vefsn kommune<\/p>\n\n\n\n<p>John Georg Tuseth, Tr\u00f8ndelag Fylkeskommune<\/p>\n\n\n\n<p>Jonas Sj\u00f8m\u00e6ling, Steinkjer kommune<\/p>\n\n\n\n<p>Anette Krane, Nord universitet<\/p>\n\n\n\n<p>Thina Maria Benum Mohus, Nordland Fylkeskommune<\/p>\n\n\n\n<p>Gertrud Helene Krokaa, Norsk Sykepleie Forbund<\/p>\n\n\n\n<p>Lisa Friborg, Kommunesektorens organisasjon<\/p>\n\n\n\n<p>Berit Harriet Mosseng Sj\u00f8lie, Nord universitet<\/p>\n","protected":false},"excerpt":{"rendered":"<p>Isabell Kibsgaard, Nord universitet Hilde Holm Solvoll, Nord universitet Anne Ingeborg Pedersen, Helgeland sykehuset Astrid Dagmar Jakobsen, Nordland sykehuset Marit Br\u00f8ndbo, Helse-Nordtr\u00f8ndelag Marion Celius, Hadsel kommune Bente Eidesmo, Overhalla kommune Elisabeth Bogfjellmo, Vefsn kommune John Georg Tuseth, Tr\u00f8ndelag Fylkeskommune Jonas Sj\u00f8m\u00e6ling, Steinkjer kommune Anette Krane, Nord universitet Thina Maria Benum Mohus, Nordland Fylkeskommune Gertrud Helene &hellip; <\/p>\n<p class=\"link-more\"><a href=\"https:\/\/site.nord.no\/beprof\/referansegruppe\/\" class=\"more-link\">Fortsett \u00e5 lese<span class=\"screen-reader-text\"> \u00abReferansegruppe\u00bb<\/span><\/a><\/p>\n","protected":false},"author":107,"featured_media":0,"parent":0,"menu_order":0,"comment_status":"closed","ping_status":"closed","template":"","meta":{"footnotes":""},"coauthors":[2],"class_list":["post-121","page","type-page","status-publish","hentry"],"_links":{"self":[{"href":"https:\/\/site.nord.no\/beprof\/wp-json\/wp\/v2\/pages\/121","targetHints":{"allow":["GET"]}}],"collection":[{"href":"https:\/\/site.nord.no\/beprof\/wp-json\/wp\/v2\/pages"}],"about":[{"href":"https:\/\/site.nord.no\/beprof\/wp-json\/wp\/v2\/types\/page"}],"author":[{"embeddable":true,"href":"https:\/\/site.nord.no\/beprof\/wp-json\/wp\/v2\/users\/107"}],"replies":[{"embeddable":true,"href":"https:\/\/site.nord.no\/beprof\/wp-json\/wp\/v2\/comments?post=121"}],"version-history":[{"count":2,"href":"https:\/\/site.nord.no\/beprof\/wp-json\/wp\/v2\/pages\/121\/revisions"}],"predecessor-version":[{"id":124,"href":"https:\/\/site.nord.no\/beprof\/wp-json\/wp\/v2\/pages\/121\/revisions\/124"}],"wp:attachment":[{"href":"https:\/\/site.nord.no\/beprof\/wp-json\/wp\/v2\/media?parent=121"}],"wp:term":[{"taxonomy":"author","embeddable":true,"href":"https:\/\/site.nord.no\/beprof\/wp-json\/wp\/v2\/coauthors?post=121"}],"curies":[{"name":"wp","href":"https:\/\/api.w.org\/{rel}","templated":true}]}}