{"id":152,"date":"2022-08-31T09:07:16","date_gmt":"2022-08-31T07:07:16","guid":{"rendered":"https:\/\/site.nord.no\/beprof\/?page_id=152"},"modified":"2023-04-14T15:33:23","modified_gmt":"2023-04-14T13:33:23","slug":"beprof-podcasten","status":"publish","type":"page","link":"https:\/\/site.nord.no\/beprof\/beprof-podcasten\/","title":{"rendered":"BePROF-podcasten"},"content":{"rendered":"\n<p>F\u00f8rste episode i BePROF-podcasten handler om hvilken betydning mentorskapet kan ha for nyutdannete sykepleiere, og hvordan dette m\u00e5 sees i sammenheng med ledelse.<\/p>\n\n\n\n<p>F\u00f8rsteamanuensene Jonas Vaag og Rita Solbakken har bes\u00f8k av Elsa Kommedahl fra Bod\u00f8 kommune.<\/p>\n\n\n\n<figure class=\"wp-block-audio\"><audio controls src=\"https:\/\/site.nord.no\/beprof\/wp-content\/uploads\/sites\/54\/2022\/08\/BEPROF_OmMentorskapogLedelse.mp3\"><\/audio><\/figure>\n\n\n\n<p>I andre episode i BePROF-podcasten snakker vi med mentorene Andreas Kristensen og Kristin Nyrud-Haldorsen om det \u00e5 v\u00e6re mentor.<\/p>\n\n\n\n<figure class=\"wp-block-audio\"><audio controls src=\"https:\/\/site.nord.no\/beprof\/wp-content\/uploads\/sites\/54\/2023\/04\/OmAaVaereMentorBeProf.mp3\"><\/audio><\/figure>\n","protected":false},"excerpt":{"rendered":"<p>F\u00f8rste episode i BePROF-podcasten handler om hvilken betydning mentorskapet kan ha for nyutdannete sykepleiere, og hvordan dette m\u00e5 sees i sammenheng med ledelse. F\u00f8rsteamanuensene Jonas Vaag og Rita Solbakken har bes\u00f8k av Elsa Kommedahl fra Bod\u00f8 kommune. I andre episode i BePROF-podcasten snakker vi med mentorene Andreas Kristensen og Kristin Nyrud-Haldorsen om det \u00e5 v\u00e6re &hellip; <\/p>\n<p class=\"link-more\"><a href=\"https:\/\/site.nord.no\/beprof\/beprof-podcasten\/\" class=\"more-link\">Fortsett \u00e5 lese<span class=\"screen-reader-text\"> \u00abBePROF-podcasten\u00bb<\/span><\/a><\/p>\n","protected":false},"author":107,"featured_media":0,"parent":0,"menu_order":0,"comment_status":"closed","ping_status":"closed","template":"","meta":{"footnotes":""},"coauthors":[2],"class_list":["post-152","page","type-page","status-publish","hentry"],"_links":{"self":[{"href":"https:\/\/site.nord.no\/beprof\/wp-json\/wp\/v2\/pages\/152","targetHints":{"allow":["GET"]}}],"collection":[{"href":"https:\/\/site.nord.no\/beprof\/wp-json\/wp\/v2\/pages"}],"about":[{"href":"https:\/\/site.nord.no\/beprof\/wp-json\/wp\/v2\/types\/page"}],"author":[{"embeddable":true,"href":"https:\/\/site.nord.no\/beprof\/wp-json\/wp\/v2\/users\/107"}],"replies":[{"embeddable":true,"href":"https:\/\/site.nord.no\/beprof\/wp-json\/wp\/v2\/comments?post=152"}],"version-history":[{"count":4,"href":"https:\/\/site.nord.no\/beprof\/wp-json\/wp\/v2\/pages\/152\/revisions"}],"predecessor-version":[{"id":182,"href":"https:\/\/site.nord.no\/beprof\/wp-json\/wp\/v2\/pages\/152\/revisions\/182"}],"wp:attachment":[{"href":"https:\/\/site.nord.no\/beprof\/wp-json\/wp\/v2\/media?parent=152"}],"wp:term":[{"taxonomy":"author","embeddable":true,"href":"https:\/\/site.nord.no\/beprof\/wp-json\/wp\/v2\/coauthors?post=152"}],"curies":[{"name":"wp","href":"https:\/\/api.w.org\/{rel}","templated":true}]}}