{"id":39,"date":"2022-06-07T21:13:21","date_gmt":"2022-06-07T19:13:21","guid":{"rendered":"https:\/\/site.nord.no\/beprof\/?page_id=39"},"modified":"2022-06-09T17:25:31","modified_gmt":"2022-06-09T15:25:31","slug":"sykepleierne","status":"publish","type":"page","link":"https:\/\/site.nord.no\/beprof\/sykepleierne\/","title":{"rendered":"Sykepleierne"},"content":{"rendered":"\n<p>En podcast om sykepleie hvor undervisere fra Nord universitet ogs\u00e5 er bidragsytere.<\/p>\n\n\n\n<p><strong>Beskrivelse fra Spotify:<\/strong> En podcast om sykepleie av sykepleiere som formidler tanker og erfaringer relatert til yrket. Vi diskuterer aktuelle tema og f\u00e5r h\u00f8re hva som r\u00f8rer seg i hverdagen til andre; sykepleiere, helsepersonell, pasienter og inspirerende personer. Kan vi l\u00e6re noe av hverandre? Og hva kan vi l\u00e6re av andre?<\/p>\n\n\n\n<figure class=\"wp-block-embed is-type-rich is-provider-spotify wp-block-embed-spotify wp-embed-aspect-21-9 wp-has-aspect-ratio\"><div class=\"wp-block-embed__wrapper\">\n<iframe title=\"Spotify Embed: Sykepleierne\" style=\"border-radius: 12px\" width=\"100%\" height=\"152\" frameborder=\"0\" allowfullscreen allow=\"autoplay; clipboard-write; encrypted-media; fullscreen; picture-in-picture\" loading=\"lazy\" src=\"https:\/\/open.spotify.com\/embed\/show\/1u7Ge652C7d2Uu0ouKqveH?utm_source=oembed\"><\/iframe>\n<\/div><\/figure>\n\n\n","protected":false},"excerpt":{"rendered":"<p>En podcast om sykepleie hvor undervisere fra Nord universitet ogs\u00e5 er bidragsytere. Beskrivelse fra Spotify: En podcast om sykepleie av sykepleiere som formidler tanker og erfaringer relatert til yrket. Vi diskuterer aktuelle tema og f\u00e5r h\u00f8re hva som r\u00f8rer seg i hverdagen til andre; sykepleiere, helsepersonell, pasienter og inspirerende personer. Kan vi l\u00e6re noe av &hellip; <\/p>\n<p class=\"link-more\"><a href=\"https:\/\/site.nord.no\/beprof\/sykepleierne\/\" class=\"more-link\">Fortsett \u00e5 lese<span class=\"screen-reader-text\"> \u00abSykepleierne\u00bb<\/span><\/a><\/p>\n","protected":false},"author":107,"featured_media":0,"parent":0,"menu_order":0,"comment_status":"closed","ping_status":"closed","template":"","meta":{"footnotes":""},"coauthors":[2],"class_list":["post-39","page","type-page","status-publish","hentry"],"_links":{"self":[{"href":"https:\/\/site.nord.no\/beprof\/wp-json\/wp\/v2\/pages\/39","targetHints":{"allow":["GET"]}}],"collection":[{"href":"https:\/\/site.nord.no\/beprof\/wp-json\/wp\/v2\/pages"}],"about":[{"href":"https:\/\/site.nord.no\/beprof\/wp-json\/wp\/v2\/types\/page"}],"author":[{"embeddable":true,"href":"https:\/\/site.nord.no\/beprof\/wp-json\/wp\/v2\/users\/107"}],"replies":[{"embeddable":true,"href":"https:\/\/site.nord.no\/beprof\/wp-json\/wp\/v2\/comments?post=39"}],"version-history":[{"count":4,"href":"https:\/\/site.nord.no\/beprof\/wp-json\/wp\/v2\/pages\/39\/revisions"}],"predecessor-version":[{"id":67,"href":"https:\/\/site.nord.no\/beprof\/wp-json\/wp\/v2\/pages\/39\/revisions\/67"}],"wp:attachment":[{"href":"https:\/\/site.nord.no\/beprof\/wp-json\/wp\/v2\/media?parent=39"}],"wp:term":[{"taxonomy":"author","embeddable":true,"href":"https:\/\/site.nord.no\/beprof\/wp-json\/wp\/v2\/coauthors?post=39"}],"curies":[{"name":"wp","href":"https:\/\/api.w.org\/{rel}","templated":true}]}}