{"id":7,"date":"2022-06-06T21:28:04","date_gmt":"2022-06-06T19:28:04","guid":{"rendered":"https:\/\/site.nord.no\/beprof\/?page_id=7"},"modified":"2022-09-20T14:08:07","modified_gmt":"2022-09-20T12:08:07","slug":"planlagte-faser-i-prosjektet","status":"publish","type":"page","link":"https:\/\/site.nord.no\/beprof\/planlagte-faser-i-prosjektet\/","title":{"rendered":"Forskningsprosjektet"},"content":{"rendered":"<div class=\"page\" title=\"Page 6\">\n<div class=\"layoutArea\">\n<div class=\"column\">\n<blockquote><p><strong>F\u00f8rste fase<\/strong><\/p><\/blockquote>\n<p>I f\u00f8rste fase gj\u00f8res det en sp\u00f8rreunders\u00f8kelse blant nyutdannete og erfarne sykepleiere i regionene Nordland (Norge) og Va\u0308sterbotten (Sverige). Ma\u030aleinstrumenter brukes for sykepleiere a\u030a vurdere helserelatert livskvalitet, velbefinnende, stress, utbrenthet og jobbtilfredshet. Nyutdannede sykepleier i regionene blir intervjuet om deres behov for introduksjon og mentorskap. Datainnsamling gjennomf\u00f8res gjennom fokusgruppeintervjuer i begge regionene. Individuelle intervjuer gj\u00f8res blant ledere for a\u030a unders\u00f8ke deres behov for st\u00f8tte i det a\u030a skape en helsefremmende arbeidsmilj\u00f8.<\/p>\n<blockquote><p><strong>Andre fase<\/strong><\/p><\/blockquote>\n<div class=\"page\" title=\"Page 6\">\n<div class=\"layoutArea\">\n<div class=\"column\">\n<p>I andre fase og pa\u030a basis av resultatene fra intervjuene, samt tidligere studier, utvikles det et felles mentorprogram gjennom workshops med nye og erfarne sykepleiere, ledere i begge regionene. Utifra resultatene fra workshops og tidligere studier utvikles et kurs for mentorer for a\u030a forberede og st\u00f8tte dem. Frivillige mentorer, utifra visse kvalitetskriterier, inviteres inn til online workshops og introduseres i mentorprogrammet.<\/p>\n<blockquote><p><strong>Tredje fase<\/strong><\/p><\/blockquote>\n<div class=\"page\" title=\"Page 6\">\n<div class=\"layoutArea\">\n<div class=\"column\">\n<p>I tredje fase gjennomf\u00f8res det en intervensjon i sju ma\u030aneder, fra oktober 2021 til april 2022. Dette gjennomf\u00f8res ved et utvalg intervensjonsenheter, som m\u00e5les ved ulike anledninger, for a\u030a kunne teste og vurdere mentorprogrammet. Effekten av mentorskapsprogrammet ma\u030ales gjennom sp\u00f8rreskjemaunders\u00f8kelser blant nyutdannete sykepleiere ved intervensjonsenhetene. Disse gjennomf\u00f8res ved tre tidspunkt: september\/oktober-21, mai-22 og november\/desember 22. Ma\u030al pa\u030a effekt vil v\u00e6re helserelatert livskvalitet, velv\u00e6re, stress og utbrenthet. Etter intervensjonene gjennomf\u00f8res det oppf\u00f8lgende fokusgruppeintervjuer med de nyutdannete sykepleierne (mentees) og mentorene. Pa\u030a basis av denne unders\u00f8kelsen vil modellen for mentorskap videreutvikles.<\/p>\n<\/div>\n<\/div>\n<\/div>\n<\/div>\n<\/div>\n<\/div>\n<\/div>\n<\/div>\n<\/div>\n","protected":false},"excerpt":{"rendered":"<p>F\u00f8rste fase I f\u00f8rste fase gj\u00f8res det en sp\u00f8rreunders\u00f8kelse blant nyutdannete og erfarne sykepleiere i regionene Nordland (Norge) og Va\u0308sterbotten (Sverige). Ma\u030aleinstrumenter brukes for sykepleiere a\u030a vurdere helserelatert livskvalitet, velbefinnende, stress, utbrenthet og jobbtilfredshet. Nyutdannede sykepleier i regionene blir intervjuet om deres behov for introduksjon og mentorskap. Datainnsamling gjennomf\u00f8res gjennom fokusgruppeintervjuer i begge regionene. Individuelle &hellip; <\/p>\n<p class=\"link-more\"><a href=\"https:\/\/site.nord.no\/beprof\/planlagte-faser-i-prosjektet\/\" class=\"more-link\">Fortsett \u00e5 lese<span class=\"screen-reader-text\"> \u00abForskningsprosjektet\u00bb<\/span><\/a><\/p>\n","protected":false},"author":107,"featured_media":0,"parent":0,"menu_order":0,"comment_status":"closed","ping_status":"closed","template":"","meta":{"footnotes":""},"coauthors":[2],"class_list":["post-7","page","type-page","status-publish","hentry"],"_links":{"self":[{"href":"https:\/\/site.nord.no\/beprof\/wp-json\/wp\/v2\/pages\/7","targetHints":{"allow":["GET"]}}],"collection":[{"href":"https:\/\/site.nord.no\/beprof\/wp-json\/wp\/v2\/pages"}],"about":[{"href":"https:\/\/site.nord.no\/beprof\/wp-json\/wp\/v2\/types\/page"}],"author":[{"embeddable":true,"href":"https:\/\/site.nord.no\/beprof\/wp-json\/wp\/v2\/users\/107"}],"replies":[{"embeddable":true,"href":"https:\/\/site.nord.no\/beprof\/wp-json\/wp\/v2\/comments?post=7"}],"version-history":[{"count":4,"href":"https:\/\/site.nord.no\/beprof\/wp-json\/wp\/v2\/pages\/7\/revisions"}],"predecessor-version":[{"id":166,"href":"https:\/\/site.nord.no\/beprof\/wp-json\/wp\/v2\/pages\/7\/revisions\/166"}],"wp:attachment":[{"href":"https:\/\/site.nord.no\/beprof\/wp-json\/wp\/v2\/media?parent=7"}],"wp:term":[{"taxonomy":"author","embeddable":true,"href":"https:\/\/site.nord.no\/beprof\/wp-json\/wp\/v2\/coauthors?post=7"}],"curies":[{"name":"wp","href":"https:\/\/api.w.org\/{rel}","templated":true}]}}