{"id":12,"date":"2021-09-25T13:06:12","date_gmt":"2021-09-25T11:06:12","guid":{"rendered":"https:\/\/blogg.nord.no\/bestbrood\/?page_id=12"},"modified":"2025-06-02T22:12:18","modified_gmt":"2025-06-02T20:12:18","slug":"publications","status":"publish","type":"page","link":"https:\/\/site.nord.no\/bestbrood\/publications\/","title":{"rendered":"Publications"},"content":{"rendered":"\n<div data-wp-interactive=\"core\/file\" class=\"wp-block-file\"><object data-wp-bind--hidden=\"!state.hasPdfPreview\" hidden class=\"wp-block-file__embed\" data=\"https:\/\/site.nord.no\/bestbrood\/wp-content\/uploads\/sites\/25\/2023\/04\/Ifapa_Divulgacion-2.pdf\" type=\"application\/pdf\" style=\"width:100%;height:600px\" aria-label=\"Embed of Ifapa_Divulgacion-2.\"><\/object><a id=\"wp-block-file--media-5e812712-bbd9-443d-96c8-0bd0b7281cbe\" href=\"https:\/\/site.nord.no\/bestbrood\/wp-content\/uploads\/sites\/25\/2023\/04\/Ifapa_Divulgacion-2.pdf\">Ifapa_Divulgacion-2<\/a><a href=\"https:\/\/site.nord.no\/bestbrood\/wp-content\/uploads\/sites\/25\/2023\/04\/Ifapa_Divulgacion-2.pdf\" class=\"wp-block-file__button wp-element-button\" download aria-describedby=\"wp-block-file--media-5e812712-bbd9-443d-96c8-0bd0b7281cbe\">Download<\/a><\/div>\n\n\n<h2><span style=\"color: #ff6600\"><strong>Scientific Peer-reviewed Articles\u00a0<\/strong><\/span><\/h2>\n<ol>\n<li>\n<p>Guerrero-Cozar I, Jimenez-Fernandez E, Berbel C, Espinosa E, Claros MG, Zerolo R, Manchado M. <a href=\"https:\/\/www.mdpi.com\/2076-2615\/11\/5\/1206\/htm\">Genetic estimates for growth and shape-related traits in the flatfish Senegalese sole<\/a>. <em>Animals<\/em>\u00a0<strong>11<\/strong>(5):1206 (2021). <i><strong>OA<\/strong><\/i><\/p>\n<\/li>\n<li>\n<p>Guerrero-C\u00f3zar I, Gomez-Garrido J, Berbel C. <i>et al.<\/i> <a href=\"https:\/\/doi.org\/10.1038\/s41598-021-92601-5\">Chromosome anchoring in Senegalese sole (<i>Solea senegalensis<\/i>) reveals sex-associated markers and genome rearrangements in flatfish<\/a>. <i>Sci Rep<\/i> <b>11, <\/b>13460 (2021). <i><strong>OA<\/strong><\/i><\/p>\n<\/li>\n<li>\n<p><span class=\"sciprofiles-link__name\">Le Fran\u00e7ois NR, <\/span><span class=\"inlineblock \"><span class=\"sciprofiles-link__name\">Beir\u00e3o J, <\/span><\/span><span class=\"inlineblock \"><span class=\"sciprofiles-link__name\">Superio J, <\/span><\/span><span class=\"inlineblock \"><span class=\"sciprofiles-link__name\">Dupont Cyr B-A, <\/span><\/span><span class=\"inlineblock \"><span class=\"sciprofiles-link__name\">Foss A, <\/span><\/span><span class=\"inlineblock \"><span class=\"inlineblock \"><span class=\"sciprofiles-link__name\">Bolla S. <a href=\"https:\/\/www.mdpi.com\/2076-2615\/11\/10\/2849\/htm\">Spotted wolffish broodstock management and egg production: retrospective, current status, and research priorities<\/a>. <em>Animals<\/em> <strong>11<\/strong>(10):2849 (2021). <i><strong>OA<\/strong><\/i><\/span><\/span><\/span><\/p>\n<\/li>\n<li>\n<p style=\"font-weight: 400\">Superio J, <span style=\"font-weight: 400\">Bj\u00f8rnar Eggen, Galindo-Villegas J.\u00a0<\/span><a href=\"https:\/\/doi.org\/10.1016\/j.fsi.2022.10.044\">Assessing the impact of oxidative stress and antioxidants on the spotted wolffish (<em>Anarhichas minor<\/em>) immune-reproductive axis<\/a>. <em>Fish &amp; Shellfish Immunol<\/em>. <strong>131<\/strong>(3):108387 (2022). <i><strong>OA<\/strong><\/i><\/p>\n<\/li>\n<li>Gayo P, Berbel C, Korozi E, Zerolo R, Manchado M. <a href=\"https:\/\/www.sciencedirect.com\/science\/article\/pii\/S0044848623007226\">Assessment of body shape variation using Elliptic Fourier descriptors and ellipse fitting estimators and their genetic estimates in the flatfish Senegalese sole.<\/a> <em>Aquaculture<\/em> 739948 (2023).<\/li>\n<li>\n<p>Passantino L, Corriero A, Pousis C, Zupa R, Perillo A, Superio J, Kumari Swain, Foss A, J, Galindo-Villegas J, Ventriglia G. <a href=\"https:\/\/doi.org\/10.1016\/j.aquaculture.2023.740417\">Hepatic melanomacrophage centers in the artic cultured fish\u00a0<i>Cyclopterus lumpus\u00a0<\/i>are not indicative of its health state<\/a>.\u00a0<em>Aquaculture<\/em> 740417 (2023). <i><strong>OA<\/strong><\/i><\/p>\n<\/li>\n<li>\n<p>Ventriglia\u00a0G, Fakriadis I, Papadaki M, Zupa R, Pousis C, Mandalakis IM, Corriero A, Mylonas CC. &#8220;<a href=\"https:\/\/www.sciencedirect.com\/science\/article\/pii\/S0016648024000078\"><i>Effects of different hormonal treatments on spermatogenesis advancement in hatchery produced\u00a0<\/i><i>greater amberjack<\/i><i>\u00a0<\/i><\/a><i>Seriola dumerili (Risso 1810)&#8221; <\/i><em>General and Comp. Endocrinol<\/em>. 114447 (2024). <i><strong>OA<\/strong><\/i><\/p>\n<\/li>\n<li>\n<p>Superio J, Resseguier J, Henrique Nobrega R, Grebstad CM, Fakriadis I, Foss A, Hagen \u00d8, Zhang M, Garc\u00eda-Hern\u00e1ndez MP, Galindo-Villegas J. <a href=\"https:\/\/doi.org\/10.1016\/j.aquaculture.2024.741214\"><i>Unravelling Spermatogenesis in Spotted Wolffish: Insights from the Ultrastructure of <\/i><i>Juvenile Male Testes to the Cryopreservation of Broodstock Sperm. <\/i><\/a><i>Aquaculture, 592:741214 (2024). <strong>OA<\/strong><\/i><\/p>\n<\/li>\n<li>Gayo P, Berbel C, Manchado M. &#8220;<a href=\"https:\/\/doi.org\/10.1016\/j.aquaculture.2024.741234\"><i style=\"font-size: 1rem\">T<\/i><i style=\"font-size: 1rem\">ranscriptomic signatures and genomic regions associated with growth in th<\/i><i style=\"font-size: 1rem\">e flatfish <\/i><\/a><i style=\"font-size: 1rem\">Senegalese sole&#8221;. <\/i><i style=\"font-size: 1rem\">Aquaculture, 592:741234 (2024).<\/i><\/li>\n<li>Rbbani G, Siriyappagouder P, Murshed R, Joshi R, Nedoluzhko A, Galindo-Villegas J, Fernandes JMO. &#8220;<a href=\"https:\/\/www.mdpi.com\/2409-9279\/8\/3\/57\">Optimization of Nile Tilapia Artificial Breeding Using Human Chorionic Gonadotropin (hCG) Hormone<\/a>.&#8221; <em>Methods and Protocols<\/em>. 8(3):57. (2025) OA\u00a0<\/li>\n<\/ol>\n<h2><span style=\"color: #ff6600\"><strong>Congress Communications <\/strong><\/span><u><\/u><\/h2>\n<ol>\n<li>Gayo P, Korozi E, Zerolo R, Manchado M. \u00a0(2021) \u201cEvaluaci\u00f3n de la morfolog\u00eda del lenguado senegal\u00e9s mediante el uso de descriptores el\u00edpticos de Fourier\u201d. En:\u00a0<strong><em>III Congreso de J\u00f3venes Investigadores del Mar<\/em><\/strong>, 6-9 September, Motril, Granada, <strong>Spain<\/strong>.<\/li>\n<li>\n<p><span style=\"font-size: 16px\">Gayo P, Fatsini E, Berbel C, Cabrita E, Zerolo R, Manchado M. (2021). \u201cEffect of thermocycles and treatments with dopamine inhibitors and gonadotropin-releasing hormone on sperm production and quality in Senegalese sole\u201d. In:\u00a0<\/span><em style=\"font-size: 16px\"><strong>Aquaculture Europe 2021<\/strong> \u00b7 October 4 &#8211; 7, Funchal, <\/em><span style=\"font-size: 16px\">Madeira, <strong>Portugal<\/strong>.<\/span><\/p>\n<\/li>\n<li>\n<p>Fatsini E, Gayo P, Manchado M, Berbel C, Zerolo R, Oliveira C, Anjos C, F\u00e9lix F, Cabrita E. (2021). &#8220;Approaches to enhance sperm production and quality in Senegalese sole&#8221;. In:\u00a0<em><strong>Aquaculture Europe 2021<\/strong> \u00b7 October 4 &#8211; 7, Funchal, <\/em>Madeira, <strong>Portugal<\/strong>.<\/p>\n<\/li>\n<li>\n<p>Superio J, Eggen B, Galindo-Villegas J. (2022) &#8220;Assessing the impact of oxidative stress and antioxidants on the reproductive process of the spotted wolffish (<em>Anarhichas minor<\/em>)&#8221;. In:\u00a0<em><strong>21st F<\/strong><strong>ish Immunology and Vaccination Workshop<\/strong><\/em>. April 24 &#8211; 28, Wageningen, <strong>The Netherlands<\/strong>.<\/p>\n<\/li>\n<li>\n<p>Superio J, Fakriadis I, Eggen B, Galindo-Villegas J. (2022) &#8220;Optimization of the storage medium for cryopreservation of spotted wolffish (<em>Anarchichas minor<\/em>) spermatozoa&#8221;. In:\u00a0<em><strong>8th International Workshop on the Biology of Fish Gametes<\/strong><\/em>. September 21-23, Gdanzk, Poland.<\/p>\n<\/li>\n<li>\n<p>Gayo P, Carballo C, Fatsini E, Oliveira C, Cabrita E, Zerolo R, Manchado M. (2023) &#8220;Evaluation of antioxidants on sperm quality in Senegalese sole&#8221;. In: <strong>12th International Symposium on Reproductive Physiology of Fish<\/strong>, 15-19 May 2023, Crete, <strong>Greece<\/strong>.<\/p>\n<\/li>\n<li>\n<p>Carballo C, Gayo P, Berbel C, Zerolo R, Manchado M. (2023) &#8220;Effect of vitamin C and B-glucan on Senegalese sole sperm quality and larval reprogramming&#8221;. In:\u00a0<strong>12th International Symposium on Reproductive Physiology of Fish<\/strong>, 15-19 May 2023, Crete, <strong>Greece<\/strong>.<\/p>\n<\/li>\n<li>\n<p>Superio J, Fakriadis I, Papadaki M, Mylonas C C, Galindo-Villegas J. (2023) &#8220;Hormonal profile and reproductive performance of male spotted wolffish (<em>Anarhichas minor<\/em>) in response to two methods of GnRHa administration&#8221;. In:\u00a0<strong>12th International Symposium on Reproductive Physiology of Fish<\/strong>, 15-19 May 2023, Crete, <strong>Greece<\/strong>.<\/p>\n<\/li>\n<li>\n<p>Zupa R, Mylonas C C, Fakriadis I, Pousis C, Correiro A. (2023) &#8220;Spermatogenesis enhancement in hatchery-produced greater amberjack (Seriola dumerili). In:\u00a0<strong>12th International Symposium on Reproductive Physiology of Fish<\/strong>, 15-19 May 2023, Crete, <strong>Greece<\/strong>.<\/p>\n<\/li>\n<li>\n<p>Fakriadis I, Papadaki M, Mylonas CC. &#8220;Spermiation enhancement of F1 greater amberjack (Seriola dumerili) in response to GnRHa or hGC&#8221;. In:\u00a0<strong>Aquaculture Europe 23,\u00a0<\/strong>18-21 September, Viena, <strong>Austria<\/strong>.<\/p>\n<\/li>\n<li>\n<p>Galindo-Villegas J. (2023) &#8220;<strong>Aspectos inmuno-reproductivos aplicados en peces de especies emergentes<\/strong>&#8220;. In: 25th Edition of <a href=\"https:\/\/foroacui.com\/programa-es\/\">ForoAcui<\/a>, 5-6 October, O Grove, Pontevedra,\u00a0<strong>Spain<\/strong>.<\/p>\n<\/li>\n<li>\n<p>Superio J, Galindo-Villegas J. &#8220;<i>Unravelling Spermatogenesis in Spotted Wolffish: Insights from the Ultrastructure of <\/i><i>Juvenile Male Testes to the Cryopreservation of Broodstock Sperm<\/i>&#8220;. In: <strong>Aquaculture Europe 24<\/strong>, August, Copenhagen, <strong>Denmark<\/strong>.<\/p>\n<\/li>\n<li>Superio J, Pereiro P,\u00a0<span style=\"font-size: 1rem\">Papadaki M,\u00a0<\/span>Siriyappagouder P, Bolla s, Mylonas CC. Figueras A,\u00a0Galindo-Villegas J. &#8220;Dynamic Profiling of wolffish: RNA-Seq Insights into immuno-reproductive, fatty acids, lipids, antioxidant enzymes, and hormonal variations across an annual cycle<span style=\"font-size: 1rem\">&#8220;. In: <\/span><strong style=\"font-size: 1rem\">Aquaculture Europe 24<\/strong><span style=\"font-size: 1rem\">, August, Copenhagen, <\/span><strong style=\"font-size: 1rem\">Denmark.<\/strong><\/li>\n<\/ol>\n<h2><span style=\"color: #ff6600\"><strong>Manuals<\/strong><\/span><\/h2>\n<ol>\n<li>\n<p><a href=\"https:\/\/doi.org\/10.5281\/zenodo.8435474\">Greater amberjack<\/a><\/p>\n<\/li>\n<li>\n<p>Senegalese sole<\/p>\n<\/li>\n<li>\n<p><a href=\"https:\/\/doi.org\/10.5281\/zenodo.8280185\">Spotted wolffish<\/a><\/p>\n<\/li>\n<li>\n<p>Lumpfish<\/p>\n<\/li>\n<\/ol>\n<h2><span style=\"color: #ff6600\"><strong>Popular Science<\/strong><\/span><\/h2>\n<ul>\n<li>Gayo P. &#8220;<span style=\"font-size: 16px\">Unveiling the transcriptional regulatory pathway associated with shape quality in Senegalese sole, Solea senegalensis&#8221;. <em>The poster presentation is publicly available online<\/em>. <a href=\"http:\/\/aquavip.edu.pl\/wordpress\/wp-content\/uploads\/2021\/05\/Fish_Patricia-Gayo_Unveiling-the-transcriptional-regulatory-pathways.pdf\">Click for access\u00a0<\/a><\/span><\/li>\n<li>Gayo P. Manchado M. &#8220;<i style=\"font-size: 1rem;color: var(--ast-global-color-3)\">Avances en la reproducci\u00f3n y\u00a0<\/i><i style=\"font-size: 1rem;color: var(--ast-global-color-3)\">mejora gen\u00e9tica del lenguado&#8221;. <\/i>See below for details<\/li>\n<\/ul>\n<h2><span style=\"color: #ff6600\"><strong>Others<\/strong><\/span><\/h2>\n<ul>\n<li>Latest Tweets using the project hashtag <a href=\"https:\/\/twitter.com\/hashtag\/Bestbrood?src=hashtag_click\"><strong>#bestbrood<\/strong><\/a><\/li>\n<\/ul>\n\n\n<div class=\"wp-block-file\"><a href=\"https:\/\/site.nord.no\/13679065-4f16-4c9e-beb7-c6e8030c9e81\" class=\"wp-block-file__button wp-element-button\" download><\/a><\/div>\n\n\n\n\n\n\n","protected":false},"excerpt":{"rendered":"<p>Scientific Peer-reviewed Articles\u00a0 Guerrero-Cozar I, Jimenez-Fernandez E, Berbel C, Espinosa E, Claros MG, Zerolo R, Manchado M. Genetic estimates for growth and shape-related traits in the flatfish Senegalese sole. Animals\u00a011(5):1206 (2021). OA Guerrero-C\u00f3zar I, Gomez-Garrido J, Berbel C. et al. Chromosome anchoring in Senegalese sole (Solea senegalensis) reveals sex-associated markers and genome rearrangements in flatfish. [&hellip;]<\/p>\n","protected":false},"author":56,"featured_media":0,"parent":0,"menu_order":0,"comment_status":"closed","ping_status":"closed","template":"","meta":{"site-sidebar-layout":"default","site-content-layout":"default","ast-site-content-layout":"default","site-content-style":"default","site-sidebar-style":"default","ast-global-header-display":"","ast-banner-title-visibility":"","ast-main-header-display":"","ast-hfb-above-header-display":"","ast-hfb-below-header-display":"","ast-hfb-mobile-header-display":"","site-post-title":"","ast-breadcrumbs-content":"","ast-featured-img":"","footer-sml-layout":"","ast-disable-related-posts":"","theme-transparent-header-meta":"default","adv-header-id-meta":"","stick-header-meta":"","header-above-stick-meta":"","header-main-stick-meta":"","header-below-stick-meta":"","astra-migrate-meta-layouts":"set","ast-page-background-enabled":"default","ast-page-background-meta":{"desktop":{"background-color":"","background-image":"","background-repeat":"repeat","background-position":"center center","background-size":"auto","background-attachment":"scroll","background-type":"","background-media":"","overlay-type":"","overlay-color":"","overlay-opacity":"","overlay-gradient":""},"tablet":{"background-color":"","background-image":"","background-repeat":"repeat","background-position":"center center","background-size":"auto","background-attachment":"scroll","background-type":"","background-media":"","overlay-type":"","overlay-color":"","overlay-opacity":"","overlay-gradient":""},"mobile":{"background-color":"","background-image":"","background-repeat":"repeat","background-position":"center center","background-size":"auto","background-attachment":"scroll","background-type":"","background-media":"","overlay-type":"","overlay-color":"","overlay-opacity":"","overlay-gradient":""}},"ast-content-background-meta":{"desktop":{"background-color":"var(--ast-global-color-5)","background-image":"","background-repeat":"repeat","background-position":"center center","background-size":"auto","background-attachment":"scroll","background-type":"","background-media":"","overlay-type":"","overlay-color":"","overlay-opacity":"","overlay-gradient":""},"tablet":{"background-color":"var(--ast-global-color-5)","background-image":"","background-repeat":"repeat","background-position":"center center","background-size":"auto","background-attachment":"scroll","background-type":"","background-media":"","overlay-type":"","overlay-color":"","overlay-opacity":"","overlay-gradient":""},"mobile":{"background-color":"var(--ast-global-color-5)","background-image":"","background-repeat":"repeat","background-position":"center center","background-size":"auto","background-attachment":"scroll","background-type":"","background-media":"","overlay-type":"","overlay-color":"","overlay-opacity":"","overlay-gradient":""}},"footnotes":""},"coauthors":[4],"class_list":["post-12","page","type-page","status-publish","hentry"],"jetpack_sharing_enabled":true,"_links":{"self":[{"href":"https:\/\/site.nord.no\/bestbrood\/wp-json\/wp\/v2\/pages\/12","targetHints":{"allow":["GET"]}}],"collection":[{"href":"https:\/\/site.nord.no\/bestbrood\/wp-json\/wp\/v2\/pages"}],"about":[{"href":"https:\/\/site.nord.no\/bestbrood\/wp-json\/wp\/v2\/types\/page"}],"author":[{"embeddable":true,"href":"https:\/\/site.nord.no\/bestbrood\/wp-json\/wp\/v2\/users\/56"}],"replies":[{"embeddable":true,"href":"https:\/\/site.nord.no\/bestbrood\/wp-json\/wp\/v2\/comments?post=12"}],"version-history":[{"count":56,"href":"https:\/\/site.nord.no\/bestbrood\/wp-json\/wp\/v2\/pages\/12\/revisions"}],"predecessor-version":[{"id":509,"href":"https:\/\/site.nord.no\/bestbrood\/wp-json\/wp\/v2\/pages\/12\/revisions\/509"}],"wp:attachment":[{"href":"https:\/\/site.nord.no\/bestbrood\/wp-json\/wp\/v2\/media?parent=12"}],"wp:term":[{"taxonomy":"author","embeddable":true,"href":"https:\/\/site.nord.no\/bestbrood\/wp-json\/wp\/v2\/coauthors?post=12"}],"curies":[{"name":"wp","href":"https:\/\/api.w.org\/{rel}","templated":true}]}}