{"id":340,"date":"2023-04-30T19:16:02","date_gmt":"2023-04-30T17:16:02","guid":{"rendered":"https:\/\/site.nord.no\/bestbrood\/?page_id=340"},"modified":"2023-06-30T11:17:19","modified_gmt":"2023-06-30T09:17:19","slug":"workshops","status":"publish","type":"page","link":"https:\/\/site.nord.no\/bestbrood\/workshops\/","title":{"rendered":"Workshops"},"content":{"rendered":"\n<p class=\"has-large-font-size\">Public workshops for scientific training<\/p>\n\n\n\n<ul class=\"wp-block-list\">\n<li>S<strong>enegalese Sole<\/strong>. Hosted by: <em>Instituto Andaluz de Investigaci\u00f3n y Formaci\u00f3n Agraria, Pesquera, Alimentaria y de la Producci\u00f3n Ecol\u00f3gica <\/em>(C\u00e1diz, <strong>Spain<\/strong>)<\/li>\n\n\n\n<li><strong>Spotted Wolffish<\/strong> &amp; <strong>Lumpfish<\/strong>. Hosted by: <em>Nord University<\/em> and <em>Akvaplan-Niva <\/em>(Tromso, <strong>Norway<\/strong>)<\/li>\n\n\n\n<li><strong>Greater Amberjack<\/strong>. Hosted by: <em>Hellenic Center for Marine Research<\/em> (Heraklion, <strong>Greece<\/strong>)<\/li>\n<\/ul>\n\n\n\n<div data-wp-interactive=\"core\/file\" class=\"wp-block-file\"><object data-wp-bind--hidden=\"!state.hasPdfPreview\" hidden class=\"wp-block-file__embed\" data=\"https:\/\/site.nord.no\/bestbrood\/wp-content\/uploads\/sites\/25\/2023\/04\/Senegalese-sole.pdf\" type=\"application\/pdf\" style=\"width:100%;height:600px\" aria-label=\"Embed of Senegalese-sole.\"><\/object><a id=\"wp-block-file--media-f5815b6c-61b7-4c17-8ce5-aff02912aba2\" href=\"https:\/\/site.nord.no\/bestbrood\/wp-content\/uploads\/sites\/25\/2023\/04\/Senegalese-sole.pdf\">Senegalese-sole<\/a><a href=\"https:\/\/site.nord.no\/bestbrood\/wp-content\/uploads\/sites\/25\/2023\/04\/Senegalese-sole.pdf\" class=\"wp-block-file__button wp-element-button\" download aria-describedby=\"wp-block-file--media-f5815b6c-61b7-4c17-8ce5-aff02912aba2\">Download<\/a><\/div>\n\n\n\n<div data-wp-interactive=\"core\/file\" class=\"wp-block-file\"><object data-wp-bind--hidden=\"!state.hasPdfPreview\" hidden class=\"wp-block-file__embed\" data=\"https:\/\/site.nord.no\/bestbrood\/wp-content\/uploads\/sites\/25\/2023\/05\/Lump_and_Wolffish.pdf\" type=\"application\/pdf\" style=\"width:100%;height:600px\" aria-label=\"Embed of Lump_and_Wolffish.\"><\/object><a id=\"wp-block-file--media-8d23439e-8042-44e7-bbe1-478c1de47809\" href=\"https:\/\/site.nord.no\/bestbrood\/wp-content\/uploads\/sites\/25\/2023\/05\/Lump_and_Wolffish.pdf\">Lump_and_Wolffish<\/a><a href=\"https:\/\/site.nord.no\/bestbrood\/wp-content\/uploads\/sites\/25\/2023\/05\/Lump_and_Wolffish.pdf\" class=\"wp-block-file__button wp-element-button\" download aria-describedby=\"wp-block-file--media-8d23439e-8042-44e7-bbe1-478c1de47809\">Download<\/a><\/div>\n\n\n\n<div data-wp-interactive=\"core\/file\" class=\"wp-block-file\"><object data-wp-bind--hidden=\"!state.hasPdfPreview\" hidden class=\"wp-block-file__embed\" data=\"https:\/\/site.nord.no\/bestbrood\/wp-content\/uploads\/sites\/25\/2023\/06\/Amberjack-20230726-1.pdf\" type=\"application\/pdf\" style=\"width:100%;height:600px\" aria-label=\"Embed of Amberjack-20230726-1.\"><\/object><a id=\"wp-block-file--media-1d715b30-7890-4ff9-87c0-24a858fa582c\" href=\"https:\/\/site.nord.no\/bestbrood\/wp-content\/uploads\/sites\/25\/2023\/06\/Amberjack-20230726-1.pdf\">Amberjack-20230726-1<\/a><a href=\"https:\/\/site.nord.no\/bestbrood\/wp-content\/uploads\/sites\/25\/2023\/06\/Amberjack-20230726-1.pdf\" class=\"wp-block-file__button wp-element-button\" download aria-describedby=\"wp-block-file--media-1d715b30-7890-4ff9-87c0-24a858fa582c\">Download<\/a><\/div>\n","protected":false},"excerpt":{"rendered":"<p>Public workshops for scientific training<\/p>\n","protected":false},"author":56,"featured_media":0,"parent":0,"menu_order":0,"comment_status":"closed","ping_status":"closed","template":"","meta":{"site-sidebar-layout":"default","site-content-layout":"","ast-site-content-layout":"default","site-content-style":"default","site-sidebar-style":"default","ast-global-header-display":"","ast-banner-title-visibility":"","ast-main-header-display":"","ast-hfb-above-header-display":"","ast-hfb-below-header-display":"","ast-hfb-mobile-header-display":"","site-post-title":"","ast-breadcrumbs-content":"","ast-featured-img":"","footer-sml-layout":"","ast-disable-related-posts":"","theme-transparent-header-meta":"","adv-header-id-meta":"","stick-header-meta":"","header-above-stick-meta":"","header-main-stick-meta":"","header-below-stick-meta":"","astra-migrate-meta-layouts":"default","ast-page-background-enabled":"default","ast-page-background-meta":{"desktop":{"background-color":"","background-image":"","background-repeat":"repeat","background-position":"center center","background-size":"auto","background-attachment":"scroll","background-type":"","background-media":"","overlay-type":"","overlay-color":"","overlay-opacity":"","overlay-gradient":""},"tablet":{"background-color":"","background-image":"","background-repeat":"repeat","background-position":"center center","background-size":"auto","background-attachment":"scroll","background-type":"","background-media":"","overlay-type":"","overlay-color":"","overlay-opacity":"","overlay-gradient":""},"mobile":{"background-color":"","background-image":"","background-repeat":"repeat","background-position":"center center","background-size":"auto","background-attachment":"scroll","background-type":"","background-media":"","overlay-type":"","overlay-color":"","overlay-opacity":"","overlay-gradient":""}},"ast-content-background-meta":{"desktop":{"background-color":"var(--ast-global-color-5)","background-image":"","background-repeat":"repeat","background-position":"center center","background-size":"auto","background-attachment":"scroll","background-type":"","background-media":"","overlay-type":"","overlay-color":"","overlay-opacity":"","overlay-gradient":""},"tablet":{"background-color":"var(--ast-global-color-5)","background-image":"","background-repeat":"repeat","background-position":"center center","background-size":"auto","background-attachment":"scroll","background-type":"","background-media":"","overlay-type":"","overlay-color":"","overlay-opacity":"","overlay-gradient":""},"mobile":{"background-color":"var(--ast-global-color-5)","background-image":"","background-repeat":"repeat","background-position":"center center","background-size":"auto","background-attachment":"scroll","background-type":"","background-media":"","overlay-type":"","overlay-color":"","overlay-opacity":"","overlay-gradient":""}},"footnotes":""},"coauthors":[4],"class_list":["post-340","page","type-page","status-publish","hentry"],"jetpack_sharing_enabled":true,"_links":{"self":[{"href":"https:\/\/site.nord.no\/bestbrood\/wp-json\/wp\/v2\/pages\/340","targetHints":{"allow":["GET"]}}],"collection":[{"href":"https:\/\/site.nord.no\/bestbrood\/wp-json\/wp\/v2\/pages"}],"about":[{"href":"https:\/\/site.nord.no\/bestbrood\/wp-json\/wp\/v2\/types\/page"}],"author":[{"embeddable":true,"href":"https:\/\/site.nord.no\/bestbrood\/wp-json\/wp\/v2\/users\/56"}],"replies":[{"embeddable":true,"href":"https:\/\/site.nord.no\/bestbrood\/wp-json\/wp\/v2\/comments?post=340"}],"version-history":[{"count":8,"href":"https:\/\/site.nord.no\/bestbrood\/wp-json\/wp\/v2\/pages\/340\/revisions"}],"predecessor-version":[{"id":426,"href":"https:\/\/site.nord.no\/bestbrood\/wp-json\/wp\/v2\/pages\/340\/revisions\/426"}],"wp:attachment":[{"href":"https:\/\/site.nord.no\/bestbrood\/wp-json\/wp\/v2\/media?parent=340"}],"wp:term":[{"taxonomy":"author","embeddable":true,"href":"https:\/\/site.nord.no\/bestbrood\/wp-json\/wp\/v2\/coauthors?post=340"}],"curies":[{"name":"wp","href":"https:\/\/api.w.org\/{rel}","templated":true}]}}