{"id":2137,"date":"2022-05-17T18:37:31","date_gmt":"2022-05-17T16:37:31","guid":{"rendered":"https:\/\/site.nord.no\/canopy\/?page_id=2137"},"modified":"2022-05-17T18:50:56","modified_gmt":"2022-05-17T16:50:56","slug":"samajduhttet-ahpadusav","status":"publish","type":"page","link":"https:\/\/site.nord.no\/canopy\/dissemination\/samajduhttet-ahpadusav\/","title":{"rendered":"S\u00e1m\u00e1jduhttet \u00e5hpadus\u00e1v"},"content":{"rendered":"\t\t<div data-elementor-type=\"wp-page\" data-elementor-id=\"2137\" class=\"elementor elementor-2137\" data-elementor-post-type=\"page\">\n\t\t\t\t\t\t<section class=\"elementor-section elementor-top-section elementor-element elementor-element-bff5d6e elementor-section-boxed elementor-section-height-default elementor-section-height-default\" data-id=\"bff5d6e\" data-element_type=\"section\" data-e-type=\"section\">\n\t\t\t\t\t\t<div class=\"elementor-container elementor-column-gap-default\">\n\t\t\t\t\t<div class=\"elementor-column elementor-col-100 elementor-top-column elementor-element elementor-element-592012c1\" data-id=\"592012c1\" data-element_type=\"column\" data-e-type=\"column\">\n\t\t\t<div class=\"elementor-widget-wrap elementor-element-populated\">\n\t\t\t\t\t\t<div class=\"elementor-element elementor-element-1c67ad3 elementor-widget elementor-widget-spacer\" data-id=\"1c67ad3\" data-element_type=\"widget\" data-e-type=\"widget\" data-widget_type=\"spacer.default\">\n\t\t\t\t<div class=\"elementor-widget-container\">\n\t\t\t\t\t\t\t<div class=\"elementor-spacer\">\n\t\t\t<div class=\"elementor-spacer-inner\"><\/div>\n\t\t<\/div>\n\t\t\t\t\t\t<\/div>\n\t\t\t\t<\/div>\n\t\t\t\t\t<\/div>\n\t\t<\/div>\n\t\t\t\t\t<\/div>\n\t\t<\/section>\n\t\t\t\t<section class=\"elementor-section elementor-top-section elementor-element elementor-element-3f369074 elementor-section-boxed elementor-section-height-default elementor-section-height-default\" data-id=\"3f369074\" data-element_type=\"section\" data-e-type=\"section\" data-settings=\"{&quot;background_background&quot;:&quot;classic&quot;}\">\n\t\t\t\t\t\t<div class=\"elementor-container elementor-column-gap-default\">\n\t\t\t\t\t<div class=\"elementor-column elementor-col-50 elementor-top-column elementor-element elementor-element-6cc91c90\" data-id=\"6cc91c90\" data-element_type=\"column\" data-e-type=\"column\">\n\t\t\t<div class=\"elementor-widget-wrap elementor-element-populated\">\n\t\t\t\t\t\t<div class=\"elementor-element elementor-element-2faa22cb elementor-widget elementor-widget-image\" data-id=\"2faa22cb\" data-element_type=\"widget\" data-e-type=\"widget\" data-widget_type=\"image.default\">\n\t\t\t\t<div class=\"elementor-widget-container\">\n\t\t\t\t\t\t\t\t\t\t\t\t\t\t\t\t<a href=\"https:\/\/blogg.nord.no\/canopy\/\">\n\t\t\t\t\t\t\t<img fetchpriority=\"high\" decoding=\"async\" data-attachment-id=\"1139\" data-permalink=\"https:\/\/site.nord.no\/canopy\/canopy_logo_5_web4\/\" data-orig-file=\"https:\/\/site.nord.no\/canopy\/wp-content\/uploads\/sites\/12\/2021\/07\/Canopy_logo_5_web4.png\" data-orig-size=\"2525,1772\" data-comments-opened=\"0\" data-image-meta=\"{&quot;aperture&quot;:&quot;0&quot;,&quot;credit&quot;:&quot;&quot;,&quot;camera&quot;:&quot;&quot;,&quot;caption&quot;:&quot;&quot;,&quot;created_timestamp&quot;:&quot;0&quot;,&quot;copyright&quot;:&quot;&quot;,&quot;focal_length&quot;:&quot;0&quot;,&quot;iso&quot;:&quot;0&quot;,&quot;shutter_speed&quot;:&quot;0&quot;,&quot;title&quot;:&quot;&quot;,&quot;orientation&quot;:&quot;0&quot;}\" data-image-title=\"Canopy_logo_5_web4\" data-image-description=\"\" data-image-caption=\"\" data-large-file=\"https:\/\/site.nord.no\/canopy\/wp-content\/uploads\/sites\/12\/2021\/07\/Canopy_logo_5_web4.png\" width=\"1024\" height=\"719\" src=\"https:\/\/site.nord.no\/canopy\/wp-content\/uploads\/sites\/12\/2021\/07\/Canopy_logo_5_web4.png\" class=\"attachment-large size-large wp-image-1139\" alt=\"\" data-attachment-id=\"1139\" data-permalink=\"https:\/\/site.nord.no\/canopy\/canopy_logo_5_web4\/\" data-orig-file=\"https:\/\/site.nord.no\/canopy\/wp-content\/uploads\/sites\/12\/2021\/07\/Canopy_logo_5_web4.png\" data-orig-size=\"2525,1772\" data-comments-opened=\"0\" data-image-meta=\"{&quot;aperture&quot;:&quot;0&quot;,&quot;credit&quot;:&quot;&quot;,&quot;camera&quot;:&quot;&quot;,&quot;caption&quot;:&quot;&quot;,&quot;created_timestamp&quot;:&quot;0&quot;,&quot;copyright&quot;:&quot;&quot;,&quot;focal_length&quot;:&quot;0&quot;,&quot;iso&quot;:&quot;0&quot;,&quot;shutter_speed&quot;:&quot;0&quot;,&quot;title&quot;:&quot;&quot;,&quot;orientation&quot;:&quot;0&quot;}\" data-image-title=\"Canopy_logo_5_web4\" data-image-description=\"\" data-image-caption=\"\" data-large-file=\"https:\/\/site.nord.no\/canopy\/wp-content\/uploads\/sites\/12\/2021\/07\/Canopy_logo_5_web4.png\" \/>\t\t\t\t\t\t\t\t<\/a>\n\t\t\t\t\t\t\t\t\t\t\t\t\t\t\t<\/div>\n\t\t\t\t<\/div>\n\t\t\t\t<div class=\"elementor-element elementor-element-160f5ad7 elementor-widget elementor-widget-spacer\" data-id=\"160f5ad7\" data-element_type=\"widget\" data-e-type=\"widget\" data-widget_type=\"spacer.default\">\n\t\t\t\t<div class=\"elementor-widget-container\">\n\t\t\t\t\t\t\t<div class=\"elementor-spacer\">\n\t\t\t<div class=\"elementor-spacer-inner\"><\/div>\n\t\t<\/div>\n\t\t\t\t\t\t<\/div>\n\t\t\t\t<\/div>\n\t\t\t\t\t<\/div>\n\t\t<\/div>\n\t\t\t\t<div class=\"elementor-column elementor-col-50 elementor-top-column elementor-element elementor-element-132c8ca0\" data-id=\"132c8ca0\" data-element_type=\"column\" data-e-type=\"column\">\n\t\t\t<div class=\"elementor-widget-wrap elementor-element-populated\">\n\t\t\t\t\t\t<div class=\"elementor-element elementor-element-3e4ed1c7 uael-nav-menu__align-right uael-submenu-open-hover uael-submenu-icon-arrow uael-submenu-animation-none uael-link-redirect-child uael-nav-menu__breakpoint-tablet uael-nav-menu-toggle-label-no elementor-widget elementor-widget-uael-nav-menu\" data-id=\"3e4ed1c7\" data-element_type=\"widget\" data-e-type=\"widget\" data-widget_type=\"uael-nav-menu.default\">\n\t\t\t\t<div class=\"elementor-widget-container\">\n\t\t\t\t\t\t\t<div class=\"uael-nav-menu uael-layout-horizontal uael-nav-menu-layout uael-pointer__none\" data-layout=\"horizontal\">\n\t\t\t\t<div class=\"uael-nav-menu__toggle elementor-clickable\">\n\t\t\t\t\t<div class=\"uael-nav-menu-icon\">\n\t\t\t\t\t\t<i aria-hidden=\"true\" tabindex=\"0\" class=\"fas fa-align-justify\"><\/i>\t\t\t\t\t<\/div>\n\t\t\t\t\t\t\t\t\t<\/div>\n\t\t\t\t\t\t\t<nav class=\"uael-nav-menu__layout-horizontal uael-nav-menu__submenu-arrow\" data-toggle-icon=\"&lt;i aria-hidden=&quot;true&quot; tabindex=&quot;0&quot; class=&quot;fas fa-align-justify&quot;&gt;&lt;\/i&gt;\" data-close-icon=\"&lt;i aria-hidden=&quot;true&quot; tabindex=&quot;0&quot; class=&quot;far fa-window-close&quot;&gt;&lt;\/i&gt;\" data-full-width=\"yes\"><ul id=\"menu-1-3e4ed1c7\" class=\"uael-nav-menu\"><li id=\"menu-item-1623\" class=\"menu-item menu-item-type-post_type menu-item-object-page menu-item-home parent uael-creative-menu\"><a href=\"https:\/\/site.nord.no\/canopy\/\" class = \"uael-menu-item\">Home<\/a><\/li>\n<li id=\"menu-item-2431\" class=\"menu-item menu-item-type-post_type menu-item-object-page parent uael-creative-menu\"><a href=\"https:\/\/site.nord.no\/canopy\/project-team\/\" class = \"uael-menu-item\">Project team<\/a><\/li>\n<li id=\"menu-item-1396\" class=\"menu-item menu-item-type-post_type menu-item-object-page parent uael-creative-menu\"><a href=\"https:\/\/site.nord.no\/canopy\/about\/\" class = \"uael-menu-item\">About<\/a><\/li>\n<li id=\"menu-item-1433\" class=\"menu-item menu-item-type-post_type menu-item-object-page parent uael-creative-menu\"><a href=\"https:\/\/site.nord.no\/canopy\/student-opportunities\/\" class = \"uael-menu-item\">Student Opportunities<\/a><\/li>\n<li id=\"menu-item-1616\" class=\"menu-item menu-item-type-post_type menu-item-object-page parent uael-creative-menu\"><a href=\"https:\/\/site.nord.no\/canopy\/dissemination\/\" class = \"uael-menu-item\">Dissemination<\/a><\/li>\n<li id=\"menu-item-1247\" class=\"menu-item menu-item-type-post_type menu-item-object-page parent uael-creative-menu\"><a href=\"https:\/\/site.nord.no\/canopy\/news-and-events\/\" class = \"uael-menu-item\">News and Events<\/a><\/li>\n<\/ul><\/nav>\n\t\t\t\t\t<\/div>\n\t\t\t\t\t\t\t<\/div>\n\t\t\t\t<\/div>\n\t\t\t\t\t<\/div>\n\t\t<\/div>\n\t\t\t\t\t<\/div>\n\t\t<\/section>\n\t\t\t\t<section class=\"elementor-section elementor-top-section elementor-element elementor-element-450c552e elementor-section-full_width elementor-section-height-default elementor-section-height-default\" data-id=\"450c552e\" data-element_type=\"section\" data-e-type=\"section\">\n\t\t\t\t\t\t<div class=\"elementor-container elementor-column-gap-default\">\n\t\t\t\t\t<div class=\"elementor-column elementor-col-100 elementor-top-column elementor-element elementor-element-33fe9fb9\" data-id=\"33fe9fb9\" data-element_type=\"column\" data-e-type=\"column\">\n\t\t\t<div class=\"elementor-widget-wrap elementor-element-populated\">\n\t\t\t\t\t\t<div class=\"elementor-element elementor-element-6468dc76 elementor-hidden-phone elementor-widget-divider--view-line elementor-widget elementor-widget-divider\" data-id=\"6468dc76\" data-element_type=\"widget\" data-e-type=\"widget\" data-widget_type=\"divider.default\">\n\t\t\t\t<div class=\"elementor-widget-container\">\n\t\t\t\t\t\t\t<div class=\"elementor-divider\">\n\t\t\t<span class=\"elementor-divider-separator\">\n\t\t\t\t\t\t<\/span>\n\t\t<\/div>\n\t\t\t\t\t\t<\/div>\n\t\t\t\t<\/div>\n\t\t\t\t\t<\/div>\n\t\t<\/div>\n\t\t\t\t\t<\/div>\n\t\t<\/section>\n\t\t\t\t<section class=\"elementor-section elementor-top-section elementor-element elementor-element-45371c34 elementor-section-boxed elementor-section-height-default elementor-section-height-default\" data-id=\"45371c34\" data-element_type=\"section\" data-e-type=\"section\">\n\t\t\t\t\t\t<div class=\"elementor-container elementor-column-gap-default\">\n\t\t\t\t\t<div class=\"elementor-column elementor-col-100 elementor-top-column elementor-element elementor-element-119c3344\" data-id=\"119c3344\" data-element_type=\"column\" data-e-type=\"column\">\n\t\t\t<div class=\"elementor-widget-wrap elementor-element-populated\">\n\t\t\t\t\t\t<div class=\"elementor-element elementor-element-2bc31b25 elementor-widget elementor-widget-text-editor\" data-id=\"2bc31b25\" data-element_type=\"widget\" data-e-type=\"widget\" data-widget_type=\"text-editor.default\">\n\t\t\t\t<div class=\"elementor-widget-container\">\n\t\t\t\t\t\t\t\t\t<strong>S\u00e1m\u00e1jduhttet \u00e5hpadus\u00e1v: Indigenizing education in S\u00e1pmi \/ S\u00e1bme \/ Saepmie, Norway\n\u00a0<\/strong>\t\t\t\t\t\t\t\t<\/div>\n\t\t\t\t<\/div>\n\t\t\t\t<div class=\"elementor-element elementor-element-2bcd98c2 elementor-widget elementor-widget-text-editor\" data-id=\"2bcd98c2\" data-element_type=\"widget\" data-e-type=\"widget\" data-widget_type=\"text-editor.default\">\n\t\t\t\t<div class=\"elementor-widget-container\">\n\t\t\t\t\t\t\t\t\t<p>Sandra Nyst\u00f8 Rahka (Nord University)<\/p>\t\t\t\t\t\t\t\t<\/div>\n\t\t\t\t<\/div>\n\t\t\t\t<div class=\"elementor-element elementor-element-7406e132 elementor-widget elementor-widget-text-editor\" data-id=\"7406e132\" data-element_type=\"widget\" data-e-type=\"widget\" data-widget_type=\"text-editor.default\">\n\t\t\t\t<div class=\"elementor-widget-container\">\n\t\t\t\t\t\t\t\t\t<p>February, 2022<\/p><p><em>Sandra Nyst\u00f8 Rahka from Nord University was a featured speaker at the <a href=\"https:\/\/site.nord.no\/canopy\/wp-content\/uploads\/sites\/12\/2022\/05\/World-Indigenous-Lecture-Series-2021-2022.pdf\"><strong>World Indigenous Lecture Series<\/strong><\/a>\u00a0hosted by Queen&#8217;s University. You can watch the full session below.<\/em><\/p>\t\t\t\t\t\t\t\t<\/div>\n\t\t\t\t<\/div>\n\t\t\t\t\t<\/div>\n\t\t<\/div>\n\t\t\t\t\t<\/div>\n\t\t<\/section>\n\t\t\t\t<section class=\"elementor-section elementor-top-section elementor-element elementor-element-27264e38 elementor-section-boxed elementor-section-height-default elementor-section-height-default\" data-id=\"27264e38\" data-element_type=\"section\" data-e-type=\"section\">\n\t\t\t\t\t\t<div class=\"elementor-container elementor-column-gap-default\">\n\t\t\t\t\t<div class=\"elementor-column elementor-col-100 elementor-top-column elementor-element elementor-element-61259ea5\" data-id=\"61259ea5\" data-element_type=\"column\" data-e-type=\"column\">\n\t\t\t<div class=\"elementor-widget-wrap elementor-element-populated\">\n\t\t\t\t\t\t<div class=\"elementor-element elementor-element-6c77266f elementor-widget elementor-widget-video\" data-id=\"6c77266f\" data-element_type=\"widget\" data-e-type=\"widget\" data-settings=\"{&quot;youtube_url&quot;:&quot;https:\\\/\\\/www.youtube.com\\\/watch?v=5nlkste6V20&quot;,&quot;video_type&quot;:&quot;youtube&quot;,&quot;controls&quot;:&quot;yes&quot;}\" data-widget_type=\"video.default\">\n\t\t\t\t<div class=\"elementor-widget-container\">\n\t\t\t\t\t\t\t<div class=\"elementor-wrapper elementor-open-inline\">\n\t\t\t<div class=\"elementor-video\"><\/div>\t\t<\/div>\n\t\t\t\t\t\t<\/div>\n\t\t\t\t<\/div>\n\t\t\t\t\t<\/div>\n\t\t<\/div>\n\t\t\t\t\t<\/div>\n\t\t<\/section>\n\t\t\t\t<section class=\"elementor-section elementor-top-section elementor-element elementor-element-53ac871b elementor-section-boxed elementor-section-height-default elementor-section-height-default\" data-id=\"53ac871b\" data-element_type=\"section\" data-e-type=\"section\">\n\t\t\t\t\t\t<div class=\"elementor-container elementor-column-gap-default\">\n\t\t\t\t\t<div class=\"elementor-column elementor-col-100 elementor-top-column elementor-element elementor-element-3527b2cb\" data-id=\"3527b2cb\" data-element_type=\"column\" data-e-type=\"column\">\n\t\t\t<div class=\"elementor-widget-wrap elementor-element-populated\">\n\t\t\t\t\t\t<div class=\"elementor-element elementor-element-37b93a5 elementor-widget elementor-widget-text-editor\" data-id=\"37b93a5\" data-element_type=\"widget\" data-e-type=\"widget\" data-widget_type=\"text-editor.default\">\n\t\t\t\t<div class=\"elementor-widget-container\">\n\t\t\t\t\t\t\t\t\t<h2>Session and speaker information:<\/h2><p>How do we indigenize education? How do we ensure that students learn about indigenous languages, cultures, traditions and knowledge? And how do we ensure that indigenous students receive an education that represents their indigenous background, culture and traditions? In Norway, indigenizing education refers to both education about the S\u00e1mi and education for the S\u00e1mi. Firstly, all students are to be educated about S\u00e1mi languages, culture, societal life and history throughout primary and secondary education. The new national curriculum has a greater focus on S\u00e1mi content, and every single school subject now incorporates explicit S\u00e1mi learning outcomes.<\/p><p>Additionally, there is a separate S\u00e1mi curriculum taught in the S\u00e1mi districts which is commensurate and parallel to the national curriculum. This curriculum not only has a distinctive S\u00e1mi emphasis, but it is also designed to provide S\u00e1mi students with an education that is based on S\u00e1mi values, traditions, ways of teaching and knowing. These updated curricula, however, present new challenges for universities and teacher educators who are now expected to equip future teachers with a wide range of new perspectives and skills in this area. If we hope to move beyond assimilationist policies and to properly decolonize the education system in Norway, we will have to revisit and reconceptualize the way that we train our teachers. In this presentation, I will give an overview of the development of S\u00e1mi education in Norway and how Nord University aims to meet the challenges presented by these new curricula.<\/p><p style=\"padding-left: 40px\">Sandra Nyst\u00f8 R\u00e1hka is a PhD candidate and Assistant Professor at Nord University in Bod\u00f8, Norway. She is currently undertaking a PhD on Lule S\u00e1mi second language education and she was previously in charge of the Lule S\u00e1mi section for the Lule S\u00e1mi Teacher Education Program at Nord. She is from Divtasvuodna\/Tysfjord, which is the center of the Lule S\u00e1mi language region on the Norwegian side of the border.<\/p><p>G\u00e5ktu s\u00e1m\u00e1jduhtt\u00e1 \u00e5hpadus\u00e1v? G\u00e5ktu b\u00e6rr\u00e1jg\u00e6httj\u00e1 vaj oahppe s\u00e1me gielaj, kultuvra, \u00e1rbbediedoj ja m\u00e1htudag\u00e1j birra oahppi? Ja g\u00e5ktu b\u00e6rr\u00e1jg\u00e6httj\u00e1 vaj s\u00e1me oahppe oadtju \u00e5hpadimev g\u00e5nn\u00e5 ietjasa duog\u00e1tja, kultuvra ja \u00e1rbbed\u00e1be l vuodon? Vuonan s\u00e1m\u00e1jduhttet \u00e5hpadus\u00e1v merkaj sihke \u00e5hpadibme s\u00e1mij birra ja \u00e5hpadibme s\u00e1mijda. Vuostatjin, g\u00e1jka studenta galggi S\u00e1me gielaj, kultuvra, sebrudakiellema ja hist\u00e5vr\u00e5 birra oahppat \u00e5lles vuodosk\u00e5vll\u00e5\u00e5hpadus\u00e1 tjad\u00e1. \u00c5d\u00e5 nasjon\u00e1lla oahppopl\u00e1na stuor\u00e1p m\u00e6rr\u00e1j tjalmosti s\u00e1me sisanov, ja juohkka f\u00e1gan li soames eksplisihtta s\u00e1me m\u00e1htudakmihto. Duodden g\u00e1vnnu sierra s\u00e1me oahppopl\u00e1dna mij la d\u00e5jman s\u00e1me distrivtajn ja mij la d\u00e1ss\u00e1sasj ja buohtalasj nasjon\u00e1lla oahppopl\u00e1dnaj. D\u00e1t oahppopl\u00e1dna ij d\u00e5ssju sierral\u00e1hk\u00e1j tjalmosta s\u00e1me \u00e1ssjijt, \u00e1jnat l\u00e1htj\u00e1 dilev vaj s\u00e1me oahppe oadtju \u00e5hpadimev g\u00e5nn\u00e5 s\u00e1me \u00e1rvo, \u00e1rbbed\u00e1be, \u00e5hpadim- ja m\u00e1httovuoge li guovd\u00e1tjin. Da \u00e5d\u00e5 oahppopl\u00e1na bukti \u00e5d\u00e5 h\u00e1sstalus\u00e1jt universitiehtajda ma vierttiji boahtte\u00e1jge \u00e5hpadiddjijt g\u00e1rvedit \u00e5hpadit d\u00e1j tiem\u00e1j birra. Jus galggap d\u00e1rojduhttema v\u00e1jkkudus\u00e1js bessat ja almmal\u00e1hk\u00e1j s\u00e1m\u00e1jduhttet \u00e5hpadus\u00e1v Vuonan de vierttip d\u00e1rkestit g\u00e5ktu \u00e5hpadip iehtjama \u00e5hpadiddjijt. D\u00e1n \u00e5vdd\u00e5nbuktemin g\u00e5v\u00e5dav s\u00e1me \u00e5hpadus\u00e1 \u00e5vdd\u00e5nimev Vuonan ja g\u00e5ktu mij Nuortta universitiehtan duosstop d\u00e1jt \u00e5d\u00e5 h\u00e1sstalus\u00e1jt majt d\u00e1 \u00e5d\u00e5 oahppopl\u00e1na bukti.<\/p><p style=\"padding-left: 40px\">Sandra Nyst\u00f8 R\u00e1hka l stipendi\u00e1htta ja universitiehttalievtor Nuortta Universitiehtan B\u00e5d\u00e5djon, Vuonan. Suv d\u00e5vt\u00e5rgr\u00e1daprosj\u00e6kta l julevs\u00e1me nupp\u00e1tgiel\u00e5hpadime birra. S\u00e5n lej \u00e5vdd\u00e5la \u00e5vd\u00e5sv\u00e1sstediddje julevs\u00e1me f\u00e1gaj \u00e5vd\u00e5s julevs\u00e1me \u00e5hpadiddje\u00e5hpadus\u00e1n Nuorttan. S\u00e5n la Divtasvuonas, mij la guovd\u00e1sj b\u00e1jkke julevs\u00e1me guovlon Vuonabielen.<\/p>\t\t\t\t\t\t\t\t<\/div>\n\t\t\t\t<\/div>\n\t\t\t\t<div class=\"elementor-element elementor-element-2fce4f36 elementor-widget elementor-widget-spacer\" data-id=\"2fce4f36\" data-element_type=\"widget\" data-e-type=\"widget\" data-widget_type=\"spacer.default\">\n\t\t\t\t<div class=\"elementor-widget-container\">\n\t\t\t\t\t\t\t<div class=\"elementor-spacer\">\n\t\t\t<div class=\"elementor-spacer-inner\"><\/div>\n\t\t<\/div>\n\t\t\t\t\t\t<\/div>\n\t\t\t\t<\/div>\n\t\t\t\t\t<\/div>\n\t\t<\/div>\n\t\t\t\t\t<\/div>\n\t\t<\/section>\n\t\t\t\t<\/div>\n\t\t","protected":false},"excerpt":{"rendered":"<p>Home About Project Team Student Opportunities Dissemination News and Events S\u00e1m\u00e1jduhttet \u00e5hpadus\u00e1v: Indigenizing education in S\u00e1pmi \/ S\u00e1bme \/ Saepmie, Norway \u00a0 Sandra Nyst\u00f8 Rahka (Nord University) February, 2022 Sandra Nyst\u00f8 Rahka from Nord University was a featured speaker at the World Indigenous Lecture Series\u00a0hosted by Queen&#8217;s University. You can watch the full session below. [&hellip;]<\/p>\n","protected":false},"author":25,"featured_media":0,"parent":1466,"menu_order":0,"comment_status":"closed","ping_status":"closed","template":"","meta":{"site-sidebar-layout":"no-sidebar","site-content-layout":"page-builder","ast-site-content-layout":"default","site-content-style":"default","site-sidebar-style":"default","ast-global-header-display":"","ast-banner-title-visibility":"","ast-main-header-display":"disabled","ast-hfb-above-header-display":"","ast-hfb-below-header-display":"","ast-hfb-mobile-header-display":"disabled","site-post-title":"disabled","ast-breadcrumbs-content":"","ast-featured-img":"disabled","footer-sml-layout":"","ast-disable-related-posts":"","theme-transparent-header-meta":"default","adv-header-id-meta":"","stick-header-meta":"","header-above-stick-meta":"","header-main-stick-meta":"","header-below-stick-meta":"","astra-migrate-meta-layouts":"default","ast-page-background-enabled":"default","ast-page-background-meta":{"desktop":{"background-color":"","background-image":"","background-repeat":"repeat","background-position":"center center","background-size":"auto","background-attachment":"scroll","background-type":"","background-media":"","overlay-type":"","overlay-color":"","overlay-opacity":"","overlay-gradient":""},"tablet":{"background-color":"","background-image":"","background-repeat":"repeat","background-position":"center center","background-size":"auto","background-attachment":"scroll","background-type":"","background-media":"","overlay-type":"","overlay-color":"","overlay-opacity":"","overlay-gradient":""},"mobile":{"background-color":"","background-image":"","background-repeat":"repeat","background-position":"center center","background-size":"auto","background-attachment":"scroll","background-type":"","background-media":"","overlay-type":"","overlay-color":"","overlay-opacity":"","overlay-gradient":""}},"ast-content-background-meta":{"desktop":{"background-color":"var(--ast-global-color-5)","background-image":"","background-repeat":"repeat","background-position":"center center","background-size":"auto","background-attachment":"scroll","background-type":"","background-media":"","overlay-type":"","overlay-color":"","overlay-opacity":"","overlay-gradient":""},"tablet":{"background-color":"var(--ast-global-color-5)","background-image":"","background-repeat":"repeat","background-position":"center center","background-size":"auto","background-attachment":"scroll","background-type":"","background-media":"","overlay-type":"","overlay-color":"","overlay-opacity":"","overlay-gradient":""},"mobile":{"background-color":"var(--ast-global-color-5)","background-image":"","background-repeat":"repeat","background-position":"center center","background-size":"auto","background-attachment":"scroll","background-type":"","background-media":"","overlay-type":"","overlay-color":"","overlay-opacity":"","overlay-gradient":""}},"footnotes":""},"coauthors":[3],"class_list":["post-2137","page","type-page","status-publish","hentry"],"jetpack_sharing_enabled":true,"_links":{"self":[{"href":"https:\/\/site.nord.no\/canopy\/wp-json\/wp\/v2\/pages\/2137","targetHints":{"allow":["GET"]}}],"collection":[{"href":"https:\/\/site.nord.no\/canopy\/wp-json\/wp\/v2\/pages"}],"about":[{"href":"https:\/\/site.nord.no\/canopy\/wp-json\/wp\/v2\/types\/page"}],"author":[{"embeddable":true,"href":"https:\/\/site.nord.no\/canopy\/wp-json\/wp\/v2\/users\/25"}],"replies":[{"embeddable":true,"href":"https:\/\/site.nord.no\/canopy\/wp-json\/wp\/v2\/comments?post=2137"}],"version-history":[{"count":7,"href":"https:\/\/site.nord.no\/canopy\/wp-json\/wp\/v2\/pages\/2137\/revisions"}],"predecessor-version":[{"id":2149,"href":"https:\/\/site.nord.no\/canopy\/wp-json\/wp\/v2\/pages\/2137\/revisions\/2149"}],"up":[{"embeddable":true,"href":"https:\/\/site.nord.no\/canopy\/wp-json\/wp\/v2\/pages\/1466"}],"wp:attachment":[{"href":"https:\/\/site.nord.no\/canopy\/wp-json\/wp\/v2\/media?parent=2137"}],"wp:term":[{"taxonomy":"author","embeddable":true,"href":"https:\/\/site.nord.no\/canopy\/wp-json\/wp\/v2\/coauthors?post=2137"}],"curies":[{"name":"wp","href":"https:\/\/api.w.org\/{rel}","templated":true}]}}