{"id":1427,"date":"2024-11-14T11:47:23","date_gmt":"2024-11-14T10:47:23","guid":{"rendered":"https:\/\/site.nord.no\/chipolata\/?page_id=1427"},"modified":"2025-05-22T13:25:11","modified_gmt":"2025-05-22T11:25:11","slug":"safari-rukahusa-ruffin","status":"publish","type":"page","link":"https:\/\/site.nord.no\/chipolata\/partners\/safari-rukahusa-ruffin\/","title":{"rendered":"Safari Rukahusa Ruffin"},"content":{"rendered":"\n<figure class=\"wp-block-image alignright size-full is-resized\"><img loading=\"lazy\" decoding=\"async\" width=\"909\" height=\"682\" src=\"https:\/\/site.nord.no\/chipolata\/wp-content\/uploads\/sites\/83\/2024\/11\/Safari.jpg\" alt=\"\" class=\"wp-image-1430\" style=\"width:400px\" \/><\/figure>\n\n\n\n<p>SAFARI RUKAHUSA Ruffin is a researcher at the biological department of the Centre de Recherche en Hydrobiologie in Uvira (CRH\/Uvira)&nbsp;in DR Congo. He has a BSc degree in Sciences and Applied Sciences with with specialisation in Biology and Hydrobiology from the Official University of Bukavu. His research focuses on the ecology and biology of fish and aquatic invertebrates of the Ruzizi delta and Lake Tanganyika.<\/p>\n\n\n\n<p><strong>Publications<\/strong><\/p>\n\n\n\n<ul class=\"wp-block-list\">\n<li>Variation in the diet of <em>Labeobarbus altianalis<\/em> Boulenger, 1900 (Cypriniformes, Cyprinidae) from Lake Edward, DR Congo: Depending on the size of the individuals. International Journal of Fisheries and Aquatic Studies 2024; 12(4): 64-72<\/li>\n\n\n\n<li>Preliminary study of the aquatic biodiversity of the Katobo Dam pond (middle flats of Uvira, DR Congo). Journal of Entomology and Zoology Studies 2023; 11(4): 08-18<\/li>\n\n\n\n<li>Diversit\u00e9 des macroinvert\u00e9br\u00e9s benthiques des miroirs d\u2019eau de crocodiles du Centre de Recherche en Hydrobiologie (CRH\/Uvira), RD Congo, Afrique SCIENCE 21(5)(2022)&nbsp;: 153-162<\/li>\n\n\n\n<li>Natural hybridization between species of the cichlid genus <em>Oreochromis <\/em>(Cichlidae, Perciformes) in ponds of the low Ruzizi River (DR Congo), International Journal of Fisheries and Aquatic Studies 2021; 9(4): 30-36, DOI: https:\/\/doi.org\/10.22271\/fish.2021.v9.i4a.2519&nbsp;<\/li>\n\n\n\n<li>Benthic invertebrates of natural ponds of Ruzizi plain, Democratic Republic of the Congo. International Journal of Fisheries and Aquatic Studies 2018; 6(2): 381-386<\/li>\n<\/ul>\n\n\n\n<p><\/p>\n","protected":false},"excerpt":{"rendered":"<p>SAFARI RUKAHUSA Ruffin is a researcher at the biological department of the Centre de Recherche en Hydrobiologie in Uvira (CRH\/Uvira)&nbsp;in [&hellip;]<\/p>\n","protected":false},"author":46,"featured_media":0,"parent":21,"menu_order":0,"comment_status":"closed","ping_status":"closed","template":"","meta":{"site-sidebar-layout":"default","site-content-layout":"","ast-site-content-layout":"default","site-content-style":"default","site-sidebar-style":"default","ast-global-header-display":"","ast-banner-title-visibility":"","ast-main-header-display":"","ast-hfb-above-header-display":"","ast-hfb-below-header-display":"","ast-hfb-mobile-header-display":"","site-post-title":"","ast-breadcrumbs-content":"","ast-featured-img":"","footer-sml-layout":"","ast-disable-related-posts":"","theme-transparent-header-meta":"","adv-header-id-meta":"","stick-header-meta":"","header-above-stick-meta":"","header-main-stick-meta":"","header-below-stick-meta":"","astra-migrate-meta-layouts":"default","ast-page-background-enabled":"default","ast-page-background-meta":{"desktop":{"background-color":"var(--ast-global-color-4)","background-image":"","background-repeat":"repeat","background-position":"center center","background-size":"auto","background-attachment":"scroll","background-type":"","background-media":"","overlay-type":"","overlay-color":"","overlay-opacity":"","overlay-gradient":""},"tablet":{"background-color":"","background-image":"","background-repeat":"repeat","background-position":"center center","background-size":"auto","background-attachment":"scroll","background-type":"","background-media":"","overlay-type":"","overlay-color":"","overlay-opacity":"","overlay-gradient":""},"mobile":{"background-color":"","background-image":"","background-repeat":"repeat","background-position":"center center","background-size":"auto","background-attachment":"scroll","background-type":"","background-media":"","overlay-type":"","overlay-color":"","overlay-opacity":"","overlay-gradient":""}},"ast-content-background-meta":{"desktop":{"background-color":"var(--ast-global-color-5)","background-image":"","background-repeat":"repeat","background-position":"center center","background-size":"auto","background-attachment":"scroll","background-type":"","background-media":"","overlay-type":"","overlay-color":"","overlay-opacity":"","overlay-gradient":""},"tablet":{"background-color":"var(--ast-global-color-5)","background-image":"","background-repeat":"repeat","background-position":"center center","background-size":"auto","background-attachment":"scroll","background-type":"","background-media":"","overlay-type":"","overlay-color":"","overlay-opacity":"","overlay-gradient":""},"mobile":{"background-color":"var(--ast-global-color-5)","background-image":"","background-repeat":"repeat","background-position":"center center","background-size":"auto","background-attachment":"scroll","background-type":"","background-media":"","overlay-type":"","overlay-color":"","overlay-opacity":"","overlay-gradient":""}},"footnotes":""},"coauthors":[8],"class_list":["post-1427","page","type-page","status-publish","hentry"],"_links":{"self":[{"href":"https:\/\/site.nord.no\/chipolata\/wp-json\/wp\/v2\/pages\/1427","targetHints":{"allow":["GET"]}}],"collection":[{"href":"https:\/\/site.nord.no\/chipolata\/wp-json\/wp\/v2\/pages"}],"about":[{"href":"https:\/\/site.nord.no\/chipolata\/wp-json\/wp\/v2\/types\/page"}],"author":[{"embeddable":true,"href":"https:\/\/site.nord.no\/chipolata\/wp-json\/wp\/v2\/users\/46"}],"replies":[{"embeddable":true,"href":"https:\/\/site.nord.no\/chipolata\/wp-json\/wp\/v2\/comments?post=1427"}],"version-history":[{"count":7,"href":"https:\/\/site.nord.no\/chipolata\/wp-json\/wp\/v2\/pages\/1427\/revisions"}],"predecessor-version":[{"id":1561,"href":"https:\/\/site.nord.no\/chipolata\/wp-json\/wp\/v2\/pages\/1427\/revisions\/1561"}],"up":[{"embeddable":true,"href":"https:\/\/site.nord.no\/chipolata\/wp-json\/wp\/v2\/pages\/21"}],"wp:attachment":[{"href":"https:\/\/site.nord.no\/chipolata\/wp-json\/wp\/v2\/media?parent=1427"}],"wp:term":[{"taxonomy":"author","embeddable":true,"href":"https:\/\/site.nord.no\/chipolata\/wp-json\/wp\/v2\/coauthors?post=1427"}],"curies":[{"name":"wp","href":"https:\/\/api.w.org\/{rel}","templated":true}]}}