{"id":1152,"date":"2023-04-05T14:39:45","date_gmt":"2023-04-05T12:39:45","guid":{"rendered":"https:\/\/site.nord.no\/didaktiskebetraktninger\/?page_id=1152"},"modified":"2025-08-20T13:30:47","modified_gmt":"2025-08-20T11:30:47","slug":"prolog","status":"publish","type":"page","link":"https:\/\/site.nord.no\/didaktiskebetraktninger\/prolog\/","title":{"rendered":"Prolog"},"content":{"rendered":"\n<p>Regnet pisket mot vindusruten. Vinden skrek liksom i angst, og fikk de gamle piletr\u00e6rne til \u00e5 sukke og b\u00f8ye seg nesten til bakken. Den gamle skipsreder Gyldenvik slo av sin personlige datamaskin og gikk langsomt mot r\u00f8ykerommet. N\u00e5 skulle det smake med en sigar og en drink. N\u00e5 kunne han endelig slappe av. Hans verdifulle informasjonssamling l\u00e5 trygt lagret p\u00e5 harddisken, og bare han kjente passordet.<\/p>\n\n\n\n<p>Inne i r\u00f8ykerommet ble den gamle sittende og nippe til sin drink og stirre s\u00f8vnig ut p\u00e5 uv\u00e6ret som raste i natten. I slik en natt var det best \u00e5 v\u00e6re inne, tenkte Gyldenvik forn\u00f8yd. I det samme h\u00f8rtes et dunk fra kontoret. Hva var det? Gyldenvik spratt opp og ble st\u00e5ende og lytte. Fra kontoret h\u00f8rtes merkelige lyder, nesten som om noen drev og \u00e5t. Gyldenvik ble blek. Hva var det som foregikk der inne? Som for \u00e5 forsterke den uhyggelige stemningen steg stormen der ute til nye h\u00f8yder og fikk det gamle skipsrederhus til \u00e5 riste i sine sammenf\u00f8yninger.<\/p>\n\n\n\n<p>Gyldenvik listet seg ut i hallen, l\u00f8ftet av telefonr\u00f8ret, og med skjelvende h\u00e5nd slo han et nummer. \u201dVictoria Terrasse\u201d svarte en damestemme. &laquo;Fort. La meg f\u00e5 oppdagelsespolitiet&raquo;, hvisket han hest. &laquo;Et \u00f8yeblikk&raquo;, svarte sentralborddamen. Det suste og knitret svakt p\u00e5 linjen. Ute pisket regnet i raseri mot vinduene, og inne fra kontoret h\u00f8rtes svake lyder. &laquo;Ja&raquo;, bjeffet det i r\u00f8ret. &laquo;Dette er Gyldenvik. Kom fort! Det er noe som har brutt seg inn p\u00e5 mitt kontor!&raquo;<\/p>\n\n\n\n<p>Tyve minutter senere banket det bestemt p\u00e5 inngangsd\u00f8ren. Gyldenvik \u00e5pnet ivrig, og inn kom en kraftig mann med et bestemt drag om sine mandige kjever. Det var Harry Hansen, Kristianias dyktigste oppdagelsesfullmektig. Med raske skritt gikk han mot kontoret og rev opp d\u00f8ren. Der var ingen. Alt var tomt og stille. Gyldenvik trengte seg forbi og stirret vilt rundt seg. S\u00e5 gikk han raskt bort til sin PC og slo den p\u00e5. Det summet svakt i elektroniske kretser, en liten melodi ble avspilt da Windows 98 sitt skrivebordsbilde kom til syne.<\/p>\n\n\n\n<p>Det var noe nesten febrilsk over Gyldenviks bevegelser da han klikket p\u00e5 en mappe kalt Arkiv. S\u00e5 skrek han. &laquo;<a href=\"https:\/\/www.mekabay.com\/overviews\/history.pdf\" target=\"_blank\" rel=\"noreferrer noopener\">Dokumentene mine! De er borte!<\/a>\u00bb<\/p>\n\n\n\n<p>Harry Hansen tente seg en sigarillo og hans st\u00e5lgr\u00e5 \u00f8yne myste gjennom tobakksr\u00f8yken. &laquo;Ta det med ro Hr. Gyldenvik&raquo;, sa han og trakk frem en stol til den fortvilte skipsreder. &laquo;Sett Dem, og la oss g\u00e5 n\u00f8ye igjennom sakene.&raquo;<\/p>\n","protected":false},"excerpt":{"rendered":"<p>Regnet pisket mot vindusruten. Vinden skrek liksom i angst, og fikk de gamle piletr\u00e6rne til \u00e5 sukke og b\u00f8ye seg nesten til bakken. Den gamle skipsreder Gyldenvik slo av sin personlige datamaskin og gikk langsomt mot r\u00f8ykerommet. N\u00e5 skulle det smake med en sigar og en drink. N\u00e5 kunne han endelig slappe av. Hans verdifulle &hellip; <a href=\"https:\/\/site.nord.no\/didaktiskebetraktninger\/prolog\/\" class=\"more-link\">Fortsett \u00e5 lese<span class=\"screen-reader-text\"> \u00abProlog\u00bb<\/span><\/a><\/p>\n","protected":false},"author":11,"featured_media":0,"parent":0,"menu_order":0,"comment_status":"closed","ping_status":"closed","template":"","meta":{"footnotes":""},"coauthors":[2],"class_list":["post-1152","page","type-page","status-publish","hentry"],"_links":{"self":[{"href":"https:\/\/site.nord.no\/didaktiskebetraktninger\/wp-json\/wp\/v2\/pages\/1152","targetHints":{"allow":["GET"]}}],"collection":[{"href":"https:\/\/site.nord.no\/didaktiskebetraktninger\/wp-json\/wp\/v2\/pages"}],"about":[{"href":"https:\/\/site.nord.no\/didaktiskebetraktninger\/wp-json\/wp\/v2\/types\/page"}],"author":[{"embeddable":true,"href":"https:\/\/site.nord.no\/didaktiskebetraktninger\/wp-json\/wp\/v2\/users\/11"}],"replies":[{"embeddable":true,"href":"https:\/\/site.nord.no\/didaktiskebetraktninger\/wp-json\/wp\/v2\/comments?post=1152"}],"version-history":[{"count":3,"href":"https:\/\/site.nord.no\/didaktiskebetraktninger\/wp-json\/wp\/v2\/pages\/1152\/revisions"}],"predecessor-version":[{"id":6812,"href":"https:\/\/site.nord.no\/didaktiskebetraktninger\/wp-json\/wp\/v2\/pages\/1152\/revisions\/6812"}],"wp:attachment":[{"href":"https:\/\/site.nord.no\/didaktiskebetraktninger\/wp-json\/wp\/v2\/media?parent=1152"}],"wp:term":[{"taxonomy":"author","embeddable":true,"href":"https:\/\/site.nord.no\/didaktiskebetraktninger\/wp-json\/wp\/v2\/coauthors?post=1152"}],"curies":[{"name":"wp","href":"https:\/\/api.w.org\/{rel}","templated":true}]}}