{"id":1159,"date":"2023-04-05T14:49:16","date_gmt":"2023-04-05T12:49:16","guid":{"rendered":"https:\/\/site.nord.no\/didaktiskebetraktninger\/?page_id=1159"},"modified":"2023-04-07T08:41:10","modified_gmt":"2023-04-07T06:41:10","slug":"3-kapittel-den-falske-frykt","status":"publish","type":"page","link":"https:\/\/site.nord.no\/didaktiskebetraktninger\/3-kapittel-den-falske-frykt\/","title":{"rendered":"3 Kapittel Den falske frykt"},"content":{"rendered":"\n<p>Sn\u00f8en lavet fortsatt ned og la seg klamt over alt og alle. I en staselig murbygning i sentrum av Tigerstaden, bak tunge eiked\u00f8rer, sitter fem menn ved et ovalt bord. Fire av dem sitter vendt mot den femte og eldste, som har ordet.<\/p>\n\n\n\n<p>\u201dBr\u00f8dre. Jeg har kalt dere inn hit fordi det har oppst\u00e5tt en ubehagelig situasjon.\u201d Han lar blikket hvile p\u00e5 hver enkelt av dem og fortsetter s\u00e5 \u201d V\u00e5r agent blir forfulgt av en konkurrent. Han m\u00e5 vekk.\u201d De fire andre nikker. En av dem kremter. \u201dKan jeg f\u00e5 komme med et forslag?\u201d Den femte nikker. \u201dLa konkurrenten finne villaen hennes og s\u00f8rg for at Harry Hansen finner den samtidig.\u201d Den eldste er taus i noen minutter. \u201dMen hva med PC-en hennes?\u201d Forslagstilleren smiler svakt. \u201dBytt den ut med en annen og flytt den. V\u00e5r agent har mange skjulesteder.\u201d<\/p>\n\n\n\n<p>Den femte nikker igjen \u201d Greit. Jeg skal varsle v\u00e5r agent om planen.\u201d Han kremtet og fortsatte s\u00e5 \u201d For \u00e5 ytterligere \u00f8ke forvirringen har v\u00e5r agent satt ut i livet en plan som vil tvinge flere av internettleverand\u00f8renes servere i kne for en kortere periode, og forh\u00e5pentligvis spre frykt og usikkerhet blant landets datamaskinbrukere. Samtidig vil vi knytte tette forbindelser med et anarkistisk nettverk. Dersom noe g\u00e5r galt vil forh\u00e5pentligvis politiets oppmerksomhet rettes dit, og ikke til oss i Den femte kolonne.\u201d<\/p>\n\n\n\n<p>Mens dette m\u00f8tet p\u00e5gikk, satt Harry Hansen i dype tanker rundt de siste hendelser da han br\u00e5tt ble avbrutt av at telefonen ringte. Det var oppdagelsessjefen som var i andre enden.<\/p>\n\n\n\n<p>&laquo;Kommer med en gang&raquo;, sa Hansen kort, og la p\u00e5.<\/p>\n\n\n\n<p>Inne p\u00e5 kontoret hos oppdagelsessjefen var atmosf\u00e6ren like r\u00f8ykfull som inne hos Hansen. Sjefen var en svoren tilhenger av Havanna-sigarer, og idet Hansen kom inn var han i ferd med \u00e5 f\u00e5 fyr p\u00e5 en ny. Han vinket Hansen ned i bes\u00f8kstolen, og stirret skarpt p\u00e5 ham under sine gr\u00e5sprengte buskete \u00f8yenbryn.<\/p>\n\n\n\n<p>&laquo;N\u00e5, Hansen, hva er alt dette med forsvunne datafiler og virus?\u201d, bjeffet han. Han siktet til saken med skipsreder Gyldenvik og ingeni\u00f8r Bergs forsvunne filer, og den virusinfiserte disketten Harry Hansen hadde blitt utsatt for.<\/p>\n\n\n\n<p>Harry Hansen fisket frem en av sine egne CUP-sigarillos, og tente den med sin trofaste Thunderbolt Ronson.<\/p>\n\n\n\n<p>&laquo;Jeg vet ikke helt&raquo;, sa han tenksomt. &laquo;Vi har s\u00e5 langt tre tilfeller. Det f\u00f8rste var dokumentfilene som ble stj\u00e5let fra skipsreder Gyldenviks maskin.<\/p>\n\n\n\n<p>Skipsrederen mente han h\u00f8rte merkelige lyder inne fra rommet der maskinen var plassert, men der var ingen spor \u00e5 se. S\u00e5 skjedde det samme hos ingeni\u00f8r Berg. Han h\u00f8rte ingen lyder, og var dessuten bare borte i noen minutter for \u00e5 hente seg noe mat. I tillegg var det lagt inn en beskjed i form av et dokument om at filene var stj\u00e5let av noen som kaller seg Hackersyndikatet. Alt tyder p\u00e5 at forbryterne kom seg inn via Internett. Og s\u00e5 har vi n\u00e5 til slutt dataviruset som slo ut min egen datamaskin, etterfulgt av en telefonoppringing fra en som presenterte seg som en representant for Hackersyndikatet.&raquo;<\/p>\n\n\n\n<p>Sjefen hostet stille og rynket pannen. &laquo;Har du noen formening om hva dette Hackersyndikatet er?\u201d<\/p>\n\n\n\n<p>Harry Hansen kikket ut av kontorvinduet. Ute fortsatte sn\u00f8en \u00e5 falle i tette virvler. Han skuttet seg uvilk\u00e5rlig da han h\u00f8rte det svake ulet fra vinden utenfor. Hvilke forbryterske krefter var i sving der ute? Han snudde seg mot sjefen igjen. &laquo;Jeg vet ikke helt hva jeg skal tro&raquo;, sa han. &laquo;Det virker som om den eller de som st\u00e5r bak dette ikke bare har et godt grep om informasjonsteknologi, men ogs\u00e5 om hva vi foretar oss. Samtidig dukker en kvinne opp i alle sakene. En kvinne med r\u00f8dt h\u00e5r og r\u00f8de \u00f8yne. Og i alle fall i to av sakene het hun Helga.&raquo;<\/p>\n\n\n\n<p>Sjefen myste mot Hansen gjennom sigarr\u00f8yken. &laquo;Den r\u00f8de redsel?\u201d . Hun er virkelig en av de store forbrytergenier i v\u00e5r tid. Hun gav en av dine tidligere forgjengere mye arbeid. Du husker vel Asbj\u00f8rn Falk?\u201d<\/p>\n\n\n\n<p>Harry Hansen nikket. &laquo;Jada, han var en av mine store helter i ungdomstiden&raquo;. I det samme pep det i sjefens datamaskin og han snudde seg mot den. En e-postmelding hadde kommet og han \u00e5pnet den straks. Sjefen leste meldingen n\u00f8ye, og ba s\u00e5 Hansen om \u00e5 komme bort til seg. Han pekte p\u00e5 skjermen. &laquo;Les dette&raquo;, sa han kort.<\/p>\n\n\n\n<p>To: Severin Asbj\u00f8rnsen &lt;Severin.Asbjoernsen@politi.no&gt; From: Kristin.Olsen &lt;Kristin.Olsen@justisdep.no&gt;<\/p>\n\n\n\n<p>Subject: Nytt virus!!!!!!! Date: Wed, 9 Dec 11:58:04 +0100<br>X-Mailer: Internet Mail Service (5.06.26509.19)<\/p>\n\n\n\n<p>Videresender denne advarselen. Jammen hadde ikke jeg ogs\u00e5 f\u00e5tt viruset! Men det var heldigvis lett \u00e5 fjerne.<\/p>\n\n\n\n<p>Mvh KO<\/p>\n\n\n\n<p>&gt;Hello!&nbsp;<\/p>\n\n\n\n<p>&gt;I just got this letter from my friend and yes I had the virus<\/p>\n\n\n\n<p>&gt;as well please follow the directions to see if you have the<\/p>\n\n\n\n<p>&gt;virus and then follow the directions to get rid of it. Like<\/p>\n\n\n\n<p>&gt;my friend I am sorry that I passed it along as well.<\/p>\n\n\n\n<p>&gt;&nbsp;<\/p>\n\n\n\n<p>&gt;Dear All: We received a virus on a message. I followed the<\/p>\n\n\n\n<p>&gt;instructions below and found that it had been spread to our<\/p>\n\n\n\n<p>&gt;computer. I followed the instructions and located the virus<\/p>\n\n\n\n<p>&gt;and was able to delete it. The bad news is that you<\/p>\n\n\n\n<p>&gt;probably have it, as you are in My Address book! More bad<\/p>\n\n\n\n<p>&gt;news is that my antivirusprogram did not detect this virus.<\/p>\n\n\n\n<p>&gt;The virus lies dormant for 14 days and then &laquo;kills&raquo; your hard<\/p>\n\n\n\n<p>&gt;drive.<\/p>\n\n\n\n<p>&gt;Here is what to do. If you follow the instructions and then<\/p>\n\n\n\n<p>&gt;see that you have the virus, you need to send a similar e-<\/p>\n\n\n\n<p>&gt;mail to everyone in your ddress book.<\/p>\n\n\n\n<p>&gt;&nbsp;<\/p>\n\n\n\n<p>&gt;Remove the virus by following these steps:<\/p>\n\n\n\n<p>&gt;1. Go to &laquo;Start.&raquo; Then to &laquo;Find&raquo; or &laquo;Search&raquo;.<\/p>\n\n\n\n<p>&gt;2. In the &laquo;Search for files or folders&raquo; type sulfnbk.exe &#8212;<\/p>\n\n\n\n<p>&gt;this is the &gt;name of the virus.<\/p>\n\n\n\n<p>&gt;3. In the &laquo;Look in&raquo; section, make sure you are searching<\/p>\n\n\n\n<p>&gt;drive C.<\/p>\n\n\n\n<p>&gt;4. Hit &laquo;Search&raquo; or &laquo;Find&raquo;.<\/p>\n\n\n\n<p>&gt;5. If your search finds this file, it will be an ugly<\/p>\n\n\n\n<p>&gt;blackish icon that &gt;will have the name sulfnbk.exe.<\/p>\n\n\n\n<p>&gt;DO NOT OPEN IT! If it does not show up on your first<\/p>\n\n\n\n<p>&gt;&raquo;Search&raquo;, try a &laquo;New &gt;Search.&raquo;<\/p>\n\n\n\n<p>&gt;6. Right click on the file &#8212; go down to &laquo;Delete&raquo; and left click.<\/p>\n\n\n\n<p>&gt;7. You will be asked if you want to send the file to the Recycling Bin &#8212; &gt;say &laquo;Yes&raquo;.<\/p>\n\n\n\n<p>&gt;8. Go to your Desktop (where all your icons are) and right<\/p>\n\n\n\n<p>&gt;click on the &gt;Recycle Bin and either manually delete the<\/p>\n\n\n\n<p>&gt;sulfnbk.exe program or empty &gt;the entire bin.<\/p>\n\n\n\n<p>&gt;9.If you found the virus on your system, send this or a<\/p>\n\n\n\n<p>&gt;similar e-mail to all in your address book because this is<\/p>\n\n\n\n<p>&gt;how it is transferred.<\/p>\n\n\n\n<p>&gt;DO NOT RELY ON YOUR ANTI-VIRUS SOFTWARE. McAFEE and NORTON<\/p>\n\n\n\n<p>&gt;CANNOT DETECT IT BECAUSE IT DOES NOT BECOME A VIRUS UNTIL<\/p>\n\n\n\n<p>&gt;JUNE 1ST.WHATEVER YOU DO, DO NOT OPEN THE FILE!!!<\/p>\n\n\n\n<p>&gt;Sincerely<\/p>\n\n\n\n<p>&gt;Helga<\/p>\n\n\n\n<p>Harry Hansen rette seg opp og smilte svakt. &laquo;Mundus vult decipi&raquo; utbr\u00f8t han med en undertone av latter i stemmen. Sjefen hevet begge \u00f8yenbryn i undring. &laquo;Og det betyr?\u201d, spurte han.<\/p>\n\n\n\n<p>&laquo;Verden vil bedras&raquo;, sa Harry Hansen med en liten latter. \u201dTakk\u201d, sa sjefen kort. \u201dJeg kan s\u00e5pass latin. Jeg vil vite hva du mener om denne meldingen.\u201d. Harry Hansen smilte unnskyldende og fortsatte: \u201dDenne meldingen er falsk. Dette er det vi kaller <a href=\"https:\/\/en.wikipedia.org\/wiki\/Virus_hoax\" target=\"_blank\" rel=\"noreferrer noopener\">falske virus<\/a>, eller hoax for \u00e5 bruke et engelsk uttrykk&raquo;.<\/p>\n\n\n\n<p>&laquo;Hva!\u201d, utbr\u00f8t sjefen og stirret vekselvis p\u00e5 Harry Hansen og dataskjermen. &laquo;Hva er en hoax?\u201d<\/p>\n\n\n\n<p>\u201dEn hoax\u201d sa Harry Hansen \u201der rett og slett en e-post som forteller om et datavirus som ikke eksisterer, og der du blir bedt om \u00e5 sende meldingen videre til alle du kjenner.\u201d<\/p>\n\n\n\n<p>Sjefen ristet forvirret p\u00e5 hodet og spurte: \u201d Men hvorfor?\u201d. Harry Hansen smilte igjen \u201dTja, Ergo Decipiatur eller noe s\u00e5nt\u201d, svarte han. Sjefen stirret p\u00e5 ham \u201dS\u00e5 du mener at disse meldingene oppstod rett og slett fordi noen mente og mener at n\u00e5r folk er s\u00e5 lettlurte, ja da b\u00f8r de lures?\u201d<\/p>\n\n\n\n<p>Harry Hansen skulle til \u00e5 svare da han plutselig stivnet til. Ansiktet fikk et anspent uttrykk. Han glodde stivt p\u00e5 skjermen i noen sekunder og s\u00e5 pekte han. &laquo;Se her. Her til slutt i e-posten er den opprinnelige&nbsp; meldingen. Se hvem som har undertegnet.&raquo;<\/p>\n\n\n\n<p>Sjefen b\u00f8yde seg frem. S\u00e5 bannet han lavt.<\/p>\n\n\n\n<p>Det navnet som lyste mot dem fra dataskjermen var Helga.<\/p>\n\n\n\n<p>I det samme ringte telefonen. Sjefen grep den og lyttet. S\u00e5 la han p\u00e5. &laquo;Det var politidirekt\u00f8ren. Samtlige internettilbydere i landet melder om at store mengder med falske virusmeldinger har v\u00e6rt i oml\u00f8p siden i morges. Flere servere er i ferd med \u00e5 bryte sammen under mengden av meldinger som videresendes!&raquo;<\/p>\n","protected":false},"excerpt":{"rendered":"<p>Sn\u00f8en lavet fortsatt ned og la seg klamt over alt og alle. I en staselig murbygning i sentrum av Tigerstaden, bak tunge eiked\u00f8rer, sitter fem menn ved et ovalt bord. Fire av dem sitter vendt mot den femte og eldste, som har ordet. \u201dBr\u00f8dre. Jeg har kalt dere inn hit fordi det har oppst\u00e5tt en &hellip; <a href=\"https:\/\/site.nord.no\/didaktiskebetraktninger\/3-kapittel-den-falske-frykt\/\" class=\"more-link\">Fortsett \u00e5 lese<span class=\"screen-reader-text\"> \u00ab3 Kapittel Den falske frykt\u00bb<\/span><\/a><\/p>\n","protected":false},"author":11,"featured_media":0,"parent":0,"menu_order":0,"comment_status":"closed","ping_status":"closed","template":"","meta":{"footnotes":""},"coauthors":[2],"class_list":["post-1159","page","type-page","status-publish","hentry"],"_links":{"self":[{"href":"https:\/\/site.nord.no\/didaktiskebetraktninger\/wp-json\/wp\/v2\/pages\/1159","targetHints":{"allow":["GET"]}}],"collection":[{"href":"https:\/\/site.nord.no\/didaktiskebetraktninger\/wp-json\/wp\/v2\/pages"}],"about":[{"href":"https:\/\/site.nord.no\/didaktiskebetraktninger\/wp-json\/wp\/v2\/types\/page"}],"author":[{"embeddable":true,"href":"https:\/\/site.nord.no\/didaktiskebetraktninger\/wp-json\/wp\/v2\/users\/11"}],"replies":[{"embeddable":true,"href":"https:\/\/site.nord.no\/didaktiskebetraktninger\/wp-json\/wp\/v2\/comments?post=1159"}],"version-history":[{"count":4,"href":"https:\/\/site.nord.no\/didaktiskebetraktninger\/wp-json\/wp\/v2\/pages\/1159\/revisions"}],"predecessor-version":[{"id":1190,"href":"https:\/\/site.nord.no\/didaktiskebetraktninger\/wp-json\/wp\/v2\/pages\/1159\/revisions\/1190"}],"wp:attachment":[{"href":"https:\/\/site.nord.no\/didaktiskebetraktninger\/wp-json\/wp\/v2\/media?parent=1159"}],"wp:term":[{"taxonomy":"author","embeddable":true,"href":"https:\/\/site.nord.no\/didaktiskebetraktninger\/wp-json\/wp\/v2\/coauthors?post=1159"}],"curies":[{"name":"wp","href":"https:\/\/api.w.org\/{rel}","templated":true}]}}