{"id":1167,"date":"2023-04-05T14:58:12","date_gmt":"2023-04-05T12:58:12","guid":{"rendered":"https:\/\/site.nord.no\/didaktiskebetraktninger\/?page_id=1167"},"modified":"2023-04-05T14:58:12","modified_gmt":"2023-04-05T12:58:12","slug":"7-kapittel-to-skudd-i-natten","status":"publish","type":"page","link":"https:\/\/site.nord.no\/didaktiskebetraktninger\/7-kapittel-to-skudd-i-natten\/","title":{"rendered":"7 Kapittel To skudd i natten"},"content":{"rendered":"\n<p>Her m\u00e5 leseren unnskylde at forfatteren bryter inn for \u00e5 berette om noen hendelser som skjedde tidligere kvelden f\u00f8r, etter at bombene eksploderte i hovedstaden.<\/p>\n\n\n\n<p>Vi vender igjen tilbake til den lille villa og den tidligere oppdagelsesfullmektig Asbj\u00f8rn Falk.<\/p>\n\n\n\n<p>Etter at Harry Hansen og Hilmar Jensen hadde dratt i hui og hast, ble Asbj\u00f8rn Falk sittende en stund og stirre grunnende fremfor seg. Nero kom stille bort og la hodet sitt p\u00e5 sin herres arm. Asbj\u00f8rn Falk lot seg for en gangs skyld ikke merke med denne gest fra sin trofaste venn og hans panne var rynket i konsentrasjon. S\u00e5 reiste han seg br\u00e5tt og gikk mot telefonen. Med et bestemt drag om munnen slo han et nummer og ventet.<\/p>\n\n\n\n<p>En stemme svarte i andre enden. \u201dVi m\u00e5 m\u00f8tes\u201d, sa Asbj\u00f8rn Falk kort. Stemmen sa noe og Asbj\u00f8rn Falk bjeffet et kort \u201dGodt.\u201d S\u00e5 gikk han mot entreen og grep sin ytterfrakk. Nero fulgte ham med \u00f8ynene og viftet glad med halen da han s\u00e5 at eieren tok frem turlenken.<\/p>\n\n\n\n<p>Ute var det begynt \u00e5 sn\u00f8 igjen, og en liten vind virvlet sn\u00f8kornene gjennom m\u00f8rket Asbj\u00f8rn Falk brettet kragen opp over ansiktet og begynte \u00e5 g\u00e5 mot Nordmarka. De sm\u00e5 gatene som kronglet seg gjennom det gamle villaomr\u00e5det var folketomme, og lysene fra vinduene p\u00e5 de sm\u00e5 middelklasseboligene la seg varmt over det sn\u00f8dekte landskapet.<\/p>\n\n\n\n<p>Etter en times gange kom Falk frem til en av de mange stiene inn i marka. Han ble st\u00e5ende et \u00f8yeblikk og stirre gjennom sn\u00f8virvlene og inn i m\u00f8rket mellom tr\u00e6rne. Nero s\u00e5 forundret opp p\u00e5 sin eier, s\u00e5 satte han seg ned og l\u00f8ftet snuten mot vinddraget. Med et rykk begynte Falk igjen \u00e5 g\u00e5. Med varsomme skritt beveget han seg bortover stien. Etter noen meter begynte Nero plutselig \u00e5 knurre, og Falk stanset. \u201dRooolig n\u00e5 gutt\u201d mumlet han stille. Nero tidde, men \u00f8rene beveget seg for \u00e5 fange opp lyden av det den allerede hadde f\u00e5tt ferten av.<\/p>\n\n\n\n<p>Noe m\u00f8rkt skilte seg ut fra tr\u00e6rne langs stien et par meter bortenfor Asbj\u00f8rn Falk og Nero, og begynte \u00e5 bevege seg mot dem. Nero knurret igjen, og skikkelsen stoppet. En lykt ble tent og lyste opp et ansikt. \u201dGod aften hr. Falk\u201d, l\u00f8d en dyp stemme. Lyset fra lykten viste et ansikt tilh\u00f8rende en eldre mann. Falk grep fastere om b\u00e5ndet til Nero og begynte \u00e5 g\u00e5 mot mannen. Ragget p\u00e5 Neros rygg stod ende til v\u00e6rs og den kraftige kroppen skalv. Det var som om den ante en fare. Falk stoppet. \u201dTingene begynner \u00e5 komme ut av kontroll\u201d, sa han henvendt til den andre. \u201dVi m\u00e5 forsikre oss om at det ikke finnes l\u00f8se tr\u00e5der\u201d fortsatte han. Den andre rettet lykten mot Falk, og blendet ham. Instinktivt hevet Asbj\u00f8rn Falk h\u00e5nden mot ansiktet, og Nero begynnte \u00e5 gj\u00f8 rasende. Den fremmede l\u00f8ftet den andre h\u00e5nden og to skudd smalt i natten.<\/p>\n\n\n\n<p>\u201dDu har rett Falk. L\u00f8se tr\u00e5der m\u00e5 fjernes\u201d, sa han og lo lavt.<\/p>\n\n\n\n<p>Noen timer senere samlet fem eldre menn seg i en staselig villa, et sted i Tigerstaden.<\/p>\n\n\n\n<p>Den eldste av dem kremtet og hevet stemmen. \u201dBr\u00f8dre. Ting har utviklet seg p\u00e5 en m\u00e5te vi ikke foruts\u00e5. V\u00e5r agent ser ut til \u00e5 kunne bli overlistet.\u201d<\/p>\n\n\n\n<p>En av de andre tok ordet. \u201dVet vi hvem som utl\u00f8ste bombene?\u201d<\/p>\n\n\n\n<p>Den eldste ristet p\u00e5 hodet. \u201dNei. Men er vi heldig blir politiet s\u00e5 opptatt av disse eksplosjonene at vi f\u00e5r tid til \u00e5 slette alle spor etter oss.\u201d<\/p>\n\n\n\n<p>En av de yngste mennene, en spissneset herre som mest av alt lignet en t\u00f8rr revisor, rakte en h\u00e5nd i v\u00e6ret. Den eldste nikket kort. \u201dHva med denne Hr. Falk?\u201d<\/p>\n\n\n\n<p>Den eldste smilte kaldt. \u201dDet problemet er l\u00f8st.\u201d<\/p>\n\n\n\n<p>Den spissnesede nikket og spurte s\u00e5 \u201dOg v\u00e5r agent? Og det andre..\u201d han smilte svakt, \u201dproblemet\u201d som har skaffet henne og oss s\u00e5 mye hodebry?\u201d<\/p>\n\n\n\n<p>Den eldste lot blikket gli over de fire andre f\u00f8r han snakket. \u201dJeg har satt D\u00f8dsengelen p\u00e5 den saken\u201d. Det var som om rommet plutselig ble kaldere og de fire andre skuttet seg uvilk\u00e5rlig.<\/p>\n","protected":false},"excerpt":{"rendered":"<p>Her m\u00e5 leseren unnskylde at forfatteren bryter inn for \u00e5 berette om noen hendelser som skjedde tidligere kvelden f\u00f8r, etter at bombene eksploderte i hovedstaden. Vi vender igjen tilbake til den lille villa og den tidligere oppdagelsesfullmektig Asbj\u00f8rn Falk. Etter at Harry Hansen og Hilmar Jensen hadde dratt i hui og hast, ble Asbj\u00f8rn Falk &hellip; <a href=\"https:\/\/site.nord.no\/didaktiskebetraktninger\/7-kapittel-to-skudd-i-natten\/\" class=\"more-link\">Fortsett \u00e5 lese<span class=\"screen-reader-text\"> \u00ab7 Kapittel To skudd i natten\u00bb<\/span><\/a><\/p>\n","protected":false},"author":11,"featured_media":0,"parent":0,"menu_order":0,"comment_status":"closed","ping_status":"closed","template":"","meta":{"footnotes":""},"coauthors":[],"class_list":["post-1167","page","type-page","status-publish","hentry"],"_links":{"self":[{"href":"https:\/\/site.nord.no\/didaktiskebetraktninger\/wp-json\/wp\/v2\/pages\/1167","targetHints":{"allow":["GET"]}}],"collection":[{"href":"https:\/\/site.nord.no\/didaktiskebetraktninger\/wp-json\/wp\/v2\/pages"}],"about":[{"href":"https:\/\/site.nord.no\/didaktiskebetraktninger\/wp-json\/wp\/v2\/types\/page"}],"author":[{"embeddable":true,"href":"https:\/\/site.nord.no\/didaktiskebetraktninger\/wp-json\/wp\/v2\/users\/11"}],"replies":[{"embeddable":true,"href":"https:\/\/site.nord.no\/didaktiskebetraktninger\/wp-json\/wp\/v2\/comments?post=1167"}],"version-history":[{"count":1,"href":"https:\/\/site.nord.no\/didaktiskebetraktninger\/wp-json\/wp\/v2\/pages\/1167\/revisions"}],"predecessor-version":[{"id":1168,"href":"https:\/\/site.nord.no\/didaktiskebetraktninger\/wp-json\/wp\/v2\/pages\/1167\/revisions\/1168"}],"wp:attachment":[{"href":"https:\/\/site.nord.no\/didaktiskebetraktninger\/wp-json\/wp\/v2\/media?parent=1167"}],"wp:term":[{"taxonomy":"author","embeddable":true,"href":"https:\/\/site.nord.no\/didaktiskebetraktninger\/wp-json\/wp\/v2\/coauthors?post=1167"}],"curies":[{"name":"wp","href":"https:\/\/api.w.org\/{rel}","templated":true}]}}