{"id":1171,"date":"2023-04-05T15:01:11","date_gmt":"2023-04-05T13:01:11","guid":{"rendered":"https:\/\/site.nord.no\/didaktiskebetraktninger\/?page_id=1171"},"modified":"2023-04-05T15:01:11","modified_gmt":"2023-04-05T13:01:11","slug":"9-kapittel-dodsengelen","status":"publish","type":"page","link":"https:\/\/site.nord.no\/didaktiskebetraktninger\/9-kapittel-dodsengelen\/","title":{"rendered":"9 Kapittel D\u00f8dsengelen"},"content":{"rendered":"\n<p>Det var gl\u00f8tt av sol og en sval bris gav et spinkelt h\u00e5p om v\u00e5r over Kristiania.<\/p>\n\n\n\n<p>I l\u00f8pet av noen hektiske dager slo politiet i Finnland, Sverige, \u00d8sterrike, Belgia, Frankrike, Tyskland, Italia, Portugal, USA og Norge til mot det anarkistiske nettverket. Datamaskiner med kolossal kapasitet, samt tusenvis av disketter ble beslaglagt.<\/p>\n\n\n\n<p>Et hundretalls personer ble arrestert over hele verden, men Christopher Sjule var som sunket i jorda.<\/p>\n\n\n\n<p>Mange av de arresterte snakket villig vekk i h\u00e5p om lettere straff, men Den femte kolonne ble aldri nevnt. Helga forble taus gjennom alle avh\u00f8r.<\/p>\n\n\n\n<p>Hvor de hemmelige filene til skipsreder Gyldenvik og ingeni\u00f8r Berg til slutt endte, og hvem som stod bak de datastyret bombene forble et mysterium. VG kunne melde i en av sine utgaver at \u201dPolitiet jager fortsatt etter Mr. Gregory\u201d og spekulerte i om han ogs\u00e5 stod bak mordet p\u00e5 Asbj\u00f8rn Falk. I et intervju sa en husmor p\u00e5 \u00d8stre Toten det mange rundt om i Norge f\u00f8lte at \u201dvi t\u00f8r nesten ikke v\u00e6re alene\u201d, s\u00e5 oppskaket var folk blitt av den ukjente Mr. Gregory og eksplosjonene i hovedstaden.<\/p>\n\n\n\n<p>Tross de mest nitide unders\u00f8kelser lyktes det ikke Harry Hansen \u00e5 finne noe som helst spor etter Christopher Sjule eller de stj\u00e5lne datafilene, og det var derfor en taus og bitter Harry Hansen som overlot til sikkerhetstjenesten \u00e5 fortsette s\u00f8ket etter digitale spor p\u00e5 Internett.<\/p>\n\n\n\n<p>Han avspiste de nyhetshungrige journalister som hadde funnet veien til hans kontor for \u00e5 f\u00e5 mest mulig informasjon om den sensasjonelle saken, med noen ganske f\u00e5 ord.<\/p>\n\n\n\n<p>Sittende i sin kontorstol s\u00e5 han tomt fremfor seg. Dr\u00f8mmen om kj\u00e6rlighet per e-post var brutalt knust. Det var egentlig en mager tr\u00f8st at henne som hadde tatt ham slik ved nesen n\u00e5 ville tilbringe mange \u00e5r bak murene, og uten adgang til PC.<\/p>\n\n\n\n<p>Det banket p\u00e5 d\u00f8ren og Harry Hansen l\u00f8ftet med et rykk hodet og ropte \u201dKom inn!\u201d<\/p>\n\n\n\n<p>Det var Hilmar Jensen som kom. Han satte seg tung ned i en stol og stirret dystert p\u00e5 sin gamle venn. \u201dHva gj\u00f8r vi n\u00e5? Aldri har vi vel blitt sl\u00e5tt ut slik som denne gangen.\u201d<\/p>\n\n\n\n<p>Harry Hansen trakk p\u00e5 skuldrene og tente en sigarillo. \u201dDet eneste vi kan gj\u00f8re Jensen, er \u00e5 ta l\u00e6rdom av denne saken. Vi var rett og slett ikke godt nok forberedt p\u00e5 slike utspekulerte kjeltringer.\u201d<\/p>\n\n\n\n<p>Og oppe i Akersgaten buldret de store pressene, og avisene spredtes over hele landet og serverte den ene spekulasjonen mer fantasifull enn den andre rundt bruken av datamaskiner blant kriminelle.<\/p>\n\n\n\n<p>Midt oppe i alt dette viraket landet et fly p\u00e5 Fornebu direkte fra Milano. Blant de mange passasjerer var en mann av middels h\u00f8yde og s\u00e6rdeles alminnelig utseende. Det eneste som skilte ham ut fra de andre var den hvite prestesnippen som kunne skimtes bak frakkekraven og et tykt ullskjerf.<\/p>\n\n\n\n<p>Men det var en ting til, som kun den mest observante iaktager ville legge merke til, som skilte denne mannen fra de andre reisende \u2013 og det var hans ualminnelig iskalde blikk.<\/p>\n\n\n\n<p>Mannen installerte seg p\u00e5 et av byens bedre hotell, tok et par telefoner, og la seg s\u00e5 til \u00e5 sove. Litt ut p\u00e5 kvelden forlot han hotellet og satte kursen mot en forlatt byggeplass. Varmen som hadde preget dagen hadde n\u00e5 gitt plass for nattekulden, og mannen brettet frakkekragen opp over ansiktet. Vel fremme ved byggeplassen ble han st\u00e5ende i skyggen av en plankestabel og vente.<\/p>\n\n\n\n<p>Det gikk et kvarter og s\u00e5 dukket en annen skikkelse opp. Denne s\u00e5 seg stj\u00e5lent omkring og virket nerv\u00f8s. S\u00e5 var det som om han tok seg sammen og begynte \u00e5 g\u00e5 med bestemte skritt mot plankestabelen.<\/p>\n\n\n\n<p>Den fremmede steg frem fra skyggen og den nyss ankomne skvatt til. Den fremmede rakte h\u00e5nden frem og sa med lav stemme \u201dS\u00f8rg for at hun f\u00e5r denne i maten\u201d. S\u00e5 snudde han og forsvant i natten.<\/p>\n\n\n\n<p>To dager etter forkynte Verdens Gang \u201dMYRDET I FENGSEL\u201d og beskrev hvordan vokterne hadde funnet den kvinnelige storforbryteren \u201dDen r\u00f8de redsel\u201d forgiftet i sin celle.<\/p>\n","protected":false},"excerpt":{"rendered":"<p>Det var gl\u00f8tt av sol og en sval bris gav et spinkelt h\u00e5p om v\u00e5r over Kristiania. I l\u00f8pet av noen hektiske dager slo politiet i Finnland, Sverige, \u00d8sterrike, Belgia, Frankrike, Tyskland, Italia, Portugal, USA og Norge til mot det anarkistiske nettverket. Datamaskiner med kolossal kapasitet, samt tusenvis av disketter ble beslaglagt. Et hundretalls personer &hellip; <a href=\"https:\/\/site.nord.no\/didaktiskebetraktninger\/9-kapittel-dodsengelen\/\" class=\"more-link\">Fortsett \u00e5 lese<span class=\"screen-reader-text\"> \u00ab9 Kapittel D\u00f8dsengelen\u00bb<\/span><\/a><\/p>\n","protected":false},"author":11,"featured_media":0,"parent":0,"menu_order":0,"comment_status":"closed","ping_status":"closed","template":"","meta":{"footnotes":""},"coauthors":[],"class_list":["post-1171","page","type-page","status-publish","hentry"],"_links":{"self":[{"href":"https:\/\/site.nord.no\/didaktiskebetraktninger\/wp-json\/wp\/v2\/pages\/1171","targetHints":{"allow":["GET"]}}],"collection":[{"href":"https:\/\/site.nord.no\/didaktiskebetraktninger\/wp-json\/wp\/v2\/pages"}],"about":[{"href":"https:\/\/site.nord.no\/didaktiskebetraktninger\/wp-json\/wp\/v2\/types\/page"}],"author":[{"embeddable":true,"href":"https:\/\/site.nord.no\/didaktiskebetraktninger\/wp-json\/wp\/v2\/users\/11"}],"replies":[{"embeddable":true,"href":"https:\/\/site.nord.no\/didaktiskebetraktninger\/wp-json\/wp\/v2\/comments?post=1171"}],"version-history":[{"count":1,"href":"https:\/\/site.nord.no\/didaktiskebetraktninger\/wp-json\/wp\/v2\/pages\/1171\/revisions"}],"predecessor-version":[{"id":1172,"href":"https:\/\/site.nord.no\/didaktiskebetraktninger\/wp-json\/wp\/v2\/pages\/1171\/revisions\/1172"}],"wp:attachment":[{"href":"https:\/\/site.nord.no\/didaktiskebetraktninger\/wp-json\/wp\/v2\/media?parent=1171"}],"wp:term":[{"taxonomy":"author","embeddable":true,"href":"https:\/\/site.nord.no\/didaktiskebetraktninger\/wp-json\/wp\/v2\/coauthors?post=1171"}],"curies":[{"name":"wp","href":"https:\/\/api.w.org\/{rel}","templated":true}]}}