{"id":1173,"date":"2023-04-05T15:02:31","date_gmt":"2023-04-05T13:02:31","guid":{"rendered":"https:\/\/site.nord.no\/didaktiskebetraktninger\/?page_id=1173"},"modified":"2023-04-07T10:25:17","modified_gmt":"2023-04-07T08:25:17","slug":"epilog","status":"publish","type":"page","link":"https:\/\/site.nord.no\/didaktiskebetraktninger\/epilog\/","title":{"rendered":"Epilog"},"content":{"rendered":"\n<p>Et par m\u00e5neder senere, p\u00e5 en av Cubas uttallige strender, satt en mann og n\u00f8t solen. Han var en lang og senete herre med velpleid hakeskjegg.<\/p>\n\n\n\n<p>Mannen hevet glasset mot horisonten og mumlet for seg selv &laquo;Sk\u00e5l for nok et vellykket kupp&raquo;<\/p>\n\n\n\n<p>Han kikket ned p\u00e5 en bunke med norske aviser han hadde liggende i fanget og lo stille. &laquo;Akk ja&raquo; mumlet han igjen &laquo;N\u00e5r skal de l\u00e6re at all verdens overv\u00e5king av Internett ikke kan avsl\u00f8re hemmelig <a href=\"https:\/\/www.mygreatlearning.com\/blog\/image-steganography-explained\/\" target=\"_blank\" rel=\"noreferrer noopener\">informasjon lagret i bilder<\/a> av s\u00f8te kattunger eller av julebildene som tilsynelatende sendes til gamle tante Agathe?&raquo;<\/p>\n\n\n\n<p>Han smilte svakt mens han tenkte p\u00e5 de siste uker og m\u00e5neders hendelser. Det hadde v\u00e6rt n\u00e6re p\u00e5 flere ganger, ikke minst da han ble narret ut i villaen med de biometriske vokterne. Men med en blanding av flaks og dyktighet hadde han klart \u00e5 finne frem til en av Helgas medhjelpere, og fra ham f\u00e5tt vite hvordan han kunne f\u00e5 tilgang til Helga sin PC. Dermed hadde det v\u00e6rt s\u00e5re enkelt \u00e5 finne frem til de filene hun hadde stj\u00e5let fra ingeni\u00f8r Berg og skipsreder Gyldenvik, for s\u00e5 \u00e5 slette alle spor etter dem og seg selv.<\/p>\n\n\n\n<p>Smilet sluknet da blikket nok en gang falt p\u00e5 en av avisens overskrifter. \u201dPokker s\u00e5 synd at det skulle g\u00e5 slik med Asbj\u00f8rn Falk\u201d mumlet han og sukket svakt. Helt siden Asbj\u00f8rn Falk skaffet seg PC hadde han s\u00f8rget for \u00e5 overv\u00e5ke ham hver gang Falk var p\u00e5 Internett. Det hadde v\u00e6rt et lite sjokk \u00e5 oppdage hvor mye informasjon Falk hadde samlet om ham selv og Helga, helt ned til Helga sine planer om \u00e5 stjele ingeni\u00f8r Berg og skipsreder Gyldenvik sine hemmelige dokumenter.<\/p>\n\n\n\n<p>Han hadde fundert mye p\u00e5 hvorfor Falk ikke hadde g\u00e5tt til politiet med all informasjonen han satt inne med, s\u00e6rlig hentydningene til at det eksisterte et mystisk og hemmelig nettverk kalt Den femte kolonne. Svarene p\u00e5 dette hadde imidlertid Asbj\u00f8rn Falk tatt med seg i graven, og Christopher Sjule hadde unng\u00e5tt \u00e5 henvise til dette nettverket i sin e-post til Harry Hansen. Han hadde en mistanke om at det var penger \u00e5 tjene p\u00e5 akkurat den informasjonen.<\/p>\n\n\n\n<p>Han lo litt da han tenkte p\u00e5 all viraken rundt de datastyrte bombene. De hadde gitt ham det pusterommet han trengte for \u00e5 komme seg vekk. En liten e-post til VG gjorde det hele bare mer mystisk.<\/p>\n\n\n\n<p>Christopher Sjule la fra seg avisen og reiste seg. Helga var i alle fall ute av veien for en stund og med det han hadde tjent p\u00e5 \u00e5 selge dokumentfilene trengte han ikke \u00e5 reise noe sted p\u00e5 sv\u00e6rt lenge. Dessuten, hvem trengte vel \u00e5 reise s\u00e5 lenge man hadde tilgang til Internett, og tusenvis av PC`er med BackOrrifice og tilsvarende program logget seg p\u00e5 hver dag?<\/p>\n\n\n\n<p>I det han gikk oppover mot hotellet reiste en uanselig mann av middels h\u00f8yde seg fra en benk like ved, og fulgte etter.<\/p>\n","protected":false},"excerpt":{"rendered":"<p>Et par m\u00e5neder senere, p\u00e5 en av Cubas uttallige strender, satt en mann og n\u00f8t solen. Han var en lang og senete herre med velpleid hakeskjegg. Mannen hevet glasset mot horisonten og mumlet for seg selv &laquo;Sk\u00e5l for nok et vellykket kupp&raquo; Han kikket ned p\u00e5 en bunke med norske aviser han hadde liggende i &hellip; <a href=\"https:\/\/site.nord.no\/didaktiskebetraktninger\/epilog\/\" class=\"more-link\">Fortsett \u00e5 lese<span class=\"screen-reader-text\"> \u00abEpilog\u00bb<\/span><\/a><\/p>\n","protected":false},"author":11,"featured_media":0,"parent":0,"menu_order":0,"comment_status":"closed","ping_status":"closed","template":"","meta":{"footnotes":""},"coauthors":[],"class_list":["post-1173","page","type-page","status-publish","hentry"],"_links":{"self":[{"href":"https:\/\/site.nord.no\/didaktiskebetraktninger\/wp-json\/wp\/v2\/pages\/1173","targetHints":{"allow":["GET"]}}],"collection":[{"href":"https:\/\/site.nord.no\/didaktiskebetraktninger\/wp-json\/wp\/v2\/pages"}],"about":[{"href":"https:\/\/site.nord.no\/didaktiskebetraktninger\/wp-json\/wp\/v2\/types\/page"}],"author":[{"embeddable":true,"href":"https:\/\/site.nord.no\/didaktiskebetraktninger\/wp-json\/wp\/v2\/users\/11"}],"replies":[{"embeddable":true,"href":"https:\/\/site.nord.no\/didaktiskebetraktninger\/wp-json\/wp\/v2\/comments?post=1173"}],"version-history":[{"count":2,"href":"https:\/\/site.nord.no\/didaktiskebetraktninger\/wp-json\/wp\/v2\/pages\/1173\/revisions"}],"predecessor-version":[{"id":1195,"href":"https:\/\/site.nord.no\/didaktiskebetraktninger\/wp-json\/wp\/v2\/pages\/1173\/revisions\/1195"}],"wp:attachment":[{"href":"https:\/\/site.nord.no\/didaktiskebetraktninger\/wp-json\/wp\/v2\/media?parent=1173"}],"wp:term":[{"taxonomy":"author","embeddable":true,"href":"https:\/\/site.nord.no\/didaktiskebetraktninger\/wp-json\/wp\/v2\/coauthors?post=1173"}],"curies":[{"name":"wp","href":"https:\/\/api.w.org\/{rel}","templated":true}]}}