{"id":1520,"date":"2023-06-14T07:41:23","date_gmt":"2023-06-14T05:41:23","guid":{"rendered":"https:\/\/site.nord.no\/didaktiskebetraktninger\/?page_id=1520"},"modified":"2023-06-14T07:41:23","modified_gmt":"2023-06-14T05:41:23","slug":"studiearet-2020-2021-host","status":"publish","type":"page","link":"https:\/\/site.nord.no\/didaktiskebetraktninger\/studiearet-2020-2021-host\/","title":{"rendered":"Studie\u00e5ret 2020-2021 H\u00d8ST"},"content":{"rendered":"\n<p>I de fagemner jeg hadde 100% undervisningsansvar for <strong>h\u00f8sten 2020<\/strong>, ble resultatet p\u00e5 sp\u00f8rsm\u00e5let om forn\u00f8ydhet med emnet som f\u00f8lger:<\/p>\n\n\n\n<ul class=\"wp-block-list\">\n<li><strong>IKT1013<\/strong> &#8211; Grunnleggende informasjonsbehandling (nettbasert emne)= 4.80<\/li>\n\n\n\n<li><strong>IKT1014<\/strong> &#8211; L\u00e6ring med IKT (nettbasert emne) = 4.61<\/li>\n<\/ul>\n\n\n\n<p>[<em>Tilbake til oversikten <a href=\"https:\/\/site.nord.no\/didaktiskebetraktninger\/ikt-og-laeringstudiene-2018-til-d-d\/\">IKT og L\u00e6ring<\/a><\/em>]<\/p>\n","protected":false},"excerpt":{"rendered":"<p>I de fagemner jeg hadde 100% undervisningsansvar for h\u00f8sten 2020, ble resultatet p\u00e5 sp\u00f8rsm\u00e5let om forn\u00f8ydhet med emnet som f\u00f8lger: [Tilbake til oversikten IKT og L\u00e6ring]<\/p>\n","protected":false},"author":11,"featured_media":0,"parent":0,"menu_order":0,"comment_status":"closed","ping_status":"closed","template":"","meta":{"footnotes":""},"coauthors":[2],"class_list":["post-1520","page","type-page","status-publish","hentry"],"_links":{"self":[{"href":"https:\/\/site.nord.no\/didaktiskebetraktninger\/wp-json\/wp\/v2\/pages\/1520","targetHints":{"allow":["GET"]}}],"collection":[{"href":"https:\/\/site.nord.no\/didaktiskebetraktninger\/wp-json\/wp\/v2\/pages"}],"about":[{"href":"https:\/\/site.nord.no\/didaktiskebetraktninger\/wp-json\/wp\/v2\/types\/page"}],"author":[{"embeddable":true,"href":"https:\/\/site.nord.no\/didaktiskebetraktninger\/wp-json\/wp\/v2\/users\/11"}],"replies":[{"embeddable":true,"href":"https:\/\/site.nord.no\/didaktiskebetraktninger\/wp-json\/wp\/v2\/comments?post=1520"}],"version-history":[{"count":1,"href":"https:\/\/site.nord.no\/didaktiskebetraktninger\/wp-json\/wp\/v2\/pages\/1520\/revisions"}],"predecessor-version":[{"id":1521,"href":"https:\/\/site.nord.no\/didaktiskebetraktninger\/wp-json\/wp\/v2\/pages\/1520\/revisions\/1521"}],"wp:attachment":[{"href":"https:\/\/site.nord.no\/didaktiskebetraktninger\/wp-json\/wp\/v2\/media?parent=1520"}],"wp:term":[{"taxonomy":"author","embeddable":true,"href":"https:\/\/site.nord.no\/didaktiskebetraktninger\/wp-json\/wp\/v2\/coauthors?post=1520"}],"curies":[{"name":"wp","href":"https:\/\/api.w.org\/{rel}","templated":true}]}}