{"id":2226,"date":"2023-11-21T11:07:51","date_gmt":"2023-11-21T10:07:51","guid":{"rendered":"https:\/\/site.nord.no\/didaktiskebetraktninger\/?page_id=2226"},"modified":"2026-02-04T09:55:52","modified_gmt":"2026-02-04T08:55:52","slug":"beredskapserfaring-og-utdanning","status":"publish","type":"page","link":"https:\/\/site.nord.no\/didaktiskebetraktninger\/beredskapserfaring-og-utdanning\/","title":{"rendered":"Beredskapserfaring og utdanning"},"content":{"rendered":"\n<h2 class=\"wp-block-heading\">Beredskapsutdanning<\/h2>\n\n\n\n<p><strong>Kurs<\/strong>: <a href=\"https:\/\/www.forsvaret.no\/heimevernet\/kurs\/kursoversikt\/veilederkurs-14.7\" data-type=\"link\" data-id=\"https:\/\/www.forsvaret.no\/heimevernet\/kurs\/kursoversikt\/veilederkurs-14.7\" target=\"_blank\" rel=\"noreferrer noopener\">Taktisk evaluering og veiledning<\/a>, HVSKS, 2012<br><strong><a href=\"https:\/\/www.docdroid.net\/XwUWFf3\/hvsks-kursbevis-pdf\" data-type=\"link\" data-id=\"https:\/\/www.docdroid.net\/XwUWFf3\/hvsks-kursbevis-pdf\" target=\"_blank\" rel=\"noreferrer noopener\">Kursbevis<\/a> og <a href=\"https:\/\/www.docdroid.net\/gXobt9w\/109066250-hvsks-vitnemaal-pdf\" data-type=\"link\" data-id=\"https:\/\/www.docdroid.net\/gXobt9w\/109066250-hvsks-vitnemaal-pdf\" target=\"_blank\" rel=\"noreferrer noopener\">vitnem\u00e5l<\/a><\/strong><\/p>\n\n\n\n<p><strong>I etterkant<\/strong>: Deltar i planleggingen for utvikling av TAKEVAL-kurset til et studiepoenggivende kurs. Utformer <a href=\"https:\/\/jmp.sh\/v2oBBiNd\" data-type=\"link\" data-id=\"https:\/\/jmp.sh\/v2oBBiNd\" target=\"_blank\" rel=\"noreferrer noopener\">utkast til studieplan<\/a>, i samarbeid med administrasjonen ved HVSKS.<\/p>\n\n\n\n<figure class=\"wp-block-table\"><table class=\"has-fixed-layout\"><tbody><tr><td><img decoding=\"async\" src=\"https:\/\/site.nord.no\/didaktiskebetraktninger\/wp-content\/uploads\/sites\/6\/2023\/11\/hvsks-1.jpg\" alt=\"\"><\/td><td><a href=\"https:\/\/www.yumpu.com\/no\/document\/read\/20508320\/heimevernets-arsberetning-2012-heimevernet-forsvaret\/15\" data-type=\"link\" data-id=\"https:\/\/www.yumpu.com\/no\/document\/read\/20508320\/heimevernets-arsberetning-2012-heimevernet-forsvaret\/15\" target=\"_blank\" rel=\"noreferrer noopener\"><img decoding=\"async\" src=\"https:\/\/site.nord.no\/didaktiskebetraktninger\/wp-content\/uploads\/sites\/6\/2025\/08\/HV2012.jpg\" alt=\"HVs \u00e5rsberetning 2012\"><\/a><\/td><\/tr><\/tbody><\/table><figcaption class=\"wp-element-caption\"><strong>Bildet til venstre<\/strong>: <em>En &laquo;\u00e6resbeskikkelse&raquo; ved kursavslutning til korporal ga selvtillit til \u00e5 tenke at kunnskapen fra TAKEVAL-kurset kunne omsettes til praksis i en tjenestesammenheng<\/em>. <strong>Bildet til h\u00f8yre<\/strong>: Skjermdump fra HVs offentlige \u00e5rsberetning 2012. Personen p\u00e5 bildet er ikke meg, og har ingen forbindelse med kurset<\/figcaption><\/figure>\n\n\n\n<h2 class=\"wp-block-heading\">Beredskapspraksis (tjenesteplikt)<\/h2>\n\n\n<div class=\"wp-block-image\">\n<figure class=\"alignleft size-full is-resized\"><img loading=\"lazy\" decoding=\"async\" width=\"165\" height=\"195\" src=\"https:\/\/site.nord.no\/didaktiskebetraktninger\/wp-content\/uploads\/sites\/6\/2023\/11\/NTSFD.jpg\" alt=\"\" class=\"wp-image-2261\" style=\"width:125px;height:auto\" \/><\/figure>\n<\/div>\n\n\n<p><strong>Tjenestegren<\/strong>: Sivilforsvaret<br><strong>Tjenestested<\/strong>: <a href=\"https:\/\/www.sivilforsvaret.no\/sivilforsvarsdistriktene\/nord-trondelag\/\" data-type=\"link\" data-id=\"https:\/\/www.sivilforsvaret.no\/sivilforsvarsdistriktene\/nord-trondelag\/\" target=\"_blank\" rel=\"noreferrer noopener\">Nord-Tr\u00f8ndelag Sivilforsvarsdistrikt<\/a>, STAB<br><strong>Innrullert<\/strong>: Desember 2013<br><strong>Grad ved innrullering<\/strong>: Stabsr\u00e5dgiver grad 8\/ L\u00f8ytnant<br><strong>Forfremmet<\/strong>: Stabsr\u00e5dgiver grad 7\/ Kaptein, 20.12. 2017<br><strong>Dimmitert for aldersgrense<\/strong>: Januar 2021<br><strong>Totalt antall registrerte tjenested\u00f8gn<\/strong>: <a href=\"https:\/\/www.docdroid.net\/EWsfFbb\/tjenestedogn-pdf\" data-type=\"link\" data-id=\"https:\/\/www.docdroid.net\/EWsfFbb\/tjenestedogn-pdf\" target=\"_blank\" rel=\"noreferrer noopener\">93<\/a><br><strong>Stabstjeneste ved skarpe oppdrag<\/strong>: 3 (<em><a href=\"https:\/\/www.nrk.no\/trondelag\/denne-brannen-krevde-mest-1.12168071\" data-type=\"link\" data-id=\"https:\/\/www.nrk.no\/trondelag\/denne-brannen-krevde-mest-1.12168071\" target=\"_blank\" rel=\"noreferrer noopener\">Brannen i Flatanger<\/a>, Leirskred, Etters\u00f8k<\/em>)<br><strong>\u00d8velsestyper<\/strong>: Innsats\u00f8velser (<em>Felt &#8211; b\u00e5de lokalt innad i NTSFD, lokalt samvirke LRS<\/em>, <em>og en Norsk-Svensk innsats\u00f8velse<\/em>), TTX, samt en nasjonal CPX<br><br><strong><a href=\"https:\/\/www.docdroid.net\/QcSw5a3\/diplomntsfd-pdf\" data-type=\"link\" data-id=\"https:\/\/www.docdroid.net\/QcSw5a3\/diplomntsfd-pdf\" target=\"_blank\" rel=\"noreferrer noopener\">Tjenestediplom<\/a><\/strong><\/p>\n\n\n\n<h4 class=\"wp-block-heading\"><strong>Ansvar for<\/strong>:<\/h4>\n\n\n\n<ul class=\"wp-block-list\">\n<li><a href=\"https:\/\/www.docdroid.net\/TSUYP5D\/2017-nr-02-heimevernsbladet-pages-29-pdf\" data-type=\"link\" data-id=\"https:\/\/www.docdroid.net\/TSUYP5D\/2017-nr-02-heimevernsbladet-pages-29-pdf\" target=\"_blank\" rel=\"noreferrer noopener\"><strong>Innf\u00f8ring<\/strong> av prinsippene for TAKEVAL ved NTSFD<\/a>.<\/li>\n\n\n\n<li><a href=\"https:\/\/www.docdroid.net\/yBeMu98\/intensjonsbasert-pdf\" data-type=\"link\" data-id=\"https:\/\/www.facebook.com\/profile\/100068094940290\/search\/?q=Godejord\" target=\"_blank\" rel=\"noreferrer noopener\"><strong>Kort innf\u00f8ring <\/strong>i intensjonsbasert ledelse for STAB<\/a> (<em>som del av innf\u00f8ring av TAKEVAL<\/em>), 2014.<\/li>\n\n\n\n<li><strong>Utarbeidelse<\/strong> av veileder og direktiv i forbindelse med innf\u00f8ring av TAKEVAL: <a href=\"https:\/\/www.docdroid.net\/ebhsj69\/291231714-veilederrollen-hvordan-fungere-som-evaluator-og-veileder-ved-ovelser-pdf\" data-type=\"link\" data-id=\"https:\/\/www.docdroid.net\/ebhsj69\/291231714-veilederrollen-hvordan-fungere-som-evaluator-og-veileder-ved-ovelser-pdf\" target=\"_blank\" rel=\"noreferrer noopener\">Veilederrollen &#8211; HVORDAN FUNGERE SOM EVALUATOR OG VEILEDER VED \u00d8VELSER<\/a>, og <a href=\"https:\/\/www.docdroid.net\/hYSNSKK\/291231596-direktiv-for-veiledning-og-evaluering-av-nord-trondelag-sivilforsvarsdistrikt-pdf\" data-type=\"link\" data-id=\"https:\/\/www.docdroid.net\/hYSNSKK\/291231596-direktiv-for-veiledning-og-evaluering-av-nord-trondelag-sivilforsvarsdistrikt-pdf\" target=\"_blank\" rel=\"noreferrer noopener\">Direktiv for veiledning og evaluering av Nord-Tr\u00f8ndelag Sivilforsvarsdistrikt<\/a>, 2015. <em>(I samarbeid med sivilforsvarsinspekt\u00f8r Torkild Bruun NTSFD og major John Kjetil Wang-Hansen HVSKS)<\/em><\/li>\n\n\n\n<li><strong>Utarbeidelse<\/strong> av <a href=\"https:\/\/www.docdroid.net\/mkwUPgo\/takevalskjema-pdf\" data-type=\"link\" data-id=\"https:\/\/www.docdroid.net\/mkwUPgo\/takevalskjema-pdf\" target=\"_blank\" rel=\"noreferrer noopener\">sjekkliste<\/a> til bruk for veiledning og evaluering i felt. (<em>I samarbeid med sivilforsvarsadjutant Paul B. J\u00e5ma<\/em> NTSFD)<\/li>\n\n\n\n<li><strong>Forelesning<\/strong> om <a href=\"https:\/\/jumpshare.com\/v\/SWb7Stp5W57h41LbuLN7\" data-type=\"link\" data-id=\"https:\/\/jumpshare.com\/v\/SWb7Stp5W57h41LbuLN7\" target=\"_blank\" rel=\"noreferrer noopener\">Takeval &#8211; Prinsipp for veiledning og evaluering<\/a>, for befal med \u00f8vingsansvar ved Sivilforsvarets ulike distrikter, Sivilforsvarets skole, Starum, 2018.<\/li>\n\n\n\n<li><strong>Koordinering<\/strong> av TAKEVAL-aktiviteten ved NTSFD: &#8211; Innhente vurderinger fra stabens \u00f8vrige veiledere, samt fra andre etaters veiledere (<em>politi, brann og helse<\/em>), og utarbeide rapporter for samlet evaluering og veiledning ved den enkelte interne distrikts\u00f8velse og den enkelte samvirke\u00f8velse, gjennom hele \u00e5ret.<\/li>\n\n\n\n<li><strong>Veiledning<\/strong> av befal ved alle distriktets \u00f8velser (<em>interne og samvirke<\/em>), b\u00e5de <a href=\"https:\/\/www.docdroid.net\/fM7US3V\/takevalforeles-pdf\" data-type=\"link\" data-id=\"https:\/\/www.facebook.com\/438120206246905\/photos\/a.534167836642141\/1737681126290800\/?type=3&amp;theater\" target=\"_blank\" rel=\"noreferrer noopener\">innledende forelesning<\/a> om TAKEVAL (befalsdag) og <a href=\"https:\/\/www.docdroid.net\/fO7Kjmw\/veiledning-av-befal-under-innsatsovelse-pdf\" data-type=\"link\" data-id=\"https:\/\/www.docdroid.net\/fO7Kjmw\/veiledning-av-befal-under-innsatsovelse-pdf\" target=\"_blank\" rel=\"noreferrer noopener\">veiledning i felt<\/a> av tildelt befal.<\/li>\n\n\n\n<li><a href=\"https:\/\/jumpshare.com\/v\/vNyMg8xKofNbbfBWdeQ1\" data-type=\"link\" data-id=\"https:\/\/jumpshare.com\/v\/vNyMg8xKofNbbfBWdeQ1\" target=\"_blank\" rel=\"noreferrer noopener\"><strong>Ansvarlig<\/strong> for Norsk-Svensk TAKEVAL team<\/a> (<em>Sivilforsvar, Politi, Helse, Brann<\/em>): Planlegging og koordinering av evaluering og veiledning ved \u00f8velse&nbsp;<a href=\"https:\/\/vimeo.com\/196720387\" target=\"_blank\" rel=\"noreferrer noopener\">ISI 2016<\/a>, 16.11.2016.<\/li>\n\n\n\n<li><strong>Fast deltakelse<\/strong> i Nord-Tr\u00f8ndelag \u00f8vingsforum (LRS), 2013 &#8211; 2021.<\/li>\n\n\n\n<li><strong>Bist\u00e5<\/strong> distriktet ved \u00e5rlig \u00f8velsesplanlegging.<\/li>\n\n\n\n<li><a href=\"https:\/\/vimeo.com\/847942367\" data-type=\"link\" data-id=\"https:\/\/vimeo.com\/847942367\" target=\"_blank\" rel=\"noreferrer noopener\"><strong>Instruksjon<\/strong> i navigasjon<\/a> ved alle distriktets \u00f8velser.<\/li>\n\n\n\n<li><strong>Veileder og eksaminator<\/strong> ved kvalitetskontroll (nasjonal pr\u00f8ve) for 2017, kart og kompass, NTSFD.<\/li>\n\n\n\n<li><a href=\"https:\/\/www.docdroid.net\/rGymehb\/instruksjon-truger-pdf\" data-type=\"link\" data-id=\"https:\/\/scontent.fosl3-1.fna.fbcdn.net\/v\/t1.18169-9\/11066704_848594685199453_1383424623796641470_n.jpg?_nc_cat=105&amp;ccb=1-7&amp;_nc_sid=dd63ad&amp;_nc_ohc=Xv-toQdTLWIAX-79I_X&amp;_nc_oc=AQmqdbK_QPL-IyRcV7YWdqPqMJVZrKoBt2Tj2n9AUddPJ2Jr65Y7zROO1cc7CF7lBTjGlsJQJtF38RkGZQOl1-ql&amp;_nc_ht=scontent.fosl3-1.fna&amp;oh=00_AfD-4jtsYARaCa7qTWLnTI6hiQ9IvkwKiKIR31nFLYs9Mw&amp;oe=658685D0\" target=\"_blank\" rel=\"noreferrer noopener\"><strong>Instruksjon<\/strong> i bruk av truger<\/a> ved distriktets vinter\u00f8velser.<\/li>\n\n\n\n<li><strong>Behjelpelig<\/strong> ved innf\u00f8ring av PLIS ved distriktet.<\/li>\n<\/ul>\n\n\n\n<h5 class=\"wp-block-heading\"><strong>Min tjenesteplikt i perioden desember 2013 til januar 2021 innebar mao. f\u00f8lgende:<\/strong><\/h5>\n\n\n\n<ul class=\"wp-block-list\">\n<li><strong>Planleggingsarbeid<\/strong> f\u00f8r alle distriktets \u00f8velser<\/li>\n\n\n\n<li><strong>Operativ deltakels<\/strong>e under alle distriktets \u00f8velser<\/li>\n\n\n\n<li><strong>Evaluering og rapportering<\/strong> knyttet til TAKEVAL i etterkant av alle distriktets \u00f8velser<\/li>\n<\/ul>\n\n\n\n<h3 class=\"wp-block-heading\">Kortere kurs og praksis<\/h3>\n\n\n\n<ul class=\"wp-block-list\">\n<li><strong><a href=\"https:\/\/harlequin-cami-12.tiiny.site\" data-type=\"link\" data-id=\"https:\/\/harlequin-cami-12.tiiny.site\" target=\"_blank\" rel=\"noreferrer noopener\">Psykososial f\u00f8rstehjelp<\/a><\/strong>, nettkurs i regi av R\u00f8de Kors, 2025<\/li>\n\n\n\n<li><strong>Beredskapsvakt<\/strong>, Levanger R\u00f8de Kors, 2011-2013<\/li>\n<\/ul>\n\n\n\n<figure class=\"wp-block-image size-full\"><a href=\"https:\/\/site.nord.no\/didaktiskebetraktninger\/wp-content\/uploads\/sites\/6\/2023\/11\/inaction-1.jpg\"><img loading=\"lazy\" decoding=\"async\" width=\"930\" height=\"558\" src=\"https:\/\/site.nord.no\/didaktiskebetraktninger\/wp-content\/uploads\/sites\/6\/2023\/11\/inaction-1.jpg\" alt=\"\" class=\"wp-image-2228\" \/><\/a><figcaption class=\"wp-element-caption\"><em>Instruksjon i bruk av kart, kompass og GPS under pandemi (Foto: Paul Bendikk J\u00e5ma, NTSFD)<\/em><\/figcaption><\/figure>\n\n\n\n<figure class=\"wp-block-image size-full\"><a href=\"https:\/\/site.nord.no\/didaktiskebetraktninger\/wp-content\/uploads\/sites\/6\/2023\/08\/ISI2016.jpg\"><img loading=\"lazy\" decoding=\"async\" width=\"1240\" height=\"1172\" src=\"https:\/\/site.nord.no\/didaktiskebetraktninger\/wp-content\/uploads\/sites\/6\/2023\/08\/ISI2016.jpg\" alt=\"\" class=\"wp-image-1985\" \/><\/a><figcaption class=\"wp-element-caption\">I samtale med tidligere leder for n\u00f8dnett (venstre) og tidligere distriktssjef NTSFD (h\u00f8yre), under \u00f8velse ISI2016<\/figcaption><\/figure>\n\n\n\n<figure class=\"wp-block-image size-full\"><a href=\"https:\/\/site.nord.no\/didaktiskebetraktninger\/wp-content\/uploads\/sites\/6\/2025\/09\/Vinter.jpg\"><img loading=\"lazy\" decoding=\"async\" width=\"1600\" height=\"900\" src=\"https:\/\/site.nord.no\/didaktiskebetraktninger\/wp-content\/uploads\/sites\/6\/2025\/09\/Vinter.jpg\" alt=\"Illustrasjon\" class=\"wp-image-7014\" \/><\/a><figcaption class=\"wp-element-caption\">Recon f\u00f8r vinter\u00f8velse i Skj\u00e6kerfjella, 2017 <\/figcaption><\/figure>\n\n\n\n<figure class=\"wp-block-image size-full\"><a href=\"https:\/\/site.nord.no\/didaktiskebetraktninger\/wp-content\/uploads\/sites\/6\/2025\/09\/instruksjon.jpg\"><img loading=\"lazy\" decoding=\"async\" width=\"960\" height=\"720\" src=\"https:\/\/site.nord.no\/didaktiskebetraktninger\/wp-content\/uploads\/sites\/6\/2025\/09\/instruksjon.jpg\" alt=\"Illustrasjon\" class=\"wp-image-7012\" \/><\/a><figcaption class=\"wp-element-caption\">Instruksjon i kartlesing<\/figcaption><\/figure>\n\n\n\n<figure class=\"wp-block-image size-full\"><img loading=\"lazy\" decoding=\"async\" width=\"1600\" height=\"1200\" src=\"https:\/\/site.nord.no\/didaktiskebetraktninger\/wp-content\/uploads\/sites\/6\/2025\/10\/InstruktorVerktoy.jpg\" alt=\"H\u00e5ndb\u00f8ker er viktig\" class=\"wp-image-7024\" \/><figcaption class=\"wp-element-caption\">N\u00e5r en ble utfordret p\u00e5 \u00e5 ta over instruksjon i navigasjon ved distriktets \u00f8velser, ble det &#8211; i god akademisk tradisjon &#8211; viktig \u00e5 finne relevant faglitteratur&#8230;.<\/figcaption><\/figure>\n","protected":false},"excerpt":{"rendered":"<p>Beredskapsutdanning Kurs: Taktisk evaluering og veiledning, HVSKS, 2012Kursbevis og vitnem\u00e5l I etterkant: Deltar i planleggingen for utvikling av TAKEVAL-kurset til et studiepoenggivende kurs. Utformer utkast til studieplan, i samarbeid med administrasjonen ved HVSKS. Bildet til venstre: En &laquo;\u00e6resbeskikkelse&raquo; ved kursavslutning til korporal ga selvtillit til \u00e5 tenke at kunnskapen fra TAKEVAL-kurset kunne omsettes til praksis &hellip; <a href=\"https:\/\/site.nord.no\/didaktiskebetraktninger\/beredskapserfaring-og-utdanning\/\" class=\"more-link\">Fortsett \u00e5 lese<span class=\"screen-reader-text\"> \u00abBeredskapserfaring og utdanning\u00bb<\/span><\/a><\/p>\n","protected":false},"author":11,"featured_media":0,"parent":0,"menu_order":0,"comment_status":"closed","ping_status":"closed","template":"","meta":{"footnotes":""},"coauthors":[2],"class_list":["post-2226","page","type-page","status-publish","hentry"],"_links":{"self":[{"href":"https:\/\/site.nord.no\/didaktiskebetraktninger\/wp-json\/wp\/v2\/pages\/2226","targetHints":{"allow":["GET"]}}],"collection":[{"href":"https:\/\/site.nord.no\/didaktiskebetraktninger\/wp-json\/wp\/v2\/pages"}],"about":[{"href":"https:\/\/site.nord.no\/didaktiskebetraktninger\/wp-json\/wp\/v2\/types\/page"}],"author":[{"embeddable":true,"href":"https:\/\/site.nord.no\/didaktiskebetraktninger\/wp-json\/wp\/v2\/users\/11"}],"replies":[{"embeddable":true,"href":"https:\/\/site.nord.no\/didaktiskebetraktninger\/wp-json\/wp\/v2\/comments?post=2226"}],"version-history":[{"count":92,"href":"https:\/\/site.nord.no\/didaktiskebetraktninger\/wp-json\/wp\/v2\/pages\/2226\/revisions"}],"predecessor-version":[{"id":7661,"href":"https:\/\/site.nord.no\/didaktiskebetraktninger\/wp-json\/wp\/v2\/pages\/2226\/revisions\/7661"}],"wp:attachment":[{"href":"https:\/\/site.nord.no\/didaktiskebetraktninger\/wp-json\/wp\/v2\/media?parent=2226"}],"wp:term":[{"taxonomy":"author","embeddable":true,"href":"https:\/\/site.nord.no\/didaktiskebetraktninger\/wp-json\/wp\/v2\/coauthors?post=2226"}],"curies":[{"name":"wp","href":"https:\/\/api.w.org\/{rel}","templated":true}]}}