{"id":2358,"date":"2023-12-03T10:39:49","date_gmt":"2023-12-03T09:39:49","guid":{"rendered":"https:\/\/site.nord.no\/didaktiskebetraktninger\/?page_id=2358"},"modified":"2026-01-27T14:25:03","modified_gmt":"2026-01-27T13:25:03","slug":"1-whoops-apocalypse","status":"publish","type":"page","link":"https:\/\/site.nord.no\/didaktiskebetraktninger\/1-whoops-apocalypse\/","title":{"rendered":"Kap. 2 Whoops apocalypse"},"content":{"rendered":"\n<figure class=\"wp-block-pullquote\"><blockquote><p><em>Strictly speaking, AI is not a technology at all. Facial-recognition software, translation and speech recognition programs, scheduling algorithms, and predictive models might all have different machine learning tools running in the background, but it is patently absurd to refer to them as a singular technology. We do not call everything containing copper wires &laquo;wiring&raquo;<\/em><\/p><cite>R.H. Lossin, PhD. og J. Resnikoff, PhD., 2024 (<a href=\"https:\/\/www.thenation.com\/article\/society\/open-ai-sora-chatgpt-artificial-intelligence\/\" target=\"_blank\" rel=\"noreferrer noopener\">1<\/a>)<\/cite><\/blockquote><\/figure>\n\n\n\n<p class=\"has-text-align-center\"><\/p>\n\n\n\n<p>&laquo;<em>GPT does not understand the input; it simply provides the most likely output.\u00bb<\/em><br>&#8211; Dr. Martin Stytz, 2023 (<a href=\"https:\/\/itcfederal.com\/news\/the-tale-of-two-ais-gpt-vs-expert-systems\/\" data-type=\"page\" data-id=\"2791\" target=\"_blank\" rel=\"noreferrer noopener\">2<\/a>)<\/p>\n\n\n\n<p>&laquo;<em>Behind the glittering facade of their linguistic performances, there is no real intelligence, no inference and problem solving ability disconnected from the data on which they were trained. Nothing<\/em>.&raquo;<br>&#8211; Gianluca Riccio, 2024 (<a href=\"https:\/\/en.futuroprossimo.it\/2024\/04\/llm-il-vicolo-cieco-perche-chatgpt-e-altri-non-ci-porteranno-mai-allagi\/\" data-type=\"link\" data-id=\"https:\/\/en.futuroprossimo.it\/2024\/04\/llm-il-vicolo-cieco-perche-chatgpt-e-altri-non-ci-porteranno-mai-allagi\/\" target=\"_blank\" rel=\"noreferrer noopener\">3<\/a>)<\/p>\n\n\n\n<p>\u00ab<em>Generell kunstig intelligens? Glem det Vi er ikke i n\u00e6rheten av det, og kommer ikke til \u00e5 v\u00e6re i n\u00e6rheten av det p\u00e5 flere hundre \u00e5r<\/em>.<em>\u00bb<\/em><br>&#8211; Professor Morten Irgens, 2019 (<a href=\"https:\/\/tilt.work\/blog\/2019\/09\/30\/norsk-ai-ekspert-superintelligens-bare-vas\/?_page=18\" data-type=\"link\" data-id=\"https:\/\/tilt.work\/blog\/2019\/09\/30\/norsk-ai-ekspert-superintelligens-bare-vas\/?_page=18\" target=\"_blank\" rel=\"noreferrer noopener\">4<\/a>)<\/p>\n\n\n<div class=\"wp-block-image\">\n<figure class=\"aligncenter size-full is-resized\"><img loading=\"lazy\" decoding=\"async\" width=\"1152\" height=\"360\" src=\"https:\/\/site.nord.no\/didaktiskebetraktninger\/wp-content\/uploads\/sites\/6\/2023\/12\/linjer.jpg\" alt=\"\" class=\"wp-image-2799\" style=\"width:213px;height:auto\" \/><\/figure>\n<\/div>\n\n\n<p>I slutten p\u00e5 2022 dukket det opp nyheter om et (s\u00e5kalt) KI-system som enkelte mente kunne true eksamenskonseptet i b\u00e5de grunn,- videreg\u00e5ende og h\u00f8yere utdanning. Trusselen bestod i, hevdet man, et system som ga korrekte svar p\u00e5 eksamensoppgaver og som kunne produsere tekst til f.eks. <a href=\"https:\/\/www.theatlantic.com\/technology\/archive\/2022\/12\/chatgpt-openai-artificial-intelligence-writing-ethics\/672386\/\" target=\"_blank\" rel=\"noreferrer noopener\">en stil<\/a>.&nbsp; Ja, if\u00f8lge en nyhetsmelding fra <a href=\"https:\/\/www.nrk.no\/kultur\/laerere-fortvilet-over-ny-kunstig-intelligens-1.16210580\" target=\"_blank\" rel=\"noreferrer noopener\">NRK<\/a> kan dette systemet s\u00e5gar skrive artikler. Det var s\u00e5 en kunne f\u00f8le utdannings-Norge ryste i sine grunnvoller. Var den akademiske ende n\u00e6r?<\/p>\n\n\n\n<p>Da jeg studerte informasjonsvitenskap tilbake i nittenhundre og pil og bue var KI selvsagt et viktig fagemne, s\u00e5 min nysgjerrighet ble naturlig nok vekket av de ulike <a href=\"https:\/\/forskning.no\/kunst-kunstig-intelligens\/aret-da-kunstig-intelligens-for-alvor-begynte-a-tegne-kode-og-skrive-dikt\/2129564\" target=\"_blank\" rel=\"noreferrer noopener\">medieoppslagene<\/a> om dette magiske datasystemet.<\/p>\n\n\n\n<p>Hovedpersonen i all viraken var ikke en av apokalypsens ryttere, men Open AI sin <a href=\"https:\/\/chat.openai.com\/\" target=\"_blank\" rel=\"noreferrer noopener\">ChatGPT<\/a>. Dette er en samtalerobot som kan &laquo;forst\u00e5&raquo; (<em>i betydningen &laquo;gjenkjenne&raquo; vha. statistiske beregninger over innlagt menneskeskapt informasjon<\/em>) og generere menneskelignende tekst og ble bygget ved hjelp av en kombinasjon av maskinl\u00e6ringsteknikker og store datamengder.<\/p>\n\n\n\n<p>I de f\u00f8lgende kapitlene beskriver jeg ulike tester knyttet til blant annet noen arbeidskrav fra IKT og l\u00e6ringsstudiene og fra ORG5005, og jeg viser hvordan b\u00e5de ChatGPT og noen lignende system har store svakheter. S\u00e5 store at det blir, sett med mine fag\u00f8yne, latterlig \u00e5 snakke om seri\u00f8s kunstig intelligens i forbindelse med disse systemene i sin n\u00e5v\u00e6rende form.<\/p>\n\n\n\n<p>La oss begynne med \u00e5 la ChatGPT presentere seg selv:<\/p>\n\n\n\n<p><em>Jeg er en kunstig intelligens skapt av OpenAI kalt GPT-3.5. Jeg er utviklet for \u00e5 forst\u00e5 og generere menneskelig-lignende tekst basert p\u00e5 den informasjonen jeg ble trent p\u00e5. Min kunnskap strekker seg frem til januar 2022, og jeg har ikke evnen til \u00e5 oppleve verden p\u00e5 samme m\u00e5te som mennesker. Jeg er her for \u00e5 hjelpe deg ved \u00e5 svare p\u00e5 sp\u00f8rsm\u00e5l og generere tekstbasert innhold basert p\u00e5 dine henvendelser.<\/em><\/p>\n\n\n\n<p>S\u00e5 ChatGPT betegner seg selv som en &laquo;<a href=\"https:\/\/www.britannica.com\/technology\/artificial-intelligence\" data-type=\"link\" data-id=\"https:\/\/www.britannica.com\/technology\/artificial-intelligence\" target=\"_blank\" rel=\"noreferrer noopener\">kunstig intelligens<\/a>\u00bb. La oss s\u00e5 se hvordan denne spr\u00e5kmodellen definerer kunstig intelligens:<\/p>\n\n\n\n<p><em>Kunstig intelligens (KI) refererer til evnen til datamaskiner eller maskiner til \u00e5 utf\u00f8re oppgaver som vanligvis krever menneskelig intelligens. Vitenskapelige krav for kunstig intelligens kan variere, men det er noen grunnleggende egenskaper og kriterier som ofte inng\u00e5r i definisjonene:<\/em><\/p>\n\n\n\n<ol class=\"wp-block-list\">\n<li><em><strong>L\u00e6ringsevne:<\/strong> Kunstig intelligens b\u00f8r v\u00e6re i stand til \u00e5 l\u00e6re fra data og erfaringer, slik at ytelsen forbedres over tid uten ekstra programmering<\/em>.<\/li>\n\n\n\n<li><em><strong>Rasjonalitet:<\/strong> KI-systemet skal kunne handle rasjonelt, det vil si \u00e5 ta beslutninger som maksimerer sannsynligheten for \u00e5 oppn\u00e5 et gitt m\u00e5l<\/em>.<\/li>\n\n\n\n<li><em><strong>Forst\u00e5else av komplekse sammenhenger:<\/strong> KI b\u00f8r v\u00e6re i stand til \u00e5 forst\u00e5 komplekse sammenhenger og trekke konklusjoner basert p\u00e5 tilgjengelig informasjon<\/em>.<\/li>\n\n\n\n<li><em><strong>Selvstendighet:<\/strong> KI-systemet b\u00f8r kunne operere autonomt, uten konstant menneskelig tilsyn<\/em>.<\/li>\n\n\n\n<li><em><strong>Evne til \u00e5 takle usikkerhet og feil:<\/strong> Kunstig intelligens b\u00f8r v\u00e6re i stand til \u00e5 h\u00e5ndtere usikkerhet og feil, og tilpasse seg endringer i milj\u00f8et eller i oppgaven den utf\u00f8rer<\/em>.<\/li>\n\n\n\n<li><em><strong>Evne til \u00e5 forst\u00e5 naturlig spr\u00e5k:<\/strong> Dette inkluderer tolkning av spr\u00e5k, generering av meningsfullt svar og kanskje til og med deltakelse i naturlige spr\u00e5kdialoger<\/em>.<\/li>\n\n\n\n<li><em><strong>Oppfatning:<\/strong> KI-systemet b\u00f8r kunne oppfatte og forst\u00e5 informasjon fra omverdenen, for eksempel gjennom bruk av sensorer eller bilde- og lydbehandling.<\/em><\/li>\n<\/ol>\n\n\n\n<p><em>Det er viktig \u00e5 merke seg at definisjonen av kunstig intelligens kan variere, og forskere innen feltet kan ha ulike tiln\u00e6rminger. Kunstig intelligens kan ogs\u00e5 deles inn i sterke og svake former, avhengig av graden av autonomi og evnen til \u00e5 h\u00e5ndtere generelle oppgaver.<\/em><\/p>\n\n\n\n<p>Microsoft sin BingChat (Microsoft CoPilot) er ogs\u00e5 programmert til koble begrepet &laquo;Kunstig intelligens&raquo; til seg selv, men p\u00e5 min p\u00e5stand om at systemet kun kan handle ut fra hva det er programmert for, svarer Copilot at:<\/p>\n\n\n\n<p><em>Det er riktig. Som en form for kunstig intelligens, er jeg begrenset til de funksjonene og oppgavene jeg har blitt programmert til \u00e5 utf\u00f8re. Jeg kan behandle og generere svar basert p\u00e5 den informasjonen jeg har blitt trent p\u00e5, men jeg kan ikke utf\u00f8re handlinger eller ta beslutninger utenfor dette omr\u00e5det. Jeg kan ikke l\u00e6re eller tilpasse meg p\u00e5 samme m\u00e5te som et menneske&#8230;<\/em><\/p>\n\n\n\n<p>La oss ha dette i bakhodet n\u00e5r vi n\u00e5 ser litt n\u00e6rmere p\u00e5 ChatGPT, samt et par andre tilsvarende spr\u00e5kmodeller.<\/p>\n\n\n\n<p>Og det f\u00f8rste sp\u00f8rsm\u00e5let vi da kan ta med oss videre er; <strong><em>ut fra de 7 punkten<\/em><\/strong>e ChatGPT lister opp, er ChatGPT (og tilsvarende spr\u00e5kmodeller) eksempler p\u00e5 kunstig intelligens?<\/p>\n\n\n\n<figure class=\"wp-block-table\"><table class=\"has-fixed-layout\"><tbody><tr><td><strong><a href=\"https:\/\/site.nord.no\/didaktiskebetraktninger\/microsoft-copilot-oppsummerer-sitatene-kapittel-2\/\" data-type=\"link\" data-id=\"https:\/\/site.nord.no\/didaktiskebetraktninger\/microsoft-copilot-oppsummerer-sitatene-kapittel-2\/\" target=\"_blank\" rel=\"noreferrer noopener\">Microsoft Copilot oppsummerer sitatene fra dette kapittelet<\/a><\/strong><\/td><\/tr><\/tbody><\/table><\/figure>\n\n\n\n<h4 class=\"wp-block-heading\"><strong>Leseliste<\/strong><\/h4>\n\n\n\n<ol class=\"wp-block-list\">\n<li><a href=\"https:\/\/bigthink.com\/the-future\/artificial-general-intelligence-true-ai\/\" data-type=\"link\" data-id=\"https:\/\/bigthink.com\/the-future\/artificial-general-intelligence-true-ai\/\" target=\"_blank\" rel=\"noreferrer noopener\">ChatGPT is not \u201ctrue AI.\u201d A computer scientist explains why<\/a><\/li>\n\n\n\n<li><a href=\"https:\/\/www.techradar.com\/news\/calm-down-folks-chatgpt-isnt-actually-an-artificial-intelligence\" data-type=\"link\" data-id=\"https:\/\/www.techradar.com\/news\/calm-down-folks-chatgpt-isnt-actually-an-artificial-intelligence\" target=\"_blank\" rel=\"noreferrer noopener\">Calm down folks, ChatGPT isn&#8217;t actually an artificial intelligence<\/a><\/li>\n\n\n\n<li><a href=\"https:\/\/www.americamagazine.org\/faith\/2023\/05\/15\/chatgpt-artificial-intelligence-theft-245283\" data-type=\"link\" data-id=\"https:\/\/www.americamagazine.org\/faith\/2023\/05\/15\/chatgpt-artificial-intelligence-theft-245283\" target=\"_blank\" rel=\"noreferrer noopener\">ChatGPT is not \u2018artificial intelligence.\u2019 It\u2019s theft<\/a><\/li>\n\n\n\n<li><a href=\"https:\/\/www.linkedin.com\/pulse\/what-future-ai-especially-chatgpt-azamat-abdoullaev-dct7e?trk=article-ssr-frontend-pulse_more-articles_related-content-card\" data-type=\"link\" data-id=\"https:\/\/www.linkedin.com\/pulse\/what-future-ai-especially-chatgpt-azamat-abdoullaev-dct7e?trk=article-ssr-frontend-pulse_more-articles_related-content-card\" target=\"_blank\" rel=\"noreferrer noopener\">Why is ML\/ANNs\/DL\/LLM\/GPT\/ChatGPT Not-AI and what is the future of AI?<\/a><\/li>\n\n\n\n<li><a href=\"https:\/\/toloka.ai\/blog\/difference-between-ai-ml-llm-and-generative-ai\/\" data-type=\"link\" data-id=\"https:\/\/toloka.ai\/blog\/difference-between-ai-ml-llm-and-generative-ai\/\" target=\"_blank\" rel=\"noreferrer noopener\">Difference between AI, ML, LLM, and Generative AI<\/a><\/li>\n<\/ol>\n\n\n\n<p><\/p>\n\n\n\n<figure class=\"wp-block-table aligncenter\"><table><tbody><tr><td><strong>&lt; <a href=\"https:\/\/site.nord.no\/didaktiskebetraktninger\/innledning\/\" data-type=\"link\" data-id=\"https:\/\/site.nord.no\/didaktiskebetraktninger\/innledning\/\" target=\"_blank\" rel=\"noreferrer noopener\">Tilbake<\/a><\/strong><\/td><td><a href=\"https:\/\/site.nord.no\/didaktiskebetraktninger\/chatgpt-et-talefort-eksempel-pa-kunstig-intelligens-eller\/\" data-type=\"link\" data-id=\"https:\/\/site.nord.no\/didaktiskebetraktninger\/chatgpt-et-talefort-eksempel-pa-kunstig-intelligens-eller\/\" target=\"_blank\" rel=\"noreferrer noopener\"><img decoding=\"async\" src=\"https:\/\/site.nord.no\/didaktiskebetraktninger\/wp-content\/uploads\/sites\/6\/2024\/01\/image.png\" alt=\"\"><\/a><\/td><td><strong><a href=\"https:\/\/site.nord.no\/didaktiskebetraktninger\/2-bullshit-generator-eller-genial-faktagjenngiver\/\" data-type=\"link\" data-id=\"https:\/\/site.nord.no\/didaktiskebetraktninger\/2-bullshit-generator-eller-genial-faktagjenngiver\/\" target=\"_blank\" rel=\"noreferrer noopener\">Neste kapittel<\/a> &gt; <\/strong><\/td><\/tr><\/tbody><\/table><\/figure>\n","protected":false},"excerpt":{"rendered":"<p>Strictly speaking, AI is not a technology at all. Facial-recognition software, translation and speech recognition programs, scheduling algorithms, and predictive models might all have different machine learning tools running in the background, but it is patently absurd to refer to them as a singular technology. We do not call everything containing copper wires &laquo;wiring&raquo; R.H. &hellip; <a href=\"https:\/\/site.nord.no\/didaktiskebetraktninger\/1-whoops-apocalypse\/\" class=\"more-link\">Fortsett \u00e5 lese<span class=\"screen-reader-text\"> \u00abKap. 2 Whoops apocalypse\u00bb<\/span><\/a><\/p>\n","protected":false},"author":11,"featured_media":0,"parent":0,"menu_order":0,"comment_status":"closed","ping_status":"closed","template":"","meta":{"footnotes":""},"coauthors":[2],"class_list":["post-2358","page","type-page","status-publish","hentry"],"_links":{"self":[{"href":"https:\/\/site.nord.no\/didaktiskebetraktninger\/wp-json\/wp\/v2\/pages\/2358","targetHints":{"allow":["GET"]}}],"collection":[{"href":"https:\/\/site.nord.no\/didaktiskebetraktninger\/wp-json\/wp\/v2\/pages"}],"about":[{"href":"https:\/\/site.nord.no\/didaktiskebetraktninger\/wp-json\/wp\/v2\/types\/page"}],"author":[{"embeddable":true,"href":"https:\/\/site.nord.no\/didaktiskebetraktninger\/wp-json\/wp\/v2\/users\/11"}],"replies":[{"embeddable":true,"href":"https:\/\/site.nord.no\/didaktiskebetraktninger\/wp-json\/wp\/v2\/comments?post=2358"}],"version-history":[{"count":42,"href":"https:\/\/site.nord.no\/didaktiskebetraktninger\/wp-json\/wp\/v2\/pages\/2358\/revisions"}],"predecessor-version":[{"id":7530,"href":"https:\/\/site.nord.no\/didaktiskebetraktninger\/wp-json\/wp\/v2\/pages\/2358\/revisions\/7530"}],"wp:attachment":[{"href":"https:\/\/site.nord.no\/didaktiskebetraktninger\/wp-json\/wp\/v2\/media?parent=2358"}],"wp:term":[{"taxonomy":"author","embeddable":true,"href":"https:\/\/site.nord.no\/didaktiskebetraktninger\/wp-json\/wp\/v2\/coauthors?post=2358"}],"curies":[{"name":"wp","href":"https:\/\/api.w.org\/{rel}","templated":true}]}}