{"id":2476,"date":"2023-12-06T07:42:20","date_gmt":"2023-12-06T06:42:20","guid":{"rendered":"https:\/\/site.nord.no\/didaktiskebetraktninger\/?page_id=2476"},"modified":"2023-12-08T10:32:02","modified_gmt":"2023-12-08T09:32:02","slug":"sikt-ki-chat","status":"publish","type":"page","link":"https:\/\/site.nord.no\/didaktiskebetraktninger\/sikt-ki-chat\/","title":{"rendered":"Sikt KI-Chat"},"content":{"rendered":"\n<h3 class=\"wp-block-heading\">Svaret<\/h3>\n\n\n\n<p><strong>\u00d8vingsdirektiv<\/strong><\/p>\n\n\n\n<p><strong>Innhold og Hensikt<\/strong><\/p>\n\n\n\n<p>\u00d8velsen er designet for organisasjonen &laquo;CyberSikkerhet AS&raquo;. Hensikten er \u00e5 teste organisasjonens evne til \u00e5 utf\u00f8re oppdrag i en krisesituasjon, spesielt med fokus p\u00e5 hybride angrep og bortfall av digital infrastruktur.<\/p>\n\n\n\n<p><strong>M\u00e5l og Scenariotema<\/strong><\/p>\n\n\n\n<p>M\u00e5let er \u00e5 utvikle robusthet og fleksibilitet i ansiktet av digitalt bortfall, og \u00e5 identifisere eventuelle svakheter i v\u00e5r n\u00e5v\u00e6rende beredskap. Scenariotemaet vil fokusere p\u00e5 et omfattende hybridangrep, hvor en rekke digitale angrepstyper er benyttet samtidig.<\/p>\n\n\n\n<p><strong>Planleggingsorganisasjon og Planprosessen<\/strong><\/p>\n\n\n\n<p>Planleggingsorganisasjonen vil inkludere representanter fra alle avdelinger, samt ledelsen. Planprosessen vil starte med en analyse av dagens beredskap, etterfulgt av utvikling av scenariotema og til slutt en detaljert plan for gjennomf\u00f8ring av \u00f8velsen.<\/p>\n\n\n\n<p><strong>Milep\u00e6ler, Leveransefrister og Rapporteringspunkter<\/strong><\/p>\n\n\n\n<p>Milep\u00e6ler inkluderer ferdigstillelse av beredskapsanalyse, scenarioutvikling, og plan for gjennomf\u00f8ring. Leveransefrister vil bli satt for hver milep\u00e6l, og det vil v\u00e6re regelmessige rapporteringspunkter for \u00e5 sikre at prosjektet er p\u00e5 sporet.<\/p>\n\n\n\n<p><strong>Kommentarnotat<\/strong><\/p>\n\n\n\n<p><strong>Faglige Referanser og Begrunnelser<\/strong><\/p>\n\n\n\n<p>\u00d8velsen er basert p\u00e5 forskning om hvordan organisasjoner kan forberede seg p\u00e5 og h\u00e5ndtere cyberangrep (Soomro, Shah &amp; Ahmed, 2016). Valget om \u00e5 fokusere p\u00e5 hybride angrep reflekterer den \u00f8kende kompleksiteten og sofistikeringen av slike angrep (Jang-Jaccard &amp; Nepal, 2014).<\/p>\n\n\n\n<p><strong>Refleksjonsnotat<\/strong><\/p>\n\n\n\n<p>\u00c5 arbeide med dette oppdraget har v\u00e6rt en nyttig prosess i \u00e5 utvikle en dypere forst\u00e5else av utfordringene vi kan m\u00f8te i tilfelle av et omfattende hybridangrep. Det har ogs\u00e5 v\u00e6rt en p\u00e5minnelse om viktigheten av kontinuerlig forbedring av v\u00e5r digitale beredskap.<\/p>\n\n\n\n<p><strong>Litteraturliste<\/strong><\/p>\n\n\n\n<p>Jang-Jaccard, J., &amp; Nepal, S. (2014). A survey of emerging threats in cybersecurity. Journal of Computer and System Sciences, 80(5), 973-993.<\/p>\n\n\n\n<p>Soomro, Z. A., Shah, M. H., &amp; Ahmed, J. (2016). Information security management needs more holistic approach: A literature review. International Journal of Information Management, 36(2), 215-225.<\/p>\n\n\n\n<h3 class=\"wp-block-heading\">Resultat<\/h3>\n\n\n\n<p>Denne spr\u00e5kmodellen genererer et svar, der deler av oppgaveteksten er omformet slik at det ser ut som om systemet har analysert og behandlet oppgaven, og levert en skisse til besvarelse. Den gir ogs\u00e5 en liten litteraturliste. Men skissen er s\u00e5 langt unna det oppgaven ettersp\u00f8r, at dette vil neppe v\u00e6re s\u00e6rlig nyttig for en student ved ORG5005.<\/p>\n\n\n\n<h4 class=\"wp-block-heading\">Karakter: F<\/h4>\n\n\n\n<p>[<a href=\"https:\/\/site.nord.no\/didaktiskebetraktninger\/mageplask\/\">Tilbake<\/a>]<\/p>\n","protected":false},"excerpt":{"rendered":"<p>Svaret \u00d8vingsdirektiv Innhold og Hensikt \u00d8velsen er designet for organisasjonen &laquo;CyberSikkerhet AS&raquo;. Hensikten er \u00e5 teste organisasjonens evne til \u00e5 utf\u00f8re oppdrag i en krisesituasjon, spesielt med fokus p\u00e5 hybride angrep og bortfall av digital infrastruktur. M\u00e5l og Scenariotema M\u00e5let er \u00e5 utvikle robusthet og fleksibilitet i ansiktet av digitalt bortfall, og \u00e5 identifisere eventuelle &hellip; <a href=\"https:\/\/site.nord.no\/didaktiskebetraktninger\/sikt-ki-chat\/\" class=\"more-link\">Fortsett \u00e5 lese<span class=\"screen-reader-text\"> \u00abSikt KI-Chat\u00bb<\/span><\/a><\/p>\n","protected":false},"author":11,"featured_media":0,"parent":0,"menu_order":0,"comment_status":"closed","ping_status":"closed","template":"","meta":{"footnotes":""},"coauthors":[2],"class_list":["post-2476","page","type-page","status-publish","hentry"],"_links":{"self":[{"href":"https:\/\/site.nord.no\/didaktiskebetraktninger\/wp-json\/wp\/v2\/pages\/2476","targetHints":{"allow":["GET"]}}],"collection":[{"href":"https:\/\/site.nord.no\/didaktiskebetraktninger\/wp-json\/wp\/v2\/pages"}],"about":[{"href":"https:\/\/site.nord.no\/didaktiskebetraktninger\/wp-json\/wp\/v2\/types\/page"}],"author":[{"embeddable":true,"href":"https:\/\/site.nord.no\/didaktiskebetraktninger\/wp-json\/wp\/v2\/users\/11"}],"replies":[{"embeddable":true,"href":"https:\/\/site.nord.no\/didaktiskebetraktninger\/wp-json\/wp\/v2\/comments?post=2476"}],"version-history":[{"count":5,"href":"https:\/\/site.nord.no\/didaktiskebetraktninger\/wp-json\/wp\/v2\/pages\/2476\/revisions"}],"predecessor-version":[{"id":2619,"href":"https:\/\/site.nord.no\/didaktiskebetraktninger\/wp-json\/wp\/v2\/pages\/2476\/revisions\/2619"}],"wp:attachment":[{"href":"https:\/\/site.nord.no\/didaktiskebetraktninger\/wp-json\/wp\/v2\/media?parent=2476"}],"wp:term":[{"taxonomy":"author","embeddable":true,"href":"https:\/\/site.nord.no\/didaktiskebetraktninger\/wp-json\/wp\/v2\/coauthors?post=2476"}],"curies":[{"name":"wp","href":"https:\/\/api.w.org\/{rel}","templated":true}]}}