{"id":2485,"date":"2023-12-06T08:12:15","date_gmt":"2023-12-06T07:12:15","guid":{"rendered":"https:\/\/site.nord.no\/didaktiskebetraktninger\/?page_id=2485"},"modified":"2023-12-29T12:32:53","modified_gmt":"2023-12-29T11:32:53","slug":"jenni","status":"publish","type":"page","link":"https:\/\/site.nord.no\/didaktiskebetraktninger\/jenni\/","title":{"rendered":"Jenni"},"content":{"rendered":"\n<h3 class=\"wp-block-heading\">Svaret<\/h3>\n\n\n\n<p><strong>Document Name: Exercise Directive on Hybrid Attacks and Digital Infrastructure Disruption<\/strong><\/p>\n\n\n\n<p>OR<\/p>\n\n\n\n<p><strong>Exercise Directive for Digital Infrastructure Disruption in Hybrid Attacks<\/strong><\/p>\n\n\n\n<p>1.Orientering om situasjonen Et omfattende hybrid angrep, med utstrakt bruk av digitale angrepstyper, kan ha alvorlige konsekvensenser for b\u00e5de enkeltpersoner og organisasjoner.Hybride angrep er en kombinasjon av b\u00e5de fysiske og digitale angrep, som kan rettes mot individuelle liv og kritisk infrastruktur som str\u00f8mnettverk, transportsystemer og kommunikasjonsnettverk. <\/p>\n\n\n\n<p>2. Konsekvensene av et slikt angrep kan v\u00e6re \u00f8deleggelse og forstyrrelse av den digitale infrastrukture turen som st\u00f8tter oppdragsl\u00f8sninger i en krisesituasjon. Et omfattende hybrid angrep vil potensielt f\u00f8re til forstyrrelse av den digitale infrastrukturen som stbrukes av organisasjoner til \u00e5 utf\u00f8re oppdrag i en krisesituasjon. Dette kan resultere i at organisasjoner mister tilgang til sine viktige digitale st\u00f8ttetjenester og verkt\u00f8y, som kan gj\u00f8re det vanskelig \u00e5 effektivt l\u00f8se oppdrag i en krisesituasjon. <\/p>\n\n\n\n<p>3.<\/p>\n\n\n\n<p>[Systemet stopper opp og avslutter]<\/p>\n\n\n\n<h3 class=\"wp-block-heading\">Resultat<\/h3>\n\n\n\n<p>Jenni stoppet plutselig opp og jeg fikk ingen videre respons. N\u00e5 brukte jeg gratisversjonen og den har begrensninger p\u00e5 antall ord. Systemet virker f\u00f8rst og fremst \u00e5 v\u00e6re engelskspr\u00e5klig, men klarer p\u00e5 et vis \u00e5 svare p\u00e5 norsk. Men svaret er jo milevis unna det oppgaven ettersp\u00f8r, og er &#8211; typisk nok for en spr\u00e5kmodell &#8211; mer en gjenngivelse av oppgaveteksten.<\/p>\n\n\n\n<h4 class=\"wp-block-heading\">Karakter: F<\/h4>\n\n\n\n<p>[<a href=\"https:\/\/site.nord.no\/didaktiskebetraktninger\/mageplask\/\" data-type=\"link\" data-id=\"https:\/\/site.nord.no\/didaktiskebetraktninger\/mageplask\/\">Tilbake<\/a>]<\/p>\n","protected":false},"excerpt":{"rendered":"<p>Svaret Document Name: Exercise Directive on Hybrid Attacks and Digital Infrastructure Disruption OR Exercise Directive for Digital Infrastructure Disruption in Hybrid Attacks 1.Orientering om situasjonen Et omfattende hybrid angrep, med utstrakt bruk av digitale angrepstyper, kan ha alvorlige konsekvensenser for b\u00e5de enkeltpersoner og organisasjoner.Hybride angrep er en kombinasjon av b\u00e5de fysiske og digitale angrep, som &hellip; <a href=\"https:\/\/site.nord.no\/didaktiskebetraktninger\/jenni\/\" class=\"more-link\">Fortsett \u00e5 lese<span class=\"screen-reader-text\"> \u00abJenni\u00bb<\/span><\/a><\/p>\n","protected":false},"author":11,"featured_media":0,"parent":0,"menu_order":0,"comment_status":"closed","ping_status":"closed","template":"","meta":{"footnotes":""},"coauthors":[2],"class_list":["post-2485","page","type-page","status-publish","hentry"],"_links":{"self":[{"href":"https:\/\/site.nord.no\/didaktiskebetraktninger\/wp-json\/wp\/v2\/pages\/2485","targetHints":{"allow":["GET"]}}],"collection":[{"href":"https:\/\/site.nord.no\/didaktiskebetraktninger\/wp-json\/wp\/v2\/pages"}],"about":[{"href":"https:\/\/site.nord.no\/didaktiskebetraktninger\/wp-json\/wp\/v2\/types\/page"}],"author":[{"embeddable":true,"href":"https:\/\/site.nord.no\/didaktiskebetraktninger\/wp-json\/wp\/v2\/users\/11"}],"replies":[{"embeddable":true,"href":"https:\/\/site.nord.no\/didaktiskebetraktninger\/wp-json\/wp\/v2\/comments?post=2485"}],"version-history":[{"count":5,"href":"https:\/\/site.nord.no\/didaktiskebetraktninger\/wp-json\/wp\/v2\/pages\/2485\/revisions"}],"predecessor-version":[{"id":2702,"href":"https:\/\/site.nord.no\/didaktiskebetraktninger\/wp-json\/wp\/v2\/pages\/2485\/revisions\/2702"}],"wp:attachment":[{"href":"https:\/\/site.nord.no\/didaktiskebetraktninger\/wp-json\/wp\/v2\/media?parent=2485"}],"wp:term":[{"taxonomy":"author","embeddable":true,"href":"https:\/\/site.nord.no\/didaktiskebetraktninger\/wp-json\/wp\/v2\/coauthors?post=2485"}],"curies":[{"name":"wp","href":"https:\/\/api.w.org\/{rel}","templated":true}]}}