{"id":2574,"date":"2023-12-08T09:10:16","date_gmt":"2023-12-08T08:10:16","guid":{"rendered":"https:\/\/site.nord.no\/didaktiskebetraktninger\/?page_id=2574"},"modified":"2026-01-27T14:29:11","modified_gmt":"2026-01-27T13:29:11","slug":"innledning","status":"publish","type":"page","link":"https:\/\/site.nord.no\/didaktiskebetraktninger\/innledning\/","title":{"rendered":"Kap 1 Innledende betraktninger"},"content":{"rendered":"\n<figure class=\"wp-block-pullquote\"><blockquote><p><em>What is the problem for which LLMs are the solution?<\/em><\/p><cite>Jeffrey Bilbro, PhD, 2023 (<a href=\"https:\/\/www.plough.com\/en\/topics\/life\/technology\/what-problem-does-chatgpt-solve\" data-type=\"link\" data-id=\"https:\/\/www.plough.com\/en\/topics\/life\/technology\/what-problem-does-chatgpt-solve\" target=\"_blank\" rel=\"noreferrer noopener\">1<\/a>)<\/cite><\/blockquote><\/figure>\n\n\n\n<p class=\"has-text-align-center\"><\/p>\n\n\n\n<p>&laquo;<em>S\u00e5 hva er kunstig intelligens? F\u00f8rst og fremst er det et gammelt fagfelt med et misvisende navn. Som helhet har fagfeltet v\u00e6rt en skuffelse, fordi ordet \u00abintelligens\u00bb antyder et l\u00f8fte disse l\u00f8sningene aldri har v\u00e6rt i n\u00e6rheten av \u00e5 innfri. Samtidig er ideer derfra blitt brukt til \u00e5 lage IT-l\u00f8sninger i flere ti\u00e5r<\/em>.<em>\u00bb<\/em><br>&#8211; Bj\u00f8rn St\u00e6rk, 2023 (<a href=\"https:\/\/www.aftenposten.no\/meninger\/kronikk\/i\/WRKXXg\/ki-debatten-maa-ned-paa-bakken\" data-type=\"link\" data-id=\"https:\/\/www.aftenposten.no\/meninger\/kronikk\/i\/WRKXXg\/ki-debatten-maa-ned-paa-bakken\" target=\"_blank\" rel=\"noreferrer noopener\">2<\/a>)<\/p>\n\n\n\n<p>&laquo;<em>A system that most of us would think of as real AI \u2013 something that can, more or less, think like us \u2013 is known in Computer Science as Generalised Artificial Intelligence, and it is nowhere on the horizon. The term Artificial Intelligence is used instead to apply to anything produced using techniques designed in the quest for real AI. It\u2019s not intelligent. It just does some stuff that AI researchers came up with, and that might look a bit smart. In dim light. From the right angle. If you squint<\/em>.<em>\u00bb<\/em><br>&#8211; Linda McIver, PhD, 2023 (<a href=\"https:\/\/adsei.org\/2023\/03\/12\/theres-no-such-thing-as-artificial-intelligence\/\" data-type=\"link\" data-id=\"https:\/\/adsei.org\/2023\/03\/12\/theres-no-such-thing-as-artificial-intelligence\/\" target=\"_blank\" rel=\"noreferrer noopener\">3<\/a>)<\/p>\n\n\n\n<p>&laquo;<em>One problem with the term \u201cartificial intelligence\u201d is that it gets tossed around so carelessly. The current AI chatbot narrative centers around the use of natural language processing (NLP), for example, but Google Search has been using NLP in its search results for a long time. AI is a marketing term used to generate hype, and the tech media is buying right into it<\/em>.<em>\u00bb<\/em><br>&#8211; Skyler Schain, 2023 (<a href=\"https:\/\/uxdesign.cc\/why-chatbots-fail-2bb6e5ce1434\" data-type=\"link\" data-id=\"https:\/\/uxdesign.cc\/why-chatbots-fail-2bb6e5ce1434\" target=\"_blank\" rel=\"noreferrer noopener\">4<\/a>)<\/p>\n\n\n\n<p>&laquo;<em>Contrary to the impression they might create, LLMs are not built for complex reasoning.\u00bb<\/em><br>&#8211; Mikhail Burtsev, Martin Reeves, og Adam Job, 2023 (<a href=\"https:\/\/www.mitsloanme.com\/article\/the-working-limitations-of-large-language-models\/\" data-type=\"link\" data-id=\"https:\/\/www.mitsloanme.com\/article\/the-working-limitations-of-large-language-models\/\" target=\"_blank\" rel=\"noreferrer noopener\">5<\/a>)<\/p>\n\n\n\n<p>&laquo;T<em>oday\u2019s AI systems \u2013 particularly generative AI tools such as ChatGPT \u2013 are not truly intelligent. What\u2019s more, there is no evidence they can become so without fundamental changes to the way they work<\/em>.<em>\u00bb<\/em><br>&#8211; Professor Paul Compton, 2024 (<a href=\"https:\/\/www.unsw.edu.au\/newsroom\/news\/2024\/02\/AI-tools-produce-dazzling-results-but-do-they-really-have-intelligence\" data-type=\"link\" data-id=\"https:\/\/www.unsw.edu.au\/newsroom\/news\/2024\/02\/AI-tools-produce-dazzling-results-but-do-they-really-have-intelligence\" target=\"_blank\" rel=\"noreferrer noopener\">6<\/a>)<\/p>\n\n\n<div class=\"wp-block-image\">\n<figure class=\"aligncenter size-full is-resized\"><img loading=\"lazy\" decoding=\"async\" width=\"1152\" height=\"360\" src=\"https:\/\/site.nord.no\/didaktiskebetraktninger\/wp-content\/uploads\/sites\/6\/2023\/12\/linjer.jpg\" alt=\"\" class=\"wp-image-2799\" style=\"width:210px;height:auto\" \/><\/figure>\n<\/div>\n\n\n<p><strong>La oss starte med f\u00f8lgende p\u00e5stand:<\/strong><\/p>\n\n\n\n<p>ChatGPT, Microsoft CoPilot og lignende samtaleroboter er <em>ikke<\/em> eksempler p\u00e5 <a href=\"https:\/\/www.salon.com\/2023\/04\/30\/chatgpt-chatbots-artificial-intelligence-llms\/\" data-type=\"link\" data-id=\"https:\/\/www.salon.com\/2023\/04\/30\/chatgpt-chatbots-artificial-intelligence-llms\/\" target=\"_blank\" rel=\"noreferrer noopener\">Kunstig Intelligens<\/a> (KI). Dette er verkt\u00f8y som baserer seg p\u00e5 statistiske beregninger. De er som store og avanserte dataspill, der du som spiller f\u00e5r f\u00f8lelsen av at det ikke finnes noen begrensninger p\u00e5 hvor du kan g\u00e5 eller hva du kan gj\u00f8re. Men man skal ikke utforske en slik avansert spillverden s\u00e6rlig mye f\u00f8r en ser at i virkeligheten f\u00e5r man kun g\u00e5 og gj\u00f8re det spillets utviklere har bestemt. Slik er det ogs\u00e5 med ChatGPT og lignende verkt\u00f8y. De utf\u00f8rer fantastisk hurtige statistiske beregninger av tilgjengelig informasjon og sannsynlig sammensetning av bokstaver, men alt systemene gj\u00f8r er bestemt p\u00e5 forh\u00e5nd av programkode.<\/p>\n\n\n\n<p><strong>Alts\u00e5<\/strong>: Samtaleroboter, og de spr\u00e5kmodeller de er basert p\u00e5, er designet for \u00e5 etterligne menneskelig spr\u00e5kforst\u00e5else og spr\u00e5kbruk, men de er fortsatt begrenset av de teknologiske og vitenskapelige prinsippene de (og all annen informasjonsteknologi) er bygget p\u00e5. <\/p>\n\n\n\n<p>S\u00e5 selv om samtaleroboter kan utf\u00f8re til dels imponerende oppgaver og gi inntrykk av \u00e5 forst\u00e5 og resonnere, er de rett og slett <em>program som f\u00f8lger forh\u00e5ndsdefinerte algoritmer og m\u00f8nstre<\/em>. De kan <em>kun<\/em> analysere og generere tekst basert p\u00e5 m\u00f8nstre i dataene de har <a href=\"https:\/\/workmind.ai\/blog\/where-does-chatgpt-get-its-data\/\" data-type=\"link\" data-id=\"https:\/\/workmind.ai\/blog\/where-does-chatgpt-get-its-data\/\" target=\"_blank\" rel=\"noreferrer noopener\">f\u00e5tt lagt inn<\/a> og de parametre for tolkning (inklusive <a href=\"https:\/\/time.com\/6247678\/openai-chatgpt-kenya-workers\/\" data-type=\"link\" data-id=\"https:\/\/time.com\/6247678\/openai-chatgpt-kenya-workers\/\" target=\"_blank\" rel=\"noreferrer noopener\">stikkord for ting programmet skal unng\u00e5<\/a>) som er innprogrammert, <em>men de har ingen egen forst\u00e5else eller bevissthet<\/em>.<\/p>\n\n\n\n<p>Samtaleroboter kan alts\u00e5 ikke tenke, <a href=\"https:\/\/aiguide.substack.com\/p\/can-large-language-models-reason\" data-type=\"link\" data-id=\"https:\/\/aiguide.substack.com\/p\/can-large-language-models-reason\" target=\"_blank\" rel=\"noreferrer noopener\">de kan ikke resonere<\/a> og de foretar absolutt ingen analyser av verken det brukeren sp\u00f8r om eller de &laquo;svar&raquo; programkoden l\u00f8fter frem. Dermed f\u00f8lger det rent logisk, s\u00e5 vel som teknisk, at en samtalerobot ikke kan &laquo;<a href=\"https:\/\/www.aftenposten.no\/kultur\/i\/73ykBB\/ny-chatgpt-kan-bedra-deg-en-forsmak-paa-hva-som-kan-komme\" data-type=\"link\" data-id=\"https:\/\/www.aftenposten.no\/kultur\/i\/73ykBB\/ny-chatgpt-kan-bedra-deg-en-forsmak-paa-hva-som-kan-komme\" target=\"_blank\" rel=\"noreferrer noopener\"><em>f\u00f8re mennesker bak lyset<\/em><\/a>&raquo; eller frykte \u00e5 bli erstattet av en annen modell eller sl\u00e5tt av. <\/p>\n\n\n\n<p>Som professor Gary Marcus sier i <a href=\"https:\/\/garymarcus.substack.com\/p\/humanitys-oh-shit-ai-moment\" data-type=\"link\" data-id=\"https:\/\/garymarcus.substack.com\/p\/humanitys-oh-shit-ai-moment\" target=\"_blank\" rel=\"noreferrer noopener\">sin kommentar<\/a> til forskningsartikkelen &laquo;<a href=\"https:\/\/static1.squarespace.com\/static\/6593e7097565990e65c886fd\/t\/6751eb240ed3821a0161b45b\/1733421863119\/in_context_scheming_reasoning_paper.pdf\" data-type=\"link\" data-id=\"https:\/\/static1.squarespace.com\/static\/6593e7097565990e65c886fd\/t\/6751eb240ed3821a0161b45b\/1733421863119\/in_context_scheming_reasoning_paper.pdf\" target=\"_blank\" rel=\"noreferrer noopener\">Frontier Models are Capable of In-context Scheming<\/a><em>\u00bb<\/em>; &#8211; &laquo;<em>Yes, LLMs can do all this even if they are essentially just analogizing regurgitation machines with no real world model. They have lots of examples in the database \u2014 and little capacity to compute the internal consistency of their own actions. Worse, they do not actually calculate the consequences of their actions at all. They can\u2019t reliably sanity check themselves for hallucinations, and they can\u2019t reliably sanity check for whether what they are doing is harmful<\/em>.<em>\u00bb<\/em><\/p>\n\n\n\n<p>N\u00e5r vi leser denne type unders\u00f8kelser, gjerne via media, m\u00e5 vi huske p\u00e5 at samtaleroboter er <em>dataprogram<\/em> laget for \u00e5 reproduserer ikke bare grammatiske og leksikalske m\u00f8nstre, men ogs\u00e5 typiske m\u00f8nstre for hele sjangre, type fortellinger, osv. Dette gj\u00f8r de helt uten noen form for egen tankevirksomhet eller hensikt. De g\u00e5r bare gjennom settene med bokstaver, setter dem sammen til statistisk sannsynlige setninger og deretter i en dertil egnet samtaleform, basert p\u00e5 m\u00f8nstrene de er blitt programmert med. <\/p>\n\n\n\n<p>Dersom forskere (eller andre brukere) legger inn kommandoer\/ promting som gir m\u00f8nstre som statistisk sett peker mot &laquo;bedrag&raquo;, alts\u00e5 det \u00e5 nekte for noe eller p\u00e5st\u00e5 noe, eller foreta handlinger som flytting av data ol. (<em>handlinger som alts\u00e5 allerede ligger innprogrammert som del av et, eller flere, handlingssett<\/em>), s\u00e5 vil verkt\u00f8yet utf\u00f8re denne type &laquo;handling\/ handlinger&raquo;. <\/p>\n\n\n\n<p>Det at et verkt\u00f8y kan utf\u00f8re handlinger de er programmert for, er <em>ikke<\/em> et tegn p\u00e5 at de er &laquo;intelligente&raquo; i betydningen av at de tenker og handler p\u00e5 egenh\u00e5nd.<\/p>\n\n\n\n<p>Jeg er ikke alene, verken nasjonalt eller internasjonalt, om \u00e5 mene at ChatGPT og lignende spr\u00e5kmodeller <a href=\"https:\/\/www.universitas.no\/ai-chatgpt-david-samuel\/den-er-ikke-intelligent-pa-noen-mate\/366594\" data-type=\"link\" data-id=\"https:\/\/www.universitas.no\/ai-chatgpt-david-samuel\/den-er-ikke-intelligent-pa-noen-mate\/366594\" target=\"_blank\" rel=\"noreferrer noopener\">overhode ikke er &laquo;intelligente&raquo;<\/a>.<\/p>\n\n\n<div class=\"wp-block-image\">\n<figure class=\"aligncenter size-full is-resized\"><img loading=\"lazy\" decoding=\"async\" width=\"1152\" height=\"360\" src=\"https:\/\/site.nord.no\/didaktiskebetraktninger\/wp-content\/uploads\/sites\/6\/2023\/12\/linjer.jpg\" alt=\"\" class=\"wp-image-2799\" style=\"width:210px;height:auto\" \/><\/figure>\n<\/div>\n\n\n<p>&laquo;<em>Den superintelligente KI-en har p\u00e5 en m\u00e5te alle Guds egenskaper: Den er allmektig, allvitende, og enten velvillig, eller s\u00e5 er den Djevelen og du er i dens n\u00e5de. Som i enhver sekt er det ogs\u00e5 en f\u00f8lelse av hastverk. Du m\u00e5 handle n\u00e5! Verdens skjebne st\u00e5r p\u00e5 spill! Og selvf\u00f8lgelig trenger du penger!\u00bb<\/em><br>&#8211; Inga Str\u00fcmke, PhD. og Anders L\u00f8land, PhD., 2024 (<a href=\"https:\/\/www.dn.no\/innlegg\/ai\/ki\/kunstig-intelligens\/snakker-silicon-valley-om-superintelligens-for-a-skjule-dagens-ki-problemer\/2-1-1729205\" data-type=\"link\" data-id=\"https:\/\/www.dn.no\/innlegg\/ai\/ki\/kunstig-intelligens\/snakker-silicon-valley-om-superintelligens-for-a-skjule-dagens-ki-problemer\/2-1-1729205\" target=\"_blank\" rel=\"noreferrer noopener\">7<\/a>)<\/p>\n\n\n<div class=\"wp-block-image\">\n<figure class=\"aligncenter size-full is-resized\"><img loading=\"lazy\" decoding=\"async\" width=\"1152\" height=\"360\" src=\"https:\/\/site.nord.no\/didaktiskebetraktninger\/wp-content\/uploads\/sites\/6\/2023\/12\/linjer.jpg\" alt=\"\" class=\"wp-image-2799\" style=\"width:210px;height:auto\" \/><\/figure>\n<\/div>\n\n\n<p>Hvis vi skal sette noen merkelapp p\u00e5 OpenAI sin ChatGPT og de andre samtalerobotene vi er blitt presentert for gjennom de siste \u00e5rene, s\u00e5 kan det kanskje (med <em>store<\/em> modifikasjoner) bli &laquo;<em><a href=\"https:\/\/www.britannica.com\/technology\/expert-system\" data-type=\"link\" data-id=\"https:\/\/www.britannica.com\/technology\/expert-system\" target=\"_blank\" rel=\"noreferrer noopener\">ekspertsystemer<\/a>\u00bb<\/em>. Men ChatGPT og lignende systemer er ikke ekspertsystemer i tradisjonell forstand. Selv om de kan gi informasjon og svare p\u00e5 sp\u00f8rsm\u00e5l, mangler de den eksplisitte kunnskapsrepresentasjonen som er karakteristisk for ekspertsystemer.<\/p>\n\n\n\n<p>Vi kan heller ikke kalle dem for s\u00f8kemotorer, i betydningen av at verkt\u00f8yet henter frem lenker til websider, dokumenter ol. som passer til s\u00f8keordet eller setningen. ChatGPT og lignende verkt\u00f8y kan sammenfatte informasjon fra ulike kilder og presentere noe som ser ut som et svar, og i de nyeste versjonene viser de til kilder. Men ved n\u00e6rmere ettersyn er det ikke alltid kildene er relevante, eller rent faktisk inneholder samme informasjon som det svar samtaleroboten gir.<\/p>\n\n\n\n<p><strong>S\u00e5 kanskje vi ganske enkelt skal venne oss til f\u00f8lgende:<\/strong><\/p>\n\n\n\n<ol class=\"wp-block-list\">\n<li><strong>Kalle<\/strong> disse verkt\u00f8yene  <em>samtaleroboter<\/em>.  <\/li>\n\n\n\n<li><strong>Vite<\/strong> at n\u00e5r noe kalles <em>samtalerobot<\/em>, s\u00e5 betyr det digitale system basert p\u00e5 <em>spr\u00e5kmodeller<\/em> og som er programmert til \u00e5 foreta statistiske beregninger av sannsynlig \u00f8nsket informasjon og gi et output best\u00e5ende av statistisk beregnede sammensetninger av bokstaver som til sammen utgj\u00f8r en menneskelignende fremstilling av tilsynelatende korrekt informasjon.<\/li>\n\n\n\n<li><strong>Vite<\/strong> at fremstillingen fra disse verkt\u00f8yene er uten noen form for faglig analyse av validitet &#8211; verken i forhold til sp\u00f8rsm\u00e5let, innhentet informasjon og dets kilder eller resultatet (svaret).<\/li>\n\n\n\n<li><strong>Vite<\/strong> at samtaleroboter <em>ikke forst\u00e5r hva vi sp\u00f8r om<\/em> og heller <em>ikke forst\u00e5r svaret de presenterer<\/em>.<\/li>\n<\/ol>\n\n\n<div class=\"wp-block-image\">\n<figure class=\"aligncenter size-full is-resized\"><img loading=\"lazy\" decoding=\"async\" width=\"1152\" height=\"360\" src=\"https:\/\/site.nord.no\/didaktiskebetraktninger\/wp-content\/uploads\/sites\/6\/2023\/12\/linjer.jpg\" alt=\"\" class=\"wp-image-2799\" style=\"width:210px;height:auto\" \/><\/figure>\n<\/div>\n\n\n<p>&laquo;<em>This is always a huge frustration for me. Even within groups that actually use AI more, and even engineers, I hear them talking about \u201creasoning\u201d<\/em>.<\/p>\n\n\n\n<p><em>But we know and have known how LLMs work\u2014and some of the results are super impressive! But they are fancy auto-completes that simulate having the ability to think, and those of us that use and actually build some of them should know\u2014it\u2019s a bunch of matrix multiplication to learn associations<\/em>.<\/p>\n\n\n\n<p><em>I respect the idea of emergent properties and this paper does a good job addressing it, but it\u2019s just incredibly frustrating to hear people being loose with language who should know better. Including OpenAI with their new models<\/em>.<em>\u00bb<\/em><br>&#8211; James Wang, 2024 (<a href=\"https:\/\/open.substack.com\/pub\/garymarcus\/p\/llms-dont-do-formal-reasoning-and?utm_campaign=comment-list-share-cta&amp;utm_medium=web&amp;comments=true&amp;commentId=72263116\" data-type=\"link\" data-id=\"https:\/\/open.substack.com\/pub\/garymarcus\/p\/llms-dont-do-formal-reasoning-and?utm_campaign=comment-list-share-cta&amp;utm_medium=web&amp;comments=true&amp;commentId=72263116\" target=\"_blank\" rel=\"noreferrer noopener\">8<\/a>)<\/p>\n\n\n<div class=\"wp-block-image\">\n<figure class=\"aligncenter size-full is-resized\"><img loading=\"lazy\" decoding=\"async\" width=\"1152\" height=\"360\" src=\"https:\/\/site.nord.no\/didaktiskebetraktninger\/wp-content\/uploads\/sites\/6\/2023\/12\/linjer.jpg\" alt=\"\" class=\"wp-image-2799\" style=\"width:210px;height:auto\" \/><\/figure>\n<\/div>\n\n\n<figure class=\"wp-block-table\"><table class=\"has-fixed-layout\"><tbody><tr><td><strong><a href=\"https:\/\/site.nord.no\/didaktiskebetraktninger\/microsoft-copilot-oppsummerer-sitatene-kapittel-1\/\" data-type=\"link\" data-id=\"https:\/\/site.nord.no\/didaktiskebetraktninger\/microsoft-copilot-oppsummerer-sitatene-kapittel-1\/\" target=\"_blank\" rel=\"noreferrer noopener\">Microsoft Copilot oppsummerer sitatene fra dette kapittelet<\/a><\/strong><\/td><\/tr><\/tbody><\/table><\/figure>\n\n\n\n<p>F\u00f8r du leser videre i denne bloggboken, b\u00f8r du lese litt om b\u00e5de KI generelt og hvordan verkt\u00f8y som ChatGPT rent konkret fungerer.<\/p>\n\n\n\n<h4 class=\"wp-block-heading\">Leseliste<\/h4>\n\n\n\n<h5 class=\"wp-block-heading\"><em><strong>Innledende<\/strong><\/em><\/h5>\n\n\n\n<ol class=\"wp-block-list\">\n<li><a href=\"https:\/\/www.researchgate.net\/publication\/262321910_Why_AI_is_not_a_science\" data-type=\"link\" data-id=\"https:\/\/www.researchgate.net\/publication\/262321910_Why_AI_is_not_a_science\" target=\"_blank\" rel=\"noreferrer noopener\">Why AI is not a science<\/a><\/li>\n\n\n\n<li><a href=\"https:\/\/snl.no\/kunstig_intelligens\" data-type=\"link\" data-id=\"https:\/\/snl.no\/kunstig_intelligens\" target=\"_blank\" rel=\"noreferrer noopener\">Om kunstig intelligens<\/a><\/li>\n\n\n\n<li><strong>The history of artificial intelligence<\/strong>, <a href=\"https:\/\/blog.pigro.ai\/en\/history-of-artificial-intelligence\" data-type=\"link\" data-id=\"https:\/\/blog.pigro.ai\/en\/history-of-artificial-intelligence\" target=\"_blank\" rel=\"noreferrer noopener\">Del 1<\/a>, <a href=\"https:\/\/www.pigro.ai\/post\/history-of-artificial-intelligence-1960s-1970s\" data-type=\"link\" data-id=\"https:\/\/www.pigro.ai\/post\/history-of-artificial-intelligence-1960s-1970s\" target=\"_blank\" rel=\"noreferrer noopener\">Del 2<\/a> og <a href=\"https:\/\/blog.pigro.ai\/en\/the-evolution-of-artificial-intelligence-expert-systems-ai-winters-and-the-battle-of-wits\" data-type=\"link\" data-id=\"https:\/\/blog.pigro.ai\/en\/the-evolution-of-artificial-intelligence-expert-systems-ai-winters-and-the-battle-of-wits\" target=\"_blank\" rel=\"noreferrer noopener\">Del 3<\/a><\/li>\n\n\n\n<li><a href=\"https:\/\/www.ibm.com\/blog\/understanding-the-different-types-of-artificial-intelligence\/\" data-type=\"link\" data-id=\"https:\/\/www.ibm.com\/blog\/understanding-the-different-types-of-artificial-intelligence\/\" target=\"_blank\" rel=\"noreferrer noopener\">Understanding the different types of artificial intelligence<\/a><\/li>\n\n\n\n<li><a href=\"https:\/\/online.hull.ac.uk\/blog\/what-is-artificial-intelligence-and-how-is-it-different-from-human-intelligence\" data-type=\"link\" data-id=\"https:\/\/online.hull.ac.uk\/blog\/what-is-artificial-intelligence-and-how-is-it-different-from-human-intelligence\" target=\"_blank\" rel=\"noreferrer noopener\">Artificial intelligence: How is it different from human intelligence?<\/a><\/li>\n\n\n\n<li><a href=\"https:\/\/jair.org\/index.php\/jair\/article\/view\/11222\/26431\" data-type=\"link\" data-id=\"https:\/\/jair.org\/index.php\/jair\/article\/view\/11222\/26431\" target=\"_blank\" rel=\"noreferrer noopener\">Viewpoint: When Will AI Exceed Human Performance? Evidence from AI Experts<\/a><\/li>\n<\/ol>\n\n\n\n<h5 class=\"wp-block-heading\"><em>Spesifikt<\/em><\/h5>\n\n\n\n<ol class=\"wp-block-list\">\n<li><a href=\"https:\/\/medium.com\/@nihanashraf777\/dear-laymen-heres-what-you-got-wrong-about-ai-or-llm-f66c2ef37849\" data-type=\"link\" data-id=\"https:\/\/medium.com\/@nihanashraf777\/dear-laymen-heres-what-you-got-wrong-about-ai-or-llm-f66c2ef37849\" target=\"_blank\" rel=\"noreferrer noopener\">Dear laymen, here\u2019s what you got wrong about AI or LLM<\/a><\/li>\n\n\n\n<li><a href=\"https:\/\/akibmir.medium.com\/the-statistical-magic-behind-chat-gpt-how-ai-learns-to-talk-46ec7b090506\" data-type=\"link\" data-id=\"https:\/\/akibmir.medium.com\/the-statistical-magic-behind-chat-gpt-how-ai-learns-to-talk-46ec7b090506\" target=\"_blank\" rel=\"noreferrer noopener\">The Statistical Magic Behind Chat GPT:How AI Learns to Talk<\/a><\/li>\n\n\n\n<li><a href=\"https:\/\/medium.com\/data-science-at-microsoft\/how-large-language-models-work-91c362f5b78f\" data-type=\"link\" data-id=\"https:\/\/medium.com\/data-science-at-microsoft\/how-large-language-models-work-91c362f5b78f\" target=\"_blank\" rel=\"noreferrer noopener\">How Large Language Models work &#8211; From zero to ChatGPT<\/a><\/li>\n\n\n\n<li><a href=\"https:\/\/dev.to\/said7388\/how-does-chatgpt-generate-human-like-text-4h07\" data-type=\"link\" data-id=\"https:\/\/dev.to\/said7388\/how-does-chatgpt-generate-human-like-text-4h07\" target=\"_blank\" rel=\"noreferrer noopener\">How does ChatGPT generate human-like text?<\/a><\/li>\n\n\n\n<li><a href=\"https:\/\/link.springer.com\/article\/10.1007\/s10462-024-10720-7\" data-type=\"link\" data-id=\"https:\/\/link.springer.com\/article\/10.1007\/s10462-024-10720-7\" target=\"_blank\" rel=\"noreferrer noopener\">Unraveling the mysteries of AI chatbots<\/a><\/li>\n<\/ol>\n\n\n\n<p><\/p>\n\n\n<div class=\"wp-block-image\">\n<figure class=\"alignleft size-full is-resized\"><a href=\"https:\/\/site.nord.no\/didaktiskebetraktninger\/chatgpt-et-talefort-eksempel-pa-kunstig-intelligens-eller\/\"><img loading=\"lazy\" decoding=\"async\" width=\"31\" height=\"31\" src=\"https:\/\/site.nord.no\/didaktiskebetraktninger\/wp-content\/uploads\/sites\/6\/2024\/01\/image.png\" alt=\"\" class=\"wp-image-2839\" style=\"width:27px;height:auto\" \/><\/a><\/figure>\n<\/div>\n\n\n<p><strong>&lt;<a href=\"https:\/\/site.nord.no\/didaktiskebetraktninger\/prolog-2\/\" data-type=\"link\" data-id=\"https:\/\/site.nord.no\/didaktiskebetraktninger\/2023\/01\/05\/chat-gpt-en-mer-talefor-slektning-av-eliza\/\" target=\"_blank\" rel=\"noreferrer noopener\">Til Prolog<\/a> \/<\/strong> <a href=\"https:\/\/site.nord.no\/didaktiskebetraktninger\/1-whoops-apocalypse\/\" data-type=\"link\" data-id=\"https:\/\/site.nord.no\/didaktiskebetraktninger\/1-whoops-apocalypse\/\" target=\"_blank\" rel=\"noreferrer noopener\"><strong>Neste kapittel<\/strong><\/a><strong>&gt;<\/strong><\/p>\n\n\n\n<p><\/p>\n","protected":false},"excerpt":{"rendered":"<p>What is the problem for which LLMs are the solution? Jeffrey Bilbro, PhD, 2023 (1) &laquo;S\u00e5 hva er kunstig intelligens? F\u00f8rst og fremst er det et gammelt fagfelt med et misvisende navn. Som helhet har fagfeltet v\u00e6rt en skuffelse, fordi ordet \u00abintelligens\u00bb antyder et l\u00f8fte disse l\u00f8sningene aldri har v\u00e6rt i n\u00e6rheten av \u00e5 innfri. &hellip; <a href=\"https:\/\/site.nord.no\/didaktiskebetraktninger\/innledning\/\" class=\"more-link\">Fortsett \u00e5 lese<span class=\"screen-reader-text\"> \u00abKap 1 Innledende betraktninger\u00bb<\/span><\/a><\/p>\n","protected":false},"author":11,"featured_media":0,"parent":0,"menu_order":0,"comment_status":"closed","ping_status":"closed","template":"","meta":{"footnotes":""},"coauthors":[2],"class_list":["post-2574","page","type-page","status-publish","hentry"],"_links":{"self":[{"href":"https:\/\/site.nord.no\/didaktiskebetraktninger\/wp-json\/wp\/v2\/pages\/2574","targetHints":{"allow":["GET"]}}],"collection":[{"href":"https:\/\/site.nord.no\/didaktiskebetraktninger\/wp-json\/wp\/v2\/pages"}],"about":[{"href":"https:\/\/site.nord.no\/didaktiskebetraktninger\/wp-json\/wp\/v2\/types\/page"}],"author":[{"embeddable":true,"href":"https:\/\/site.nord.no\/didaktiskebetraktninger\/wp-json\/wp\/v2\/users\/11"}],"replies":[{"embeddable":true,"href":"https:\/\/site.nord.no\/didaktiskebetraktninger\/wp-json\/wp\/v2\/comments?post=2574"}],"version-history":[{"count":127,"href":"https:\/\/site.nord.no\/didaktiskebetraktninger\/wp-json\/wp\/v2\/pages\/2574\/revisions"}],"predecessor-version":[{"id":7531,"href":"https:\/\/site.nord.no\/didaktiskebetraktninger\/wp-json\/wp\/v2\/pages\/2574\/revisions\/7531"}],"wp:attachment":[{"href":"https:\/\/site.nord.no\/didaktiskebetraktninger\/wp-json\/wp\/v2\/media?parent=2574"}],"wp:term":[{"taxonomy":"author","embeddable":true,"href":"https:\/\/site.nord.no\/didaktiskebetraktninger\/wp-json\/wp\/v2\/coauthors?post=2574"}],"curies":[{"name":"wp","href":"https:\/\/api.w.org\/{rel}","templated":true}]}}