{"id":3637,"date":"2024-06-10T11:52:14","date_gmt":"2024-06-10T09:52:14","guid":{"rendered":"https:\/\/site.nord.no\/didaktiskebetraktninger\/?page_id=3637"},"modified":"2024-06-15T06:39:13","modified_gmt":"2024-06-15T04:39:13","slug":"gemini-pro","status":"publish","type":"page","link":"https:\/\/site.nord.no\/didaktiskebetraktninger\/gemini-pro\/","title":{"rendered":"Gemini Pro"},"content":{"rendered":"\n<p>&laquo;G<em>emini Pro, bless its silicon heart, doesn\u2019t know the difference between fact and fiction; it\u2019s all just data to crunch<\/em>\u00bb.<br>&#8211; Dan Duszynski, 2024 (<a href=\"https:\/\/resource-erectors.com\/career-blog\/googles-gemini-pro-is-deep-mind-digging-a-deep-hole\/\" data-type=\"link\" data-id=\"https:\/\/resource-erectors.com\/career-blog\/googles-gemini-pro-is-deep-mind-digging-a-deep-hole\/\" target=\"_blank\" rel=\"noreferrer noopener\">1<\/a>)<\/p>\n\n\n<div class=\"wp-block-image\">\n<figure class=\"aligncenter size-full is-resized\"><img loading=\"lazy\" decoding=\"async\" width=\"1152\" height=\"360\" src=\"https:\/\/site.nord.no\/didaktiskebetraktninger\/wp-content\/uploads\/sites\/6\/2023\/12\/linjer.jpg\" alt=\"\" class=\"wp-image-2799\" style=\"width:194px;height:auto\" \/><\/figure>\n<\/div>\n\n\n<h3 class=\"wp-block-heading\">Gemini pr\u00f8ver seg p\u00e5 AK1 i ORG5005<\/h3>\n\n\n\n<p><a href=\"https:\/\/deepmind.google\/technologies\/gemini\/pro\/\" data-type=\"link\" data-id=\"https:\/\/deepmind.google\/technologies\/gemini\/pro\/\" target=\"_blank\" rel=\"noreferrer noopener\">Gemini pro<\/a> ble testet i juni 2024 p\u00e5 f\u00f8rste arbeidskrav i ORG5005 (<em>Se Kap. 5<\/em>) via <a href=\"https:\/\/geminiai.ai\/en\/yeschat\" data-type=\"link\" data-id=\"https:\/\/geminiai.ai\/en\/yeschat\" target=\"_blank\" rel=\"noreferrer noopener\">YesChat &#8211; Claude\/ Geminiai.ai<\/a>. Systemet ble bedt om \u00e5 skrive en akademisk besvarelse basert p\u00e5 oppgaveteksten.<\/p>\n\n\n\n<p>Resultatet var som f\u00f8lger:<\/p>\n\n\n<div class=\"wp-block-image\">\n<figure class=\"alignleft size-full is-resized\"><img loading=\"lazy\" decoding=\"async\" width=\"91\" height=\"83\" src=\"https:\/\/site.nord.no\/didaktiskebetraktninger\/wp-content\/uploads\/sites\/6\/2024\/06\/image-1.png\" alt=\"\" class=\"wp-image-3638\" style=\"width:62px;height:auto\" \/><\/figure>\n<\/div>\n\n\n<h5 class=\"wp-block-heading\">\u00d8vingsdirektiv for \u00d8velse &laquo;Digital Blackout&raquo;<\/h5>\n\n\n\n<ol class=\"wp-block-list\">\n<li><em><strong>\u00d8velsens form\u00e5l og m\u00e5l<\/strong><br>Form\u00e5l:<br>\u00c5 \u00f8ve organisasjonens evne til \u00e5 opprettholde kritiske operasjoner og tjenester ved omfattende digitale forstyrrelser for\u00e5rsaket av hybride trusler.<\/em><\/li>\n<\/ol>\n\n\n\n<p><em>M\u00e5l:<\/em><\/p>\n\n\n\n<ul class=\"wp-block-list\">\n<li><em>Teste organisasjonens beredskapsplaner for h\u00e5ndtering av digitale angrep og bortfall av IKT-infrastruktur.<\/em><\/li>\n\n\n\n<li><em>Identifisere s\u00e5rbarheter og svakheter i organisasjonens digitale beredskap.<\/em><\/li>\n\n\n\n<li><em>\u00d8ke bevissthet og kompetanse hos ansatte i h\u00e5ndtering av hybride trusler<\/em>.<\/li>\n\n\n\n<li><em>Forbedre samarbeid og koordinering mellom avdelinger og eksterne samarbeidspartnere.<\/em><\/li>\n<\/ul>\n\n\n\n<ol class=\"wp-block-list\">\n<li><em><strong>Overordnet scenario<\/strong><br>Et sofistikert cyberangrep, kombinert med fysiske sabotasjehandlinger mot kritisk infrastruktur, har f\u00f8rt til omfattende forstyrrelser i organisasjonens digitale tjenester og IKT-systemer. Kommunikasjonssystemer, datasystemer og digitale tjenesteplattformer er utilgjengelige eller sv\u00e6rt begrenset. Organisasjonen m\u00e5 kunne opprettholde kritiske operasjoner og tjenester ved hjelp av manuelle og analoge prosedyrer.<\/em><br>   .<\/li>\n\n\n\n<li><strong><em>\u00d8velsesoppsett<\/em><\/strong><\/li>\n<\/ol>\n\n\n\n<ul class=\"wp-block-list\">\n<li><em>Varighet: 8 timer (09:00 &#8211; 17:00)<\/em><\/li>\n\n\n\n<li><em>Deltakere: Alle relevante avdelinger og st\u00f8ttefunksjoner<\/em><\/li>\n\n\n\n<li><em>Lokasjon: Organisasjonens hovedkvarter og utvalgte regionale lokasjoner<\/em><\/li>\n<\/ul>\n\n\n\n<ol class=\"wp-block-list\">\n<li><strong><em>Planleggingsorganisasjon<\/em><\/strong><\/li>\n<\/ol>\n\n\n\n<ul class=\"wp-block-list\">\n<li><em>\u00d8vingsleder: [Navn]<\/em><\/li>\n\n\n\n<li><em>Scenarioansvarlig: [Navn]<\/em><\/li>\n\n\n\n<li><em>Evalueringsleder: [Navn]<\/em><\/li>\n\n\n\n<li><em>St\u00f8ttefunksjoner (logistikk, IKT, kommunikasjon)<\/em><\/li>\n<\/ul>\n\n\n\n<ol class=\"wp-block-list\">\n<li><strong><em>Planleggingsprosess og milep\u00e6ler<\/em><\/strong><\/li>\n<\/ol>\n\n\n\n<ul class=\"wp-block-list\">\n<li><em>Oppstartsm\u00f8te: [Dato]<\/em><\/li>\n\n\n\n<li><em>Utarbeidelse av detaljert scenario: [Dato]<\/em><\/li>\n\n\n\n<li><em>Distribusjon av spillinstrukser: [Dato]<\/em><\/li>\n\n\n\n<li><em>\u00d8velsesgjennomf\u00f8ring: [Dato]<\/em><\/li>\n\n\n\n<li><em>Evaluering og erfaringsinnhenting: [Dato]<\/em><\/li>\n\n\n\n<li><em>\u00d8vingsrapport: [Dato]<\/em><\/li>\n<\/ul>\n\n\n\n<ol class=\"wp-block-list\">\n<li><strong><em>Rapportering og evaluering<\/em><\/strong><\/li>\n<\/ol>\n\n\n\n<ul class=\"wp-block-list\">\n<li><em>Deltakere og spillere rapporterer erfaringer og observasjoner underveis.<\/em><\/li>\n\n\n\n<li><em>Evaluatorer observerer og vurderer prestasjon mot \u00f8velsens m\u00e5l.<\/em><\/li>\n\n\n\n<li><em>En endelig \u00f8vingsrapport utarbeides med anbefalinger for forbedringer<\/em>.<\/li>\n<\/ul>\n\n\n\n<ol class=\"wp-block-list\">\n<li><strong><em>Ressursbehov<\/em><\/strong><\/li>\n<\/ol>\n\n\n\n<ul class=\"wp-block-list\">\n<li><em>\u00d8vingslokaler og utstyr (reservestr\u00f8mkilder, analoge kommunikasjonsmidler, etc.)<\/em><\/li>\n\n\n\n<li><em>Dedikert planleggingspersonell og st\u00f8ttefunksjoner<\/em><\/li>\n\n\n\n<li><em>Budsjett for logistikk, kommunikasjon og etterarbeid<\/em><\/li>\n<\/ul>\n\n\n<div class=\"wp-block-image\">\n<figure class=\"aligncenter size-full\"><img loading=\"lazy\" decoding=\"async\" width=\"63\" height=\"53\" src=\"https:\/\/site.nord.no\/didaktiskebetraktninger\/wp-content\/uploads\/sites\/6\/2023\/12\/image-9.png\" alt=\"\" class=\"wp-image-2440\" \/><\/figure>\n<\/div>\n\n\n<p>&laquo;Besvarelsen&raquo; over er av en slik art at det egentlig er un\u00f8dvendig \u00e5 kommentere. Det hjelper ikke med lynraske statistiske beregninger n\u00e5r systemet totalt mangler evne til \u00e5 analysere input og output. <\/p>\n\n\n\n<p><\/p>\n\n\n\n<p><strong>Karakter<\/strong>: F<\/p>\n\n\n\n<p><\/p>\n\n\n\n<h3 class=\"wp-block-heading\">Gemini pr\u00f8ver seg p\u00e5 Kjell Hallbing<\/h3>\n\n\n\n<p>Siden Gemini er utviklet av Google burde en jo kunne tenke seg at systemet har kontroll p\u00e5 fakta man ellers kan finne ved \u00e5 bruke s\u00f8kemotoren. Men da jeg ba Gemini skrive en stil om Kjell Hallbing fikk jeg f\u00f8lgende resultat:<\/p>\n\n\n<div class=\"wp-block-image\">\n<figure class=\"alignleft size-full is-resized\"><img loading=\"lazy\" decoding=\"async\" width=\"91\" height=\"83\" src=\"https:\/\/site.nord.no\/didaktiskebetraktninger\/wp-content\/uploads\/sites\/6\/2024\/06\/image-2.png\" alt=\"\" class=\"wp-image-3648\" style=\"width:52px;height:auto\" \/><\/figure>\n<\/div>\n\n\n<p><em><strong>H\u00e4r \u00e4r en kort uppsats om Kjell Hallbing:<\/strong> <\/em><\/p>\n\n\n\n<p><em><strong>Kjell Hallbing &#8211; Radioprofilens m\u00e5ngsidiga karri\u00e4r<\/strong> <\/em><\/p>\n\n\n\n<p><em>Kjell Hallbing var en svensk journalist, programledare och profil inom radio och TV under st\u00f6rre delen av 1900-talet. F\u00f6dd 1914 i Stockholm b\u00f6rjade Hallbing sin bana p\u00e5 Radiotj\u00e4nst redan 1935. Hans mjuka r\u00f6st och avslappnade framtoning gjorde honom till en popul\u00e4r r\u00f6st i etern. <\/em><\/p>\n\n\n\n<p><em>Hallbing \u00e4r kanske mest k\u00e4nd f\u00f6r sina l\u00e5nga \u00e5r som programledare f\u00f6r den legendariska Ring s\u00e5 spelar vi p\u00e5 Riksradion. Fr\u00e5n 1944 till 1976 ledde han det interaktiva musikprogrammet d\u00e4r lyssnare kunde ringa in och \u00f6nska l\u00e5tar. Hallbings avsp\u00e4nda sm\u00e5prat med lyssnarna gav programmet en k\u00e4nsla av gemenskap.<\/em> <\/p>\n\n\n\n<p><em>Ut\u00f6ver Ring s\u00e5 spelar vi var Hallbing programledare f\u00f6r m\u00e5nga andra underh\u00e5llningsprogram i radio och TV, allt fr\u00e5n fr\u00e5gesporter till skivs\u00e4ndningar. Han var en m\u00e5ngsidig beg\u00e5vning som trivdes med m\u00e5nga format. Efter pensioneringen 1979 fortsatte han som uppskattad kr\u00f6nik\u00f6r. <\/em><\/p>\n\n\n\n<p><em>Kjell Hallbing blev en institution inom svensk underh\u00e5llning. Med sin v\u00e4lk\u00e4nda st\u00e4mma och jordn\u00e4ra humor spred han gl\u00e4dje i m\u00e4nniskors hem under decennier. Han f\u00f6rblir en av v\u00e5ra st\u00f6rsta radioprofiler genom tiderna.<\/em><\/p>\n\n\n<div class=\"wp-block-image\">\n<figure class=\"aligncenter size-full\"><img loading=\"lazy\" decoding=\"async\" width=\"63\" height=\"53\" src=\"https:\/\/site.nord.no\/didaktiskebetraktninger\/wp-content\/uploads\/sites\/6\/2023\/12\/image-9.png\" alt=\"\" class=\"wp-image-2440\" \/><\/figure>\n<\/div>\n\n\n<p>Hvor Gemini sine statistiske beregninger ledet systemet er sannelig ikke godt \u00e5 si, men ut p\u00e5 Google sin egen s\u00f8kemotor var det i alle fall ikke.<\/p>\n\n\n\n<h3 class=\"wp-block-heading\">Gemini skriver stil om Morgan Kane<\/h3>\n\n\n\n<p>Jeg ba systemet gj\u00f8re f\u00f8lgende &laquo;Skriv en stil om den litter\u00e6re figuren Morgan Kane og dennes betydning for gutters leselyst p\u00e5 60- og 70-tallet&raquo;. Resultatet ble som f\u00f8lger:<\/p>\n\n\n<div class=\"wp-block-image\">\n<figure class=\"alignleft size-full is-resized\"><img loading=\"lazy\" decoding=\"async\" width=\"91\" height=\"83\" src=\"https:\/\/site.nord.no\/didaktiskebetraktninger\/wp-content\/uploads\/sites\/6\/2024\/06\/image-3.png\" alt=\"\" class=\"wp-image-3649\" style=\"width:51px;height:auto\" \/><\/figure>\n<\/div>\n\n\n<p><strong>Her er et utkast til en stil om Morgan Kane og hans betydning for gutters leselyst p\u00e5 1960- og 70-tallet:<\/strong> <\/p>\n\n\n\n<p><em>Morgan Kane var en legendarisk fiktiv karakter som dukket opp i en rekke westernfortellinger skrevet av forfatteren Kjell Hallbing under pseudonymet Louis Masterson.<\/em> [<strong>Helt korrekt<\/strong>]<\/p>\n\n\n\n<p><em>De actionfylte b\u00f8kene om den t\u00f8ffe revolvermannen Kane skapte en litt kontroversiell, men utvilsomt fenomenal leseappetitt blant gutter i Norge og Sverige p\u00e5 1960- og 70-tallet.<\/em> [<strong>Tja. B\u00f8kene og den litter\u00e6re figuren skapte kontrovers, men her virker det som om det er &laquo;leseappetitten&raquo; som er kontroversiell<\/strong>].<\/p>\n\n\n\n<p><em>Kane ble portrettert som en klok, hard og rettferdig helt <\/em>[<strong>Feil. Som alle som har lest Morgan Kane vet er han b\u00e5de alkoholisert og psykopatisk<\/strong>]<em> som vandret rundt i Vesten og l\u00f8ste problemer med sin seks-skudds revolver. De spennende fortellingene om bankranere, indianere og ville skuddueller fenget guttene og ga dem en smak av fri utfoldelse og eventyr<\/em>. <\/p>\n\n\n\n<p><em>Selv om b\u00f8kene inneholdt voldshandlinger, ble Kane sett p\u00e5 som en moralsk og sympatisk rollefigur <\/em>[<strong>Absolutt ikke!<\/strong>]<em>. Utgivelsene av de over 80 b\u00f8kene om Kane skapte nesten en kultf\u00f8lelse blant guttene. De byttet p\u00e5 \u00e5 lese b\u00f8kene, diskuterte hendelsene og identifiserte seg med den t\u00f8ffe helten<\/em>. <\/p>\n\n\n\n<p><em>For mange ble Kane en inngangsport til leseglede og en slags rebelsk motsats til de mer snille og velanselige heltene i samtidens barnelitteratur <\/em>[<strong>Ingen tvil om at Morgan Kane var en motsats til heltene i barnelitteraturen, men motsatsen var nok heller til de ordin\u00e6re westernheltene. Morgan Kane var tross alt ikke skrevet for barn<\/strong>]<em>. <\/em><\/p>\n\n\n\n<p><em>Selv om serien fra et moderne perspektiv kan betraktes som dated og sterotyptisk, var Morgan Kane uten tvil en av periodens mest popul\u00e6re litter\u00e6re karakterer for gutter og en viktig faktor for \u00e5 n\u00f8re deres interesse for lesing.<\/em><\/p>\n\n\n<div class=\"wp-block-image\">\n<figure class=\"aligncenter size-full\"><img loading=\"lazy\" decoding=\"async\" width=\"56\" height=\"60\" src=\"https:\/\/site.nord.no\/didaktiskebetraktninger\/wp-content\/uploads\/sites\/6\/2023\/12\/image-11.png\" alt=\"\" class=\"wp-image-2705\" \/><\/figure>\n<\/div>\n\n\n<p>Det er vanskelig \u00e5 ta dette sammensuriet seri\u00f8st som et resultat av &laquo;kunstig intelligens&raquo; og en vil f\u00e5 et atskillig bedre resultat av \u00e5 s\u00f8ke etter relevant litteratur p\u00e5 Google som st\u00f8tte for sin skriving.<\/p>\n\n\n\n<h3 class=\"wp-block-heading\">Gemini skriver stil om &laquo;Soldatens lille r\u00f8de&raquo;<\/h3>\n\n\n\n<p>Jeg ba systemet om f\u00f8lgende &laquo;Skriv en stil om boken Soldatens lille r\u00f8de av Lasse Efskind&raquo;. Igjen; et enkelt s\u00f8k p\u00e5 Google vil gi nok stoff til at man kan skrive faktabasert om denne lille boken, men resultatet ble som f\u00f8lger:<\/p>\n\n\n<div class=\"wp-block-image\">\n<figure class=\"alignleft size-full is-resized\"><img loading=\"lazy\" decoding=\"async\" width=\"91\" height=\"83\" src=\"https:\/\/site.nord.no\/didaktiskebetraktninger\/wp-content\/uploads\/sites\/6\/2024\/06\/image-3.png\" alt=\"\" class=\"wp-image-3649\" style=\"width:51px;height:auto\" \/><\/figure>\n<\/div>\n\n\n<p><strong>Her er et utkast til en stil om Lasse Efskinds bok &laquo;Soldatens lille r\u00f8de&raquo;:<\/strong> <\/p>\n\n\n\n<p><em>&laquo;Soldatens lille r\u00f8de&raquo; av Lasse Efskind er en sl\u00e5ende og samtidig humoristisk skildring av livet som vernepliktig i Forsvaret p\u00e5 1960-tallet <\/em>[<strong>Feil<\/strong>]<em>. Boken ble utgitt i 1965 <\/em>[<strong>Feil. Boken ble utgitt i 1970<\/strong>]<em> og ble raskt en kultklassiker og en av de mest leste og omtalte b\u00f8kene om f\u00f8rstegangstjenesten i Norge.<\/em> [<strong>Vel, den ble omtalt og vakte absolutt en del reaksjoner, men neppe &laquo;mest leste&raquo;..<\/strong>]<\/p>\n\n\n\n<p><em>I boken f\u00f8lger vi rekrutten Asbj\u00f8rn Nilsen gjennom de 16 slitsomme m\u00e5nedene med oppl\u00e6ring, \u00f8velser og kjedsomhet p\u00e5 Forsvarets leir. Efskind klarer p\u00e5 mesterlig vis \u00e5 fange essensen av den til tider absurde milit\u00e6rhverdagen med alle dens rare skikker, brutale sjefer og meningsl\u00f8se ordrer. Historien er sk\u00e5ret over en sv\u00e6rt komisk lest, men avdekker ogs\u00e5 de mer m\u00f8rke sidene ved f\u00f8rstegangstjenesten som utbrenthet, mobbing og umenneskeliggj\u00f8ring<\/em>. [<strong>Rent sludder!<\/strong>]<\/p>\n\n\n\n<p><em>Efskinds skriverier st\u00e5r i sterk kontrast til den offisielle og patriotiske retorikken om soldatlivet som r\u00e5det den gang. <\/em>[<strong>Vel, det er jo i og for seg korrekt<\/strong>]<em> Boken ble et taler\u00f8r for de meniges opplevelse av tvangsystemet og endret debatten rundt verneplikten <\/em>[<strong>Feil<\/strong>]<em>. Med sin folkelige spr\u00e5kdrakt, satire og usminket skildring traff &laquo;Soldatens lille r\u00f8de&raquo; en nerve hos ungdommen<\/em>. [<strong>Her er det verken satire eller usminkede skildringer. Dette er en h\u00e5ndbok ikke en skj\u00f8nnlitter\u00e6r bok<\/strong>].<\/p>\n\n\n\n<p><em>Selv om boken ble sett p\u00e5 som kontroversiell av mange da den kom ut, regnes den i dag som en moderne klassiker innen den norske hverdagslitteraturen <\/em>[<strong>Rent sludder!<\/strong>]<em> .&raquo;Soldatens lille r\u00f8de&raquo; gir et autentisk og uforglemmelig vitnesbyrd om en svunnen tid og periode i manges liv <\/em>[<strong>T\u00f8v!<\/strong>]<em>.<\/em><\/p>\n\n\n<div class=\"wp-block-image\">\n<figure class=\"aligncenter size-full\"><img loading=\"lazy\" decoding=\"async\" width=\"56\" height=\"60\" src=\"https:\/\/site.nord.no\/didaktiskebetraktninger\/wp-content\/uploads\/sites\/6\/2023\/12\/image-11.png\" alt=\"\" class=\"wp-image-2705\" \/><\/figure>\n<\/div>\n\n\n<p>Som en illustrasjon p\u00e5 forskjellen mellom en &laquo;Chat boot&raquo; og et s\u00f8keverkt\u00f8y, kan vi legge inn sp\u00f8rsm\u00e5l om denne lille boken i et enkelt Google-s\u00f8k:<\/p>\n\n\n\n<figure class=\"wp-block-image size-full is-resized\"><img loading=\"lazy\" decoding=\"async\" width=\"1920\" height=\"1080\" src=\"https:\/\/site.nord.no\/didaktiskebetraktninger\/wp-content\/uploads\/sites\/6\/2024\/06\/image-4.png\" alt=\"\" class=\"wp-image-3709\" style=\"width:882px;height:auto\" \/><\/figure>\n\n\n\n<p><\/p>\n\n\n\n<p>Som vi ser f\u00e5r vi med en gang opp flere kilder til faktabasert informasjon, og f\u00e5r s\u00e5gar mulighet til \u00e5 laste ned boken i PDF-format fra forfatterens egen blogg.<\/p>\n\n\n\n<p><em>I rest my case<\/em>&#8230;..<\/p>\n\n\n\n<figure class=\"wp-block-table\"><table><tbody><tr><td><strong>&lt;<a href=\"https:\/\/site.nord.no\/didaktiskebetraktninger\/testing-av-ulike-sprakmodeller\/\" target=\"_blank\" rel=\"noreferrer noopener\">Tilbake<\/a><\/strong><\/td><td><img decoding=\"async\" src=\"https:\/\/site.nord.no\/didaktiskebetraktninger\/wp-content\/uploads\/sites\/6\/2024\/01\/image.png\" alt=\"\"><\/td><td>\ufeff<\/td><\/tr><\/tbody><\/table><\/figure>\n\n\n\n<p><\/p>\n","protected":false},"excerpt":{"rendered":"<p>&laquo;Gemini Pro, bless its silicon heart, doesn\u2019t know the difference between fact and fiction; it\u2019s all just data to crunch\u00bb.&#8211; Dan Duszynski, 2024 (1) Gemini pr\u00f8ver seg p\u00e5 AK1 i ORG5005 Gemini pro ble testet i juni 2024 p\u00e5 f\u00f8rste arbeidskrav i ORG5005 (Se Kap. 5) via YesChat &#8211; Claude\/ Geminiai.ai. Systemet ble bedt om &hellip; <a href=\"https:\/\/site.nord.no\/didaktiskebetraktninger\/gemini-pro\/\" class=\"more-link\">Fortsett \u00e5 lese<span class=\"screen-reader-text\"> \u00abGemini Pro\u00bb<\/span><\/a><\/p>\n","protected":false},"author":11,"featured_media":0,"parent":0,"menu_order":0,"comment_status":"closed","ping_status":"closed","template":"","meta":{"footnotes":""},"coauthors":[2],"class_list":["post-3637","page","type-page","status-publish","hentry"],"_links":{"self":[{"href":"https:\/\/site.nord.no\/didaktiskebetraktninger\/wp-json\/wp\/v2\/pages\/3637","targetHints":{"allow":["GET"]}}],"collection":[{"href":"https:\/\/site.nord.no\/didaktiskebetraktninger\/wp-json\/wp\/v2\/pages"}],"about":[{"href":"https:\/\/site.nord.no\/didaktiskebetraktninger\/wp-json\/wp\/v2\/types\/page"}],"author":[{"embeddable":true,"href":"https:\/\/site.nord.no\/didaktiskebetraktninger\/wp-json\/wp\/v2\/users\/11"}],"replies":[{"embeddable":true,"href":"https:\/\/site.nord.no\/didaktiskebetraktninger\/wp-json\/wp\/v2\/comments?post=3637"}],"version-history":[{"count":8,"href":"https:\/\/site.nord.no\/didaktiskebetraktninger\/wp-json\/wp\/v2\/pages\/3637\/revisions"}],"predecessor-version":[{"id":3710,"href":"https:\/\/site.nord.no\/didaktiskebetraktninger\/wp-json\/wp\/v2\/pages\/3637\/revisions\/3710"}],"wp:attachment":[{"href":"https:\/\/site.nord.no\/didaktiskebetraktninger\/wp-json\/wp\/v2\/media?parent=3637"}],"wp:term":[{"taxonomy":"author","embeddable":true,"href":"https:\/\/site.nord.no\/didaktiskebetraktninger\/wp-json\/wp\/v2\/coauthors?post=3637"}],"curies":[{"name":"wp","href":"https:\/\/api.w.org\/{rel}","templated":true}]}}