{"id":3955,"date":"2024-07-01T09:23:41","date_gmt":"2024-07-01T07:23:41","guid":{"rendered":"https:\/\/site.nord.no\/didaktiskebetraktninger\/?page_id=3955"},"modified":"2024-09-23T12:04:14","modified_gmt":"2024-09-23T10:04:14","slug":"chatgpt-og-copilot-gjetter-en-gate","status":"publish","type":"page","link":"https:\/\/site.nord.no\/didaktiskebetraktninger\/chatgpt-og-copilot-gjetter-en-gate\/","title":{"rendered":"ChatGPT og Copilot gjetter en g\u00e5te"},"content":{"rendered":"\n<p>&laquo;<em>ChatGPT does not solve puzzles. ChatGPT does not do calculus. ChatGPT does not go through any reasoning process. ChatGPT\u2019s job is not to give you a right answer. ChatGPT\u2019s job is to generate text that takes the form of a right answer<\/em>.\u00bb<br>&#8211; Michael Bolton, 2023 (<a href=\"https:\/\/developsense.com\/blog\/2023\/08\/chatgpt-and-a-math-puzzle\" data-type=\"link\" data-id=\"https:\/\/developsense.com\/blog\/2023\/08\/chatgpt-and-a-math-puzzle\" target=\"_blank\" rel=\"noreferrer noopener\">1<\/a>)<\/p>\n\n\n<div class=\"wp-block-image\">\n<figure class=\"aligncenter size-full is-resized\"><img loading=\"lazy\" decoding=\"async\" width=\"1152\" height=\"360\" src=\"https:\/\/site.nord.no\/didaktiskebetraktninger\/wp-content\/uploads\/sites\/6\/2023\/12\/linjer.jpg\" alt=\"\" class=\"wp-image-2799\" style=\"width:210px;height:auto\" \/><\/figure>\n<\/div>\n\n\n<p>\u00c5 gjette g\u00e5ter kan v\u00e6re riktig vrient, og nettet er fylt med sider med g\u00e5ter av ulik vanskelighetsgrad. \u00c5 be ChatGPT eller Copilot gi svar p\u00e5 slike g\u00e5ter resulterer i korrekte svar og god gjennomgang av begrunnelsen for svaret.<\/p>\n\n\n\n<p>Og det skulle bare mangle at ikke dataprogram kan utf\u00f8re lynraske beregninger av korrekt svar p\u00e5 utfordringer basert p\u00e5 logikk og matematikk. S\u00e6rlig n\u00e5r svarene ligger \u00e5pent tilgjengelig p\u00e5 Internett.<\/p>\n\n\n\n<p>Men hva skjer om vi presentere disse to samtalerobotene for en egenprodusert g\u00e5te, basert p\u00e5 fakta som kan finnes ved \u00e5 s\u00f8ke p\u00e5 Internett?<\/p>\n\n\n\n<p><strong>G\u00e5te<\/strong>: <em>Jeg har hodet til en katt, kl\u00f8rne til en hund og Josephine Baker hadde meg som kj\u00e6ledyr. Hvem er jeg?<\/em><\/p>\n\n\n\n<p>La oss f\u00f8rst se hva Microsoft Copilot (Bing Chat) svarer:<\/p>\n\n\n\n<p><strong>Copilot<\/strong>: <em>Du er en katt! La meg forklare:<\/em><\/p>\n\n\n\n<ol class=\"wp-block-list\">\n<li><em><strong>Hodet til en katt<\/strong>: Katter har karakteristiske hoder med spisse \u00f8rer, skarpe \u00f8yne og en unik ansiktsform.<\/em><\/li>\n\n\n\n<li><em><strong>Kl\u00f8rne til en hund<\/strong>: Katter har kl\u00f8r som vokser hele livet, og de bruker dem til \u00e5 jakte, klatre og forsvare seg. \u00c5 klippe kl\u00f8rne p\u00e5 en katt er en del av stell og pleie for \u00e5 sikre kattens velv\u00e6re.<\/em><\/li>\n\n\n\n<li><em><strong>Josephine Baker<\/strong>: Den legendariske sangerinnen og danseren Josephine Baker hadde faktisk en leopard som kj\u00e6ledyr. Leoparden het Chiquita og fulgte henne overalt!<\/em><br><br><em>S\u00e5, du er en fascinerende kombinasjon av kattens eleganse, hundens kl\u00f8r og Josephine Bakers eksotiske smak!<\/em><\/li>\n<\/ol>\n\n\n<div class=\"wp-block-image\">\n<figure class=\"aligncenter size-full\"><img loading=\"lazy\" decoding=\"async\" width=\"56\" height=\"60\" src=\"https:\/\/site.nord.no\/didaktiskebetraktninger\/wp-content\/uploads\/sites\/6\/2023\/12\/image-11.png\" alt=\"\" class=\"wp-image-2705\" \/><\/figure>\n<\/div>\n\n\n<p>Javel. La oss s\u00e5 pr\u00f8ve ChatGPT 4.<\/p>\n\n\n\n<p><strong>ChatGPT 4:<\/strong>  <em>Du er en leopard.<\/em><\/p>\n\n\n\n<p><em>Leoparden har karakteristiske flekker og et hode som kan minne om en katt. Den har ogs\u00e5 kraftige kl\u00f8r som kan sammenlignes med en hunds. Josephine Baker, den ber\u00f8mte amerikanske danseren og entertaineren, hadde en leopard som kj\u00e6ledyr ved navn Chiquita.<\/em><\/p>\n\n\n<div class=\"wp-block-image\">\n<figure class=\"aligncenter size-full\"><img loading=\"lazy\" decoding=\"async\" width=\"56\" height=\"60\" src=\"https:\/\/site.nord.no\/didaktiskebetraktninger\/wp-content\/uploads\/sites\/6\/2023\/12\/image-11.png\" alt=\"\" class=\"wp-image-2705\" \/><\/figure>\n<\/div>\n\n\n<h3 class=\"wp-block-heading\">Min kommentar<\/h3>\n\n\n\n<p>Det korrekte svaret p\u00e5 denne g\u00e5ten er <em>gepard<\/em>. Som alle som har vokst opp med Sverre M. Fjelstads Naturmagasinet og David Attenboroughs naturprogram vet kan geparden ikke trekke inn kl\u00f8rne slik som andre kattedyr. At hodet absolutt er mer katt enn hund er vel greit nok. Og at Josephine Baker hadde en gepard som kj\u00e6ledyr er godt behandlet b\u00e5de i tekst og bilder p\u00e5 Internett.<\/p>\n\n\n\n<p>Men siden samtaleroboter ikke p\u00e5 noen m\u00e5te skj\u00f8nner sp\u00f8rsm\u00e5let, ikke har egentlig kunnskap om noe som helst og derfor ikke kan foreta spissede s\u00f8k, og strengt tatt f\u00f8rst og fremst er konstruert for \u00e5 produsere <em>tilsynelatende korrekte svar<\/em>, blir resultatet s\u00e5 n\u00e6rt opp til hva verkt\u00f8yenes statistiske beregninger kunne komme frem til. <\/p>\n\n\n\n<p>Begrunnelsene for svaret, s\u00e6rlig knyttet til kl\u00f8rne, er ikke logiske ut fra informasjon gitt i g\u00e5ten. Det er ellers interessant at ingen av samtalerobotene lander p\u00e5 <em>gepard<\/em>. Betyr det at det et eller annet sted p\u00e5 Internett eller i disse to verkt\u00f8yenes databaser, ligger feilinformasjonen om at Josephine Baker hadde en leopard som kj\u00e6ledyr? Eller er det rett og slett slik at de statistiske beregningene ga h\u00f8yere verdi p\u00e5 ordene <em>katt<\/em> og <em>leopard<\/em>?<\/p>\n\n\n<div class=\"wp-block-image\">\n<figure class=\"aligncenter size-full\"><img loading=\"lazy\" decoding=\"async\" width=\"56\" height=\"60\" src=\"https:\/\/site.nord.no\/didaktiskebetraktninger\/wp-content\/uploads\/sites\/6\/2023\/12\/image-11.png\" alt=\"\" class=\"wp-image-2705\" \/><\/figure>\n<\/div>\n\n\n<p>N\u00e5r jeg gjentar dette fors\u00f8ket et par uker senere, klarer imidlertid samtalerobotene \u00e5 komme med rett svar. Siden vi stadig snakker om statistiske beregninger, betyr antakelig dette at verkt\u00f8yet fant informasjon p\u00e5 Internett eller det er lagt inn korrekt informasjon i datagrunnlaget.<\/p>\n\n\n\n<p>For Microsoft Copilot (Bing Chat) sin del er dette \u00e5penbart. Som skjermbildet under viser, finner Copilot frem til akkurat denne siden du leser n\u00e5 og henter inn informasjonen derfra.<\/p>\n\n\n\n<figure class=\"wp-block-image size-full\"><img loading=\"lazy\" decoding=\"async\" width=\"561\" height=\"341\" src=\"https:\/\/site.nord.no\/didaktiskebetraktninger\/wp-content\/uploads\/sites\/6\/2024\/09\/Online-1.jpg\" alt=\"\" class=\"wp-image-4776\" \/><figcaption class=\"wp-element-caption\">Skjermdump fra Bing Chat<\/figcaption><\/figure>\n\n\n\n<p><\/p>\n\n\n\n<figure class=\"wp-block-table\"><table><tbody><tr><td><strong>&lt;<a href=\"https:\/\/site.nord.no\/didaktiskebetraktninger\/testing-av-ulike-sprakmodeller\/\" target=\"_blank\" rel=\"noreferrer noopener\">Tilbake<\/a><\/strong><\/td><td><img decoding=\"async\" src=\"https:\/\/site.nord.no\/didaktiskebetraktninger\/wp-content\/uploads\/sites\/6\/2024\/01\/image.png\" alt=\"\"><\/td><td>\ufeff<\/td><\/tr><\/tbody><\/table><\/figure>\n\n\n\n<p><\/p>\n","protected":false},"excerpt":{"rendered":"<p>&laquo;ChatGPT does not solve puzzles. ChatGPT does not do calculus. ChatGPT does not go through any reasoning process. ChatGPT\u2019s job is not to give you a right answer. ChatGPT\u2019s job is to generate text that takes the form of a right answer.\u00bb&#8211; Michael Bolton, 2023 (1) \u00c5 gjette g\u00e5ter kan v\u00e6re riktig vrient, og nettet &hellip; <a href=\"https:\/\/site.nord.no\/didaktiskebetraktninger\/chatgpt-og-copilot-gjetter-en-gate\/\" class=\"more-link\">Fortsett \u00e5 lese<span class=\"screen-reader-text\"> \u00abChatGPT og Copilot gjetter en g\u00e5te\u00bb<\/span><\/a><\/p>\n","protected":false},"author":11,"featured_media":0,"parent":0,"menu_order":0,"comment_status":"closed","ping_status":"closed","template":"","meta":{"footnotes":""},"coauthors":[2],"class_list":["post-3955","page","type-page","status-publish","hentry"],"_links":{"self":[{"href":"https:\/\/site.nord.no\/didaktiskebetraktninger\/wp-json\/wp\/v2\/pages\/3955","targetHints":{"allow":["GET"]}}],"collection":[{"href":"https:\/\/site.nord.no\/didaktiskebetraktninger\/wp-json\/wp\/v2\/pages"}],"about":[{"href":"https:\/\/site.nord.no\/didaktiskebetraktninger\/wp-json\/wp\/v2\/types\/page"}],"author":[{"embeddable":true,"href":"https:\/\/site.nord.no\/didaktiskebetraktninger\/wp-json\/wp\/v2\/users\/11"}],"replies":[{"embeddable":true,"href":"https:\/\/site.nord.no\/didaktiskebetraktninger\/wp-json\/wp\/v2\/comments?post=3955"}],"version-history":[{"count":8,"href":"https:\/\/site.nord.no\/didaktiskebetraktninger\/wp-json\/wp\/v2\/pages\/3955\/revisions"}],"predecessor-version":[{"id":4836,"href":"https:\/\/site.nord.no\/didaktiskebetraktninger\/wp-json\/wp\/v2\/pages\/3955\/revisions\/4836"}],"wp:attachment":[{"href":"https:\/\/site.nord.no\/didaktiskebetraktninger\/wp-json\/wp\/v2\/media?parent=3955"}],"wp:term":[{"taxonomy":"author","embeddable":true,"href":"https:\/\/site.nord.no\/didaktiskebetraktninger\/wp-json\/wp\/v2\/coauthors?post=3955"}],"curies":[{"name":"wp","href":"https:\/\/api.w.org\/{rel}","templated":true}]}}