{"id":4270,"date":"2024-08-12T09:23:04","date_gmt":"2024-08-12T07:23:04","guid":{"rendered":"https:\/\/site.nord.no\/didaktiskebetraktninger\/?page_id=4270"},"modified":"2026-01-29T15:27:07","modified_gmt":"2026-01-29T14:27:07","slug":"faq-bruk-av-samtaleroboter","status":"publish","type":"page","link":"https:\/\/site.nord.no\/didaktiskebetraktninger\/faq-bruk-av-samtaleroboter\/","title":{"rendered":"FAQ Bruk av KI ved endelig innlevering (eksamen)"},"content":{"rendered":"\n<p><\/p>\n\n\n\n<figure class=\"wp-block-pullquote\"><blockquote><p>&laquo;<em>Hvis du har f\u00e5tt i oppgave \u00e5 skrive en rapport, s\u00e5 skal du skrive den selv. Det spiller ingen rolle om det er en venn eller kunstig intelligens som har skrevet den for deg. Man skal ikke utgi seg for \u00e5 skrive noe man ikke har skrevet selv<\/em>.<em>\u00bb<\/em><\/p><cite>F\u00f8rsteamanuensis Inga Str\u00fcmke, 2025 (<a href=\"https:\/\/www.nrk.no\/tromsogfinnmark\/folk-bruker-kunstig-intelligens-feil_-sier-forsker-inga-strumke-1.17398359\" target=\"_blank\" rel=\"noreferrer noopener\">1<\/a>)<\/cite><\/blockquote><\/figure>\n\n\n\n<p><\/p>\n\n\n\n<blockquote class=\"wp-block-quote is-layout-flow wp-block-quote-is-layout-flow\">\n<p>&laquo;One of the key reasons we strongly remind students not to put their work into Gen AI \u201cto polish it\u201d is that it takes away the things we are actually marking them on: critical analysis, argument, their voice, reasoned evidence etc. etc. We are not marking their writing but their communication of their persuasive argument and they do far better when they write it than when the AI does.<em>\u00bb<\/em><br>&#8211; Dr Rachel Bynoth, 2025 (<a href=\"https:\/\/www.linkedin.com\/posts\/drjohnowenmatson_aieducation-activity-7389602317987176449-IvKr\" data-type=\"link\" data-id=\"https:\/\/www.linkedin.com\/posts\/drjohnowenmatson_aieducation-activity-7389602317987176449-IvKr\" target=\"_blank\" rel=\"noreferrer noopener\">2<\/a>)<\/p>\n<\/blockquote>\n\n\n<div class=\"wp-block-image\">\n<figure class=\"aligncenter size-full is-resized\"><img loading=\"lazy\" decoding=\"async\" width=\"1152\" height=\"360\" src=\"https:\/\/site.nord.no\/didaktiskebetraktninger\/wp-content\/uploads\/sites\/6\/2023\/12\/linjer.jpg\" alt=\"\" class=\"wp-image-2799\" style=\"width:157px;height:auto\" \/><\/figure>\n<\/div>\n\n\n<pre class=\"wp-block-preformatted\">Denne siden gir deg klare retningslinjer for hvordan du kan og ikke kan bruke KI i eksamensarbeid: hva som regnes som fusk, hvordan du deklarerer bruk i refleksjonsnotatet, hva som er lovlig st\u00f8tte (f.eks. grammatikk-sjekk), hvorfor det ikke er lurt \u00e5 la KI \"finpusse\" en besvarelse og hvorfor KI aldri kan brukes som kilde.<br>  <\/pre>\n\n\n\n<p><\/p>\n\n\n\n<p><strong>Q: Hva er reglene ved Nord universitet for bruk av KI p\u00e5 eksamen?<\/strong><\/p>\n\n\n\n<p><strong>A<\/strong>: Dette er regulert i<br><strong>1)<\/strong> <a href=\"https:\/\/lovdata.no\/dokument\/SF\/forskrift\/2024-06-19-1643\/KAPITTEL_9#KAPITTEL_9\" data-type=\"link\" data-id=\"https:\/\/lovdata.no\/dokument\/SF\/forskrift\/2024-06-19-1643\/KAPITTEL_9#KAPITTEL_9\" target=\"_blank\" rel=\"noreferrer noopener\">Forskrift om studier og eksamen ved Nord universitet<\/a>, paragraf 9-1, punkt 5 e, som definerer som fusk: &laquo;<em>\u00c5 generere besvarelse ved hjelp av kunstig intelligens, og levere den helt eller delvis som egen besvarelse, dersom ikke annet er opplyst for den enkelte eksamen.<\/em>\u00bb<br><strong>2)<\/strong> <a href=\"https:\/\/www.nord.no\/om\/kunstig-intelligens\" data-type=\"link\" data-id=\"https:\/\/www.nord.no\/om\/kunstig-intelligens\" target=\"_blank\" rel=\"noreferrer noopener\">Retningslinjer for studenters bruk av Generativ kunstig intelligens<\/a><\/p>\n\n\n<div class=\"wp-block-image\">\n<figure class=\"aligncenter size-full is-resized\"><img loading=\"lazy\" decoding=\"async\" width=\"1152\" height=\"360\" src=\"https:\/\/site.nord.no\/didaktiskebetraktninger\/wp-content\/uploads\/sites\/6\/2023\/12\/linjer.jpg\" alt=\"\" class=\"wp-image-2799\" style=\"width:163px;height:auto\" \/><\/figure>\n<\/div>\n\n\n<p><strong>Q: Hvis vi bruker KI, skal dette opplyses om?<\/strong><\/p>\n\n\n\n<p><strong>A:<\/strong> Ja. Dette er beskrevet i <a href=\"https:\/\/jumpshare.com\/v\/mFw0E7lU5TMn2pWVmL3R\" data-type=\"link\" data-id=\"https:\/\/jumpshare.com\/v\/mFw0E7lU5TMn2pWVmL3R\" target=\"_blank\" rel=\"noreferrer noopener\">Retningslinjer for mappevurdering<\/a>, kap. &laquo;<em>Refleksjonsnotat &#8211; Utkast til veiledning<\/em>\u00bb. <\/p>\n\n\n\n<p><em>All bruk<\/em> av KI (<em>dvs. <a href=\"https:\/\/site.nord.no\/didaktiskebetraktninger\/2025\/06\/24\/chat-gpt-en-mer-talefor-slektning-av-eliza\/\" data-type=\"link\" data-id=\"https:\/\/site.nord.no\/didaktiskebetraktninger\/2023\/01\/05\/chat-gpt-en-mer-talefor-slektning-av-eliza\/\" target=\"_blank\" rel=\"noreferrer noopener\">samtaleroboter<\/a> av typen ChatGPT, Jenni, Perplexity.ai, Claude, Gemini Pro, osv<\/em>.) som del av arbeidsprosessen (<em>som tekstskriver, grammatikksjekk, strukturskisse som basis for egen besvarelse, faktakilde osv<\/em>.) skal n\u00f8ye bemerkes i det obligatoriske kapittelet kalt &laquo;refleksjonsnotat&raquo; (<em>omtales ofte kun som &laquo;refleksjonsnotatet<\/em>\u00bb). Nevn hvilken type samtalerobot du har benyttet og v\u00e6r konkret n\u00e5r du beskriver bruken! <br><br>Har du <em>ikke<\/em> benyttet en samtalerobot s\u00e5 <em>skal ogs\u00e5 dette<\/em> kort deklareres og du kan da f.eks. skrive at \u00ab<em>Jeg har ikke benyttet meg av en samtalerobot (ChatGPT eller lignende verkt\u00f8y) i arbeidet med denne besvarelsen<\/em>\u00bb.<\/p>\n\n\n\n<p><strong><em>Kravet<\/em><\/strong> er at dette <em>skal<\/em> gj\u00f8res innledningsvis (<em>helt i starten<\/em>) i refleksjonsnotatet, og ikke til slutt eller andre steder i teksten. Dette betyr at strukturen p\u00e5 et refleksjonsnotat ved IKT og l\u00e6ringsprogrammene vil v\u00e6re som f\u00f8lger:<\/p>\n\n\n\n<ul class=\"wp-block-list\">\n<li><strong>Hovedoverskrift<\/strong>: Refleksjonsnotat<\/li>\n\n\n\n<li><strong>F\u00f8rste underkapittel<\/strong>: Egenerkl\u00e6ring om bruk\/ ikke bruk av KI<\/li>\n\n\n\n<li><strong>Andre underkapittel<\/strong>: Refleksjoner over egen l\u00e6ringsprosess<\/li>\n\n\n\n<li><strong>Tredje underkapittel<\/strong>: Endring etter r\u00e5d\/ veiledning<\/li>\n<\/ul>\n\n\n\n<p>Kapittelet skal ikke ha noen form for innledning og innholdet plasseres i det enkelte underkapittel. Strukturen er obligatorisk.<\/p>\n\n\n<div class=\"wp-block-image\">\n<figure class=\"aligncenter size-full is-resized\"><img loading=\"lazy\" decoding=\"async\" width=\"1152\" height=\"360\" src=\"https:\/\/site.nord.no\/didaktiskebetraktninger\/wp-content\/uploads\/sites\/6\/2023\/12\/linjer.jpg\" alt=\"\" class=\"wp-image-2799\" style=\"width:163px;height:auto\" \/><\/figure>\n<\/div>\n\n\n<p><strong>Q: Er det fusk \u00e5 benytte KI<\/strong> <strong>for \u00e5 utarbeide en fullstendig besvarelse p\u00e5 et arbeidskrav i IKT og l\u00e6ring 1 og 2?<\/strong><\/p>\n\n\n\n<p><strong>A:<\/strong> Ja. Alle besvarelser du leverer til veiledning, og deretter til mappestenging (eksamen), <em><strong>skal<\/strong><\/em> <em>v\u00e6re utviklet av deg<\/em> og <em>vise dine kunnskaper<\/em> om det enkelte fagtema. Dette gjelder <strong>b\u00e5de<\/strong> de <em>teoretiske<\/em> og de <em>praktiske<\/em> delene av et arbeidskrav. <\/p>\n\n\n<div class=\"wp-block-image\">\n<figure class=\"aligncenter size-full is-resized\"><img loading=\"lazy\" decoding=\"async\" width=\"1152\" height=\"360\" src=\"https:\/\/site.nord.no\/didaktiskebetraktninger\/wp-content\/uploads\/sites\/6\/2023\/12\/linjer.jpg\" alt=\"\" class=\"wp-image-2799\" style=\"width:163px;height:auto\" \/><\/figure>\n<\/div>\n\n\n<p><strong>Q: Er det fusk \u00e5 la en samtalerobot &laquo;finpusse&raquo; besvarelsen f\u00f8r levering slik at spr\u00e5ket blir &laquo;bedre&raquo; eller mer &laquo;akademisk&raquo;?<\/strong><\/p>\n\n\n\n<p><strong>A: <\/strong>Ikke n\u00f8dvendigvis, men s\u00e6rlig lurt er det ikke. Det er en h\u00e5rfin balanse mellom det \u00e5 bruke en samtalerobot til \u00e5 endre en litt tung setning eller to, og det \u00e5 la en samtalerobot reformulere <em>hele teksten din<\/em>. Dette siste kan fort f\u00f8re til at det blir opprettet <a href=\"https:\/\/www.khrono.no\/student-ble-tatt-for-ki-sprakvask-advokat-advarer-andre\/854650\" data-type=\"link\" data-id=\"https:\/\/www.khrono.no\/student-ble-tatt-for-ki-sprakvask-advokat-advarer-andre\/854650\" target=\"_blank\" rel=\"noreferrer noopener\">fuskesak<\/a>. <\/p>\n\n\n\n<p>Som Dr. Rachel Bynoth peker p\u00e5 i sitatet \u00f8verst p\u00e5 denne siden, vurderes du p\u00e5 evnen til kritisk analyse, argumentasjon, og hvor god du er p\u00e5 \u00e5 l\u00f8fte frem din egen fagstemme, hvor god du er til \u00e5 begrunne dine p\u00e5stander osv. Vi vurderer alts\u00e5 <em>ikke<\/em> selve spr\u00e5ket, men hvordan du klarer \u00e5 formidle et overbevisende argument, klart forankret i relevant faglitteratur. En &laquo;finpusset&raquo; besvarelse, slik at den blir n\u00e6rmest parodisk &laquo;akademisk&raquo;, ender fort opp med karakteren D eller lavere.<\/p>\n\n\n<div class=\"wp-block-image\">\n<figure class=\"aligncenter size-full is-resized\"><img loading=\"lazy\" decoding=\"async\" width=\"1152\" height=\"360\" src=\"https:\/\/site.nord.no\/didaktiskebetraktninger\/wp-content\/uploads\/sites\/6\/2023\/12\/linjer.jpg\" alt=\"\" class=\"wp-image-2799\" style=\"width:163px;height:auto\" \/><\/figure>\n<\/div>\n\n\n<p><strong>Q: Jeg har dysleksi. Kan jeg bruke ChatGPT eller lignende system for hjelpe meg med korrigering av tekst?<\/strong><\/p>\n\n\n\n<p><strong>A<\/strong>: Ja det kan du. ChatGPT tilbyr automatisk stave- og grammatikksjekk og du kan da legge inn tekst som du \u00f8nsker \u00e5 bearbeide. ChatGPT g\u00e5r deretter gjennom teksten og retter b\u00e5de grammatikk- og stavefeil. \u00c5 rette grammatikk og stavefeil i egenprodusert fagtekst ved hjelp av ChatGPT eller lignende system regnes ikke som fusk. Bare pass p\u00e5 at det endelige resultatet klart kan identifiseres som <em>ditt produk<\/em>t med <em>dine formuleringer<\/em>, forankret <em>i din egen yrkespraksis<\/em>.<\/p>\n\n\n<div class=\"wp-block-image\">\n<figure class=\"aligncenter size-full is-resized\"><img loading=\"lazy\" decoding=\"async\" width=\"1152\" height=\"360\" src=\"https:\/\/site.nord.no\/didaktiskebetraktninger\/wp-content\/uploads\/sites\/6\/2023\/12\/linjer.jpg\" alt=\"\" class=\"wp-image-2799\" style=\"width:163px;height:auto\" \/><\/figure>\n<\/div>\n\n\n<p><strong>Q: Er det fusk \u00e5 benytte KI som <em>st\u00f8tte<\/em> (s\u00e5 som sjekk av grammatikk, ord, struktur ol.) for utarbeidelse av besvarelser?<\/strong><\/p>\n\n\n\n<p><strong>A:<\/strong> Nei. <\/p>\n\n\n<div class=\"wp-block-image\">\n<figure class=\"aligncenter size-full is-resized\"><img loading=\"lazy\" decoding=\"async\" width=\"1152\" height=\"360\" src=\"https:\/\/site.nord.no\/didaktiskebetraktninger\/wp-content\/uploads\/sites\/6\/2023\/12\/linjer.jpg\" alt=\"\" class=\"wp-image-2799\" style=\"width:163px;height:auto\" \/><\/figure>\n<\/div>\n\n\n<p><strong>Q: Er det fusk \u00e5 benytte KI som hjelpeverkt\u00f8y for utarbeidelse av et spill i Kodu?<\/strong><\/p>\n\n\n\n<p><strong>A:<\/strong> Nei, ikke s\u00e5 lenge du forklarer klart og tydelig hvilket s\u00e5kalt &laquo;KI-verkt\u00f8y&raquo; du har benyttet, og hvordan du konkret har benyttet det.<\/p>\n\n\n<div class=\"wp-block-image\">\n<figure class=\"aligncenter size-full is-resized\"><img loading=\"lazy\" decoding=\"async\" width=\"1152\" height=\"360\" src=\"https:\/\/site.nord.no\/didaktiskebetraktninger\/wp-content\/uploads\/sites\/6\/2023\/12\/linjer.jpg\" alt=\"\" class=\"wp-image-2799\" style=\"width:163px;height:auto\" \/><\/figure>\n<\/div>\n\n\n<p><strong>Q: Kan vi bruke KI som kilde til en p\u00e5stand, faktaopplysning ol. i teksten og i litteraturlisten?<\/strong><\/p>\n\n\n\n<p><strong>A<\/strong>: Nei. KI-verkt\u00f8y regnes <em>ikke<\/em> som en akseptabel kilde og slik bruk vil trekke ned karaktermessig. Videre vil det \u00e5 bruke KI til \u00e5 generere kilder og litteraturlister kunne gi ikke-eksisterende kilder, og falsifisering av kilder er fusk og vil f\u00f8re til umiddelbar stryk.<\/p>\n\n\n<div class=\"wp-block-image\">\n<figure class=\"aligncenter size-full is-resized\"><img loading=\"lazy\" decoding=\"async\" width=\"1152\" height=\"360\" src=\"https:\/\/site.nord.no\/didaktiskebetraktninger\/wp-content\/uploads\/sites\/6\/2023\/12\/linjer.jpg\" alt=\"\" class=\"wp-image-2799\" style=\"width:163px;height:auto\" \/><\/figure>\n<\/div>\n\n\n<p><strong>Q: Hva menes med KI og er det ikke slik at alle hjelpemidler er tillatt ved IKT og l\u00e6ringsstudiene?<\/strong><\/p>\n\n\n\n<p><strong>A: <\/strong><br><strong>1)<\/strong> Nord universitet sine retningslinjer gjelder f\u00f8rst og fremst samtaleroboter av typen ChatGPT, Claude osv., samt video- og billedgenereringsverkt\u00f8y der dette er relevant for eksamensbesvarelser.<br><strong>2)<\/strong> Det er <em>ikke<\/em> forbudt \u00e5 eksperimentere med samtaleroboter (<em>eller andre former for s\u00e5kalt KI<\/em>) som del av arbeidet med det enkelte arbeidskrav. <strong>Men<\/strong> det er <em><strong>ikke<\/strong><\/em> tillatt \u00e5 levere en besvarelse til mappestenging (eksamen) som helt eller delvis er <em>skrevet<\/em>, eller p\u00e5 andre m\u00e5ter <em>utviklet<\/em>, av en samtalerobot. Og med &laquo;utviklet&raquo; menes ogs\u00e5 reformulering av store deler av, eller hele, teksten. I IKT og l\u00e6ringsstudiene f\u00e5r du karakter ut fra hvor godt du f\u00e5r frem <em>dine egne yrkeserfaringer<\/em>, <em>dine egne undervisningseksempler<\/em> og <em>hvor godt du klarer \u00e5 forankre dine faglige refleksjoner i dette<\/em> og samtidig <em>sette dine erfaringer og refleksjoner inn i en fagteoretisk ramme<\/em>. En samtalerobot har naturlig nok <em>ingen erfaring med noe som helst<\/em>, s\u00e5 en besvarelse basert p\u00e5 utstrakt statistisk &laquo;reformulering&raquo; av tekst blir fort en stor samling av ord uten noen form for innhold, der du som fagperson er usynlig. Dette trekker i beste fall ned karaktermessig, og i verste fall ender det som fuskesak.<\/p>\n\n\n<div class=\"wp-block-image\">\n<figure class=\"aligncenter size-full is-resized\"><img loading=\"lazy\" decoding=\"async\" width=\"1152\" height=\"360\" src=\"https:\/\/site.nord.no\/didaktiskebetraktninger\/wp-content\/uploads\/sites\/6\/2023\/12\/linjer.jpg\" alt=\"\" class=\"wp-image-2799\" style=\"width:163px;height:auto\" \/><\/figure>\n<\/div>\n\n\n<p><strong>Vedlegg<\/strong>: <a href=\"https:\/\/site.nord.no\/didaktiskebetraktninger\/bruk-av-samtaleroboter-som-kilde-og-som-forfatter-av-medforfatter-til-eksamensbesvarelser\/\" data-type=\"link\" data-id=\"https:\/\/site.nord.no\/didaktiskebetraktninger\/bruk-av-samtaleroboter-som-kilde-og-som-forfatter-av-medforfatter-til-eksamensbesvarelser\/\" target=\"_blank\" rel=\"noreferrer noopener\">Bruk av samtaleroboter \u2013 Som kilde og som forfatter av \/ medforfatter til endelige besvarelser og annen bruk som del av arbeidskravsl\u00f8sninger<\/a>.<\/p>\n\n\n\n<figure class=\"wp-block-table\"><table class=\"has-fixed-layout\"><tbody><tr><td><strong>&lt;<a href=\"https:\/\/site.nord.no\/didaktiskebetraktninger\/faq-eksamen\/\" target=\"_blank\" rel=\"noreferrer noopener\">Forrige kapittel<\/a><\/strong><\/td><td><strong><a href=\"https:\/\/site.nord.no\/didaktiskebetraktninger\/2024\/07\/28\/faq-forikt-og-laering-studiene\/\" target=\"_blank\" rel=\"noreferrer noopener\">Startside<\/a><\/strong><\/td><td><\/td><\/tr><\/tbody><\/table><\/figure>\n","protected":false},"excerpt":{"rendered":"<p>&laquo;Hvis du har f\u00e5tt i oppgave \u00e5 skrive en rapport, s\u00e5 skal du skrive den selv. Det spiller ingen rolle om det er en venn eller kunstig intelligens som har skrevet den for deg. Man skal ikke utgi seg for \u00e5 skrive noe man ikke har skrevet selv.\u00bb F\u00f8rsteamanuensis Inga Str\u00fcmke, 2025 (1) &laquo;One of &hellip; <a href=\"https:\/\/site.nord.no\/didaktiskebetraktninger\/faq-bruk-av-samtaleroboter\/\" class=\"more-link\">Fortsett \u00e5 lese<span class=\"screen-reader-text\"> \u00abFAQ Bruk av KI ved endelig innlevering (eksamen)\u00bb<\/span><\/a><\/p>\n","protected":false},"author":11,"featured_media":0,"parent":0,"menu_order":0,"comment_status":"closed","ping_status":"closed","template":"","meta":{"footnotes":""},"coauthors":[2],"class_list":["post-4270","page","type-page","status-publish","hentry"],"_links":{"self":[{"href":"https:\/\/site.nord.no\/didaktiskebetraktninger\/wp-json\/wp\/v2\/pages\/4270","targetHints":{"allow":["GET"]}}],"collection":[{"href":"https:\/\/site.nord.no\/didaktiskebetraktninger\/wp-json\/wp\/v2\/pages"}],"about":[{"href":"https:\/\/site.nord.no\/didaktiskebetraktninger\/wp-json\/wp\/v2\/types\/page"}],"author":[{"embeddable":true,"href":"https:\/\/site.nord.no\/didaktiskebetraktninger\/wp-json\/wp\/v2\/users\/11"}],"replies":[{"embeddable":true,"href":"https:\/\/site.nord.no\/didaktiskebetraktninger\/wp-json\/wp\/v2\/comments?post=4270"}],"version-history":[{"count":54,"href":"https:\/\/site.nord.no\/didaktiskebetraktninger\/wp-json\/wp\/v2\/pages\/4270\/revisions"}],"predecessor-version":[{"id":7574,"href":"https:\/\/site.nord.no\/didaktiskebetraktninger\/wp-json\/wp\/v2\/pages\/4270\/revisions\/7574"}],"wp:attachment":[{"href":"https:\/\/site.nord.no\/didaktiskebetraktninger\/wp-json\/wp\/v2\/media?parent=4270"}],"wp:term":[{"taxonomy":"author","embeddable":true,"href":"https:\/\/site.nord.no\/didaktiskebetraktninger\/wp-json\/wp\/v2\/coauthors?post=4270"}],"curies":[{"name":"wp","href":"https:\/\/api.w.org\/{rel}","templated":true}]}}