{"id":4812,"date":"2024-09-23T10:44:19","date_gmt":"2024-09-23T08:44:19","guid":{"rendered":"https:\/\/site.nord.no\/didaktiskebetraktninger\/?page_id=4812"},"modified":"2026-01-05T11:41:34","modified_gmt":"2026-01-05T10:41:34","slug":"bruk-av-samtaleroboter-som-kilde-og-som-forfatter-av-medforfatter-til-eksamensbesvarelser","status":"publish","type":"page","link":"https:\/\/site.nord.no\/didaktiskebetraktninger\/bruk-av-samtaleroboter-som-kilde-og-som-forfatter-av-medforfatter-til-eksamensbesvarelser\/","title":{"rendered":"Bruk av samtaleroboter &#8211; Som kilde og som forfatter av \/ medforfatter til endelige besvarelser og annen bruk som del av arbeidskravsl\u00f8sninger"},"content":{"rendered":"\n<p class=\"has-text-align-center\"><em>Av  <a href=\"https:\/\/www.nord.no\/om\/ansatte\/per-arne-godejord\" data-type=\"link\" data-id=\"https:\/\/www.nord.no\/om\/ansatte\/per-arne-godejord\" target=\"_blank\" rel=\"noreferrer noopener\">Per A. Godejord<\/a><\/em><\/p>\n\n\n\n<p class=\"has-text-align-center\"><em>Dette er et vedlegg til kapittelet &laquo;S\u00e6rskilt om KI og eksamen&raquo; i <a href=\"https:\/\/site.nord.no\/didaktiskebetraktninger\/2024\/07\/28\/faq-forikt-og-laering-studiene\/\" data-type=\"link\" data-id=\"https:\/\/site.nord.no\/didaktiskebetraktninger\/2024\/07\/28\/faq-forikt-og-laering-studiene\/\" target=\"_blank\" rel=\"noreferrer noopener\">FAQ for IKT og l\u00e6ring<\/a> og <a href=\"https:\/\/site.nord.no\/didaktiskebetraktninger\/2024\/08\/23\/faq-for-org5005\/\" data-type=\"link\" data-id=\"https:\/\/site.nord.no\/didaktiskebetraktninger\/2024\/08\/23\/faq-for-org5005\/\" target=\"_blank\" rel=\"noreferrer noopener\">FAQ for ORG5005<\/a><\/em><\/p>\n\n\n<div class=\"wp-block-image\">\n<figure class=\"aligncenter size-full is-resized\"><img loading=\"lazy\" decoding=\"async\" width=\"310\" height=\"56\" src=\"https:\/\/site.nord.no\/didaktiskebetraktninger\/wp-content\/uploads\/sites\/6\/2023\/01\/linje.jpg\" alt=\"\" class=\"wp-image-4931\" style=\"width:199px;height:auto\" \/><\/figure>\n<\/div>\n\n\n<figure class=\"wp-block-pullquote\"><blockquote><p><em>The next time you use AI, think about what it\u2019s doing. Is it really just a \u201ctool\u201d? What does it mean to call it a \u201ccollaborator\u201d? Or, perhaps the most profound question is: what does the \u201cintelligence\u201d in artificial intelligence mean?<\/em><\/p><cite>Sebastian Williams, PhD, 2025 (<a href=\"https:\/\/medium.com\/@sebastianwilliams567\/ai-isnt-just-a-tool-bd461bd2651a\" data-type=\"link\" data-id=\"https:\/\/medium.com\/@sebastianwilliams567\/ai-isnt-just-a-tool-bd461bd2651a\" target=\"_blank\" rel=\"noreferrer noopener\">1<\/a>)<\/cite><\/blockquote><\/figure>\n\n\n\n<p><\/p>\n\n\n\n<h3 class=\"wp-block-heading\">Innledning<\/h3>\n\n\n\n<p>Etter at <a href=\"https:\/\/www.universitas.no\/ai-chatgpt-david-samuel\/den-er-ikke-intelligent-pa-noen-mate\/366594\" data-type=\"link\" data-id=\"https:\/\/www.universitas.no\/ai-chatgpt-david-samuel\/den-er-ikke-intelligent-pa-noen-mate\/366594\" target=\"_blank\" rel=\"noreferrer noopener\">ChatGPT<\/a> i november 2022 ble l\u00f8ftet frem p\u00e5 en b\u00f8lge av mediefantasier om at man plutselig hadde utviklet <a href=\"https:\/\/adsei.org\/2023\/03\/12\/theres-no-such-thing-as-artificial-intelligence\/\" data-type=\"link\" data-id=\"https:\/\/adsei.org\/2023\/03\/12\/theres-no-such-thing-as-artificial-intelligence\/\" target=\"_blank\" rel=\"noreferrer noopener\">kunstig intelligens<\/a>, og systemer som n\u00e5 kunne <a href=\"https:\/\/arxiv.org\/abs\/2308.03762\" data-type=\"link\" data-id=\"https:\/\/arxiv.org\/abs\/2308.03762\" target=\"_blank\" rel=\"noreferrer noopener\">resonere<\/a>, har de fleste (antakelig n\u00e5 alle) universitet- og h\u00f8gskoler f\u00e5tt p\u00e5 plass egne retningslinjer for hvordan samtaleroboter og andre typer genereringsverkt\u00f8y skal benyttes, eller ikke benyttes. Skj\u00f8nt, presise betegnelser som <em>samtalerobot<\/em> eller <em>billed- og videogenereringsverkt\u00f8y<\/em> er sjelden eller aldri i bruk. Det er enten samlebegrepet KI, eller &laquo;<em><a href=\"https:\/\/digitalnorway.com\/generativ-kunstig-intelligens-er-overvurdert\/\" data-type=\"link\" data-id=\"https:\/\/digitalnorway.com\/generativ-kunstig-intelligens-er-overvurdert\/\" target=\"_blank\" rel=\"noreferrer noopener\">Generativ kunstig intelligens<\/a>\u00bb<\/em>, som n\u00e5 benyttes ukritisk som overskrift p\u00e5 de ulike reglene. At det er stor uenighet blant forskere om hvorvidt begrepet &laquo;generativ kunstig intelligens<em>\u00bb<\/em> i det hele tatt gir noen mening, nevnes ikke.<\/p>\n\n\n\n<p>Ved Nord universitet er bruken av s\u00e5kalt KI regulert i:<\/p>\n\n\n\n<ol class=\"wp-block-list\">\n<li><a href=\"https:\/\/lovdata.no\/dokument\/SF\/forskrift\/2024-06-19-1643\/KAPITTEL_9#KAPITTEL_9\" target=\"_blank\" rel=\"noreferrer noopener\">Forskrift om studier og eksamen ved Nord universitet<\/a>, paragraf 9-1, punkt 5 e, som definerer som fusk: \u00ab<em>\u00c5 generere besvarelse ved hjelp av kunstig intelligens, og levere den helt eller delvis som egen besvarelse, dersom ikke annet er opplyst for den enkelte eksamen.<\/em>\u00bb<\/li>\n\n\n\n<li><a href=\"https:\/\/www.nord.no\/om\/kunstig-intelligens\" data-type=\"link\" data-id=\"https:\/\/www.nord.no\/om\/kunstig-intelligens\" target=\"_blank\" rel=\"noreferrer noopener\">Retningslinjer for studenters bruk av generativ kunstig intelligens<\/a><\/li>\n<\/ol>\n\n\n\n<p>Nord universitet sin eksamensforskrift og retningslinjer er &laquo;overbygningen<em>\u00bb<\/em> for hva som tillates\/ ikke tillates ved studieprogrammene IKT og l\u00e6ring 1 og 2, samt fagemnet ORG5005.<\/p>\n\n\n\n<p><em>Operasjonaliseringen<\/em> av eksamensforskriften og retningslinjene  er i IKT og l\u00e6ring 1 og 2, samt ORG5005, som videre beskrevet nedenfor. <\/p>\n\n\n\n<h3 class=\"wp-block-heading\">Alle hjelpemidler tillatt, men&#8230;<\/h3>\n\n\n\n<p>I de to studieprogrammene IKT og l\u00e6ring 1 og IKT og l\u00e6ring 2, samt fagemnet ORG5005 &#8211; Digital beredskap (del av MASIK), er det <em>ikke forbudt \u00e5 eksperimentere med samtaleroboter<\/em> (eller andre former for s\u00e5kalt KI) som del av arbeidet med det enkelte arbeidskrav. Men det er <em>ikke<\/em> tillatt \u00e5 levere en besvarelse (teoretisk eller praktisk) til mappestenging (eksamen) som helt eller delvis er utviklet av en samtalerobot. Dette er egentlig ikke noe nytt da det jo alltid har v\u00e6rt regnet som fusk \u00e5 levere en besvarelse skrevet av andre enn seg selv.<\/p>\n\n\n\n<p>Hva som er akseptabel\/ ikke-akseptabel bruk for studenter ved IKT og l\u00e6ring 1 og 2, samt ORG5005, er beskrevet som del av to FAQer og der begge har et kapittel kalt &laquo;<em>S\u00e6rskilt om KI og eksamen\u00bb<\/em>.<\/p>\n\n\n\n<p>&laquo;KI<em>\u00bb<\/em> er benyttet som begrep for \u00e5 v\u00e6re p\u00e5 linje med begrepsbruken ved Nord universitet og for ikke \u00e5 skape forvirring blant studentene som n\u00e5 er vant med at &laquo;KI<em>\u00bb<\/em> er gjeldende begrep.<\/p>\n\n\n\n<ol class=\"wp-block-list\">\n<li><a href=\"https:\/\/site.nord.no\/didaktiskebetraktninger\/faq-bruk-av-ki-ved-endelig-innlevering\/\" data-type=\"link\" data-id=\"https:\/\/site.nord.no\/didaktiskebetraktninger\/faq-bruk-av-ki-ved-endelig-innlevering\/\" target=\"_blank\" rel=\"noreferrer noopener\">FAQ Bruk av KI ved endelig innlevering<\/a> (ORG5005)<\/li>\n\n\n\n<li><a href=\"https:\/\/site.nord.no\/didaktiskebetraktninger\/faq-bruk-av-samtaleroboter\/\" data-type=\"link\" data-id=\"https:\/\/site.nord.no\/didaktiskebetraktninger\/faq-bruk-av-samtaleroboter\/\" target=\"_blank\" rel=\"noreferrer noopener\">FAQ Bruk av KI ved endelig innlevering<\/a> (IKTL 1 og 2)<\/li>\n<\/ol>\n\n\n\n<p>Som en ser er det lov \u00e5 bruke samtaleroboter for \u00e5 sjekke gramatikk, ord, struktur, ol., men ikke \u00e5 levere hele eller deler av besvarelsen utviklet av en samtalerobot.<\/p>\n\n\n\n<p>Fokuset er f\u00f8rst og fremst p\u00e5 samtaleroboter da det er dette som er utfordringen for de obligatoriske arbeidskrav tilh\u00f8rende IKT og l\u00e6ring og ORG5005.<\/p>\n\n\n\n<h3 class=\"wp-block-heading\">Det er studenten, ikke samtaleroboten som skal skrive\/ utvikle besvarelsene<\/h3>\n\n\n\n<p>Den endelige besvarelsen (<em>b\u00e5de den teoretiske og den praktiske delen<\/em>) levert til mappestenging (eksamen) i det enkelte fagemne i IKT og l\u00e6ring 1 og 2, samt i Org5005, skal vise de kunnskapene og ferdighetene den enkelte student besitter. For at den som sensurerer besvarelsene skal kunne m\u00e5le dette, m\u00e5 besvarelsen v\u00e6re et <em>selvstendig<\/em> arbeid og skrevet med studentens egne ord. <\/p>\n\n\n\n<p><strong>Alts\u00e5<\/strong>: Studenten m\u00e5 p\u00e5 egen h\u00e5nd analysere, beskrive eller forklare ting, dr\u00f8fte teorier eller argumentere for noe og formulere dette med egne ord, forankret i b\u00e5de i egen yrkeserfaring\/ hverdag og i relevant fagstoff. Det er (blant annet) n\u00e5r studenten bruker sine egne ord, at denne viser at denne har forst\u00e5tt arbeidskravets oppgaver og har lest pensumlitteraturen (<em>b\u00e5de oppsatt og selvvalgt<\/em>). Dette vil selvsagt ogs\u00e5 gjelde for de praktiske delene av ulike arbeidskrav. Det er studentens evne til \u00e5 utvikle et multimedieprodukt eller et dataspill, som skal m\u00e5les.<\/p>\n\n\n\n<p>F\u00f8lgelig er det <em>selvsagt<\/em> fusk dersom det leveres besvarelser der hele eller deler er forfattet\/ utviklet av en samtalerobot.<\/p>\n\n\n\n<p>Studentene m\u00e5 v\u00e6re obs p\u00e5 at det er <em>en h\u00e5rfin balanse<\/em> mellom det \u00e5 bruke KI for \u00e5 endre en litt tung setning eller to, og det \u00e5 la en samtalerobot reformulere hele teksten. Dette siste kan fort f\u00f8re til at det blir opprettet <a href=\"https:\/\/www.khrono.no\/student-ble-tatt-for-ki-sprakvask-advokat-advarer-andre\/854650\" data-type=\"link\" data-id=\"https:\/\/www.khrono.no\/student-ble-tatt-for-ki-sprakvask-advokat-advarer-andre\/854650\" target=\"_blank\" rel=\"noreferrer noopener\">fuskesak<\/a>.<\/p>\n\n\n\n<h3 class=\"wp-block-heading\">En samtalerobot kan ikke v\u00e6re en kilde eller medforfatter<\/h3>\n\n\n\n<p><em>Vi godtar heller ikke samtaleroboter benyttet som <strong>kilde<\/strong><\/em>, verken prim\u00e6r eller sekund\u00e6r, og \u00e5rsaken er ganske enkelt at samtaleroboter <a href=\"https:\/\/papers.ssrn.com\/sol3\/papers.cfm?abstract_id=4678265\" data-type=\"link\" data-id=\"https:\/\/papers.ssrn.com\/sol3\/papers.cfm?abstract_id=4678265\" target=\"_blank\" rel=\"noreferrer noopener\"><em>overhode ikke er p\u00e5litelige<\/em><\/a>. De statistiske beregningene <em>kan<\/em> resultere i faktainnhenting, men <em>like gjerne  i feilinformasjon<\/em>. Verkt\u00f8y av denne typen er <em>ikke<\/em> programmert for \u00e5 rent faktisk skj\u00f8nne verken input, de data de er &laquo;trent<em>\u00bb<\/em> p\u00e5 eller finner frem til p\u00e5 Internett, eller output. En samtalerobot er f\u00f8lgelig heller <em>ikke<\/em> programmert for \u00e5 &laquo;skj\u00f8nne<em>\u00bb<\/em> forskjellen p\u00e5 fakta og fiksjon. Dermed blir de fullstendig <em><a href=\"https:\/\/scholarlykitchen.sspnet.org\/2024\/06\/20\/the-case-for-not-citing-chatbots-as-information-sources-part-ii\/\" data-type=\"link\" data-id=\"https:\/\/scholarlykitchen.sspnet.org\/2024\/06\/20\/the-case-for-not-citing-chatbots-as-information-sources-part-ii\/\" target=\"_blank\" rel=\"noreferrer noopener\">ubrukelige som en siterbar kilde<\/a><\/em> i en universitetsbesvarelse.<\/p>\n\n\n\n<p>En samtalerobot er <em>ikke<\/em> en juridisk person og fremkommer heller aldri med et <em>unikt bidrag<\/em>, men &laquo;stjeler<em>\u00bb<\/em> ideer og informasjon fra dens eget datasett eller fra Internett. Den skaper alts\u00e5 ikke noe vi kan kalle &laquo;<em>intellektuelt innhold\u00bb<\/em>. Og siden verken OpenAI eller andre utviklere av samtaleroboter har innhentet brukstillatelse fra de mange ulike informasjonsskaperne <em>kan<\/em> bruk av samtalerobot-generert innhold <em>i noen tilfeller<\/em> medf\u00f8re brudd p\u00e5 reglene for opphavsrett.<\/p>\n\n\n\n<p>Som det st\u00e5r i Nord universitet sine <a href=\"https:\/\/www.nord.no\/om\/kunstig-intelligens\/studenter-retningslinjer-for-bruk-av-generativ-kunstig-intelligens\" data-type=\"link\" data-id=\"https:\/\/www.nord.no\/om\/kunstig-intelligens\/studenter-retningslinjer-for-bruk-av-generativ-kunstig-intelligens\" target=\"_blank\" rel=\"noreferrer noopener\">retningslinjer<\/a>: &laquo;<em>Det skal ikke henvises til generativ kunstig intelligens som en troverdig kilde i faglig arbeid. Tekst som lages av generativ kunstig intelligens m\u00e5 alltid verifiseres gjennom andre kilder<\/em>.<em>\u00bb<\/em><\/p>\n\n\n\n<p>Siden ChatGPT og lignende samtaleroboter alts\u00e5 ikke er juridiske personer, kan de heller ikke ta ansvar for det de fremkommer med &#8211; enten det er korrekt eller rent spr\u00f8yt. Dermed kan en samtalerobot heller <em>aldri<\/em> v\u00e6re <em><strong>medforfatter<\/strong><\/em> p\u00e5 en studentbesvarelse i fagemner tilknyttet IKT og l\u00e6ring 1 og 2, eller i fagemnet ORG5005. Av samme grunn godtas heller ikke en samtalerobot som &laquo;medutvikler<em>\u00bb<\/em> til et produkt (<em>s\u00e5 som multimediaprodukt, dataspill, osv<\/em>.).<\/p>\n\n\n\n<h3 class=\"wp-block-heading\">Som illustrasjon for et poeng<\/h3>\n\n\n\n<p>Imidlertid er det helt greit at studenter gjengir en &laquo;<em>samtale\u00bb<\/em> med en samtalerobot for \u00e5 illustrere en spesifikk bruk, f.eks. som del av arbeidskrav knyttet til sosial manipulasjon. Eller for \u00e5 vise hvordan en samtalerobot kan hente frem informasjon om en definisjon av begrep, ol.<\/p>\n\n\n\n<p>I slike tilfeller skal det ikke henvises i teksten som for en genuin kilde f.eks. (ChatGPT, 2024), men det skal klart fremkomme i form av tekst som f.eks. &laquo;<em>I det f\u00f8lgende gjengir jeg en samtale generert av ChatGPT, som illustrerer hvordan&#8230;\u00bb<\/em>, eller &laquo;<em>N\u00e5r jeg ber ChatGPT om \u00e5 definere begrepet, fremkommer f\u00f8lgende..<\/em>.<em>\u00bb<\/em>.<\/p>\n\n\n\n<h3 class=\"wp-block-heading\">All bruk\/ ikke bruk av samtaleroboter skal deklareres<\/h3>\n\n\n\n<p>Siden det ikke er forbudt \u00e5 benytte samtaleroboter i arbeidet med en besvarelse, m\u00e5 studentene deklarere om slikt verkt\u00f8y har blitt benyttet, og p\u00e5 hvilken m\u00e5te det har blitt benyttet. Her m\u00e5 studenten <em>v\u00e6re konkre<\/em>t, slik at det ikke oppst\u00e5r tvil ved sensur. Med <em>konkret<\/em> menes b\u00e5de <em>HVORDAN<\/em> samtaleroboten\/ samtalerobotene har v\u00e6rt benyttet og <em>HVILKE<\/em> samtaleroboter som har v\u00e6rt benyttet. Det skal <em>ogs\u00e5 <\/em>deklareres at slik bruk <em>ikke<\/em> har forekommet p\u00e5 noe stadium i utviklingen av en besvarelse.<\/p>\n\n\n\n<p><strong>Dette skal gj\u00f8res <em>innledningsvis<\/em> i det obligatoriske kapittelet kalt &laquo;<em>Refleksjonsnotat\u00bb<\/em><\/strong>, og det skal gj\u00f8res b\u00e5de i utkast sendt til veiledning og (selvsagt) i endelig besvarelse levert til mappestenging.<\/p>\n\n\n\n<p>I IKT og l\u00e6ringsstudiene og ORG5005 er dette p\u00e5pekt b\u00e5de i <em>FAQene<\/em> og i &laquo;<em>Retningslinjer for mappevurdering\u00bb<\/em>.<\/p>\n\n\n\n<p>I &laquo;<em>Retningslinjer for mappevurdering<\/em>&raquo; er dette spesifisert p\u00e5 f\u00f8lgende m\u00e5te:<\/p>\n\n\n\n<ul class=\"wp-block-list\">\n<li><strong>Kort beskrivelse innledningsvis av om eller ikke, og hvis s\u00e5 hvordan, man har benyttet en samtalerobot<\/strong> (<em>ChatGPT, Jenni, Perplexity.ai, Claude, Gemini Pro, osv<\/em>.) <strong>enten som tekstskriver, grammatikksjekk, strukturskisse som basis for egen besvarelse, faktakilde, osv<\/strong>. V\u00e6r obs p\u00e5 at det regnes som fusk \u00e5 la en samtalerobot produsere hele eller store deler av teksten i en besvarelse. Har man ikke benyttet en samtalerobot deklarerer man dette slik: \u00ab\u00ab<em>Jeg har ikke benyttet meg av en samtalerobot (ChatGPT eller lignende verkt\u00f8y) i arbeidet med denne besvarelsen<\/em>\u00bb<\/li>\n<\/ul>\n\n\n\n<p>I FAQene er dette utformet som f\u00f8lger:<\/p>\n\n\n\n<ul class=\"wp-block-list\">\n<li><em>All bruk<\/em>&nbsp;av KI (<em>dvs.&nbsp;samtaleroboter&nbsp;av typen ChatGPT, Jenni, Perplexity.ai, Claude, Gemini Pro, osv<\/em>.) som del av arbeidsprosessen (<em>som tekstskriver, grammatikksjekk, strukturskisse som basis for egen besvarelse, faktakilde osv<\/em>.) skal n\u00f8ye bemerkes i refleksjonsnotatet, jfr.&nbsp;<em>Retningslinjer for mappevurdering<\/em>, kap. \u00ab<em>Refleksjonsnotat \u2013 Utkast til veiledning<\/em>\u00bb.<\/li>\n<\/ul>\n\n\n\n<p>Har du ikke benyttet en samtalerobot s\u00e5 skal ogs\u00e5 dette kort deklareres og du kan da f.eks. skrive at \u00ab<em>Jeg har ikke benyttet meg av en samtalerobot (ChatGPT eller lignende verkt\u00f8y) i arbeidet med denne besvarelsen<\/em>\u00bb.<\/p>\n\n\n\n<p class=\"has-text-align-center\"><strong>_<\/strong><\/p>\n\n\n\n<p><strong>Studentene m\u00e5 merke seg<\/strong> bruken av ordet &laquo;<em>innledningsvis<\/em>\u00bb. Man skal alts\u00e5 <em>starte<\/em> refleksjonsnotatet med en slik deklarasjon.<\/p>\n\n\n\n<h3 class=\"wp-block-heading\">Oppsummering<\/h3>\n\n\n\n<p><strong>Det er ikke tillatt <\/strong><\/p>\n\n\n\n<ol class=\"wp-block-list\">\n<li>\u00e5 bruke en samtalerobot til \u00e5 skrive hele eller deler av en teoretisk besvarelse, eller utvikle et produkt tilh\u00f8rende et arbeidskravs praktiske del, for \u00e5 s\u00e5 \u00e5 utgi dette som ens eget. Dette forbudet gjelder <em>ogs\u00e5<\/em> bruk av samtalerobot for \u00e5 <em>reformulere<\/em> hele eller store deler av en teoretisk besvarelse.<\/li>\n\n\n\n<li>\u00e5 bruke en samtalerobot som kilde.<\/li>\n\n\n\n<li>\u00e5 bruke en samtalerobot som &laquo;medforfatter<em>\u00bb<\/em> til en besvarelse, eller &laquo;medutvikler<em>\u00bb<\/em> til et produkt.<\/li>\n<\/ol>\n\n\n\n<p><strong>Det er tillatt<\/strong><\/p>\n\n\n\n<ol class=\"wp-block-list\">\n<li>\u00e5 bruke en samtalerobot for \u00e5 sjekke begrepsbetydning, gramatikk, rettskriving og oversetting.<\/li>\n\n\n\n<li>\u00e5 bruke en samtalerobot for \u00e5 sjekke mulig struktur p\u00e5 en besvarelse.<\/li>\n\n\n\n<li>\u00e5 bruke en samtalerobot som &laquo;samtalepartner<em>\u00bb<\/em>.<\/li>\n<\/ol>\n\n\n\n<p>N\u00e5r det gjelder det siste punktet, s\u00e5 er det viktige \u00e5 huske p\u00e5 at samtaleroboter<\/p>\n\n\n\n<ol class=\"wp-block-list\">\n<li><strong>kun<\/strong> er programmert til \u00e5 foreta beregninger av et sett med sannsynlige relasjoner mellom tekst og ord,<\/li>\n\n\n\n<li><strong>ikke<\/strong> foretar noen form for faglig analyse av validitet \u2013 verken i forhold til sp\u00f8rsm\u00e5let, innhentet informasjon og dets kilder eller resultatet (svaret),<\/li>\n\n\n\n<li><strong>absolutt ikke<\/strong> forst\u00e5r hva vi sp\u00f8r om og heller ikke forst\u00e5r svaret de presenterer.<\/li>\n<\/ol>\n\n\n\n<p>F\u00f8lgelig m\u00e5 alt som fremkommer i en slik simulert &laquo;samtale<em>\u00bb<\/em> <em>n\u00f8ye sjekkes<\/em> med reelle kilder, <em>f\u00f8r <\/em>det benyttes som del av utviklingsarbeidet med en besvarelse. Dette gjelder<em> s\u00e6rlig<\/em> dersom man bruker en samtalerobot for \u00e5 finne kilder\/ generere litteraturliste som utgangspunkt for videre arbeid. Samtaleroboten foretar ogs\u00e5 her <em>kun<\/em> en statistisk beregning av bokstavsammensetninger og dersom de statistiske beregningene gir h\u00f8y sannsynlighet for at forfatter A har skrevet artikkel\/ bok B, s\u00e5 presenteres dette som en reell kilde <em>uansett om dette ikke stemmer<\/em>. Husk at falsifisering av kilder regnes som fusk!<\/p>\n\n\n\n<p><strong>Videre<\/strong> m\u00e5 <em>all<\/em> bruk av samtaleroboter deklareres innledningsvis i refleksjonsnotatet. Ogs\u00e5 at man <em>ikke <\/em>har benyttet seg av slike verkt\u00f8y skal deklares.<\/p>\n\n\n\n<p class=\"has-text-align-center\"><strong>__<\/strong><\/p>\n\n\n\n<p><em><strong>Reglene<\/strong> for bruk av samtaleroboter ved IKT og l\u00e6ring 1 og 2, samt ORG5005, var klare til semesterstart h\u00f8sten 2024, og f\u00f8r Nord universitet sine retningslinjer for studenters bruk av generativ kunstig intelligens var klare. Inntil det eventuelt foretas vesentlige endringer i Nord universitet sine retningslinjer, er det det som her er anf\u00f8rt og som er beskrevet i FAQene og &laquo;Retningslinjer for mappevurdering&raquo; for IKT og l\u00e6ring 1 og 2, og ORG5005, som er gjeldende regler for studenter ved disse studiene.<\/em> <em><strong>Reglene skal f\u00f8lges til punkt og prikke<\/strong> og avvik fra disse vil f\u00f8re til nedsatt karakter og\/ eller opprettelse av fuskesak<\/em>.<\/p>\n\n\n<div class=\"wp-block-image\">\n<figure class=\"aligncenter size-full is-resized\"><img loading=\"lazy\" decoding=\"async\" width=\"1152\" height=\"360\" src=\"https:\/\/site.nord.no\/didaktiskebetraktninger\/wp-content\/uploads\/sites\/6\/2023\/12\/linjer.jpg\" alt=\"\" class=\"wp-image-2799\" style=\"width:210px;height:auto\" \/><\/figure>\n<\/div>\n\n\n<p class=\"has-text-align-left\"><strong>For mer om samtaleroboter, se<\/strong> <a href=\"https:\/\/site.nord.no\/didaktiskebetraktninger\/2025\/06\/24\/chat-gpt-en-mer-talefor-slektning-av-eliza\/\" data-type=\"link\" data-id=\"https:\/\/site.nord.no\/didaktiskebetraktninger\/2023\/01\/05\/chat-gpt-en-mer-talefor-slektning-av-eliza\/\" target=\"_blank\" rel=\"noreferrer noopener\">ChatGPT \u2013 et talef\u00f8rt eksempel p\u00e5 kunstig intelligens, eller\u2026?<\/a><\/p>\n\n\n\n<h4 class=\"wp-block-heading\">Leseliste<\/h4>\n\n\n\n<ol class=\"wp-block-list\">\n<li><a href=\"https:\/\/archive.ph\/2025.12.03-142647\/https:\/www.nytimes.com\/2025\/12\/03\/magazine\/chatbot-writing-style.html\" data-type=\"link\" data-id=\"https:\/\/archive.ph\/2025.12.03-142647\/https:\/www.nytimes.com\/2025\/12\/03\/magazine\/chatbot-writing-style.html\" target=\"_blank\" rel=\"noreferrer noopener\">Why Does A.I. Write Like\u2026That?<\/a><\/li>\n\n\n\n<li><a href=\"https:\/\/en.wikipedia.org\/wiki\/Wikipedia:Signs_of_AI_writing\" data-type=\"link\" data-id=\"https:\/\/en.wikipedia.org\/wiki\/Wikipedia:Signs_of_AI_writing\" target=\"_blank\" rel=\"noreferrer noopener\">Wikipedia:Signs of AI writing<\/a><\/li>\n\n\n\n<li><a href=\"https:\/\/theconversation.com\/not-everything-we-call-ai-is-actually-artificial-intelligence-heres-what-you-need-to-know-196732\" data-type=\"link\" data-id=\"https:\/\/theconversation.com\/not-everything-we-call-ai-is-actually-artificial-intelligence-heres-what-you-need-to-know-196732\" target=\"_blank\" rel=\"noreferrer noopener\">Not everything we call AI is actually \u2018artificial intelligence\u2019. Here\u2019s what you need to know<\/a><\/li>\n\n\n\n<li><a href=\"https:\/\/timberwolf.ai\/p\/ai-is-not-one-thing\" data-type=\"link\" data-id=\"https:\/\/timberwolf.ai\/p\/ai-is-not-one-thing\" target=\"_blank\" rel=\"noreferrer noopener\">\u201cAI\u201d is not one thing<\/a><\/li>\n\n\n\n<li><a href=\"https:\/\/spectrum.ieee.org\/stop-calling-everything-ai-machinelearning-pioneer-says\" data-type=\"link\" data-id=\"https:\/\/spectrum.ieee.org\/stop-calling-everything-ai-machinelearning-pioneer-says\" target=\"_blank\" rel=\"noreferrer noopener\">Stop Calling Everything AI, Machine-Learning Pioneer Says<\/a><\/li>\n\n\n\n<li><a href=\"https:\/\/hdsr.mitpress.mit.edu\/pub\/wot7mkc1\/release\/10\" data-type=\"link\" data-id=\"https:\/\/hdsr.mitpress.mit.edu\/pub\/wot7mkc1\/release\/10\" target=\"_blank\" rel=\"noreferrer noopener\">Artificial Intelligence\u2014The Revolution Hasn\u2019t Happened Yet<\/a><\/li>\n\n\n\n<li><a href=\"https:\/\/journals.sagepub.com\/page\/bds\/collections\/analysingartificialintelligencecontroversies\" data-type=\"link\" data-id=\"https:\/\/journals.sagepub.com\/page\/bds\/collections\/analysingartificialintelligencecontroversies\" target=\"_blank\" rel=\"noreferrer noopener\">Artificial Intelligence Controversies?<\/a><\/li>\n<\/ol>\n\n\n<div class=\"wp-block-image\">\n<figure class=\"aligncenter size-full is-resized\"><img loading=\"lazy\" decoding=\"async\" width=\"310\" height=\"56\" src=\"https:\/\/site.nord.no\/didaktiskebetraktninger\/wp-content\/uploads\/sites\/6\/2023\/01\/linje.jpg\" alt=\"\" class=\"wp-image-4931\" style=\"width:199px;height:auto\" \/><\/figure>\n<\/div>\n\n\n<p><\/p>\n","protected":false},"excerpt":{"rendered":"<p>Av Per A. Godejord Dette er et vedlegg til kapittelet &laquo;S\u00e6rskilt om KI og eksamen&raquo; i FAQ for IKT og l\u00e6ring og FAQ for ORG5005 The next time you use AI, think about what it\u2019s doing. Is it really just a \u201ctool\u201d? What does it mean to call it a \u201ccollaborator\u201d? Or, perhaps the most &hellip; <a href=\"https:\/\/site.nord.no\/didaktiskebetraktninger\/bruk-av-samtaleroboter-som-kilde-og-som-forfatter-av-medforfatter-til-eksamensbesvarelser\/\" class=\"more-link\">Fortsett \u00e5 lese<span class=\"screen-reader-text\"> \u00abBruk av samtaleroboter &#8211; Som kilde og som forfatter av \/ medforfatter til endelige besvarelser og annen bruk som del av arbeidskravsl\u00f8sninger\u00bb<\/span><\/a><\/p>\n","protected":false},"author":11,"featured_media":0,"parent":0,"menu_order":0,"comment_status":"closed","ping_status":"closed","template":"","meta":{"footnotes":""},"coauthors":[2],"class_list":["post-4812","page","type-page","status-publish","hentry"],"_links":{"self":[{"href":"https:\/\/site.nord.no\/didaktiskebetraktninger\/wp-json\/wp\/v2\/pages\/4812","targetHints":{"allow":["GET"]}}],"collection":[{"href":"https:\/\/site.nord.no\/didaktiskebetraktninger\/wp-json\/wp\/v2\/pages"}],"about":[{"href":"https:\/\/site.nord.no\/didaktiskebetraktninger\/wp-json\/wp\/v2\/types\/page"}],"author":[{"embeddable":true,"href":"https:\/\/site.nord.no\/didaktiskebetraktninger\/wp-json\/wp\/v2\/users\/11"}],"replies":[{"embeddable":true,"href":"https:\/\/site.nord.no\/didaktiskebetraktninger\/wp-json\/wp\/v2\/comments?post=4812"}],"version-history":[{"count":83,"href":"https:\/\/site.nord.no\/didaktiskebetraktninger\/wp-json\/wp\/v2\/pages\/4812\/revisions"}],"predecessor-version":[{"id":7365,"href":"https:\/\/site.nord.no\/didaktiskebetraktninger\/wp-json\/wp\/v2\/pages\/4812\/revisions\/7365"}],"wp:attachment":[{"href":"https:\/\/site.nord.no\/didaktiskebetraktninger\/wp-json\/wp\/v2\/media?parent=4812"}],"wp:term":[{"taxonomy":"author","embeddable":true,"href":"https:\/\/site.nord.no\/didaktiskebetraktninger\/wp-json\/wp\/v2\/coauthors?post=4812"}],"curies":[{"name":"wp","href":"https:\/\/api.w.org\/{rel}","templated":true}]}}