{"id":5032,"date":"2024-10-09T12:13:21","date_gmt":"2024-10-09T10:13:21","guid":{"rendered":"https:\/\/site.nord.no\/didaktiskebetraktninger\/?page_id=5032"},"modified":"2024-11-12T11:09:27","modified_gmt":"2024-11-12T10:09:27","slug":"ikt-og-laering-var-2024","status":"publish","type":"page","link":"https:\/\/site.nord.no\/didaktiskebetraktninger\/ikt-og-laering-var-2024\/","title":{"rendered":"IKT og l\u00e6ring V\u00e5r og H\u00f8st 2024"},"content":{"rendered":"\n<h3 class=\"wp-block-heading\">V\u00e5rsemesteret 2024<\/h3>\n\n\n\n<p>I v\u00e5rsemesteret var det emnene IKT1015, IKT1016, IKT1023 og IKT1024 som ble evaluert. Studentenes forn\u00f8ydhet med emnene varierer fra 4,25 til 5,0. <\/p>\n\n\n\n<p>For fagl\u00e6rernes formidling, veiledning og emnenes organisering varierer scoren fra 4,00 til 5,0.<\/p>\n\n\n\n<p><br>Det er sm\u00e5 variasjoner fra foreg\u00e5ende studie\u00e5r og IKT og L\u00e6ring 1 og 2 virker stadig \u00e5 treffe sin m\u00e5lgruppe, som er undervisere\/ instrukt\u00f8rer\/ oppl\u00e6ringsansvarlige\/ kursholdere i full jobb.<\/p>\n\n\n\n<h3 class=\"wp-block-heading\">H\u00f8stsemesteret 2024<\/h3>\n\n\n\n<p>I h\u00f8stsemesteret var det emnene IKT1013, IKT1014, IKT1021 og IKT1022 som ble evaluert. Studentenes forn\u00f8ydhet med emnene varierer fra 4,00 til 4,70.<\/p>\n\n\n\n<p>For fagl\u00e6rernes formidling, veiledning og emnenes organisering varierer scoren fra 4,00 til 4,60.<br><br>Det er igjen sm\u00e5 variasjoner fra foreg\u00e5ende studie\u00e5r og IKT og L\u00e6ring 1 og 2 virker stadig \u00e5 treffe sin m\u00e5lgruppe, som er undervisere\/ instrukt\u00f8rer\/ oppl\u00e6ringsansvarlige\/ kursholdere i full jobb.<\/p>\n\n\n\n<p>&#8212;<\/p>\n\n\n\n<p>[<em>Tilbake til oversikten <a href=\"https:\/\/site.nord.no\/didaktiskebetraktninger\/ikt-og-laeringstudiene-2018-til-d-d\/\">IKT og L\u00e6ring<\/a><\/em>]<\/p>\n","protected":false},"excerpt":{"rendered":"<p>V\u00e5rsemesteret 2024 I v\u00e5rsemesteret var det emnene IKT1015, IKT1016, IKT1023 og IKT1024 som ble evaluert. Studentenes forn\u00f8ydhet med emnene varierer fra 4,25 til 5,0. For fagl\u00e6rernes formidling, veiledning og emnenes organisering varierer scoren fra 4,00 til 5,0. Det er sm\u00e5 variasjoner fra foreg\u00e5ende studie\u00e5r og IKT og L\u00e6ring 1 og 2 virker stadig \u00e5 treffe &hellip; <a href=\"https:\/\/site.nord.no\/didaktiskebetraktninger\/ikt-og-laering-var-2024\/\" class=\"more-link\">Fortsett \u00e5 lese<span class=\"screen-reader-text\"> \u00abIKT og l\u00e6ring V\u00e5r og H\u00f8st 2024\u00bb<\/span><\/a><\/p>\n","protected":false},"author":11,"featured_media":0,"parent":0,"menu_order":0,"comment_status":"closed","ping_status":"closed","template":"","meta":{"footnotes":""},"coauthors":[2],"class_list":["post-5032","page","type-page","status-publish","hentry"],"_links":{"self":[{"href":"https:\/\/site.nord.no\/didaktiskebetraktninger\/wp-json\/wp\/v2\/pages\/5032","targetHints":{"allow":["GET"]}}],"collection":[{"href":"https:\/\/site.nord.no\/didaktiskebetraktninger\/wp-json\/wp\/v2\/pages"}],"about":[{"href":"https:\/\/site.nord.no\/didaktiskebetraktninger\/wp-json\/wp\/v2\/types\/page"}],"author":[{"embeddable":true,"href":"https:\/\/site.nord.no\/didaktiskebetraktninger\/wp-json\/wp\/v2\/users\/11"}],"replies":[{"embeddable":true,"href":"https:\/\/site.nord.no\/didaktiskebetraktninger\/wp-json\/wp\/v2\/comments?post=5032"}],"version-history":[{"count":3,"href":"https:\/\/site.nord.no\/didaktiskebetraktninger\/wp-json\/wp\/v2\/pages\/5032\/revisions"}],"predecessor-version":[{"id":5142,"href":"https:\/\/site.nord.no\/didaktiskebetraktninger\/wp-json\/wp\/v2\/pages\/5032\/revisions\/5142"}],"wp:attachment":[{"href":"https:\/\/site.nord.no\/didaktiskebetraktninger\/wp-json\/wp\/v2\/media?parent=5032"}],"wp:term":[{"taxonomy":"author","embeddable":true,"href":"https:\/\/site.nord.no\/didaktiskebetraktninger\/wp-json\/wp\/v2\/coauthors?post=5032"}],"curies":[{"name":"wp","href":"https:\/\/api.w.org\/{rel}","templated":true}]}}