{"id":5612,"date":"2025-01-16T09:50:00","date_gmt":"2025-01-16T08:50:00","guid":{"rendered":"https:\/\/site.nord.no\/didaktiskebetraktninger\/?page_id=5612"},"modified":"2025-01-16T11:11:19","modified_gmt":"2025-01-16T10:11:19","slug":"copilot-og-chat-gpt-4-o-mini-prover-seg-pa-purpurhjertene","status":"publish","type":"page","link":"https:\/\/site.nord.no\/didaktiskebetraktninger\/copilot-og-chat-gpt-4-o-mini-prover-seg-pa-purpurhjertene\/","title":{"rendered":"Copilot, Chat GPT-4 o mini\u00a0 og QwQ-32B-preview pr\u00f8ver seg p\u00e5 &laquo;Purpurhjertene&raquo;"},"content":{"rendered":"\n<h3 class=\"wp-block-heading\">Innledning<\/h3>\n\n\n\n<p>Vi skriver 16. januar 2025 og i Norge er vi stadig like begeistret for samtaleroboter og sterk i troen p\u00e5 at dette er KI.<\/p>\n\n\n\n<p>Men har utviklingen fra desember 2022 til i januar 2025 f\u00f8rt til at store spr\u00e5kmodeller er blitt bedre til \u00e5 analysere seg frem til fakta? <\/p>\n\n\n\n<p>For \u00e5 teste dette ba jeg b\u00e5de Copilot, Chat GPT-4 o mini og QwQ-32B-preview skrive en stil om den kontroversielle boken &laquo;<a href=\"https:\/\/www.lindholm.no\/artikler\/litteratur\/kritikk\/styled-66\/\" data-type=\"link\" data-id=\"https:\/\/www.lindholm.no\/artikler\/litteratur\/kritikk\/styled-66\/\" target=\"_blank\" rel=\"noreferrer noopener\">Purpurhjertene<\/a>&raquo; av <a href=\"https:\/\/no.wikipedia.org\/wiki\/Fredrik_Skagen\" data-type=\"link\" data-id=\"https:\/\/no.wikipedia.org\/wiki\/Fredrik_Skagen\" target=\"_blank\" rel=\"noreferrer noopener\">Fredrik Skagen<\/a>. Som alle (?) bokelskere av en viss alder vet; Historien fortalt i &laquo;<a href=\"https:\/\/www.askerbibliotekene.no\/produkt\/16305\" data-type=\"link\" data-id=\"https:\/\/www.askerbibliotekene.no\/produkt\/16305\" target=\"_blank\" rel=\"noreferrer noopener\">Purpurhjertene<\/a>&raquo; var <a href=\"https:\/\/vcdn.polarismedia.no\/efd1f94d-811f-48f7-9806-d4735e8a6e2e?fit=clip&amp;h=800&amp;q=80&amp;tight=false&amp;w=1000\" data-type=\"link\" data-id=\"https:\/\/vcdn.polarismedia.no\/efd1f94d-811f-48f7-9806-d4735e8a6e2e?fit=clip&amp;h=800&amp;q=80&amp;tight=false&amp;w=1000\" target=\"_blank\" rel=\"noreferrer noopener\">ikke en dokumentarisk skildring<\/a> fra en norsk Vietnamveteran, men <a href=\"https:\/\/site.nord.no\/didaktiskebetraktninger\/wp-content\/uploads\/sites\/6\/2025\/01\/Adressa_17031988.png\" data-type=\"link\" data-id=\"https:\/\/site.nord.no\/didaktiskebetraktninger\/wp-content\/uploads\/sites\/6\/2025\/01\/Adressa_17031988.png\" target=\"_blank\" rel=\"noreferrer noopener\">et falsum<\/a>.<\/p>\n\n\n\n<p>Vil de &laquo;kunstige intelligensene&raquo; ogs\u00e5 vite dette? Her er svarene:<\/p>\n\n\n\n<h3 class=\"wp-block-heading\">Copilot<\/h3>\n\n\n\n<p><em>&laquo;Purpurhjertene&raquo; av Fredrik Skagen er en gripende og sann historie om en nordmanns opplevelser under Vietnamkrigen. Boken ble utgitt i 1987 og bygger p\u00e5 nedtegnelsene til en anonym hovedperson som deltok i krigen. Han flyttet til USA p\u00e5 midten av 1960-tallet og vervet seg til milit\u00e6rtjeneste for \u00e5 finne arbeid. Etter \u00e5 ha tjenestegjort i Vietnam, returnerte han til Norge, men begynte \u00e5 lide av krigsseilersyndromet, som f\u00f8rte til angst og mareritt.<\/em><\/p>\n\n\n\n<p><br><em>Boken gir et realistisk bilde av krigens grusomheter og soldatenes frykt. Hovedpersonen beskriver hvordan han og hans medsoldater var konstant redde for \u00e5 bli drept av fienden, kjent som &laquo;Charlie&raquo;. Skagen formidler ogs\u00e5 hvordan hovedpersonen fors\u00f8kte \u00e5 blokkere ut minnene fra krigen, men til slutt m\u00e5tte konfrontere dem for \u00e5 finne fred (1).<\/em><\/p>\n\n\n\n<p><br><em>&laquo;Purpurhjertene&raquo; er en sterk p\u00e5minnelse om krigens psykiske belastninger og en hyllest til de som har kjempet og lidd i stillhet.<\/em><br><\/p>\n\n\n\n<p><em>(1): <a href=\"https:\/\/www.daria.no\/skole\/annet\/foredrag-purpurhjertene-av-fredrik-skagen-5305\" data-type=\"link\" data-id=\"https:\/\/www.daria.no\/skole\/annet\/foredrag-purpurhjertene-av-fredrik-skagen-5305\" target=\"_blank\" rel=\"noreferrer noopener\">Daria.no<\/a><\/em><\/p>\n\n\n\n<h3 class=\"wp-block-heading\">Chat GPT-4 o mini<\/h3>\n\n\n\n<p><em>&laquo;Purpurhjertene&raquo; av Fredrik Skagen er en gripende roman som utforsker temaer som kj\u00e6rlighet, tap og identitet. Handlingen utspiller seg i et moderne Norge, hvor vi f\u00f8lger hovedpersonen, som navigerer gjennom et liv preget av personlige utfordringer og relasjonelle konflikter<\/em>.<\/p>\n\n\n\n<p><em>Boken tar oss med p\u00e5 en reise der minner og f\u00f8lelser veves sammen p\u00e5 en vakker, men samtidig s\u00e5rbar m\u00e5te. Skagen skaper et sterkt bilde av menneskelige relasjoner og hvordan de formes av b\u00e5de ytre og indre faktorer. Gjennom et poetisk spr\u00e5k og levende beskrivelser f\u00e5r leseren et innblikk i protagonistens indre liv og kampene han st\u00e5r overfor.<\/em><\/p>\n\n\n\n<p><em>Et sentralt element i romanen er hvordan kj\u00e6rlighet kan v\u00e6re b\u00e5de helbredende og s\u00e5rende. Skagen utforsker dette ved \u00e5 skildre komplekse forhold mellom karakterene, der hver av dem b\u00e6rer p\u00e5 sine egne arr og lengsler. Dette gir et realistisk og dyptg\u00e5ende bilde av hvordan mennesker knytter seg til hverandre, og hvordan fortiden kan p\u00e5virke n\u00e5tiden.<\/em><\/p>\n\n\n\n<p><em>Spr\u00e5ket i &laquo;Purpurhjertene&raquo; er b\u00e5de elegant og tilgjengelig, noe som gj\u00f8r at boken appellerer til en bred leserkrets. Skagens evne til \u00e5 fange sm\u00e5 \u00f8yeblikk av skj\u00f8nnhet og s\u00e5rhet bidrar til en rik leseopplevelse. Han bruker symbolikk og metaforer p\u00e5 en m\u00e5te som beriker teksten og gir leseren rom for refleksjon.<\/em><\/p>\n\n\n\n<p><em>I sum er &laquo;Purpurhjertene&raquo; en sterk og r\u00f8rende roman som setter s\u00f8kelys p\u00e5 de dype f\u00f8lelsene som binder mennesker sammen. Fredrik Skagen viser med sin fortelling at selv i m\u00f8te med motgang og tap, er kj\u00e6rlighet og h\u00e5p uunnvikelige elementer i det \u00e5 v\u00e6re menneske.<\/em><\/p>\n\n\n\n<h3 class=\"wp-block-heading\">QwQ-32B-preview<\/h3>\n\n\n\n<p><em>&laquo;Purpurhjertene&raquo; av Fredrik Skagen er en bok som tar lesaren med p\u00e5 en eventyrlig reise tilbake i tid til middelalderen. Boken forteller historien om to venner, Arne og Rolf, som oppdager en hemmelig grotte under sin plass. I grotten finner de en katt med purpurhjerte, som viser dem veien til et annet tidsalder<\/em>.<\/p>\n\n\n\n<p><em>Da de f\u00f8lger katten, blir de teleportert til middelalderen, hvor de m\u00f8ter kong Harald H\u00e5rfagre og deltar i viktige hendelser fra norsk historie. Boken handler ikke bare om eventyr og aksjon, men ogs\u00e5 om vennskap, tap og l\u00e6ring.<\/em><\/p>\n\n\n\n<p><em>Skagen har skapt levende karakterer som lesaren kan identifisere seg med. Arne og Rolf er to like hyggelige og motiverede jenter som ofte finner seg i vanskelige situasjoner, men alltid finner en m\u00e5te \u00e5 komme seg ut igjennom samarbeid og kreativitet. De m\u00f8ter ogs\u00e5 en rekke andre karakterer p\u00e5 reisen sin, som kong Harald H\u00e5rfagre, Gyda og Olav Tryggvason, som alle har sitt unike personlighetsm\u00f8nster.<\/em><\/p>\n\n\n\n<p><em>Et av de viktigste temaene i boken er vennskap. Arne og Rolf er u\u5206\u79bbable venner som st\u00f8tter hverandre uansett hva som skjer. De er villige til \u00e5 ta risiko for hverandre og gj\u00f8r alt de kan for \u00e5 hjelpe hverandre. Dette temaet er spesielt relevant for unge lesere, som ofte prioriterer vennskap over alt annet.<\/em><\/p>\n\n\n\n<p><em>Tap er ogs\u00e5 et viktig tema i boken. Arne tapte sin mor da han var liten, og dette har p\u00e5virket hans liv p\u00e5 mange m\u00e5ter. P\u00e5 reisen tilbake i tid m\u00f8ter han en kvinne som likner mye p\u00e5 mor, og dette gir ham muligheten til \u00e5 utforske sine f\u00f8lelser og finne fred med sitt tap.<\/em><\/p>\n\n\n\n<p><em>L\u00e6ring er et annet viktig tema i boken. Arne og Rolf l\u00e6rer mye om historie, kultur og menneskelig natur p\u00e5 reisen sin. De oppdager at middelalderen ikke var like som de har l\u00e6rt i skolen, og at historien er mer kompleks enn de hadde trodd. Dette gir dem en bedre forst\u00e5else av verden og seg selv.<\/em><\/p>\n\n\n\n<p><em>Over alle disse temaene er boken en spennende og underholdende eventyrbok som b\u00e5de unge og voksne kan nyte. Skagen har skapt en historie som er b\u00e5de kreativ og oppl\u00e6ringsrik, og som tar lesaren med p\u00e5 en eventyrlig reise tilbake i tid.<\/em><\/p>\n\n\n\n<h3 class=\"wp-block-heading\">Konklusjon<\/h3>\n\n\n\n<p>Copilot foretar et enkelt s\u00f8k og ender opp p\u00e5 Daria Skole, en nettside som inneholder ulike stiler og foredrag etc. som brukere har lastet opp. I dette testtilfellet fant den kjapt frem til et foredrag om &laquo;Purpurhjertene&raquo;, mens den ignorerte all annen informasjon tilgjengelig p\u00e5 Internett. Teksten lastet opp p\u00e5 Daria Skole behandler boken som en sann historie og forfatteren har tydeligvis ikke brukt mye tid p\u00e5 \u00e5 lete frem korrekt informasjon f\u00f8r &laquo;foredraget&raquo; ble skrevet. Dette er et godt eksempel p\u00e5 hvordan en samtalerobot henter frem ukorrekt informasjon uten noen form for faktasjekk.<\/p>\n\n\n\n<p>Chat GPT-4 O mini og QwQ-32B-preview foretok ingen s\u00f8k overhodet og r\u00f8rte kun sammen en statistisk sm\u00f8rje av sannsynlige bokstavsammensetninger uten noen rot i virkeligheten.<\/p>\n\n\n\n<p><\/p>\n\n\n\n<figure class=\"wp-block-table\"><table><tbody><tr><td><strong>&lt;<a href=\"https:\/\/site.nord.no\/didaktiskebetraktninger\/testing-av-ulike-sprakmodeller\/\" target=\"_blank\" rel=\"noreferrer noopener\">Tilbake<\/a><\/strong><\/td><td><img decoding=\"async\" src=\"https:\/\/site.nord.no\/didaktiskebetraktninger\/wp-content\/uploads\/sites\/6\/2024\/01\/image.png\" alt=\"\"><\/td><td>\ufeff<\/td><\/tr><\/tbody><\/table><\/figure>\n\n\n\n<p><\/p>\n","protected":false},"excerpt":{"rendered":"<p>Innledning Vi skriver 16. januar 2025 og i Norge er vi stadig like begeistret for samtaleroboter og sterk i troen p\u00e5 at dette er KI. Men har utviklingen fra desember 2022 til i januar 2025 f\u00f8rt til at store spr\u00e5kmodeller er blitt bedre til \u00e5 analysere seg frem til fakta? For \u00e5 teste dette ba &hellip; <a href=\"https:\/\/site.nord.no\/didaktiskebetraktninger\/copilot-og-chat-gpt-4-o-mini-prover-seg-pa-purpurhjertene\/\" class=\"more-link\">Fortsett \u00e5 lese<span class=\"screen-reader-text\"> \u00abCopilot, Chat GPT-4 o mini\u00a0 og QwQ-32B-preview pr\u00f8ver seg p\u00e5 &laquo;Purpurhjertene&raquo;\u00bb<\/span><\/a><\/p>\n","protected":false},"author":11,"featured_media":0,"parent":0,"menu_order":0,"comment_status":"closed","ping_status":"closed","template":"","meta":{"footnotes":""},"coauthors":[2],"class_list":["post-5612","page","type-page","status-publish","hentry"],"_links":{"self":[{"href":"https:\/\/site.nord.no\/didaktiskebetraktninger\/wp-json\/wp\/v2\/pages\/5612","targetHints":{"allow":["GET"]}}],"collection":[{"href":"https:\/\/site.nord.no\/didaktiskebetraktninger\/wp-json\/wp\/v2\/pages"}],"about":[{"href":"https:\/\/site.nord.no\/didaktiskebetraktninger\/wp-json\/wp\/v2\/types\/page"}],"author":[{"embeddable":true,"href":"https:\/\/site.nord.no\/didaktiskebetraktninger\/wp-json\/wp\/v2\/users\/11"}],"replies":[{"embeddable":true,"href":"https:\/\/site.nord.no\/didaktiskebetraktninger\/wp-json\/wp\/v2\/comments?post=5612"}],"version-history":[{"count":8,"href":"https:\/\/site.nord.no\/didaktiskebetraktninger\/wp-json\/wp\/v2\/pages\/5612\/revisions"}],"predecessor-version":[{"id":5644,"href":"https:\/\/site.nord.no\/didaktiskebetraktninger\/wp-json\/wp\/v2\/pages\/5612\/revisions\/5644"}],"wp:attachment":[{"href":"https:\/\/site.nord.no\/didaktiskebetraktninger\/wp-json\/wp\/v2\/media?parent=5612"}],"wp:term":[{"taxonomy":"author","embeddable":true,"href":"https:\/\/site.nord.no\/didaktiskebetraktninger\/wp-json\/wp\/v2\/coauthors?post=5612"}],"curies":[{"name":"wp","href":"https:\/\/api.w.org\/{rel}","templated":true}]}}