{"id":6343,"date":"2025-06-24T10:47:16","date_gmt":"2025-06-24T08:47:16","guid":{"rendered":"https:\/\/site.nord.no\/didaktiskebetraktninger\/?page_id=6343"},"modified":"2026-04-07T09:55:35","modified_gmt":"2026-04-07T07:55:35","slug":"chatgpt-et-talefort-eksempel-pa-kunstig-intelligens-eller","status":"publish","type":"page","link":"https:\/\/site.nord.no\/didaktiskebetraktninger\/chatgpt-et-talefort-eksempel-pa-kunstig-intelligens-eller\/","title":{"rendered":"ChatGPT &#8211; et talef\u00f8rt eksempel p\u00e5 kunstig intelligens, eller\u2026?"},"content":{"rendered":"\n<p>Av Per A. Godejord<\/p>\n\n\n\n<p><br><strong>Fullstendig bloggbok<\/strong>: 43. utgave, 22.01. 2026 <br><strong>Deler av innholdet<\/strong> <strong>f\u00f8rste gang publisert som <em>ett <\/em>enkeltst\u00e5ende innlegg<\/strong>: 05.01. 2023<\/p>\n\n\n\n<p><strong>Forsidebilde:<\/strong> &laquo;Student ved ORG5005-Digital beredskap&raquo;, resultat av statistiske beregninger foretatt av <a href=\"https:\/\/site.nord.no\/didaktiskebetraktninger\/test-av-norskgpt\/\" data-type=\"link\" data-id=\"https:\/\/site.nord.no\/didaktiskebetraktninger\/test-av-norskgpt\/\" target=\"_blank\" rel=\"noreferrer noopener\">Stable Diffusion 3.5<\/a><\/p>\n\n\n<div class=\"wp-block-image\">\n<figure class=\"aligncenter size-full is-resized\"><a href=\"https:\/\/site.nord.no\/didaktiskebetraktninger\/chatgpt-a-talkative-example-of-artificial-intelligence-or\/\"><img loading=\"lazy\" decoding=\"async\" width=\"318\" height=\"159\" src=\"https:\/\/site.nord.no\/didaktiskebetraktninger\/wp-content\/uploads\/sites\/6\/2023\/01\/eng.png\" alt=\"\" class=\"wp-image-4927\" style=\"width:40px;height:auto\" \/><\/a><\/figure>\n<\/div>\n\n\n<p class=\"has-text-align-center\"><\/p>\n\n\n<div class=\"wp-block-image\">\n<figure class=\"aligncenter size-full is-resized\"><img loading=\"lazy\" decoding=\"async\" width=\"310\" height=\"56\" src=\"https:\/\/site.nord.no\/didaktiskebetraktninger\/wp-content\/uploads\/sites\/6\/2023\/01\/linje.jpg\" alt=\"\" class=\"wp-image-4931\" style=\"width:199px;height:auto\" \/><\/figure>\n<\/div>\n\n\n<p><strong>Vi st\u00e5r midt i en teknologisk utvikling som svekker v\u00e5r individuelle d\u00f8mmekraft, devaluerer den politiske og kulturelle verdien av selvstendig menneskelig refleksjon og truer demokratiets evne til \u00e5 skille mellom velfundert kunnskap og glattformulert uvitenhet. Som brukere av digitale medier b\u00f8r vi ikke gi automatisk genererte svar, basert p\u00e5 statistiske beregninger, status av autorativ sannhet. Som ansvarlige undervisere og instrukt\u00f8rer er det v\u00e5r plikt \u00e5 stille sp\u00f8rsm\u00e5l ved enkel l\u00f8sningstro n\u00e5r den \u00e5penbart er basert p\u00e5 mediefantasier og \u00f8nskedr\u00f8mmer istedenfor forskning. V\u00e5r jobb er \u00e5 utdanne borgere, ikke ureflekterte brukere og konsumenter.<\/strong><\/p>\n\n\n<div class=\"wp-block-image\">\n<figure class=\"aligncenter size-full is-resized\"><img loading=\"lazy\" decoding=\"async\" width=\"310\" height=\"56\" src=\"https:\/\/site.nord.no\/didaktiskebetraktninger\/wp-content\/uploads\/sites\/6\/2023\/01\/linje.jpg\" alt=\"\" class=\"wp-image-4931\" style=\"width:199px;height:auto\" \/><\/figure>\n<\/div>\n\n\n<p><strong><a href=\"https:\/\/site.nord.no\/didaktiskebetraktninger\/prolog-2\/\" data-type=\"link\" data-id=\"https:\/\/site.nord.no\/didaktiskebetraktninger\/prolog-2\/\" target=\"_blank\" rel=\"noreferrer noopener\">Prolog<\/a><\/strong><\/p>\n\n\n\n<p><strong>1. kapittel <a href=\"https:\/\/site.nord.no\/didaktiskebetraktninger\/innledning\/\" data-type=\"link\" data-id=\"https:\/\/site.nord.no\/didaktiskebetraktninger\/innledning\/\" target=\"_blank\" rel=\"noreferrer noopener\">Innledende betraktninger<\/a><br>2. kapittel <a href=\"https:\/\/site.nord.no\/didaktiskebetraktninger\/1-whoops-apocalypse\/\" target=\"_blank\" rel=\"noopener\">Whoops apocalypse<\/a><br>3. kapittel <a href=\"https:\/\/site.nord.no\/didaktiskebetraktninger\/2-bullshit-generator-eller-genial-faktagjenngiver\/\" target=\"_blank\" rel=\"noopener\">Bullshit Generator eller genial faktaggjenngiver?<\/a><br><span style=\"font-size: revert\">4. kapittel <a href=\"https:\/\/site.nord.no\/didaktiskebetraktninger\/3-en-tjenende-and-eller-en-falsk-lurendreier\/\" target=\"_blank\" rel=\"noopener\">En tjenende \u00e5nd eller en falsk lurendreier?<\/a><br><\/span>5. kapittel <a href=\"https:\/\/site.nord.no\/didaktiskebetraktninger\/4-rasende-utvikling-fra-dum-til-dummere\/\" target=\"_blank\" rel=\"noopener\">Rasende utvikling &#8211; fra dum til dummere?<\/a><br>6. kapittel <a href=\"https:\/\/site.nord.no\/didaktiskebetraktninger\/mageplask\/\" target=\"_blank\" rel=\"noopener\">N\u00e5r oppgavene blir lange&#8230;<\/a><br><span style=\"font-size: revert\">7. kapittel <a href=\"https:\/\/site.nord.no\/didaktiskebetraktninger\/hva-gjor-vi-nu-lille-du\/\" target=\"_blank\" rel=\"noopener\">Hva gj\u00f8r vi nu, lille du?<\/a><\/span><br>8. kapittel <a href=\"https:\/\/site.nord.no\/didaktiskebetraktninger\/7-en-sverm-av-djevler-klokken-tre\/\" target=\"_blank\" rel=\"noopener\">En sverm av djevler klokken tre<\/a><br>9. Kapittel <a href=\"https:\/\/site.nord.no\/didaktiskebetraktninger\/kap-8-det-handler-om-undervisning-og-oppgavedesign\/\" data-type=\"link\" data-id=\"https:\/\/site.nord.no\/didaktiskebetraktninger\/kap-8-det-handler-om-undervisning-og-oppgavedesign\/\" target=\"_blank\" rel=\"noreferrer noopener\">Det handler om undervisning og oppgavedesign<\/a> <br>10. Kapittel <a href=\"https:\/\/site.nord.no\/didaktiskebetraktninger\/6-summa-summarum\/\" target=\"_blank\" rel=\"noopener\">Summa Summarum<\/a><br><\/strong><\/p>\n\n\n\n<p><a href=\"https:\/\/site.nord.no\/didaktiskebetraktninger\/epilog-2\/\" target=\"_blank\" rel=\"noopener\"><strong>Epilog<\/strong><\/a><\/p>\n\n\n\n<p><strong>[<em><a href=\"https:\/\/site.nord.no\/didaktiskebetraktninger\/krav-til-kildesitering-i-forbindelse-med-ak1-i-ikt1016\/\" data-type=\"link\" data-id=\"https:\/\/site.nord.no\/didaktiskebetraktninger\/krav-til-kildesitering-i-forbindelse-med-ak1-i-ikt1016\/\" target=\"_blank\" rel=\"noreferrer noopener\">Til studentene: AK1-IKT1016 &#8211; Formalia<\/a><\/em>]<\/strong><\/p>\n\n\n\n<h6 class=\"wp-block-heading\"><strong>Vedlegg<\/strong>:<\/h6>\n\n\n\n<ol class=\"wp-block-list\">\n<li><a href=\"https:\/\/site.nord.no\/didaktiskebetraktninger\/samleside-for-alle-testene\/\" data-type=\"link\" data-id=\"https:\/\/site.nord.no\/didaktiskebetraktninger\/samleside-for-alle-testene\/\" target=\"_blank\" rel=\"noreferrer noopener\"><strong>Samleside for alle testene<\/strong><\/a><\/li>\n\n\n\n<li><a href=\"https:\/\/site.nord.no\/didaktiskebetraktninger\/mine-funderinger-om-sakalt-ki\/\" data-type=\"link\" data-id=\"https:\/\/site.nord.no\/didaktiskebetraktninger\/mine-funderinger-om-sakalt-ki\/\" target=\"_blank\" rel=\"noreferrer noopener\"><strong>Samling av mine funderinger om KI<\/strong><\/a><\/li>\n\n\n\n<li><strong><a href=\"https:\/\/site.nord.no\/didaktiskebetraktninger\/den-komplette-leselisten\/\" data-type=\"link\" data-id=\"https:\/\/site.nord.no\/didaktiskebetraktninger\/den-komplette-leselisten\/\" target=\"_blank\" rel=\"noreferrer noopener\">Den komplette leselisten<\/a><\/strong><\/li>\n<\/ol>\n","protected":false},"excerpt":{"rendered":"<p>Av Per A. Godejord Fullstendig bloggbok: 43. utgave, 22.01. 2026 Deler av innholdet f\u00f8rste gang publisert som ett enkeltst\u00e5ende innlegg: 05.01. 2023 Forsidebilde: &laquo;Student ved ORG5005-Digital beredskap&raquo;, resultat av statistiske beregninger foretatt av Stable Diffusion 3.5 Vi st\u00e5r midt i en teknologisk utvikling som svekker v\u00e5r individuelle d\u00f8mmekraft, devaluerer den politiske og kulturelle verdien av &hellip; <a href=\"https:\/\/site.nord.no\/didaktiskebetraktninger\/chatgpt-et-talefort-eksempel-pa-kunstig-intelligens-eller\/\" class=\"more-link\">Fortsett \u00e5 lese<span class=\"screen-reader-text\"> \u00abChatGPT &#8211; et talef\u00f8rt eksempel p\u00e5 kunstig intelligens, eller\u2026?\u00bb<\/span><\/a><\/p>\n","protected":false},"author":11,"featured_media":0,"parent":0,"menu_order":0,"comment_status":"closed","ping_status":"closed","template":"","meta":{"footnotes":""},"coauthors":[2],"class_list":["post-6343","page","type-page","status-publish","hentry"],"_links":{"self":[{"href":"https:\/\/site.nord.no\/didaktiskebetraktninger\/wp-json\/wp\/v2\/pages\/6343","targetHints":{"allow":["GET"]}}],"collection":[{"href":"https:\/\/site.nord.no\/didaktiskebetraktninger\/wp-json\/wp\/v2\/pages"}],"about":[{"href":"https:\/\/site.nord.no\/didaktiskebetraktninger\/wp-json\/wp\/v2\/types\/page"}],"author":[{"embeddable":true,"href":"https:\/\/site.nord.no\/didaktiskebetraktninger\/wp-json\/wp\/v2\/users\/11"}],"replies":[{"embeddable":true,"href":"https:\/\/site.nord.no\/didaktiskebetraktninger\/wp-json\/wp\/v2\/comments?post=6343"}],"version-history":[{"count":32,"href":"https:\/\/site.nord.no\/didaktiskebetraktninger\/wp-json\/wp\/v2\/pages\/6343\/revisions"}],"predecessor-version":[{"id":7857,"href":"https:\/\/site.nord.no\/didaktiskebetraktninger\/wp-json\/wp\/v2\/pages\/6343\/revisions\/7857"}],"wp:attachment":[{"href":"https:\/\/site.nord.no\/didaktiskebetraktninger\/wp-json\/wp\/v2\/media?parent=6343"}],"wp:term":[{"taxonomy":"author","embeddable":true,"href":"https:\/\/site.nord.no\/didaktiskebetraktninger\/wp-json\/wp\/v2\/coauthors?post=6343"}],"curies":[{"name":"wp","href":"https:\/\/api.w.org\/{rel}","templated":true}]}}