{"id":6514,"date":"2025-07-17T07:29:40","date_gmt":"2025-07-17T05:29:40","guid":{"rendered":"https:\/\/site.nord.no\/didaktiskebetraktninger\/?page_id=6514"},"modified":"2026-04-07T19:01:23","modified_gmt":"2026-04-07T17:01:23","slug":"mine-funderinger-om-sakalt-ki","status":"publish","type":"page","link":"https:\/\/site.nord.no\/didaktiskebetraktninger\/mine-funderinger-om-sakalt-ki\/","title":{"rendered":"Mine funderinger om s\u00e5kalt KI"},"content":{"rendered":"\n<figure class=\"wp-block-pullquote\"><blockquote><p>Today&#8217;s large language models are phenomenal at pattern recognition. But they don&#8217;t truly understand causality. They don&#8217;t really know why A leads to B. They just predict the next token based on statistical correlations.<\/p><cite>Sir <a href=\"https:\/\/en.wikipedia.org\/wiki\/Demis_Hassabis\" data-type=\"link\" data-id=\"https:\/\/en.wikipedia.org\/wiki\/Demis_Hassabis\" target=\"_blank\" rel=\"noreferrer noopener\">Demis Hassabis<\/a> , 2026 (<a href=\"https:\/\/timesofindia.indiatimes.com\/technology\/tech-news\/google-deepmind-ceo-demis-hassabis-may-have-just-dropped-bombshell-for-openai-ceo-sam-altman\/articleshow\/126675407.cms\" data-type=\"link\" data-id=\"https:\/\/timesofindia.indiatimes.com\/technology\/tech-news\/google-deepmind-ceo-demis-hassabis-may-have-just-dropped-bombshell-for-openai-ceo-sam-altman\/articleshow\/126675407.cms\" target=\"_blank\" rel=\"noreferrer noopener\">1<\/a>)<\/cite><\/blockquote><\/figure>\n\n\n\n<p>Som samfunnsinformatiker med fokus p\u00e5 Human\u2011Centric Security, med over 30 \u00e5rs erfaring med informasjonsteknologi og mer enn 20 \u00e5rs erfaring med studentaktiv og nettbasert undervisning, har jeg plassert meg i kretsen av nasjonale og internasjonale forskere som er kritiske til hvordan begrepet \u00abKI\u00bb brukes i offentligheten. Min testing av ulike samtaleroboter i arbeidskrav for mine fagemner og p\u00e5 utvalgte tema, og de etterf\u00f8lgende observasjonene, har resultert i en rekke innlegg i media, her p\u00e5 bloggen og som konferansedeltaker. Jeg har ogs\u00e5 gitt kommentar til Malthe-S\u00f8renssen-utvalget. Nedenfor f\u00f8lger en samlet oversikt, men f\u00f8rst to sitat til ettertanke.<\/p>\n\n\n\n<blockquote class=\"wp-block-quote is-layout-flow wp-block-quote-is-layout-flow\">\n<p>&laquo;P\u00e5 PfDK-MOOCen (fjernundervisningskurs i Profesjonsfaglig digital utdanning) for grunnskole, hvor jeg er veileder, har vi eksamensoppgaver som er helt meningsl\u00f8se for ChatGPT. Der m\u00e5 studenten mene noe. ChatGPT kan kanskje ordlegge det bedre, men innholdet blir ikke bedre enn det studenten bidrar med.<em>\u00bb<\/em> <br>&#8211; Odin N\u00f8sen, 2024 (<a href=\"https:\/\/www.utdanningsnytt.no\/chatgpt-digital-kompetanse-kunstig-intelligens\/hva-er-egentlig-problemet-med-ki-og-vurdering\/389225\" data-type=\"link\" data-id=\"https:\/\/www.utdanningsnytt.no\/chatgpt-digital-kompetanse-kunstig-intelligens\/hva-er-egentlig-problemet-med-ki-og-vurdering\/389225\" target=\"_blank\" rel=\"noreferrer noopener\">2<\/a>)<\/p>\n<\/blockquote>\n\n\n\n<p><\/p>\n\n\n\n<blockquote class=\"wp-block-quote is-layout-flow wp-block-quote-is-layout-flow\">\n<p>&laquo;I have never quite understood the moral flutter over AI-generated essays. The panic assumes these pieces are exemplary, that they display and thus replace the very skills education is meant to cultivate. In truth they recall the dutiful prose of those well-behaved undergraduates who mastered the knack of sounding intelligent without suffering the inconvenience of thinking.<em>\u00bb<\/em><br>&#8211; Owen Matson, Ph.D., 2025 (<a href=\"https:\/\/www.linkedin.com\/posts\/drjohnowenmatson_aieducation-activity-7389602317987176449-IvKr\" data-type=\"link\" data-id=\"https:\/\/www.linkedin.com\/posts\/drjohnowenmatson_aieducation-activity-7389602317987176449-IvKr\" target=\"_blank\" rel=\"noreferrer noopener\">3<\/a>)<\/p>\n<\/blockquote>\n\n\n\n<h4 class=\"wp-block-heading\">Konferanser<\/h4>\n\n\n\n<ol class=\"wp-block-list\">\n<li><a href=\"https:\/\/conference.pixel-online.net\/files\/foe\/ed0014\/FP\/7907-ADU6581-FP-FOE14.pdf\" data-type=\"link\" data-id=\"https:\/\/conference.pixel-online.net\/files\/foe\/ed0014\/FP\/7907-ADU6581-FP-FOE14.pdf\" target=\"_blank\" rel=\"noreferrer noopener\">Language Models: Viable Strategies for Portfolio Assessment<\/a>, presentert virtuelt p\u00e5 14th International Conference The Future of Education, 2024<\/li>\n<\/ol>\n\n\n\n<h4 class=\"wp-block-heading\">I media<\/h4>\n\n\n\n<ol class=\"wp-block-list\">\n<li><a href=\"https:\/\/www.altinget.no\/artikkel\/teknologisk-analfabetisme-er-en-alvorlig-samfunnsrisiko\" data-type=\"link\" data-id=\"https:\/\/www.altinget.no\/artikkel\/teknologisk-analfabetisme-er-en-alvorlig-samfunnsrisiko\" target=\"_blank\" rel=\"noreferrer noopener\">Teknologisk analfabetisme er en alvorlig samfunnsrisiko<\/a>, Altinget, 21.07.2025<\/li>\n\n\n\n<li><a href=\"https:\/\/www.forskersonen.no\/chatgpt-kronikk-meninger\/samtalerobotenes-inntog-i-akademia-hype-eller-apokalypse\/2529609\" target=\"_blank\" rel=\"noreferrer noopener\">Samtalerobotenes inntog i akademia \u2013 hype eller apokalypse?<\/a>, forskersonen.no, 17.07.25<\/li>\n\n\n\n<li><a href=\"https:\/\/medium.com\/@per.a.godejord\/chatbots-in-education-hype-help-or-harm-01684e75f2fe\" target=\"_blank\" rel=\"noreferrer noopener\">Chatbots in Education: Hype, Help, or Harm?<\/a>, Medium, 05.06.25<\/li>\n\n\n\n<li><a href=\"https:\/\/www.an.no\/chatgpt-og-dets-ulike-avarter-nyttig-verktoy-eller-digital-papegoye\/o\/5-4-2176773\" target=\"_blank\" rel=\"noreferrer noopener\">ChatGPT og dets ulike avarter \u2013 nyttig verkt\u00f8y eller digital papeg\u00f8ye?<\/a>, Avisa Nordland, 02.06.2025<\/li>\n\n\n\n<li><a href=\"https:\/\/www.tronderdebatt.no\/trusler-i-det-digitale-rom-ki-eller-ganske-enkelt-the-usual-suspects\/o\/5-122-98051#am-comments\" target=\"_blank\" rel=\"noreferrer noopener\">Trusler i det digitale rom \u2013 KI eller ganske enkelt the usual suspects?<\/a>&nbsp;Tr\u00f8nderdebatt, 15.08.2024<\/li>\n\n\n\n<li><a href=\"https:\/\/www.tronderdebatt.no\/chat-gpt-en-mer-talefor-slektning-av-eliza\/o\/5-122-62050\" target=\"_blank\" rel=\"noreferrer noopener\">Chat GPT \u2013 En mer talef\u00f8r slektning av ELIZA<\/a>, Tr\u00f8nderdebatt, 10.01.2023<\/li>\n\n\n\n<li><a href=\"https:\/\/www.an.no\/chat-gpt-et-artig-verktoy-men-ingen-palitelig-eksamensloser\/o\/5-4-1706075\" target=\"_blank\" rel=\"noreferrer noopener\">Chat GPT \u2013 Et artig verkt\u00f8y men ingen p\u00e5litelig eksamensl\u00f8ser<\/a>, Avisa Nordland, nettutgave \u2013 debatt, 12.01.2023<\/li>\n<\/ol>\n\n\n\n<h4 class=\"wp-block-heading\">I sosiale medier<\/h4>\n\n\n\n<ol class=\"wp-block-list\">\n<li><a href=\"https:\/\/bsky.app\/profile\/pagodejord.bsky.social\" data-type=\"link\" data-id=\"https:\/\/bsky.app\/profile\/pagodejord.bsky.social\" target=\"_blank\" rel=\"noreferrer noopener\">Bluesky<\/a><\/li>\n<\/ol>\n\n\n\n<h4 class=\"wp-block-heading\">Bloggsonen Nord<\/h4>\n\n\n\n<ol class=\"wp-block-list\">\n<li><a href=\"https:\/\/site.nord.no\/didaktiskebetraktninger\/2026\/04\/03\/ki-optimismens-drommerier-kontra-kritiske-perspektiv-forankret-i-den-teknologiske-virkelighet\/\" data-type=\"link\" data-id=\"https:\/\/site.nord.no\/didaktiskebetraktninger\/2026\/04\/03\/ki-optimismens-drommerier-kontra-kritiske-perspektiv-forankret-i-den-teknologiske-virkelighet\/\" target=\"_blank\" rel=\"noreferrer noopener\">KI\u2011optimismens dr\u00f8mmerier kontra kritiske perspektiv forankret i den teknologiske virkelighet<\/a>, 03.04.2026<\/li>\n\n\n\n<li><a href=\"https:\/\/site.nord.no\/didaktiskebetraktninger\/2026\/02\/26\/hvor-star-jeg-faglig-i-ki-debatten-og-hvem-star-jeg-sammen-med-internasjonalt\/\" data-type=\"link\" data-id=\"https:\/\/site.nord.no\/didaktiskebetraktninger\/2026\/02\/26\/hvor-star-jeg-faglig-i-ki-debatten-og-hvem-star-jeg-sammen-med-internasjonalt\/\" target=\"_blank\" rel=\"noreferrer noopener\">Hvor st\u00e5r jeg faglig i KI-debatten \u2013 og hvem st\u00e5r jeg sammen med internasjonalt?<\/a>, 26.02.2026<\/li>\n\n\n\n<li><a href=\"https:\/\/site.nord.no\/didaktiskebetraktninger\/2026\/01\/29\/nar-nye-verktoy-er-20-ar-gamle-et-symptom-pa-et-storre-problem-i-utdanningsdebatten-knyttet-til-ki\/\" data-type=\"link\" data-id=\"https:\/\/site.nord.no\/didaktiskebetraktninger\/2026\/01\/29\/nar-nye-verktoy-er-20-ar-gamle-et-symptom-pa-et-storre-problem-i-utdanningsdebatten-knyttet-til-ki\/\" target=\"_blank\" rel=\"noreferrer noopener\">N\u00e5r over 20 \u00e5r gamle digitale verkt\u00f8y, og enda eldre praksis, omtales som \u00abnye\u00bb\u2026<\/a>, 29.01.2026<\/li>\n\n\n\n<li><a href=\"https:\/\/site.nord.no\/didaktiskebetraktninger\/2026\/01\/24\/hvorfor-jeg-ikke-benytte-ki-til-vurdering-og-karaktersetting\/\" data-type=\"link\" data-id=\"https:\/\/site.nord.no\/didaktiskebetraktninger\/2026\/01\/24\/hvorfor-jeg-ikke-benytte-ki-til-vurdering-og-karaktersetting\/\" target=\"_blank\" rel=\"noreferrer noopener\">Hvorfor jeg ikke benytte KI til vurdering og karaktersetting<\/a>, 24.01.2026<\/li>\n\n\n\n<li><a href=\"https:\/\/site.nord.no\/didaktiskebetraktninger\/2025\/07\/16\/drommen-om-ki\/\" data-type=\"link\" data-id=\"https:\/\/site.nord.no\/didaktiskebetraktninger\/2025\/07\/16\/drommen-om-ki\/\" target=\"_blank\" rel=\"noreferrer noopener\">Den farlige dr\u00f8mmen om KI<\/a>, 16.07.2025<\/li>\n\n\n\n<li><a href=\"https:\/\/site.nord.no\/didaktiskebetraktninger\/2025\/06\/28\/samtaleroboter-i-akademia-ki-verktoy-eller-kun-statistiske-tekstgeneratorer\/\" data-type=\"link\" data-id=\"https:\/\/site.nord.no\/didaktiskebetraktninger\/2025\/06\/28\/samtaleroboter-i-akademia-ki-verktoy-eller-kun-statistiske-tekstgeneratorer\/\" target=\"_blank\" rel=\"noreferrer noopener\">Samtaleroboter i akademia \u2013 KI-verkt\u00f8y eller kun statistiske tekstgeneratorer?<\/a> 28.06.2025<\/li>\n\n\n\n<li><a href=\"https:\/\/site.nord.no\/didaktiskebetraktninger\/2024\/07\/28\/trusler-i-det-digitale-rom-ki-eller-ganske-enkelt-the-usual-suspects\/\" data-type=\"link\" data-id=\"https:\/\/site.nord.no\/didaktiskebetraktninger\/2024\/07\/28\/trusler-i-det-digitale-rom-ki-eller-ganske-enkelt-the-usual-suspects\/\" target=\"_blank\" rel=\"noreferrer noopener\">Trusler i det digitale rom \u2013 KI eller ganske enkelt the usual suspects?<\/a> 28.07.2024<\/li>\n\n\n\n<li><a href=\"https:\/\/site.nord.no\/didaktiskebetraktninger\/2025\/06\/24\/chat-gpt-en-mer-talefor-slektning-av-eliza\/\" data-type=\"link\" data-id=\"https:\/\/site.nord.no\/didaktiskebetraktninger\/2025\/06\/24\/chat-gpt-en-mer-talefor-slektning-av-eliza\/\" target=\"_blank\" rel=\"noreferrer noopener\">ChatGPT \u2013 et talef\u00f8rt eksempel p\u00e5 kunstig intelligens, eller\u2026?<\/a>, 2023\/ 2025<\/li>\n<\/ol>\n\n\n\n<h4 class=\"wp-block-heading\">Malthe-S\u00f8renssen-utvalget<\/h4>\n\n\n\n<ol class=\"wp-block-list\">\n<li><a href=\"https:\/\/malthesorenssenutvalget.no\/2025\/10\/14\/per-arne-godejord\/\" data-type=\"link\" data-id=\"https:\/\/site.nord.no\/didaktiskebetraktninger\/kommentar-til-malthe-sorenssen-utvalget\/\" target=\"_blank\" rel=\"noreferrer noopener\">F\u00f8rste kommentar til Malthe-S\u00f8renssen-utvalget<\/a>, <em>September 2025<\/em><\/li>\n\n\n\n<li><a href=\"https:\/\/malthesorenssenutvalget.no\/2026\/03\/06\/per-arne-godejord-2\/\" data-type=\"link\" data-id=\"https:\/\/malthesorenssenutvalget.no\/2026\/03\/06\/per-arne-godejord-2\/\" target=\"_blank\" rel=\"noreferrer noopener\">Andre kommentar til Malthe-S\u00f8rensen-utvalget<\/a>, <em>Mars 2026<\/em><\/li>\n<\/ol>\n\n\n<div class=\"wp-block-image\">\n<figure class=\"aligncenter size-full is-resized\"><img loading=\"lazy\" decoding=\"async\" width=\"27\" height=\"30\" src=\"https:\/\/site.nord.no\/didaktiskebetraktninger\/wp-content\/uploads\/sites\/6\/2025\/08\/pi.jpg\" alt=\"fun fact\" class=\"wp-image-6817\" style=\"width:35px;height:auto\" \/><\/figure>\n<\/div>\n\n\n<p><strong>&lt; <a href=\"https:\/\/site.nord.no\/didaktiskebetraktninger\/chatgpt-et-talefort-eksempel-pa-kunstig-intelligens-eller\/\" data-type=\"link\" data-id=\"https:\/\/site.nord.no\/didaktiskebetraktninger\/chatgpt-et-talefort-eksempel-pa-kunstig-intelligens-eller\/\" target=\"_blank\" rel=\"noreferrer noopener\">Tilbake<\/a><\/strong><\/p>\n\n\n\n<p><\/p>\n","protected":false},"excerpt":{"rendered":"<p>Today&#8217;s large language models are phenomenal at pattern recognition. But they don&#8217;t truly understand causality. They don&#8217;t really know why A leads to B. They just predict the next token based on statistical correlations. Sir Demis Hassabis , 2026 (1) Som samfunnsinformatiker med fokus p\u00e5 Human\u2011Centric Security, med over 30 \u00e5rs erfaring med informasjonsteknologi og &hellip; <a href=\"https:\/\/site.nord.no\/didaktiskebetraktninger\/mine-funderinger-om-sakalt-ki\/\" class=\"more-link\">Fortsett \u00e5 lese<span class=\"screen-reader-text\"> \u00abMine funderinger om s\u00e5kalt KI\u00bb<\/span><\/a><\/p>\n","protected":false},"author":11,"featured_media":0,"parent":0,"menu_order":0,"comment_status":"closed","ping_status":"closed","template":"","meta":{"footnotes":""},"coauthors":[2],"class_list":["post-6514","page","type-page","status-publish","hentry"],"_links":{"self":[{"href":"https:\/\/site.nord.no\/didaktiskebetraktninger\/wp-json\/wp\/v2\/pages\/6514","targetHints":{"allow":["GET"]}}],"collection":[{"href":"https:\/\/site.nord.no\/didaktiskebetraktninger\/wp-json\/wp\/v2\/pages"}],"about":[{"href":"https:\/\/site.nord.no\/didaktiskebetraktninger\/wp-json\/wp\/v2\/types\/page"}],"author":[{"embeddable":true,"href":"https:\/\/site.nord.no\/didaktiskebetraktninger\/wp-json\/wp\/v2\/users\/11"}],"replies":[{"embeddable":true,"href":"https:\/\/site.nord.no\/didaktiskebetraktninger\/wp-json\/wp\/v2\/comments?post=6514"}],"version-history":[{"count":21,"href":"https:\/\/site.nord.no\/didaktiskebetraktninger\/wp-json\/wp\/v2\/pages\/6514\/revisions"}],"predecessor-version":[{"id":7869,"href":"https:\/\/site.nord.no\/didaktiskebetraktninger\/wp-json\/wp\/v2\/pages\/6514\/revisions\/7869"}],"wp:attachment":[{"href":"https:\/\/site.nord.no\/didaktiskebetraktninger\/wp-json\/wp\/v2\/media?parent=6514"}],"wp:term":[{"taxonomy":"author","embeddable":true,"href":"https:\/\/site.nord.no\/didaktiskebetraktninger\/wp-json\/wp\/v2\/coauthors?post=6514"}],"curies":[{"name":"wp","href":"https:\/\/api.w.org\/{rel}","templated":true}]}}