{"id":6964,"date":"2025-09-19T10:49:41","date_gmt":"2025-09-19T08:49:41","guid":{"rendered":"https:\/\/site.nord.no\/didaktiskebetraktninger\/?page_id=6964"},"modified":"2026-03-03T08:02:32","modified_gmt":"2026-03-03T07:02:32","slug":"digital-distribuering-av-undervisning","status":"publish","type":"page","link":"https:\/\/site.nord.no\/didaktiskebetraktninger\/digital-distribuering-av-undervisning\/","title":{"rendered":"Digital distribuering av undervisning"},"content":{"rendered":"\n<figure class=\"wp-block-pullquote\"><blockquote><p>Online learning is not about watching videos\u2014it\u2019s about engagement, exploration, and transformation<\/p><cite>Professor Barbara Oakley<\/cite><\/blockquote><\/figure>\n\n\n\n<h3 class=\"wp-block-heading\">Innledning<\/h3>\n\n\n\n<p>Jeg startet mine f\u00f8rste funderinger om nettbasert undervisning tilbake i 1996 da jeg som IT-sjef ved dav\u00e6rende H\u00f8gskolen i Nesna jobbet sammen med bl.a. forelesere i informatikk med fokus p\u00e5 videokonferansesystemet CuSeeMe og bruk av websider for formidling av undervisning. I 1999 \u2013 2000 jobbet jeg i videreg\u00e5ende skole og testet ut om det \u00e5 sende elevene hjem og kj\u00f8re undervisning via direktemeldingssystemet ICQ kunne v\u00e6re en m\u00e5te \u00e5 l\u00f8fte de mest demotiverte og gj\u00f8re dem interessert i fagstoffet. Fra og med 2003 har jeg drevet med undervisning i rene nettbaserte og asynkrone fagemner og studieprogram.<em>&nbsp;<\/em><\/p>\n\n\n\n<p>I det f\u00f8lgende har jeg samlet det meste sentrale av det jeg har skrevet om &laquo;nettundervisning\u00bb, eller &laquo;digital distribuering av fagemner\u00bb som jeg foretrekker \u00e5 kalle det.<\/p>\n\n\n\n<h3 class=\"wp-block-heading\">Noen forbehold<\/h3>\n\n\n\n<p>Begrepet &laquo;undervisning\u00bb gir fort tanker om 45 minutters forelesning, men siden 2002 har jeg utelukkende hatt fokus p\u00e5 studentaktivitet i form av prosjekt, case og arbeidskrav og der den individuelle veiledningen er sentral. Eksamensformen er mappevurdering, utformet og tilpasset mine fagemner og forankret i over 20 \u00e5rs erfaring med digitalt distribuert undervisning.<\/p>\n\n\n\n<p>Min forankring er i den amerikanske tradisjonen for hvordan undervise i informasjonsteknologi, der <em>Learning by doing<\/em> er sentralt, og der studentenes bruk av ulike digitale verkt\u00f8y (herunder <a href=\"https:\/\/site.nord.no\/didaktiskebetraktninger\/2025\/06\/24\/chat-gpt-en-mer-talefor-slektning-av-eliza\/\" data-type=\"link\" data-id=\"https:\/\/site.nord.no\/didaktiskebetraktninger\/2025\/06\/24\/chat-gpt-en-mer-talefor-slektning-av-eliza\/\" target=\"_blank\" rel=\"noreferrer noopener\">samtaleroboter<\/a>) er en selvf\u00f8lge. Videre identifiserer jeg meg med samfunnsinformatikken slik Rob Kling og Tom Jewett praktiserte dette fagomr\u00e5det.<\/p>\n\n\n\n<p>Siden min undervisningsfilosofi og tanker om studentaktiv undervisning er sentralt for hvordan jeg forst\u00e5r det \u00e5 distribuere fagemner digitalt, gir jeg her en oversikt over dette.<\/p>\n\n\n\n<ul class=\"wp-block-list\">\n<li><a href=\"https:\/\/site.nord.no\/didaktiskebetraktninger\/2018\/03\/16\/undervisningsfilosofi\/\" data-type=\"link\" data-id=\"https:\/\/site.nord.no\/didaktiskebetraktninger\/2018\/03\/16\/undervisningsfilosofi\/\" target=\"_blank\" rel=\"noreferrer noopener\">Undervisningsfilosofi<\/a><\/li>\n\n\n\n<li><a href=\"https:\/\/www.youtube.com\/watch?v=EYBx5pSgCqU\" data-type=\"link\" data-id=\"https:\/\/www.youtube.com\/watch?v=EYBx5pSgCqU\" target=\"_blank\" rel=\"noreferrer noopener\">Studentaktiv undervisning<\/a> (Video)<\/li>\n\n\n\n<li><a href=\"https:\/\/site.nord.no\/didaktiskebetraktninger\/2018\/03\/16\/verktoybruk-studenter\/\" data-type=\"link\" data-id=\"https:\/\/site.nord.no\/didaktiskebetraktninger\/2018\/03\/16\/verktoybruk-studenter\/\" target=\"_blank\" rel=\"noreferrer noopener\">Mine studenters bruk av digitale verkt\u00f8y\/ digitale medier<\/a><\/li>\n\n\n\n<li><a href=\"https:\/\/site.nord.no\/didaktiskebetraktninger\/2020\/01\/24\/studentaktiv-undervisning-et-sporsmal-om-oppgavedesign-ikke-digitale-verktoy\/\" data-type=\"link\" data-id=\"https:\/\/site.nord.no\/didaktiskebetraktninger\/2020\/01\/24\/studentaktiv-undervisning-et-sporsmal-om-oppgavedesign-ikke-digitale-verktoy\/\" target=\"_blank\" rel=\"noreferrer noopener\">Studentaktiv undervisning \u2013 et sp\u00f8rsm\u00e5l om oppgavedesign ikke digitale verkt\u00f8y<\/a><\/li>\n\n\n\n<li><a href=\"https:\/\/site.nord.no\/didaktiskebetraktninger\/prosjekt-ga-inn-i-din-tid\/\" target=\"_blank\" rel=\"noreferrer noopener\">Prosjekt G\u00e5 inn i din tid<\/a>&nbsp;<\/li>\n\n\n\n<li><a href=\"https:\/\/site.nord.no\/didaktiskebetraktninger\/2019\/03\/08\/dronene-flyr-i-skumringen-et-prosjektbasert-undervisningsopplegg\/\" data-type=\"link\" data-id=\"https:\/\/site.nord.no\/didaktiskebetraktninger\/2019\/03\/08\/dronene-flyr-i-skumringen-et-prosjektbasert-undervisningsopplegg\/\" target=\"_blank\" rel=\"noreferrer noopener\">Dronene flyr i skumringen \u2013 et prosjektbasert undervisningsopplegg<\/a><\/li>\n\n\n\n<li><a href=\"https:\/\/site.nord.no\/didaktiskebetraktninger\/2025\/10\/21\/case-laste-dorer-ved-universitetet-i-lillevik\/\" data-type=\"link\" data-id=\"https:\/\/site.nord.no\/didaktiskebetraktninger\/2025\/10\/21\/case-laste-dorer-ved-universitetet-i-lillevik\/\" target=\"_blank\" rel=\"noreferrer noopener\">Case: L\u00e5ste d\u00f8rer ved Universitetet i Lillevik<\/a><\/li>\n\n\n\n<li><a href=\"https:\/\/site.nord.no\/didaktiskebetraktninger\/2022\/11\/23\/fra-enkeltverktoy-til-helhetlig-digital-mediehverdag-historie-statistikk-og-angrepsscenarioer\/\" data-type=\"link\" data-id=\"https:\/\/site.nord.no\/didaktiskebetraktninger\/2022\/11\/23\/fra-enkeltverktoy-til-helhetlig-digital-mediehverdag-historie-statistikk-og-angrepsscenarioer\/\" target=\"_blank\" rel=\"noreferrer noopener\">Fra enkeltverkt\u00f8y til helhetlig digital mediehverdag \u2013 Historie, statistikk og angrepsscenarioer som del av studentaktiv l\u00e6ring<\/a><\/li>\n<\/ul>\n\n\n\n<p>Min m\u00e5te \u00e5 undervise p\u00e5 er alts\u00e5 sterkt forankret i en amerikansk fagtradisjon (<em>slik jeg oppfatter den<\/em>). I tillegg er mine studenter i hovedsak profesjonelle undervisere i form av l\u00e6rere (skoleverket), forelesere (h\u00f8yere utdanning), instrukt\u00f8rer (Forsvaret\/ Sivilforsvaret), kursholdere\/ oppl\u00e6ringsansvarlige (offentlig og privat virksomhet) og beredskapspersonell.<\/p>\n\n\n\n<p>Disse har det til felles at de som regel <em>ikke f\u00e5r fri av arbeidsgiver til \u00e5 studere<\/em> og at de er vant til \u00e5 jobbe strukturert.<\/p>\n\n\n\n<p>Men jeg har ogs\u00e5 gode erfaringer med \u00e5 kj\u00f8re studentaktiv undervisning f2f, der studentene benytter ulike digitale verkt\u00f8y for \u00e5 enten skape et produkt eller teste ut teorier, som s\u00e5 blir del av rapporter utformet i team. Erfaringene mine fra uttesting av omvendt klasserom og nettst\u00f8ttet undervisning (ICQ, samt bruk av dataspill) i videreg\u00e5ende skole og bruk av reelle prosjekt basert p\u00e5 ideer fra Redd Barna og Kripos i min informatikk-undervisning, ligger i bunn for det jeg gj\u00f8r ogs\u00e5 i de rene nettbaserte studier innen EVU-feltet.<\/p>\n\n\n\n<p>Til slutt er det viktig \u00e5 understreke at jeg aldri har hatt ansvar for 200 &#8211; 1000 studenter, eller jobbet med fagemner som krever at studentene l\u00e6rer utenat og viser evne til \u00e5 reprodusere klare fakta. Jeg jobber normalt aldri med mer en ca. 160 studenter (+ &#8211; ) per semester tilsammen i mine ulike fagemner, og da er det overkommelig \u00e5 kj\u00f8re studentaktiv undervisning med bruk av individuell veiledning, og mappeevaluering som eksamensform.<\/p>\n\n\n\n<p>Gitt disse forhold vil min m\u00e5te \u00e5 tenke &laquo;nettundervisning\u00bb p\u00e5 kunne v\u00e6re vidt forskjellig fra andres, og ikke umiddelbart overf\u00f8rbart til andre fagomr\u00e5der og fagtradisjoner.<\/p>\n\n\n\n<h3 class=\"wp-block-heading\">\u00c5 jobbe med studenter online og asynkront<\/h3>\n\n\n\n<p>Mine tanker om det \u00e5 legge til rette for l\u00e6ring p\u00e5 nett er i hovedsak gjennomg\u00e5tt i de f\u00f8lgende innleggene:<\/p>\n\n\n\n<ul class=\"wp-block-list\">\n<li><a href=\"https:\/\/site.nord.no\/didaktiskebetraktninger\/2020\/03\/17\/tips-om-nettundervisning\/\" data-type=\"link\" data-id=\"https:\/\/site.nord.no\/didaktiskebetraktninger\/2020\/03\/17\/tips-om-nettundervisning\/\" target=\"_blank\" rel=\"noreferrer noopener\">Tips om nettundervisning<\/a><\/li>\n\n\n\n<li><a href=\"https:\/\/site.nord.no\/didaktiskebetraktninger\/2022\/06\/09\/organisering-av-laeringsrom-som-stotte-for-asynkron-nettundervisning\/\" data-type=\"link\" data-id=\"https:\/\/site.nord.no\/didaktiskebetraktninger\/2022\/06\/09\/organisering-av-laeringsrom-som-stotte-for-asynkron-nettundervisning\/\" target=\"_blank\" rel=\"noreferrer noopener\">Organisering av l\u00e6ringsrom som st\u00f8tte for asynkron nettundervisning<\/a><\/li>\n\n\n\n<li><a href=\"https:\/\/site.nord.no\/didaktiskebetraktninger\/2020\/05\/06\/noen-tanker-om-pedagogikk-i-skyen\/\" data-type=\"link\" data-id=\"https:\/\/site.nord.no\/didaktiskebetraktninger\/2020\/05\/06\/noen-tanker-om-pedagogikk-i-skyen\/\" target=\"_blank\" rel=\"noreferrer noopener\">Noen tanker om pedagogikk i skyen<\/a><\/li>\n\n\n\n<li><a href=\"https:\/\/site.nord.no\/didaktiskebetraktninger\/2023\/05\/20\/hvordan-lykkes-med-nettundervisning\/\" data-type=\"post\" data-id=\"1294\" target=\"_blank\" rel=\"noreferrer noopener\">Hvordan lykkes med nettundervisning<\/a><\/li>\n<\/ul>\n\n\n\n<h3 class=\"wp-block-heading\">Mine nettbaserte program og fagemner<\/h3>\n\n\n\n<ul class=\"wp-block-list\">\n<li><a href=\"https:\/\/site.nord.no\/didaktiskebetraktninger\/2024\/01\/26\/40-ar-med-ikt-og-laering\/\" data-type=\"link\" data-id=\"https:\/\/site.nord.no\/didaktiskebetraktninger\/2024\/01\/26\/40-ar-med-ikt-og-laering\/\" target=\"_blank\" rel=\"noreferrer noopener\">40 \u00e5r med IKT og l\u00e6ring<\/a><\/li>\n\n\n\n<li><a href=\"https:\/\/site.nord.no\/didaktiskebetraktninger\/2022\/06\/07\/org5005-fra-synkront-samlingsbasert-til-asynkront-nettbasert\/\" data-type=\"link\" data-id=\"https:\/\/site.nord.no\/didaktiskebetraktninger\/2022\/06\/07\/org5005-fra-synkront-samlingsbasert-til-asynkront-nettbasert\/\" target=\"_blank\" rel=\"noreferrer noopener\">ORG5005 \u2013 Fra synkront samlingsbasert til asynkront nettbasert<\/a><\/li>\n<\/ul>\n\n\n\n<h3 class=\"wp-block-heading\">Avslutning<\/h3>\n\n\n\n<p>Min m\u00e5te \u00e5 drive nettbasert undervisning p\u00e5 kan oppsummeres i f\u00f8lgende prinsipper:<\/p>\n\n\n\n<p><strong>1. Studentaktiv l\u00e6ring<\/strong><\/p>\n\n\n\n<ul class=\"wp-block-list\">\n<li>Undervisningen skal v\u00e6re handlingsorientert og involverende.<\/li>\n\n\n\n<li>Bruk av prosjekt, case og arbeidskrav som l\u00e6ringsformer.<\/li>\n\n\n\n<li>L\u00e6ring skjer gjennom aktivitet, ikke passiv mottakelse.<\/li>\n<\/ul>\n\n\n\n<p><strong>2. Oppgavedesign over verkt\u00f8yvalg<\/strong><\/p>\n\n\n\n<ul class=\"wp-block-list\">\n<li>Det er kvaliteten p\u00e5 oppgavene som avgj\u00f8r l\u00e6ringsutbyttet, ikke hvilke digitale verkt\u00f8y som brukes.<\/li>\n\n\n\n<li>Digitale verkt\u00f8y er st\u00f8ttefunksjoner, <em>ikke<\/em> pedagogiske drivere.<\/li>\n<\/ul>\n\n\n\n<p><strong>3. Asynkron fleksibilitet<\/strong><\/p>\n\n\n\n<ul class=\"wp-block-list\">\n<li>L\u00e6ringsrom organiseres for \u00e5 st\u00f8tte individuell progresjon og tilgjengelighet.<\/li>\n\n\n\n<li>Undervisningen tilpasses studenter uavhengig av hvor de befinner seg, og som kombinerer full jobb og studier.<\/li>\n<\/ul>\n\n\n\n<p><strong>4. Individuell veiledning<\/strong><\/p>\n\n\n\n<ul class=\"wp-block-list\">\n<li>Veiledning er den sentral komponent i l\u00e6ringsprosessen.<\/li>\n\n\n\n<li>Jeg fungerer som mentor og fasilitator, ikke bare formidler.<\/li>\n<\/ul>\n\n\n\n<p><strong>5. Mappevurdering som eksamensform<\/strong><\/p>\n\n\n\n<ul class=\"wp-block-list\">\n<li>Vurdering skjer gjennom dokumentert prosess og refleksjon.<\/li>\n\n\n\n<li>Fremmer dybdel\u00e6ring og kontinuerlig utvikling.<\/li>\n<\/ul>\n\n\n\n<p><strong>6. Learning by Doing (amerikansk tradisjon)<\/strong><\/p>\n\n\n\n<ul class=\"wp-block-list\">\n<li>Praktisk anvendelse av kunnskap st\u00e5r i sentrum.<\/li>\n\n\n\n<li>Inspirert av hvordan jeg forst\u00e5r fagomr\u00e5det samfunnsinformatikk og erfaringsbasert l\u00e6ring, forankret i Rob Kling og Tom Jewett sine tanker.<\/li>\n<\/ul>\n\n\n\n<p><strong>7. Tilpasning til m\u00e5lgruppen<\/strong><\/p>\n\n\n\n<ul class=\"wp-block-list\">\n<li>Undervisningen er designet for profesjonelle yrkesut\u00f8vere med evne til strukturert arbeid.<\/li>\n\n\n\n<li>Relevans og kontekstualisering er sentralt for motivasjon og l\u00e6ring.<\/li>\n<\/ul>\n\n\n\n<p>For mer om min fagprofil og ulike innlegg knyttet til mitt undervisningsvirke se<br>hovedsiden &laquo;<a href=\"https:\/\/site.nord.no\/didaktiskebetraktninger\/\" data-type=\"link\" data-id=\"https:\/\/site.nord.no\/didaktiskebetraktninger\/\" target=\"_blank\" rel=\"noreferrer noopener\">Didaktiske betraktninger<\/a>\u00bb, og innleggsoversikten til h\u00f8yre.<\/p>\n\n\n\n<p>_________________________________<\/p>\n\n\n\n<pre class=\"wp-block-preformatted\"><img decoding=\"async\" src=\"https:\/\/secure.gravatar.com\/avatar\/ba3fede0f36e56a5034095ec547c9b5125421000e71a1582381c72052eb90e95?s=42&amp;d=mm&amp;r=g\" alt=\"\"> <strong>Forfatter:&nbsp;pagodejord<\/strong><br><br>F\u00f8rstelektor i informatikk ved Handelsh\u00f8yskolen Nord, utdannet i IKT\/ IKT-sikkerhet (Biometriske sikkerhetssystem og betalingsformidling) samt Jus med spesialisering i Politirett og Arbeidsrett, tidligere lokalpolitiker for H\u00f8yre, tjenestepliktig stabsbefal i Sivilforsvaret (pensjonert) med lederansvar for TAKEVAL ved NTSFD, tidligere IT-sjef med sikkerhetsansvar, over 30 \u00e5rs erfaring med bevisstgj\u00f8ringsarbeid innen IKT-sikkerhet og over 20 \u00e5rs erfaring med digital distribuering av undervisning og studentaktiv undervisning.&nbsp;<a href=\"https:\/\/site.nord.no\/didaktiskebetraktninger\/author\/pagodejord\/\" target=\"_blank\" rel=\"noreferrer noopener\">Vis alle innlegg av pagodejord<\/a><\/pre>\n","protected":false},"excerpt":{"rendered":"<p>Online learning is not about watching videos\u2014it\u2019s about engagement, exploration, and transformation Professor Barbara Oakley Innledning Jeg startet mine f\u00f8rste funderinger om nettbasert undervisning tilbake i 1996 da jeg som IT-sjef ved dav\u00e6rende H\u00f8gskolen i Nesna jobbet sammen med bl.a. forelesere i informatikk med fokus p\u00e5 videokonferansesystemet CuSeeMe og bruk av websider for formidling av &hellip; <a href=\"https:\/\/site.nord.no\/didaktiskebetraktninger\/digital-distribuering-av-undervisning\/\" class=\"more-link\">Fortsett \u00e5 lese<span class=\"screen-reader-text\"> \u00abDigital distribuering av undervisning\u00bb<\/span><\/a><\/p>\n","protected":false},"author":11,"featured_media":0,"parent":0,"menu_order":0,"comment_status":"closed","ping_status":"closed","template":"","meta":{"footnotes":""},"coauthors":[2],"class_list":["post-6964","page","type-page","status-publish","hentry"],"_links":{"self":[{"href":"https:\/\/site.nord.no\/didaktiskebetraktninger\/wp-json\/wp\/v2\/pages\/6964","targetHints":{"allow":["GET"]}}],"collection":[{"href":"https:\/\/site.nord.no\/didaktiskebetraktninger\/wp-json\/wp\/v2\/pages"}],"about":[{"href":"https:\/\/site.nord.no\/didaktiskebetraktninger\/wp-json\/wp\/v2\/types\/page"}],"author":[{"embeddable":true,"href":"https:\/\/site.nord.no\/didaktiskebetraktninger\/wp-json\/wp\/v2\/users\/11"}],"replies":[{"embeddable":true,"href":"https:\/\/site.nord.no\/didaktiskebetraktninger\/wp-json\/wp\/v2\/comments?post=6964"}],"version-history":[{"count":19,"href":"https:\/\/site.nord.no\/didaktiskebetraktninger\/wp-json\/wp\/v2\/pages\/6964\/revisions"}],"predecessor-version":[{"id":7753,"href":"https:\/\/site.nord.no\/didaktiskebetraktninger\/wp-json\/wp\/v2\/pages\/6964\/revisions\/7753"}],"wp:attachment":[{"href":"https:\/\/site.nord.no\/didaktiskebetraktninger\/wp-json\/wp\/v2\/media?parent=6964"}],"wp:term":[{"taxonomy":"author","embeddable":true,"href":"https:\/\/site.nord.no\/didaktiskebetraktninger\/wp-json\/wp\/v2\/coauthors?post=6964"}],"curies":[{"name":"wp","href":"https:\/\/api.w.org\/{rel}","templated":true}]}}