{"id":7204,"date":"2025-11-12T11:01:44","date_gmt":"2025-11-12T10:01:44","guid":{"rendered":"https:\/\/site.nord.no\/didaktiskebetraktninger\/?page_id=7204"},"modified":"2026-02-18T10:35:20","modified_gmt":"2026-02-18T09:35:20","slug":"krav-til-kildesitering-i-forbindelse-med-ak1-i-ikt1016","status":"publish","type":"page","link":"https:\/\/site.nord.no\/didaktiskebetraktninger\/krav-til-kildesitering-i-forbindelse-med-ak1-i-ikt1016\/","title":{"rendered":"Krav til kildesitering i forbindelse med AK1 i IKT1016"},"content":{"rendered":"\n<p><em><strong>Denne &laquo;bloggboken&raquo; er i hovedsak utviklet for arbeidskrav 1 i fagemnet IKT1016 &#8211; Digital dannelse<\/strong><\/em><strong>,<\/strong> <strong>studieprogram <a href=\"https:\/\/www.nord.no\/studier\/ikt-og-laering-1\" data-type=\"link\" data-id=\"https:\/\/www.nord.no\/studier\/ikt-og-laering-1\" target=\"_blank\" rel=\"noreferrer noopener\">IKT og l\u00e6ring 1<\/a>.<\/strong><\/p>\n\n\n\n<p><strong>Kildehenvisning<\/strong> <strong>i tekst<\/strong>: (Godejord, 2026). Eventuelt om man \u00f8nsker st\u00f8rre presisjon: (Godejord, 2026, kapittel 8). [<em>Det er ogs\u00e5 ok \u00e5 skrive (Godejord, P.A, 2026) i dette tilfellet, selv om her kun er en Godejord som forfatter<\/em>].<br><strong>I litteraturlisten<\/strong>: Godejord, Per A. (2026). \u00abKapittelnavn\u00bb, i \u00abChatGPT \u2013 et talef\u00f8rt eksempel p\u00e5 kunstig intelligens, eller \u2026?\u00bb, Nord universitets bloggnettverk, [Online]. Hentet fra: <em>Full lenkeadresse<\/em> <em>til kapittel<\/em>.<br><br><strong>[NB!<\/strong> <em>Som del av arbeidet med AK1 i IKT1016 er det vesentlig at alle henvisninger er knyttet til konkrete kapitler i bloggboken<\/em> <strong>NB!]<\/strong><\/p>\n\n\n\n<p class=\"has-text-align-center\"><strong>&lt;<a href=\"https:\/\/site.nord.no\/didaktiskebetraktninger\/chatgpt-et-talefort-eksempel-pa-kunstig-intelligens-eller\/\" data-type=\"link\" data-id=\"https:\/\/site.nord.no\/didaktiskebetraktninger\/chatgpt-et-talefort-eksempel-pa-kunstig-intelligens-eller\/\">Tilbake<\/a><\/strong><\/p>\n","protected":false},"excerpt":{"rendered":"<p>Denne &laquo;bloggboken&raquo; er i hovedsak utviklet for arbeidskrav 1 i fagemnet IKT1016 &#8211; Digital dannelse, studieprogram IKT og l\u00e6ring 1. Kildehenvisning i tekst: (Godejord, 2026). Eventuelt om man \u00f8nsker st\u00f8rre presisjon: (Godejord, 2026, kapittel 8). [Det er ogs\u00e5 ok \u00e5 skrive (Godejord, P.A, 2026) i dette tilfellet, selv om her kun er en Godejord som &hellip; <a href=\"https:\/\/site.nord.no\/didaktiskebetraktninger\/krav-til-kildesitering-i-forbindelse-med-ak1-i-ikt1016\/\" class=\"more-link\">Fortsett \u00e5 lese<span class=\"screen-reader-text\"> \u00abKrav til kildesitering i forbindelse med AK1 i IKT1016\u00bb<\/span><\/a><\/p>\n","protected":false},"author":11,"featured_media":0,"parent":0,"menu_order":0,"comment_status":"closed","ping_status":"closed","template":"","meta":{"footnotes":""},"coauthors":[2],"class_list":["post-7204","page","type-page","status-publish","hentry"],"_links":{"self":[{"href":"https:\/\/site.nord.no\/didaktiskebetraktninger\/wp-json\/wp\/v2\/pages\/7204","targetHints":{"allow":["GET"]}}],"collection":[{"href":"https:\/\/site.nord.no\/didaktiskebetraktninger\/wp-json\/wp\/v2\/pages"}],"about":[{"href":"https:\/\/site.nord.no\/didaktiskebetraktninger\/wp-json\/wp\/v2\/types\/page"}],"author":[{"embeddable":true,"href":"https:\/\/site.nord.no\/didaktiskebetraktninger\/wp-json\/wp\/v2\/users\/11"}],"replies":[{"embeddable":true,"href":"https:\/\/site.nord.no\/didaktiskebetraktninger\/wp-json\/wp\/v2\/comments?post=7204"}],"version-history":[{"count":7,"href":"https:\/\/site.nord.no\/didaktiskebetraktninger\/wp-json\/wp\/v2\/pages\/7204\/revisions"}],"predecessor-version":[{"id":7706,"href":"https:\/\/site.nord.no\/didaktiskebetraktninger\/wp-json\/wp\/v2\/pages\/7204\/revisions\/7706"}],"wp:attachment":[{"href":"https:\/\/site.nord.no\/didaktiskebetraktninger\/wp-json\/wp\/v2\/media?parent=7204"}],"wp:term":[{"taxonomy":"author","embeddable":true,"href":"https:\/\/site.nord.no\/didaktiskebetraktninger\/wp-json\/wp\/v2\/coauthors?post=7204"}],"curies":[{"name":"wp","href":"https:\/\/api.w.org\/{rel}","templated":true}]}}