{"id":702,"date":"2025-02-27T22:50:49","date_gmt":"2025-02-27T21:50:49","guid":{"rendered":"https:\/\/site.nord.no\/diginn\/?page_id=702"},"modified":"2025-10-27T21:02:03","modified_gmt":"2025-10-27T20:02:03","slug":"publications","status":"publish","type":"page","link":"https:\/\/site.nord.no\/diginn\/publications\/","title":{"rendered":"Publications"},"content":{"rendered":"\n<p><strong>2025:<\/strong><\/p>\n\n\n\n<p><strong>Modic, D.,\u00a0Chetan, S. S.<\/strong>, Ul-Durar, S., Arshed, N., De Sisto, M., &amp; Damij, N. (2025). What is a circular economy champion? Defining a home-grown concept in an emerging field.\u00a0<em>Journal of Cleaner Production<\/em>,<em>523<\/em>, 146408.<\/p>\n\n\n\n<p>Karishma, S., Tiwari, U., &nbsp;Bhatta, S., &nbsp;Luitel, H., <strong>Grande, J., Molden, L<\/strong>&nbsp;&amp; P. Khanal&nbsp;(2025) &#8220;Exploring stakeholder willingness to adopt alternative poultry feeds: Insights from Nepal&#8221; <em>Cleaner and Responsible Consumption . <a href=\"https:\/\/www.sciencedirect.com\/journal\/cleaner-and-responsible-consumption\/vol\/19\/suppl\/C\">Volume 19<\/a>,&nbsp;December 2025<\/em><\/p>\n\n\n\n<p>Simil\u00e4, J.O, &amp; <strong>L.Molden<\/strong> (2025) &#8220;Green Public Procurement in Norway: Examining the Impact of Resources and Competencies Across Municipalities of Different Sizes&#8221; in <em>Public Procurement Pathways: Sustainablity Edition<\/em>, Langseth and Simil\u00e4 (eds). Oslo: Cappelen Damm Forskning<\/p>\n\n\n\n<p><span class=\"text surname\" style=\"margin: 0px;padding: 0px;, sans-serif;text-align: center\"><strong>Zamani, S <\/strong>(2025)&nbsp;<\/span>&#8220;Navigating sustainability in Arctic tourism: Business models resilience during the COVID-19 pandemic&#8221; <em> International Journal of Disaster Risk Reduction Vol 123<\/em><a href=\"https:\/\/www.sciencedirect.com\/journal\/international-journal-of-disaster-risk-reduction\/vol\/123\/suppl\/C\"><\/a><\/p>\n\n\n\n<p>Fric, U., &nbsp;Levnaji\u0107, Z.,&nbsp;<strong>Modic, D<\/strong>. &amp; B Ron\u010devi\u0107 (2025) &#8220;Industrial symbiosis networks supporting circularity: Understanding complexity, cyclicality and resilience&#8221;&nbsp;<em>Environmental Technology &amp; Innovation 37, 104026<\/em><\/p>\n\n\n\n<p><strong>Molden, L., Modic, D.<\/strong>, Rasmussen, E., Jakobsen S., &amp; Vanhaverbeke, W., (2025) &#8220;Harnessing innovation for advancing&nbsp;a&nbsp;circular bioeconomy&#8221; in&nbsp;<em>Research Handbook for Innovation in the Circular Bioeconomy.&nbsp;<\/em>Edward Elgar Publishing.&nbsp;<\/p>\n\n\n\n<p><strong>Molden, L<\/strong>., &amp; &nbsp;P. Khanal (2025) &#8220;Establishing&nbsp;a circular economy-based livestock sector using alternative feeding resources requires a broader collaboration between local and global partners&#8221;&nbsp;in&nbsp;<em>Research Handbook for Innovation in the Circular Bioeconomy.&nbsp;<\/em>Edward Elgar Publishing.<\/p>\n\n\n\n<p><strong>H\u00e5pnes, LB, Molden, L<\/strong>. &amp; F. Kj\u00e6rland (2025) &#8220;When governments own firms: Towards a&nbsp;more nuanced understanding of the influence of state ownership on firm performance&#8221;.&nbsp;<em>Corporate Governance<\/em><\/p>\n\n\n\n<p><strong>Molden, L., Modic, D.<\/strong>, Rasmussen, E., Jakobsen S., &amp; Vanhaverbeke, W., (2025) &#8220;Research Handbook for Innovation in the Circular Bioeconomy&#8221; Cheltenham: Edward Elgar Publishing.&nbsp;<\/p>\n\n\n\n<p><\/p>\n\n\n\n<p><strong>2024:<\/strong><\/p>\n\n\n\n<p>Clausen, T. &amp;&nbsp;<strong>Molden, L.<\/strong>&nbsp;(2024) &#8220;Managerial ties, external resources, and business model innovation: Interplay and mediation analysis&#8221;&nbsp;<em>Journal of Small Business Management,&nbsp;<\/em>62 (6) pp, 3164-3190.<\/p>\n\n\n\n<p><strong>Molden, L.<\/strong>, Vakulenko, M., &amp; T.H. Clausen (2024) &#8220;Innovation at the project-level: the role of organisational innovation capabilities&#8221;.&nbsp;<em>International Journal of Technology Management&nbsp;<\/em>Vol. 97, No. 1<\/p>\n\n\n\n<p>Choi, TM, Damij, N, Cross, J, &nbsp;Levnajic, Z, &nbsp;Liu, J,&nbsp;<strong>Modic, D,<\/strong>&nbsp;Mor, RS &amp; J Suklan (2024) &#8220;Editorial rethinking information technologies and information systems\u2014From informing pandemic preparedness to managing business disruptions and endemic responses&#8221;&nbsp;<em>IEEE Transactions on Engineering Management<\/em>&nbsp;71, 13975-13982<\/p>\n\n\n\n<p>Damij, N, &nbsp;Levnajic, Z, &nbsp;<strong>Modic, D<\/strong>, &amp; J Suklan (2024) &#8220;Challenges and limitations of pandemic information systems: A literature review&#8221;&nbsp;<em>IEEE Transactions on Engineering Management<\/em>&nbsp;71, 13345-13361<\/p>\n\n\n\n<p>Bj\u00f8rn\u00e5li, E., Erikson T., &amp; <strong>A. Aspelund<\/strong> (2024) \u201cThe role of board leadership in deliberating international entry\u201d.&nbsp;<em>Journal of International Entrepreneurship<\/em>, 1-19<\/p>\n\n\n\n<p><\/p>\n\n\n\n<p><strong>2023:<\/strong><\/p>\n\n\n\n<p>Cunningham, J.A, Damij, N., <strong>Modic, D<\/strong>., &amp; F. Olan (2023) \u201cMSME technology adoption, entrepreneurial mindset and value creation: a configurational approach\u201d.&nbsp;<em>The Journal of Technology Transfer<\/em>&nbsp;48 (5), 1574-1598<\/p>\n\n\n\n<p><strong>Modic, D<\/strong>. &amp; J. Suklan (2023) \u201cIntellectual property coordinators&#8217; cohorts: A study into the imprints in university technology transfer\u201d.&nbsp;<em>Research Policy<\/em>&nbsp;52 (8)<\/p>\n\n\n\n<p><strong>Modic, D<\/strong>., Lu\u017ear, B. &amp; T. Yoshioka-Kobayashi (2023) \u201cStructure of university licensing networks\u201d.&nbsp;<em>Scientometrics<\/em>&nbsp;128 (2), 901-932<\/p>\n\n\n\n<p><strong>2022:<\/strong><\/p>\n\n\n\n<p><strong>Modic, D.<\/strong> &amp;&nbsp;&nbsp;J. Suklan (2022) \u201cMultidimensional experience and performance of highly skilled administrative staff: Evidence from a technology transfer office\u201d.&nbsp;<em>Research Policy<\/em>&nbsp;51 (10)<\/p>\n\n\n\n<p>Damij, N., Hafner, A. &amp; <strong>D. Modic<\/strong> (2022) \u201cActivity-to-skills framework in the intellectual property big data era\u201d.&nbsp;<em>IEEE transactions on engineering management<\/em>&nbsp;&nbsp;&nbsp;&nbsp;&nbsp;&nbsp;&nbsp;5<\/p>\n\n\n\n<p><strong>Modic, D.<\/strong>, Hafner, A. &amp; T. Vali\u010d-Besednjak (2022) \u201cEvery Woman Is a Vessel: An Exploratory Study on Gender and Academic Entrepreneurship in a Nascent Technology Transfer System<em>\u201d. University-Industry Knowledge Interactions: People, Tensions and Impact<\/em>, 159 (1)<\/p>\n\n\n\n<p>Cunningham, J.A., Damij, N. &amp; <strong>D. Modic<\/strong> (2022) \u201cAn exploratory study of high-performance computing technology adoption over the stages of entrepreneurship\u201d.&nbsp;<em>International Journal of Entrepreneurial Venturing&nbsp;<\/em>14 (4-5), 497-526<\/p>\n\n\n\n<p>Ron\u010devi\u0107, B., <strong>Modic, D<\/strong>. &amp; T. Golob (2022) \u201cSocial-fields-approach (SOFIA) to research on social change: Innovations as social fields\u201d.&nbsp;<em>Technologies and Innovations in Regional Development<\/em>&nbsp;&nbsp;<\/p>\n\n\n\n<p>Hermundsdottir, F. &amp;&nbsp;&nbsp;<strong>A. Aspelund<\/strong> (2022) \u201cCompetitive sustainable manufacturing-Sustainability strategies, environmental and social innovations, and their effects on firm performance\u201d.&nbsp;<em>Journal of Cleaner Production<\/em>370, 133474<\/p>\n\n\n\n<p><\/p>\n\n\n\n<p><strong>2021:<\/strong><\/p>\n\n\n\n<p><strong>Molden, L<\/strong>. &amp; T.H. Clausen (2021) \u201cPlaying 3D chess &#8211; Firms thriving under complexity: The mediating role of innovation capabilities in utilization of innovation input\u201d.&nbsp;<em>Journal of Business Research 125 (2021), 113<\/em><\/p>\n\n\n\n<p>Bj\u00f8rnstad, E. and&nbsp;<strong>Grande, J.&nbsp;<\/strong>(2021). Exploring the entrepreneurial landscape for Circular Business Models. Eds Jakobsen S., Lauv\u00e5s, T. Quatraro, F. Rasmussen E. and Steinmo M.&nbsp;<em>Research Handbook of Innovation for a Circular Economy<\/em>. Edward Elgar&nbsp;<\/p>\n\n\n\n<p><strong>Modic, D<\/strong>., Johnson, A. &amp; M. Vu\u010dkovi\u010d (2021) \u201cTowards measuring innovation for circular economy using patent data\u201d.&nbsp;<em>Research Handbook of Innovation for a Circular Economy,<\/em>&nbsp;265-276<\/p>\n\n\n\n<p>Dybtsyna, E., <strong>Modic, D<\/strong>., Nikolajeva, K. &amp; R.S. Hansen (2021) \u201cCircular public procurement: innovation tool for municipalities?\u201d&nbsp;<em>Research Handbook of Innovation for a Circular Economy<\/em>, 328-338<\/p>\n\n\n\n<p><strong>Aspelund, A.<\/strong>, Olsen, M. F., &amp; Michelsen, O. (2021).&nbsp;Simultaneous adoption of circular innovations: a challenge for rapid growth of the circular economy. In&nbsp;<em>Research Handbook of Innovation for a Circular Economy<\/em>. Edward Elgar Publishing.<\/p>\n\n\n\n<p>Hermundsdottir, F., Eide, A. E., &amp;&nbsp;<strong>Aspelund, A.<\/strong>&nbsp;(2021).&nbsp;Sustainability innovations in the manufacturing industry: a comparison of circular and climate innovation initiatives. In&nbsp;<em>Research Handbook of Innovation for a Circular Economy<\/em>. Edward Elgar Publishing.<\/p>\n\n\n\n<p>S\u00f8rheim, R., Aadland, T., Alsos, G. A.,&nbsp;<strong>Aspelund, A.<\/strong>, Clausen, T. H., Eide, A. E., &#8230; &amp; Steinmo, M. (2021). Innovasjon i krisetider.<\/p>\n\n\n\n<p>Hermundsdottir, F., &amp;&nbsp;<strong>Aspelund, A.<\/strong>&nbsp;(2021). Sustainability innovations and firm competitiveness: A review.&nbsp;<em>Journal of Cleaner Production<\/em>,&nbsp;<em>280<\/em>, 124715.<\/p>\n\n\n\n<p><strong>Aspelund, A.<\/strong>, Bj\u00f8rgum, \u00d8., &amp; Saether, E. A. (2021). Entering a brave new world: Market entry assessments into a born global industry. In&nbsp;<em>Advanced perspectives on global industry transitions and business opportunities<\/em>&nbsp;(pp. 111-134). IGI Global.<\/p>\n\n\n\n<p>Bjerke-Busch, L. S., &amp;<strong>&nbsp;Aspelund, A.<\/strong>&nbsp;(2021). Identifying Barriers for Digital Transformation in the Public Sector. In&nbsp;<em>Digitalization<\/em>&nbsp;(pp. 277-290). Springer, Cham.<\/p>\n\n\n\n<p>Bjerke, L. S., &amp;&nbsp;<strong>Aspelund, A.<\/strong>&nbsp;(2021).&nbsp;Beam me up Scotty!-Dynamic leadership for a digital future. In&nbsp;<em>ISPIM Conference Proceedings<\/em>&nbsp;(pp. 1-15). The International Society for Professional Innovation Management (ISPIM).<\/p>\n\n\n\n<p><\/p>\n\n\n\n<p><strong>2020:<\/strong><\/p>\n\n\n\n<p><strong>Grande, J<\/strong>., &amp; Carlsson, E. (2020). The support system\u2019s influence on nature-based business start-ups in a rural context. In<em>\u202fResearch Handbook on Start-Up Incubation Ecosystems<\/em>. Edward Elgar Publishing.<\/p>\n\n\n\n<p>Wigren-Kristofersen, C., Korsgaard, S., Brundin, E., Hellerstedt, K., Alsos, G.A., &amp;&nbsp;<strong>Grande, J.&nbsp;<\/strong>(2019).&nbsp;Entrepreneurship and embeddedness: dynamic, processual and multi-layered perspectives.&nbsp;<em>Call Entrepreneurship and Regional Development.<\/em><\/p>\n\n\n\n<p>S\u00f6rensson, A. Dahlgren, C.,&nbsp;<strong>Grande, J.&nbsp;<\/strong>og Carlsson, E. (2018) \u201cEntrepren\u00f8rskap i naturbaserte n\u00e6ringer &#8211; faktorer som fremmer og hemmer id\u00e9utvikling og sysselsetting\u201d&nbsp;<em>S\u00f8kelys p\u00e5 arbeidslivet<\/em>, 35 (3), pp, 52-68.<\/p>\n\n\n\n<p>Vannebo, B.I. and&nbsp;<strong>Grande, J<\/strong>. (2018). Social Entrepreneurship and Embedded Ties \u2013 a Comparative Case Study of Social Entrepreneurship Norway. Int.&nbsp;<em>Entrepreneurship and Small Business<\/em>, Vol.33, No. 3, pp. 417-448.<\/p>\n\n\n\n<p>Azari, M. J.,&nbsp;<strong>Aspelund, A.<\/strong>, &amp; Eide, A. E. (2020). Knowledge integration in international SMEs\u2013The effects on firm innovation and performance.&nbsp;<em>Cogent Business &amp; Management<\/em>,&nbsp;<em>7<\/em>(1), 1849890.<\/p>\n\n\n\n<p>Eide, A. E., Saether, E. A., &amp;&nbsp;<strong>Aspelund, A.<\/strong>&nbsp;(2020). An investigation of leaders\u2019 motivation, intellectual leadership, and sustainability strategy in relation to Norwegian manufacturers\u2019 performance.&nbsp;<em>Journal of Cleaner Production<\/em>,&nbsp;<em>254<\/em>, 120053.<\/p>\n","protected":false},"excerpt":{"rendered":"<p>2025: Modic, D.,\u00a0Chetan, S. S., Ul-Durar, S., Arshed, N., De Sisto, M., &amp; Damij, N. (2025). What is a circular economy champion? Defining a home-grown concept in an emerging field.\u00a0Journal of Cleaner Production,523, 146408. Karishma, S., Tiwari, U., &nbsp;Bhatta, S., &nbsp;Luitel, H., Grande, J., Molden, L&nbsp;&amp; P. Khanal&nbsp;(2025) &#8220;Exploring stakeholder willingness to adopt alternative poultry &hellip; <\/p>\n<p class=\"link-more\"><a href=\"https:\/\/site.nord.no\/diginn\/publications\/\" class=\"more-link\">Fortsett \u00e5 lese<span class=\"screen-reader-text\"> \u00abPublications\u00bb<\/span><\/a><\/p>\n","protected":false},"author":16,"featured_media":0,"parent":0,"menu_order":0,"comment_status":"closed","ping_status":"closed","template":"","meta":{"footnotes":""},"coauthors":[21],"class_list":["post-702","page","type-page","status-publish","hentry"],"_links":{"self":[{"href":"https:\/\/site.nord.no\/diginn\/wp-json\/wp\/v2\/pages\/702","targetHints":{"allow":["GET"]}}],"collection":[{"href":"https:\/\/site.nord.no\/diginn\/wp-json\/wp\/v2\/pages"}],"about":[{"href":"https:\/\/site.nord.no\/diginn\/wp-json\/wp\/v2\/types\/page"}],"author":[{"embeddable":true,"href":"https:\/\/site.nord.no\/diginn\/wp-json\/wp\/v2\/users\/16"}],"replies":[{"embeddable":true,"href":"https:\/\/site.nord.no\/diginn\/wp-json\/wp\/v2\/comments?post=702"}],"version-history":[{"count":7,"href":"https:\/\/site.nord.no\/diginn\/wp-json\/wp\/v2\/pages\/702\/revisions"}],"predecessor-version":[{"id":918,"href":"https:\/\/site.nord.no\/diginn\/wp-json\/wp\/v2\/pages\/702\/revisions\/918"}],"wp:attachment":[{"href":"https:\/\/site.nord.no\/diginn\/wp-json\/wp\/v2\/media?parent=702"}],"wp:term":[{"taxonomy":"author","embeddable":true,"href":"https:\/\/site.nord.no\/diginn\/wp-json\/wp\/v2\/coauthors?post=702"}],"curies":[{"name":"wp","href":"https:\/\/api.w.org\/{rel}","templated":true}]}}