{"id":5,"date":"2021-11-24T12:44:41","date_gmt":"2021-11-24T11:44:41","guid":{"rendered":"https:\/\/blogg.nord.no\/ihas\/?page_id=5"},"modified":"2021-12-23T13:16:47","modified_gmt":"2021-12-23T12:16:47","slug":"hjem","status":"publish","type":"page","link":"https:\/\/site.nord.no\/ihas\/hjem\/","title":{"rendered":"INDHOME"},"content":{"rendered":"<figure id=\"attachment_30\" aria-describedby=\"caption-attachment-30\" style=\"width: 1024px\" class=\"wp-caption alignnone\"><img loading=\"lazy\" decoding=\"async\" class=\"size-full wp-image-30\" src=\"https:\/\/site.nord.no\/ihas\/wp-content\/uploads\/sites\/39\/2021\/11\/ilulissat.jpg\" alt=\"\" width=\"1024\" height=\"680\" \/><figcaption id=\"caption-attachment-30\" class=\"wp-caption-text\">&laquo;Ilulissat &#8211; winter&raquo; by Greenland Travel is licensed under CC BY 2.0<\/figcaption><\/figure>\n<h1><strong>Indigenous Homemaking as Survivance: Homemaking as Cultural Resilience to the Effects of Colonisation and Assimilation. (INDHOME)<\/strong><\/h1>\n<p>Creating a home is one of the most important things we humans do. In this project, we will explore the importance of the home, both its architecture, interior, activities and people, for cultural survival among Sami and Inuit in Norway, Sweden, Denmark and Greenland. We will examine how the housing and welfare policy pursued by the authorities contributed to the assimilation of indigenous peoples indirectly, by not taking sufficient account of indigenous peoples&#8217; everyday lives and needs.<\/p>\n<p>Although the various states have pursued different policies, our comparative perspective will give insight into how there are similarities regarding the housing and welfare policies that the Scandinavian states have pursued, and the effects of these politics. The most extreme example here is the burning of Finnmark and North Troms during World War II, where local communities were wiped out and rebuilt according to the principles of the Norwegian welfare state. Also in other local communities, Sami and Inuit have experienced that centralization, housing and welfare policy have contributed to deprive people of their traditional homes and make their culture invisible. Still, the culture did survive!<\/p>\n<p>We also want to find out how people have managed to take care of their culture despite this, both in the past and present, by creating a home where their culture could survive. We will do qualitative interviews, observations, photo and document studies of homes and housing policy. Part of the project will also be external, where we through seminars, campaigns in social media and photo exhibitions will help to focus on the importance of the home for Indigenous peoples in their everyday lives. Through the project, we want to develop perspectives that can create resilience, hope and creativity for cultural survival on Indigenous peoples&#8217; terms.<\/p>\n<p>&nbsp;<\/p>\n<hr \/>\n<p>&nbsp;<\/p>\n<p>\u00c5 skape et hjem er noe av det mest grunnleggende vi mennesker gj\u00f8r. I dette prosjektet skal vi unders\u00f8ke betydningen av hjemmet for kulturell overlevelse blant samer og inuit i Norge, Sverige, Danmark og Gr\u00f8nland. Da ser vi p\u00e5 b\u00e5de arkitektur, interi\u00f8r, aktiviteter og boformer. Vi skal ogs\u00e5 unders\u00f8ke hvordan bolig- og velferdspolitikken myndighetene f\u00f8rte bidro til \u00e5 assimilere urfolk indirekte, fordi det kanskje ikke ble tatt hensyn til urfolks hverdagsliv og behov.<\/p>\n<p>Vi har et sammenliknende perspektiv der vi ser om det finnes likhetstrekk i hva slags bolig- og velferdspolitikk de ulike har f\u00f8rt, og effektene av denne. Det mest ekstreme eksempelet er det som skjedde i Finnmark og Nord-Troms under og like etter andre verdenskrig. Under krigen ble lokalsamfunn her fullstendig nedbrent og utslettet, for deretter \u00e5 bli bygd opp igjen etter den norske velferdsstatens prinsipper. Ogs\u00e5 i andre lokalsamfunn har samer og inuit opplevd at sentralisering, bolig- og velferdspolitikk bidro til \u00e5 frata folk deres tradisjonelle hjem og usynliggj\u00f8re deres kultur. Likevel overlevde kulturen!<\/p>\n<p>Et form\u00e5l med prosjektet er \u00e5 finne ut av hvordan folk har klart \u00e5 ta vare p\u00e5 sin kultur p\u00e5 tross av vanskeligheter, b\u00e5de i fortid og n\u00e5tid, gjennom \u00e5 skape et hjem hvor deres kultur kunne overleve. Vi vil gj\u00f8re kvalitative intervjuer, observasjoner, foto- og dokumentstudier av hjem og boligpolitikk. En del av prosjektet vil ogs\u00e5 v\u00e6re utadrettet, hvor vi gjennom seminarer, kampanjer i sosiale medier og fotoutstilling vil bidra til \u00e5 sette fokus p\u00e5 hjemmets betydning for urfolk i deres hverdag. Gjennom prosjektet \u00f8nsker vi \u00e5 utvikle perspektiver som kan skape robusthet, h\u00e5p og kreativitet for kulturell overlevelse p\u00e5 urfolks premisser.<\/p>\n<p>&nbsp;<\/p>\n<p>Er du interessert i \u00e5 bli intervjuet i prosjektet, ta kontakt med prosjektleder Astri Dankertsen: astri.dankertsen@nord.no<\/p>\n<p>Are you interested in being interviewed in the project, please contact project leader Astri Dankertsen: astri.dankertsen@nord.no<\/p>\n","protected":false},"excerpt":{"rendered":"<p>Indigenous Homemaking as Survivance: Homemaking as Cultural Resilience to the Effects of Colonisation and Assimilation. (INDHOME) Creating a home is one of the most important things we humans do. In this project, we will explore the importance of the home, both its architecture, interior, activities and people, for cultural survival among Sami and Inuit in &hellip; <\/p>\n<p class=\"link-more\"><a href=\"https:\/\/site.nord.no\/ihas\/hjem\/\" class=\"more-link\">Fortsett \u00e5 lese<span class=\"screen-reader-text\"> \u00abINDHOME\u00bb<\/span><\/a><\/p>\n","protected":false},"author":75,"featured_media":0,"parent":0,"menu_order":0,"comment_status":"closed","ping_status":"closed","template":"","meta":{"footnotes":""},"coauthors":[2],"class_list":["post-5","page","type-page","status-publish","hentry"],"_links":{"self":[{"href":"https:\/\/site.nord.no\/ihas\/wp-json\/wp\/v2\/pages\/5","targetHints":{"allow":["GET"]}}],"collection":[{"href":"https:\/\/site.nord.no\/ihas\/wp-json\/wp\/v2\/pages"}],"about":[{"href":"https:\/\/site.nord.no\/ihas\/wp-json\/wp\/v2\/types\/page"}],"author":[{"embeddable":true,"href":"https:\/\/site.nord.no\/ihas\/wp-json\/wp\/v2\/users\/75"}],"replies":[{"embeddable":true,"href":"https:\/\/site.nord.no\/ihas\/wp-json\/wp\/v2\/comments?post=5"}],"version-history":[{"count":11,"href":"https:\/\/site.nord.no\/ihas\/wp-json\/wp\/v2\/pages\/5\/revisions"}],"predecessor-version":[{"id":87,"href":"https:\/\/site.nord.no\/ihas\/wp-json\/wp\/v2\/pages\/5\/revisions\/87"}],"wp:attachment":[{"href":"https:\/\/site.nord.no\/ihas\/wp-json\/wp\/v2\/media?parent=5"}],"wp:term":[{"taxonomy":"author","embeddable":true,"href":"https:\/\/site.nord.no\/ihas\/wp-json\/wp\/v2\/coauthors?post=5"}],"curies":[{"name":"wp","href":"https:\/\/api.w.org\/{rel}","templated":true}]}}