{"id":66,"date":"2024-01-19T09:33:28","date_gmt":"2024-01-19T08:33:28","guid":{"rendered":"https:\/\/site.nord.no\/interreg\/?page_id=66"},"modified":"2024-01-19T09:46:40","modified_gmt":"2024-01-19T08:46:40","slug":"om-prosjektet-2","status":"publish","type":"page","link":"https:\/\/site.nord.no\/interreg\/om-prosjektet-2\/","title":{"rendered":"Om prosjektet"},"content":{"rendered":"\n<p><strong>FOOD EDUCATION FOR THE FUTURE &#8211; <\/strong><strong>INTERREG-<\/strong><strong>PROSJEKT<\/strong><\/p>\n\n\n\n<p><sup>Prosjektleder for Nord: K\u00e5re Haugan<\/sup><\/p>\n\n\n\n<p>Prosjektet er felles finsk-svensk-norsk, og det overordnete m\u00e5let er \u00e5 rette fokus mot klimaendringer, b\u00e6rekraftig, lokal matproduksjon og \u00f8kt selvforsyningsgrad. Hovedideen er \u00e5 kombinere moderne kunnskap og tradisjonskunnskap n\u00e5r det gjelder matproduksjon og h\u00f8sting, der lokal matproduksjon og selvberging er n\u00f8kkelelementer. Nord universitet sin innsats vil v\u00e6re \u00e5 utvikle et kurs og l\u00e6remidler for etablering og drifting av skolehager. I tillegg skal det utvikles et kurs med tilh\u00f8rende l\u00e6remidler innen tradisjonskunnskap om mat og h\u00f8sting i naturen. I prosjektet ligger det ogs\u00e5 en ambisjon om \u00e5 gj\u00f8re en del forskning p\u00e5 tradisjonskunnskap og lokal matproduksjon. Utpr\u00f8ving og gjennomf\u00f8ring av kurspakkene skal bl.a. skje i samarbeid med Bod\u00f8 kommune som er en foregangskommune p\u00e5 omr\u00e5det. Samarbeidspartnerne i prosjektet er tre kommuner (Bod\u00f8-No, Kalix-Se, Korsholm-Fin) og tre institusjoner (Nord universitet-No, Lule\u00e5 tekniska universitet-Se og LUKE-Fin) som sammen utgj\u00f8r et kompletterende og l\u00e6rende nettverk for \u00e5 kunne utvikle gode l\u00f8sninger for de nevnte utfordringer. LUKE-Fin er ledende partner i prosjektet.<\/p>\n","protected":false},"excerpt":{"rendered":"<p>FOOD EDUCATION FOR THE FUTURE &#8211; INTERREG-PROSJEKT Prosjektleder for Nord: K\u00e5re Haugan Prosjektet er felles finsk-svensk-norsk, og det overordnete m\u00e5let er \u00e5 rette fokus mot klimaendringer, b\u00e6rekraftig, lokal matproduksjon og \u00f8kt selvforsyningsgrad. Hovedideen er \u00e5 kombinere moderne kunnskap og tradisjonskunnskap n\u00e5r det gjelder matproduksjon og h\u00f8sting, der lokal matproduksjon og selvberging er n\u00f8kkelelementer. Nord universitet [&hellip;]<\/p>\n","protected":false},"author":145,"featured_media":0,"parent":0,"menu_order":0,"comment_status":"closed","ping_status":"closed","template":"","meta":{"footnotes":""},"coauthors":[],"class_list":["post-66","page","type-page","status-publish","hentry"],"_links":{"self":[{"href":"https:\/\/site.nord.no\/interreg\/wp-json\/wp\/v2\/pages\/66","targetHints":{"allow":["GET"]}}],"collection":[{"href":"https:\/\/site.nord.no\/interreg\/wp-json\/wp\/v2\/pages"}],"about":[{"href":"https:\/\/site.nord.no\/interreg\/wp-json\/wp\/v2\/types\/page"}],"author":[{"embeddable":true,"href":"https:\/\/site.nord.no\/interreg\/wp-json\/wp\/v2\/users\/145"}],"replies":[{"embeddable":true,"href":"https:\/\/site.nord.no\/interreg\/wp-json\/wp\/v2\/comments?post=66"}],"version-history":[{"count":2,"href":"https:\/\/site.nord.no\/interreg\/wp-json\/wp\/v2\/pages\/66\/revisions"}],"predecessor-version":[{"id":71,"href":"https:\/\/site.nord.no\/interreg\/wp-json\/wp\/v2\/pages\/66\/revisions\/71"}],"wp:attachment":[{"href":"https:\/\/site.nord.no\/interreg\/wp-json\/wp\/v2\/media?parent=66"}],"wp:term":[{"taxonomy":"author","embeddable":true,"href":"https:\/\/site.nord.no\/interreg\/wp-json\/wp\/v2\/coauthors?post=66"}],"curies":[{"name":"wp","href":"https:\/\/api.w.org\/{rel}","templated":true}]}}