{"id":2,"date":"2020-02-18T08:01:52","date_gmt":"2020-02-18T07:01:52","guid":{"rendered":"https:\/\/blogg.nord.no\/itnord\/?page_id=2"},"modified":"2021-12-23T12:14:26","modified_gmt":"2021-12-23T11:14:26","slug":"testside","status":"publish","type":"page","link":"https:\/\/site.nord.no\/itnord\/testside\/","title":{"rendered":"Om oss"},"content":{"rendered":"<p><span style=\"float: none;background-color: #ffffff;color: #141412;cursor: text;font-family: 'Source Sans Pro',Helvetica,sans-serif;font-size: 16px;font-style: normal;font-variant: normal;font-weight: 400;letter-spacing: normal;text-align: left;text-decoration: none;text-indent: 0px;text-transform: none\">Digitalisering og IKT (IT-avdelingen) ved <\/span><a href=\"http:\/\/www.nord.no\/\">Nord universitet<\/a><span style=\"float: none;background-color: #ffffff;color: #141412;cursor: text;font-family: 'Source Sans Pro',Helvetica,sans-serif;font-size: 16px;font-style: normal;font-variant: normal;font-weight: 400;letter-spacing: normal;text-align: left;text-decoration: none;text-indent: 0px;text-transform: none\"> best\u00e5r av i overkant av 40 personer og vi er delt inn i avdelinger for brukerst\u00f8tte, drift og prosjekt. Universitetet er lokalisert p\u00e5 mange studiesteder fra Stj\u00f8rdal i s\u00f8r til Stokmarknes i Nord og har for tiden ca. 12.000 studenter og 1200 ansatte. Levanger og Bod\u00f8 er de st\u00f8rste studiestedene og ogs\u00e5 der det jobber flest IT-ansatte, men vi er ogs\u00e5 lokalisert p\u00e5 de fleste studiesteder.<\/span><\/p>\n","protected":false},"excerpt":{"rendered":"<p>Digitalisering og IKT (IT-avdelingen) ved Nord universitet best\u00e5r av i overkant av 40 personer og vi er delt inn i avdelinger for brukerst\u00f8tte, drift og prosjekt. Universitetet er lokalisert p\u00e5 mange studiesteder fra Stj\u00f8rdal i s\u00f8r til Stokmarknes i Nord og har for tiden ca. 12.000 studenter og 1200 ansatte. Levanger og Bod\u00f8 er de &hellip; <a href=\"https:\/\/site.nord.no\/itnord\/testside\/\" class=\"more-link\">Fortsett \u00e5 lese <span class=\"screen-reader-text\">Om oss<\/span> <span class=\"meta-nav\">&rarr;<\/span><\/a><\/p>\n","protected":false},"author":75,"featured_media":0,"parent":0,"menu_order":0,"comment_status":"closed","ping_status":"open","template":"","meta":{"footnotes":""},"coauthors":[3],"class_list":["post-2","page","type-page","status-publish","hentry"],"_links":{"self":[{"href":"https:\/\/site.nord.no\/itnord\/wp-json\/wp\/v2\/pages\/2","targetHints":{"allow":["GET"]}}],"collection":[{"href":"https:\/\/site.nord.no\/itnord\/wp-json\/wp\/v2\/pages"}],"about":[{"href":"https:\/\/site.nord.no\/itnord\/wp-json\/wp\/v2\/types\/page"}],"author":[{"embeddable":true,"href":"https:\/\/site.nord.no\/itnord\/wp-json\/wp\/v2\/users\/75"}],"replies":[{"embeddable":true,"href":"https:\/\/site.nord.no\/itnord\/wp-json\/wp\/v2\/comments?post=2"}],"version-history":[{"count":2,"href":"https:\/\/site.nord.no\/itnord\/wp-json\/wp\/v2\/pages\/2\/revisions"}],"predecessor-version":[{"id":42,"href":"https:\/\/site.nord.no\/itnord\/wp-json\/wp\/v2\/pages\/2\/revisions\/42"}],"wp:attachment":[{"href":"https:\/\/site.nord.no\/itnord\/wp-json\/wp\/v2\/media?parent=2"}],"wp:term":[{"taxonomy":"author","embeddable":true,"href":"https:\/\/site.nord.no\/itnord\/wp-json\/wp\/v2\/coauthors?post=2"}],"curies":[{"name":"wp","href":"https:\/\/api.w.org\/{rel}","templated":true}]}}