{"id":330,"date":"2022-05-05T13:48:58","date_gmt":"2022-05-05T11:48:58","guid":{"rendered":"https:\/\/site.nord.no\/korip\/?page_id=330"},"modified":"2024-09-26T22:12:13","modified_gmt":"2024-09-26T20:12:13","slug":"tidslinje","status":"publish","type":"page","link":"https:\/\/site.nord.no\/korip\/tidslinje\/","title":{"rendered":"Tidslinje"},"content":{"rendered":"\t\t<div data-elementor-type=\"wp-page\" data-elementor-id=\"330\" class=\"elementor elementor-330\" data-elementor-post-type=\"page\">\n\t\t\t\t\t\t<section class=\"elementor-section elementor-top-section elementor-element elementor-element-7a0fd837 elementor-section-boxed elementor-section-height-default elementor-section-height-default\" data-id=\"7a0fd837\" data-element_type=\"section\" data-e-type=\"section\">\n\t\t\t\t\t\t<div class=\"elementor-container elementor-column-gap-default\">\n\t\t\t\t\t<div class=\"elementor-column elementor-col-100 elementor-top-column elementor-element elementor-element-104525e2\" data-id=\"104525e2\" data-element_type=\"column\" data-e-type=\"column\">\n\t\t\t<div class=\"elementor-widget-wrap elementor-element-populated\">\n\t\t\t\t\t\t\t<\/div>\n\t\t<\/div>\n\t\t\t\t\t<\/div>\n\t\t<\/section>\n\t\t\t\t<section class=\"elementor-section elementor-top-section elementor-element elementor-element-d13c991 elementor-section-boxed elementor-section-height-default elementor-section-height-default\" data-id=\"d13c991\" data-element_type=\"section\" data-e-type=\"section\">\n\t\t\t\t\t\t<div class=\"elementor-container elementor-column-gap-default\">\n\t\t\t\t\t<div class=\"elementor-column elementor-col-100 elementor-top-column elementor-element elementor-element-30bbc50\" data-id=\"30bbc50\" data-element_type=\"column\" data-e-type=\"column\">\n\t\t\t<div class=\"elementor-widget-wrap elementor-element-populated\">\n\t\t\t\t\t\t<div class=\"elementor-element elementor-element-060b8a2 elementor-widget elementor-widget-text-editor\" data-id=\"060b8a2\" data-element_type=\"widget\" data-e-type=\"widget\" data-widget_type=\"text-editor.default\">\n\t\t\t\t<div class=\"elementor-widget-container\">\n\t\t\t\t\t\t\t\t\t<ul><li>2024: Formidling av resultater og skriving av sluttrapport og artikkel<\/li><li>2023 h\u00f8st: Evaluering og ferdigstilling av KoRiP praksismodell<\/li><li>2023 v\u00e5r: Testing av revidert KoRiP praksismodell (Aksjon 2)<\/li><li>2022 h\u00f8st: Evaluering og revidering av KoRiP praksismodell. Formidling i konferanse.<\/li><li>2022 v\u00e5r: Testing av KoRiP praksismodell (Aksjon 1)<\/li><li>2021: Utsettelse pga Covid-19<\/li><li>2020 h\u00f8st: oppstart med kartlegging i to workshops og arbeidsgruppe- og prosjektgruppem\u00f8ter.<\/li><\/ul><div>\u00a0<\/div>\t\t\t\t\t\t\t\t<\/div>\n\t\t\t\t<\/div>\n\t\t\t\t\t<\/div>\n\t\t<\/div>\n\t\t\t\t\t<\/div>\n\t\t<\/section>\n\t\t\t\t<section class=\"elementor-section elementor-top-section elementor-element elementor-element-32c5168 elementor-section-boxed elementor-section-height-default elementor-section-height-default\" data-id=\"32c5168\" data-element_type=\"section\" data-e-type=\"section\">\n\t\t\t\t\t\t<div class=\"elementor-container elementor-column-gap-default\">\n\t\t\t\t\t<div class=\"elementor-column elementor-col-100 elementor-top-column elementor-element elementor-element-1fd3e41\" data-id=\"1fd3e41\" data-element_type=\"column\" data-e-type=\"column\">\n\t\t\t<div class=\"elementor-widget-wrap elementor-element-populated\">\n\t\t\t\t\t\t<div class=\"elementor-element elementor-element-0694e16 elementor-widget elementor-widget-image\" data-id=\"0694e16\" data-element_type=\"widget\" data-e-type=\"widget\" data-widget_type=\"image.default\">\n\t\t\t\t<div class=\"elementor-widget-container\">\n\t\t\t\t\t\t\t\t\t\t\t\t\t\t\t<img fetchpriority=\"high\" decoding=\"async\" width=\"800\" height=\"450\" src=\"https:\/\/site.nord.no\/korip\/wp-content\/uploads\/sites\/45\/2023\/01\/Ny-tidsakse-v2.jpg\" class=\"attachment-large size-large wp-image-483\" alt=\"\" \/>\t\t\t\t\t\t\t\t\t\t\t\t\t\t\t<\/div>\n\t\t\t\t<\/div>\n\t\t\t\t\t<\/div>\n\t\t<\/div>\n\t\t\t\t\t<\/div>\n\t\t<\/section>\n\t\t\t\t<\/div>\n\t\t","protected":false},"excerpt":{"rendered":"<p>2024: Formidling av resultater og skriving av sluttrapport og artikkel 2023 h\u00f8st: Evaluering og ferdigstilling av KoRiP praksismodell 2023 v\u00e5r: Testing av revidert KoRiP praksismodell (Aksjon 2) 2022 h\u00f8st: Evaluering og revidering av KoRiP praksismodell. Formidling i konferanse. 2022 v\u00e5r: Testing av KoRiP praksismodell (Aksjon 1) 2021: Utsettelse pga Covid-19 2020 h\u00f8st: oppstart med kartlegging [&hellip;]<\/p>\n","protected":false},"author":75,"featured_media":0,"parent":0,"menu_order":0,"comment_status":"closed","ping_status":"closed","template":"","meta":{"footnotes":""},"coauthors":[2],"class_list":["post-330","page","type-page","status-publish","hentry"],"_links":{"self":[{"href":"https:\/\/site.nord.no\/korip\/wp-json\/wp\/v2\/pages\/330","targetHints":{"allow":["GET"]}}],"collection":[{"href":"https:\/\/site.nord.no\/korip\/wp-json\/wp\/v2\/pages"}],"about":[{"href":"https:\/\/site.nord.no\/korip\/wp-json\/wp\/v2\/types\/page"}],"author":[{"embeddable":true,"href":"https:\/\/site.nord.no\/korip\/wp-json\/wp\/v2\/users\/75"}],"replies":[{"embeddable":true,"href":"https:\/\/site.nord.no\/korip\/wp-json\/wp\/v2\/comments?post=330"}],"version-history":[{"count":29,"href":"https:\/\/site.nord.no\/korip\/wp-json\/wp\/v2\/pages\/330\/revisions"}],"predecessor-version":[{"id":590,"href":"https:\/\/site.nord.no\/korip\/wp-json\/wp\/v2\/pages\/330\/revisions\/590"}],"wp:attachment":[{"href":"https:\/\/site.nord.no\/korip\/wp-json\/wp\/v2\/media?parent=330"}],"wp:term":[{"taxonomy":"author","embeddable":true,"href":"https:\/\/site.nord.no\/korip\/wp-json\/wp\/v2\/coauthors?post=330"}],"curies":[{"name":"wp","href":"https:\/\/api.w.org\/{rel}","templated":true}]}}