{"id":85,"date":"2022-03-01T14:27:46","date_gmt":"2022-03-01T13:27:46","guid":{"rendered":"https:\/\/blogg.nord.no\/korip\/?page_id=85"},"modified":"2024-09-26T22:10:41","modified_gmt":"2024-09-26T20:10:41","slug":"video","status":"publish","type":"page","link":"https:\/\/site.nord.no\/korip\/video\/","title":{"rendered":"Video\/Bilder"},"content":{"rendered":"\n<p><\/p>\n\n\n\n<h2 class=\"wp-block-heading\">M\u00e5nedens prosjekt juni 2024 hos Helse Midt-Norge RHF<\/h2>\n\n\n\n<p>KoRiP var m\u00e5nedens prosjekt i juni 2024 hos Helse Midt-Norge HF, se <a href=\"https:\/\/www.helse-midt.no\/nyheter\/2024\/manedens-prosjekt-juni-2024\/\" data-type=\"link\" data-id=\"https:\/\/www.helse-midt.no\/nyheter\/2024\/manedens-prosjekt-juni-2024\/\">HER<\/a>. <\/p>\n\n\n\n<figure class=\"wp-block-image size-full is-resized\"><img fetchpriority=\"high\" decoding=\"async\" width=\"1152\" height=\"1250\" src=\"https:\/\/site.nord.no\/korip\/wp-content\/uploads\/sites\/45\/2024\/09\/Helse-Midt-Norge-RHF-bilde-juni24.jpg\" alt=\"\" class=\"wp-image-583\" style=\"width:496px;height:auto\" \/><\/figure>\n\n\n\n<p>I den forbindelse fikk vi lage en presentasjonsvideo om prosjektet. <a href=\"https:\/\/www.youtube.com\/watch?v=1PIki9DazX0\" data-type=\"link\" data-id=\"https:\/\/www.youtube.com\/watch?v=1PIki9DazX0\">Se videoen her<\/a>.<\/p>\n\n\n\n<figure class=\"wp-block-image size-full is-resized\"><img decoding=\"async\" width=\"1670\" height=\"1068\" src=\"https:\/\/site.nord.no\/korip\/wp-content\/uploads\/sites\/45\/2024\/09\/Sletvold-Manedens-prosjekt-video-juni24-HMN-HF.jpg\" alt=\"\" class=\"wp-image-575\" style=\"width:529px;height:auto\" \/><\/figure>\n\n\n\n<p><\/p>\n\n\n\n<p><\/p>\n\n\n\n<h2 class=\"wp-block-heading\">Bilder fra testing av KoRiP-modellen:<\/h2>\n\n\n\n<figure class=\"wp-block-image size-full\"><img decoding=\"async\" width=\"1280\" height=\"720\" src=\"https:\/\/site.nord.no\/korip\/wp-content\/uploads\/sites\/45\/2023\/05\/KoRiP-deltakere-14.02.23-Motepunkt-1-aksjon-2.jpg\" alt=\"\" class=\"wp-image-561\" \/><figcaption class=\"wp-element-caption\"><em>B<\/em>i<em>lde fra m\u00f8tepunkt 1, aksjon 2- 14.02.23.<\/em><\/figcaption><\/figure>\n\n\n\n<figure class=\"wp-block-image size-full is-resized\"><img loading=\"lazy\" decoding=\"async\" width=\"3024\" height=\"4032\" src=\"https:\/\/site.nord.no\/korip\/wp-content\/uploads\/sites\/45\/2022\/05\/Linn-og-Eli-KoRiP.jpg\" alt=\"\" class=\"wp-image-404\" style=\"aspect-ratio:0.7142857142857143;width:334px;height:auto\" \/><figcaption class=\"wp-element-caption\"><em>Sykepleierstudent Linn Marita Aglen og praksisveileder&nbsp; Eli Johanne H. Engen presenterer erfaringer fra KoRiP deltakelse v\u00e5ren 2022.&nbsp;(Foto: Sissel Warem Hansen)<\/em><\/figcaption><\/figure>\n\n\n<\/p>\n\n\n<figure class=\"wp-block-image size-full is-resized\"><img loading=\"lazy\" decoding=\"async\" width=\"2991\" height=\"3215\" src=\"https:\/\/site.nord.no\/korip\/wp-content\/uploads\/sites\/45\/2022\/05\/KoRiP-presentasjon-2.jpg\" alt=\"\" class=\"wp-image-407\" style=\"width:494px;height:auto\" \/><figcaption class=\"wp-element-caption\"><em>Farmasistudent Emma Dall Johansen, sykepleierstudentene Astrid Sagmo Hammer og Siri Bolkan \u00d8stvik, og paramedisinstudent Ola Sigurd Stensen presenterer hva de har l\u00e6rt og hvordan de har l\u00e6rt i sin KoRiP praksisperiode.<\/em> <em>(Foto: Sissel Warem Hansen)<\/em><\/figcaption><\/figure>\n\n\n\n<figure class=\"wp-block-image\"><img decoding=\"async\" src=\"https:\/\/site.nord.no\/korip\/wp-content\/uploads\/sites\/45\/2022\/05\/Gruppebilde-KoRiP-motepunkt.jpg\" alt=\"\" \/><figcaption class=\"wp-element-caption\"><em>Deltakere under KoRiP m\u00f8tepunkt, 6. mai 2022.<\/em><br><br><em>\u00d8verst f.v: Siri Bolkan \u00d8stvik (sykepleierstudent), Ola Sigurd Stensen (paramedisinstudent), Ole Johan Lien (Sykehusapoteket i Namsos), Eli Johanne Engen (sykepleier, veileder Sykehuset Namsos).<\/em><br><em><br>Nederst f.v: Sissel Warem Hansen (vitenskapelig assistent, Nord), Eva Vedvik (Universitetslektor, Nord), Hege Sletvold (prosjektleder, f\u00f8rsteamanuensis, Nord), Ingunn Skjesol ( f\u00f8rsteamanuensis, Nord), Emma Dall Johansen (farmasistudent), Linn Marita Aglen Strandli (sykepleierstudent), Astrid Sagmo Hammer (sykepleierstudent), Linda Amundstuen (F\u00f8rstelektor, Nord).<\/em> <em>(Foto: Daniel H. Zeiss)<\/em><\/figcaption><\/figure>\n\n\n\n<p><\/p>\n","protected":false},"excerpt":{"rendered":"<p>M\u00e5nedens prosjekt juni 2024 hos Helse Midt-Norge RHF KoRiP var m\u00e5nedens prosjekt i juni 2024 hos Helse Midt-Norge HF, se HER. I den forbindelse fikk vi lage en presentasjonsvideo om prosjektet. Se videoen her. Bilder fra testing av KoRiP-modellen:<\/p>\n","protected":false},"author":75,"featured_media":0,"parent":0,"menu_order":0,"comment_status":"closed","ping_status":"closed","template":"","meta":{"footnotes":""},"coauthors":[2],"class_list":["post-85","page","type-page","status-publish","hentry"],"_links":{"self":[{"href":"https:\/\/site.nord.no\/korip\/wp-json\/wp\/v2\/pages\/85","targetHints":{"allow":["GET"]}}],"collection":[{"href":"https:\/\/site.nord.no\/korip\/wp-json\/wp\/v2\/pages"}],"about":[{"href":"https:\/\/site.nord.no\/korip\/wp-json\/wp\/v2\/types\/page"}],"author":[{"embeddable":true,"href":"https:\/\/site.nord.no\/korip\/wp-json\/wp\/v2\/users\/75"}],"replies":[{"embeddable":true,"href":"https:\/\/site.nord.no\/korip\/wp-json\/wp\/v2\/comments?post=85"}],"version-history":[{"count":27,"href":"https:\/\/site.nord.no\/korip\/wp-json\/wp\/v2\/pages\/85\/revisions"}],"predecessor-version":[{"id":587,"href":"https:\/\/site.nord.no\/korip\/wp-json\/wp\/v2\/pages\/85\/revisions\/587"}],"wp:attachment":[{"href":"https:\/\/site.nord.no\/korip\/wp-json\/wp\/v2\/media?parent=85"}],"wp:term":[{"taxonomy":"author","embeddable":true,"href":"https:\/\/site.nord.no\/korip\/wp-json\/wp\/v2\/coauthors?post=85"}],"curies":[{"name":"wp","href":"https:\/\/api.w.org\/{rel}","templated":true}]}}