{"id":9,"date":"2022-03-01T08:54:35","date_gmt":"2022-03-01T07:54:35","guid":{"rendered":"https:\/\/blogg.nord.no\/korip\/?page_id=9"},"modified":"2023-01-30T10:48:19","modified_gmt":"2023-01-30T09:48:19","slug":"korip","status":"publish","type":"page","link":"https:\/\/site.nord.no\/korip\/","title":{"rendered":"Kvalitet og Relevans i Praksis (KoRiP)"},"content":{"rendered":"\t\t<div data-elementor-type=\"wp-page\" data-elementor-id=\"9\" class=\"elementor elementor-9\" data-elementor-post-type=\"page\">\n\t\t\t\t\t\t<section class=\"elementor-section elementor-top-section elementor-element elementor-element-4c125935 elementor-section-boxed elementor-section-height-default elementor-section-height-default\" data-id=\"4c125935\" data-element_type=\"section\" data-e-type=\"section\">\n\t\t\t\t\t\t<div class=\"elementor-container elementor-column-gap-default\">\n\t\t\t\t\t<div class=\"elementor-column elementor-col-100 elementor-top-column elementor-element elementor-element-36af201d\" data-id=\"36af201d\" data-element_type=\"column\" data-e-type=\"column\">\n\t\t\t<div class=\"elementor-widget-wrap elementor-element-populated\">\n\t\t\t\t\t\t<div class=\"elementor-element elementor-element-072b2ee elementor-widget elementor-widget-heading\" data-id=\"072b2ee\" data-element_type=\"widget\" data-e-type=\"widget\" data-widget_type=\"heading.default\">\n\t\t\t\t<div class=\"elementor-widget-container\">\n\t\t\t\t\t<h2 class=\"elementor-heading-title elementor-size-default\">M\u00e5l med prosjektet<\/h2>\t\t\t\t<\/div>\n\t\t\t\t<\/div>\n\t\t\t\t<div class=\"elementor-element elementor-element-39d0c55 elementor-widget elementor-widget-text-editor\" data-id=\"39d0c55\" data-element_type=\"widget\" data-e-type=\"widget\" data-widget_type=\"text-editor.default\">\n\t\t\t\t<div class=\"elementor-widget-container\">\n\t\t\t\t\t\t\t\t\t<p><\/p>\n<p><\/p>\n<p><\/p>\n<p>KoRiP er et prosjekt som utvikler og tester en modell for tverrprofesjonell samarbeidsl\u00e6ring (TPS) i praksis for de fire helseprofesjonsutdanningene farmasi, paramedisin, sykepleie og vernepleie ved Nord universitet.<\/p>\n<p><\/p>\n<p><\/p>\n<p><strong>M\u00e5let er \u00e5 styrke helsetjenester og \u00f8ke kvalitet og relevans av tverrprofesjonell samarbeidsl\u00e6ring i praksis<\/strong>.<\/p>\n<p><\/p>\n<p><\/p>\n<p><strong>Modellen skal: <\/strong><\/p>\n<p><\/p>\n<p><\/p>\n<ol class=\"wp-block-list\" type=\"1\">\n<li style=\"list-style-type: none\">\n<ol type=\"1\"><\/ol>\n<\/li>\n<\/ol>\n<ul type=\"1\">\n<li>Sikre samhandling mellom veiledere, studenter og vitenskapelig ansatte om l\u00e6ringsaktiviteter og -utbytte<\/li>\n<\/ul>\n<p><\/p>\n<p><\/p>\n<ul type=\"1\">\n<li>Sikre god sammenheng mellom tverrprofesjonelle l\u00e6ringsaktiviteter og l\u00e6ringsutbyttebeskrivelser i studieprogrammene<\/li>\n<\/ul>\n<p><\/p>\n<p><\/p>\n<ul type=\"1\">\n<li>Legge til rette for tverrprofesjonelt samarbeid med sterk relevans for praksis<\/li>\n<\/ul>\n<p><\/p>\n<p><\/p>\n<ul type=\"1\">\n<li>Gi praksisveiledere mulighet til \u00e5 tilegne seg formell kompetanse i veiledning<\/li>\n<\/ul>\n<p><\/p>\n<p><\/p>\n<ul type=\"1\">\n<li>Kunne tas i bruk av studenter ved andre studiesteder og praksisarenaer<\/li>\n<\/ul>\n<p><\/p>\n<p><\/p>\t\t\t\t\t\t\t\t<\/div>\n\t\t\t\t<\/div>\n\t\t\t\t\t<\/div>\n\t\t<\/div>\n\t\t\t\t\t<\/div>\n\t\t<\/section>\n\t\t\t\t<section class=\"elementor-section elementor-top-section elementor-element elementor-element-d470cb4 elementor-section-boxed elementor-section-height-default elementor-section-height-default\" data-id=\"d470cb4\" data-element_type=\"section\" data-e-type=\"section\">\n\t\t\t\t\t\t<div class=\"elementor-container elementor-column-gap-default\">\n\t\t\t\t\t<div class=\"elementor-column elementor-col-100 elementor-top-column elementor-element elementor-element-a649809\" data-id=\"a649809\" data-element_type=\"column\" data-e-type=\"column\">\n\t\t\t<div class=\"elementor-widget-wrap elementor-element-populated\">\n\t\t\t\t\t\t<div class=\"elementor-element elementor-element-afc3faa elementor-widget-divider--view-line elementor-widget elementor-widget-divider\" data-id=\"afc3faa\" data-element_type=\"widget\" data-e-type=\"widget\" data-widget_type=\"divider.default\">\n\t\t\t\t<div class=\"elementor-widget-container\">\n\t\t\t\t\t\t\t<div class=\"elementor-divider\">\n\t\t\t<span class=\"elementor-divider-separator\">\n\t\t\t\t\t\t<\/span>\n\t\t<\/div>\n\t\t\t\t\t\t<\/div>\n\t\t\t\t<\/div>\n\t\t\t\t\t<\/div>\n\t\t<\/div>\n\t\t\t\t\t<\/div>\n\t\t<\/section>\n\t\t\t\t<section class=\"elementor-section elementor-top-section elementor-element elementor-element-6ff1886 elementor-section-boxed elementor-section-height-default elementor-section-height-default\" data-id=\"6ff1886\" data-element_type=\"section\" data-e-type=\"section\">\n\t\t\t\t\t\t<div class=\"elementor-container elementor-column-gap-default\">\n\t\t\t\t\t<div class=\"elementor-column elementor-col-100 elementor-top-column elementor-element elementor-element-321c1f5\" data-id=\"321c1f5\" data-element_type=\"column\" data-e-type=\"column\">\n\t\t\t<div class=\"elementor-widget-wrap elementor-element-populated\">\n\t\t\t\t\t\t<div class=\"elementor-element elementor-element-8011dc4 elementor-widget elementor-widget-text-editor\" data-id=\"8011dc4\" data-element_type=\"widget\" data-e-type=\"widget\" data-widget_type=\"text-editor.default\">\n\t\t\t\t<div class=\"elementor-widget-container\">\n\t\t\t\t\t\t\t\t\t<p style=\"font-size: 19.2px\">KoRiP er et samarbeidsprosjekt mellom Nord universitet, Helse Nord-Tr\u00f8ndelag ved Sykehuset Namsos, og Sykehusapotekene i Midt-Norge ved Sykehusapoteket i <i>Namsos.<\/i><\/p><p style=\"font-size: 19.2px\"><\/p><p style=\"font-size: 19.2px\"><\/p><p style=\"font-size: 19.2px\"><i>Prosjektet er finansiert med midler fra Samarbeidsorganet Helse Midt-Norge (ref 2020\/7538-1).<\/i><\/p>\t\t\t\t\t\t\t\t<\/div>\n\t\t\t\t<\/div>\n\t\t\t\t\t<\/div>\n\t\t<\/div>\n\t\t\t\t\t<\/div>\n\t\t<\/section>\n\t\t\t\t<\/div>\n\t\t","protected":false},"excerpt":{"rendered":"<p>\/*! elementor &#8211; v3.10.0 &#8211; 09-01-2023 *\/ .elementor-heading-title{padding:0;margin:0;line-height:1}.elementor-widget-heading .elementor-heading-title[class*=elementor-size-]&gt;a{color:inherit;font-size:inherit;line-height:inherit}.elementor-widget-heading .elementor-heading-title.elementor-size-small{font-size:15px}.elementor-widget-heading .elementor-heading-title.elementor-size-medium{font-size:19px}.elementor-widget-heading .elementor-heading-title.elementor-size-large{font-size:29px}.elementor-widget-heading .elementor-heading-title.elementor-size-xl{font-size:39px}.elementor-widget-heading .elementor-heading-title.elementor-size-xxl{font-size:59px} M\u00e5l med prosjektet KoRiP er et prosjekt som utvikler og tester en modell for tverrprofesjonell samarbeidsl\u00e6ring (TPS) i praksis for de fire helseprofesjonsutdanningene farmasi, paramedisin, sykepleie og vernepleie ved Nord universitet. M\u00e5let er \u00e5 styrke helsetjenester og \u00f8ke kvalitet og relevans [&hellip;]<\/p>\n","protected":false},"author":75,"featured_media":147,"parent":0,"menu_order":0,"comment_status":"closed","ping_status":"closed","template":"","meta":{"footnotes":""},"coauthors":[2],"class_list":["post-9","page","type-page","status-publish","has-post-thumbnail","hentry"],"_links":{"self":[{"href":"https:\/\/site.nord.no\/korip\/wp-json\/wp\/v2\/pages\/9","targetHints":{"allow":["GET"]}}],"collection":[{"href":"https:\/\/site.nord.no\/korip\/wp-json\/wp\/v2\/pages"}],"about":[{"href":"https:\/\/site.nord.no\/korip\/wp-json\/wp\/v2\/types\/page"}],"author":[{"embeddable":true,"href":"https:\/\/site.nord.no\/korip\/wp-json\/wp\/v2\/users\/75"}],"replies":[{"embeddable":true,"href":"https:\/\/site.nord.no\/korip\/wp-json\/wp\/v2\/comments?post=9"}],"version-history":[{"count":48,"href":"https:\/\/site.nord.no\/korip\/wp-json\/wp\/v2\/pages\/9\/revisions"}],"predecessor-version":[{"id":531,"href":"https:\/\/site.nord.no\/korip\/wp-json\/wp\/v2\/pages\/9\/revisions\/531"}],"wp:featuredmedia":[{"embeddable":true,"href":"https:\/\/site.nord.no\/korip\/wp-json\/wp\/v2\/media\/147"}],"wp:attachment":[{"href":"https:\/\/site.nord.no\/korip\/wp-json\/wp\/v2\/media?parent=9"}],"wp:term":[{"taxonomy":"author","embeddable":true,"href":"https:\/\/site.nord.no\/korip\/wp-json\/wp\/v2\/coauthors?post=9"}],"curies":[{"name":"wp","href":"https:\/\/api.w.org\/{rel}","templated":true}]}}