{"id":1417,"date":"2025-04-06T23:43:58","date_gmt":"2025-04-06T21:43:58","guid":{"rendered":"https:\/\/site.nord.no\/landscapegenomics\/?page_id=1417"},"modified":"2025-04-07T00:03:31","modified_gmt":"2025-04-06T22:03:31","slug":"ivain-martinossi-allibert","status":"publish","type":"page","link":"https:\/\/site.nord.no\/landscapegenomics\/ivain-martinossi-allibert\/","title":{"rendered":"Ivain Martinossi-Allibert"},"content":{"rendered":"\n<figure class=\"wp-block-image alignright size-full is-resized\"><img loading=\"lazy\" decoding=\"async\" width=\"7360\" height=\"4912\" src=\"https:\/\/site.nord.no\/landscapegenomics\/wp-content\/uploads\/sites\/23\/2025\/04\/anisogamie_41068112584_o.jpg\" alt=\"\" class=\"wp-image-1414\" style=\"width:450px\" \/><\/figure>\n\n\n\n<p>I am an evolutionary biologist who likes to confront evolutionary theory to ecological reality. I have a keen interest for the ecological sensitivity of reproductive strategies and life-histories, with a recent focus on aquatic environments. I come from France, but lived all of my academic life in Scandinavia. I started as a PhD student in the University of Uppsala, Sweden, then moved to a post-doc in NTNU Trondheim before joining the Faculty of Bioscience and Aquaculture in Bod\u00f8 in March 2025.<\/p>\n\n\n\n<p>As part of the CHIPOLATA project, I am working on the trophic structure of pelagic fish species of Lake Tanganyika, and how this structure might have changed over the last few decades under climate change and harvesting pressure. <\/p>\n\n\n\n<p><a href=\"https:\/\/scholar.google.no\/citations?user=nkqiCyAAAAAJ&amp;hl=fr\">Google Scholar<\/a><\/p>\n\n\n\n<p>Publications:<\/p>\n\n\n\n<p>1. Martinossi\u2010Allibert, I., Wacker, S., Aparicio Estalella, C., Kvarnemo, C., &amp; Amundsen, T. (2025). A test of operational sex ratio theory across latitudes reveals temporal variation in sex\u2010specific behavioural reaction norms. Journal of Animal Ecology. https:\/\/doi.org\/10.1111\/1365-2656.14250<\/p>\n\n\n\n<p>2. Siljestam, M., &amp; Martinossi-Allibert, I. (2024). Anisogamy does not always promote the evolution of mating competition traits in males. The American Naturalist, 203(2), 230-253.<\/p>\n\n\n\n<p>3. Martinossi\u2010Allibert, I., Ament\u2010Vel\u00e1squez, S. L., Saupe, S. J., &amp; Johannesson, H. (2023). To self or not to self? Absence of mate choice despite costly outcrossing in the fungus Podospora anserina. Journal of Evolutionary Biology, 36(1), 238-250.<\/p>\n\n\n\n<p>4. Vogan, A. A., Martinossi-Allibert, I., Ament-Vel\u00e1squez, S. L., Svedberg, J., &amp; Johannesson, H. (2022). The spore killers, fungal meiotic driver elements. Mycologia, 114(1), 1-23.<\/p>\n\n\n\n<p>5. Martinossi-Allibert, I., Veller, C., Ament-Vel\u00e1squez, S. L., Vogan, A. A., Rueffler, C., &amp; Johannesson, H. (2021). Invasion and maintenance of meiotic drivers in populations of ascomycete fungi. Evolution, 75(5), 1150-1169.<\/p>\n\n\n\n<p>6. Martinossi-Allibert, I., Liljestrand R\u00f6nn, J., &amp; Immonen, E. (2020). Female-specific resource limitation does not make the opportunity for selection more female biased. Evolution, 74(12), 2714-2724.<\/p>\n\n\n\n<p>7. Ahnesj\u00f6, I., Brealey, J. C., G\u00fcnter, K. P., Martinossi-Allibert, I., Morinay, J., Siljestam, M., &#8230; &amp; Vasconcelos, P. (2020). Considering gender-biased assumptions in evolutionary biology. Evolutionary Biology, 47(1), 1-5.<\/p>\n\n\n\n<p>8. Martinossi\u2010Allibert, I., Thilliez, E., Arnqvist, G., &amp; Berger, D. (2019). Sexual selection, environmental robustness, and evolutionary demography of maladapted populations: A test using experimental evolution in seed beetles. Evolutionary Applications, 12(7), 1371-1384.<\/p>\n\n\n\n<p>9. Martinossi-Allibert, I., Rueffler, C., Arnqvist, G., &amp; Berger, D. (2019). The efficacy of good genes sexual selection under environmental change. Proceedings of the Royal Society B, 286(1896), 20182313.<\/p>\n\n\n\n<p>10. Martinossi-Allibert, I., Savkovi\u0107, U., \u0110or\u0111evi\u0107, M., Arnqvist, G., Stojkovi\u0107, B., &amp; Berger, D. (2018). The consequences of sexual selection in well-adapted and maladapted populations of bean beetles. Evolution, 72(3), 518-530.<\/p>\n\n\n\n<p>11. Martinossi\u2010Allibert, I., Clavel, J., Ducatez, S., Viol, I. L., &amp; Teplitsky, C. (2017). Does habitat specialization shape the evolutionary potential of wild bird populations?. Journal of Avian Biology, 48(8), 1158-1165.<\/p>\n","protected":false},"excerpt":{"rendered":"<p>I am an evolutionary biologist who likes to confront evolutionary theory to ecological reality. I have a keen interest for the ecological sensitivity of reproductive strategies and life-histories, with a recent focus on aquatic environments. I come from France, but lived all of my academic life in Scandinavia. I started as a PhD student in [&hellip;]<\/p>\n","protected":false},"author":46,"featured_media":0,"parent":0,"menu_order":0,"comment_status":"closed","ping_status":"closed","template":"","meta":{"site-sidebar-layout":"default","site-content-layout":"","ast-site-content-layout":"default","site-content-style":"default","site-sidebar-style":"default","ast-global-header-display":"","ast-banner-title-visibility":"","ast-main-header-display":"","ast-hfb-above-header-display":"","ast-hfb-below-header-display":"","ast-hfb-mobile-header-display":"","site-post-title":"","ast-breadcrumbs-content":"","ast-featured-img":"","footer-sml-layout":"","ast-disable-related-posts":"","theme-transparent-header-meta":"","adv-header-id-meta":"","stick-header-meta":"","header-above-stick-meta":"","header-main-stick-meta":"","header-below-stick-meta":"","astra-migrate-meta-layouts":"set","ast-page-background-enabled":"default","ast-page-background-meta":{"desktop":{"background-color":"","background-image":"","background-repeat":"repeat","background-position":"center center","background-size":"auto","background-attachment":"scroll","background-type":"","background-media":"","overlay-type":"","overlay-color":"","overlay-opacity":"","overlay-gradient":""},"tablet":{"background-color":"","background-image":"","background-repeat":"repeat","background-position":"center center","background-size":"auto","background-attachment":"scroll","background-type":"","background-media":"","overlay-type":"","overlay-color":"","overlay-opacity":"","overlay-gradient":""},"mobile":{"background-color":"","background-image":"","background-repeat":"repeat","background-position":"center center","background-size":"auto","background-attachment":"scroll","background-type":"","background-media":"","overlay-type":"","overlay-color":"","overlay-opacity":"","overlay-gradient":""}},"ast-content-background-meta":{"desktop":{"background-color":"var(--ast-global-color-5)","background-image":"","background-repeat":"repeat","background-position":"center center","background-size":"auto","background-attachment":"scroll","background-type":"","background-media":"","overlay-type":"","overlay-color":"","overlay-opacity":"","overlay-gradient":""},"tablet":{"background-color":"var(--ast-global-color-5)","background-image":"","background-repeat":"repeat","background-position":"center center","background-size":"auto","background-attachment":"scroll","background-type":"","background-media":"","overlay-type":"","overlay-color":"","overlay-opacity":"","overlay-gradient":""},"mobile":{"background-color":"var(--ast-global-color-5)","background-image":"","background-repeat":"repeat","background-position":"center center","background-size":"auto","background-attachment":"scroll","background-type":"","background-media":"","overlay-type":"","overlay-color":"","overlay-opacity":"","overlay-gradient":""}},"footnotes":""},"coauthors":[6],"class_list":["post-1417","page","type-page","status-publish","hentry"],"_links":{"self":[{"href":"https:\/\/site.nord.no\/landscapegenomics\/wp-json\/wp\/v2\/pages\/1417","targetHints":{"allow":["GET"]}}],"collection":[{"href":"https:\/\/site.nord.no\/landscapegenomics\/wp-json\/wp\/v2\/pages"}],"about":[{"href":"https:\/\/site.nord.no\/landscapegenomics\/wp-json\/wp\/v2\/types\/page"}],"author":[{"embeddable":true,"href":"https:\/\/site.nord.no\/landscapegenomics\/wp-json\/wp\/v2\/users\/46"}],"replies":[{"embeddable":true,"href":"https:\/\/site.nord.no\/landscapegenomics\/wp-json\/wp\/v2\/comments?post=1417"}],"version-history":[{"count":2,"href":"https:\/\/site.nord.no\/landscapegenomics\/wp-json\/wp\/v2\/pages\/1417\/revisions"}],"predecessor-version":[{"id":1421,"href":"https:\/\/site.nord.no\/landscapegenomics\/wp-json\/wp\/v2\/pages\/1417\/revisions\/1421"}],"wp:attachment":[{"href":"https:\/\/site.nord.no\/landscapegenomics\/wp-json\/wp\/v2\/media?parent=1417"}],"wp:term":[{"taxonomy":"author","embeddable":true,"href":"https:\/\/site.nord.no\/landscapegenomics\/wp-json\/wp\/v2\/coauthors?post=1417"}],"curies":[{"name":"wp","href":"https:\/\/api.w.org\/{rel}","templated":true}]}}