{"id":2,"date":"2020-08-13T10:44:22","date_gmt":"2020-08-13T08:44:22","guid":{"rendered":"https:\/\/blogg.nord.no\/landscapegenomics\/?page_id=2"},"modified":"2024-08-08T23:16:52","modified_gmt":"2024-08-08T21:16:52","slug":"testside","status":"publish","type":"page","link":"https:\/\/site.nord.no\/landscapegenomics\/","title":{"rendered":"Home"},"content":{"rendered":"<p class=\"font_2\">\u200bWelcome! The Landscape Genomics\u00a0Group at Nord University aims to understand local adaptation and adaptive potential in natural, human-disturbed and exploited populations. To do so, we study the evolutionary ecology and population genetics of various organisms across large and ecologically diverse landscapes. The results help us to determine how organisms persist, adapt to different environments, and diversify.<\/p>\n\n\n<div class=\"su-posts su-posts-default-loop \">\n\n\t\n\t\t\t\t\t\n\t\t\t\n\t\t\t<div id=\"su-post-1464\" class=\"su-post \">\n\n\t\t\t\t\n\t\t\t\t<h2 class=\"su-post-title\"><a href=\"https:\/\/site.nord.no\/landscapegenomics\/2026\/01\/12\/population-genomicsnord-2026\/\">Population genomics@Nord 2026<\/a><\/h2>\n\n\t\t\t\t<div class=\"su-post-meta\">\n\t\t\t\t\tPosted: 01\/12\/2026\t\t\t\t<\/div>\n\n\t\t\t\t<div class=\"su-post-excerpt\">\n\t\t\t\t\t<p>The 2026 PhD course in Population Genomics at Nord University (course code : BIO9001) is held in Bod\u00f8 from 23th to 27th of March 2026. The course consists of a series of lectures, demonstrations and hands-on exercises that cover theory and practice of population genomics analyses. Topics include population genetic theory, introduction to command line, [&hellip;]<\/p>\n\t\t\t\t<\/div>\n\n\t\t\t\t\n\t\t\t<\/div>\n\n\t\t\t\t\t\n\t\t\t\n\t\t\t<div id=\"su-post-1378\" class=\"su-post \">\n\n\t\t\t\t\n\t\t\t\t<h2 class=\"su-post-title\"><a href=\"https:\/\/site.nord.no\/landscapegenomics\/2024\/11\/15\/congratulations-dr-mulimbwa-nsibula\/\">Congratulations, Dr. Mulimbwa N&#8217;Sibula!<\/a><\/h2>\n\n\t\t\t\t<div class=\"su-post-meta\">\n\t\t\t\t\tPosted: 11\/15\/2024\t\t\t\t<\/div>\n\n\t\t\t\t<div class=\"su-post-excerpt\">\n\t\t\t\t\t<p>Too often we forget that not everyone has access to education, which is one of the UN sustainable development goals. Back in 2018, at an age that many people in Europe think about retirement,&nbsp;our collaborator Mulimbwa N&#8217;Sibula from the Centre for Research in Hydrobiology (CRH) at Uvira (DR Congo) finally saw a chance to complete [&hellip;]<\/p>\n\t\t\t\t<\/div>\n\n\t\t\t\t\n\t\t\t<\/div>\n\n\t\t\t\t\t\n\t\t\t\n\t\t\t<div id=\"su-post-1156\" class=\"su-post \">\n\n\t\t\t\t\n\t\t\t\t<h2 class=\"su-post-title\"><a href=\"https:\/\/site.nord.no\/landscapegenomics\/2024\/04\/08\/join-chipolata\/\">Join CHIPOLATA!<\/a><\/h2>\n\n\t\t\t\t<div class=\"su-post-meta\">\n\t\t\t\t\tPosted: 04\/08\/2024\t\t\t\t<\/div>\n\n\t\t\t\t<div class=\"su-post-excerpt\">\n\t\t\t\t\t<p>Two PhD fellowships and one postdoctoral fellowship linked to \u201cCHIPOLATA &#8211; Climate change and harvesting impacts on the pelagic fish community of Lake Tanganyika\u201d&nbsp; Two PhD fellowships and one postdoctoral fellowship are available in the Landscape Genomics Group, Faculty of Biosciences and Aquaculture, Nord University, Bod\u00f8, Norway. The positions are funded by the Ministry of [&hellip;]<\/p>\n\t\t\t\t<\/div>\n\n\t\t\t\t\n\t\t\t<\/div>\n\n\t\t\t\t\t\n\t\t\t\n\t\t\t<div id=\"su-post-1113\" class=\"su-post \">\n\n\t\t\t\t\n\t\t\t\t<h2 class=\"su-post-title\"><a href=\"https:\/\/site.nord.no\/landscapegenomics\/2023\/11\/23\/population-genomicsnord-2024\/\">Population genomics@Nord 2024<\/a><\/h2>\n\n\t\t\t\t<div class=\"su-post-meta\">\n\t\t\t\t\tPosted: 11\/23\/2023\t\t\t\t<\/div>\n\n\t\t\t\t<div class=\"su-post-excerpt\">\n\t\t\t\t\t<p>\/&nbsp;teaching,&nbsp;Ukategorisert&nbsp;\/ By&nbsp;Joost Raeymaekers *** Sorry, registration for the 2024 course is now closed. The next edition of the course is in spring 2026 *** The 2024 PhD course in Population Genomics at Nord University (course code : BIO9001) is held in Bod\u00f8 from 18th to 22th of March 2024. The course, sponsored by\u00a0NORBIS, consists of [&hellip;]<\/p>\n\t\t\t\t<\/div>\n\n\t\t\t\t\n\t\t\t<\/div>\n\n\t\t\t\t\t\n\t\t\t\n\t\t\t<div id=\"su-post-1075\" class=\"su-post \">\n\n\t\t\t\t\n\t\t\t\t<h2 class=\"su-post-title\"><a href=\"https:\/\/site.nord.no\/landscapegenomics\/2023\/08\/28\/workshop-high-latitude-freshwater-ecosystems-in-a-changing-environment\/\">Workshop: High-latitude freshwater ecosystems in a changing environment<\/a><\/h2>\n\n\t\t\t\t<div class=\"su-post-meta\">\n\t\t\t\t\tPosted: 08\/28\/2023\t\t\t\t<\/div>\n\n\t\t\t\t<div class=\"su-post-excerpt\">\n\t\t\t\t\t<p>5-6 October 2023, Faculty of Biosciences and Aquaculture, Nord University (Bod\u00f8, Norway) Human population growth, high demands for resources, globalisation, and shifting climatic conditions are causing ecosystems to change more rapidly now than ever in the Anthropocene. Freshwater ecosystems, especially those in northern- and arctic regions are particularly affected, as many freshwater species have confined [&hellip;]<\/p>\n\t\t\t\t<\/div>\n\n\t\t\t\t\n\t\t\t<\/div>\n\n\t\t\t\t\t\n\t\t\t\n\t\t\t<div id=\"su-post-1069\" class=\"su-post \">\n\n\t\t\t\t\n\t\t\t\t<h2 class=\"su-post-title\"><a href=\"https:\/\/site.nord.no\/landscapegenomics\/2023\/05\/18\/msca-postdoctoral-fellowships-2023-call-for-candidates-in-population-genomics-or-genome-biology\/\"><strong>MSCA Postdoctoral Fellowships 2023 &#8211; call for candidates in population genomics or genome biology<\/strong><\/a><\/h2>\n\n\t\t\t\t<div class=\"su-post-meta\">\n\t\t\t\t\tPosted: 05\/18\/2023\t\t\t\t<\/div>\n\n\t\t\t\t<div class=\"su-post-excerpt\">\n\t\t\t\t\t<p>Dear colleagues, We are looking for colleagues who are interested in applying for a MSCA Postdoctoral Fellowship (https:\/\/marie-sklodowska-curie-actions.ec.europa.eu\/calls\/msca-postdoctoral-fellowships-2023) to join the Landscape Genomics Group at the Faculty of Biosciences and Aquaculture, Nord University, Bod\u00f8 (Norway). At 68 degrees north, Bod\u00f8 is a vibrant city lying within an area of magnificent nature. Bod\u00f8 is the perfect [&hellip;]<\/p>\n\t\t\t\t<\/div>\n\n\t\t\t\t\n\t\t\t<\/div>\n\n\t\t\t\t\t\n\t\t\t\n\t\t\t<div id=\"su-post-910\" class=\"su-post \">\n\n\t\t\t\t\n\t\t\t\t<h2 class=\"su-post-title\"><a href=\"https:\/\/site.nord.no\/landscapegenomics\/2022\/08\/26\/skitt-fiske-2-0-extreme-sticklebacking-in-nordland\/\">Skitt fiske 2.0!\u00a0 \u2018Extreme Sticklebacking\u2019 in Nordland<\/a><\/h2>\n\n\t\t\t\t<div class=\"su-post-meta\">\n\t\t\t\t\tPosted: 08\/26\/2022\t\t\t\t<\/div>\n\n\t\t\t\t<div class=\"su-post-excerpt\">\n\t\t\t\t\t<p>By Marijn Kuizenga A new summer means a new season for field work! This season we are embarking on a project which aims to characterize mercury contamination in freshwater lakes across Northern Norway and study its effects on three-spined stickleback populations. During the summer of 2022 we are studying sticklebacks from 21 lakes scattered throughout [&hellip;]<\/p>\n\t\t\t\t<\/div>\n\n\t\t\t\t\n\t\t\t<\/div>\n\n\t\t\t\t\t\n\t\t\t\n\t\t\t<div id=\"su-post-852\" class=\"su-post \">\n\n\t\t\t\t\n\t\t\t\t<h2 class=\"su-post-title\"><a href=\"https:\/\/site.nord.no\/landscapegenomics\/2022\/03\/18\/urbanization-is-driving-evolution-of-plants-globally\/\">Urbanization is driving evolution of plants globally<\/a><\/h2>\n\n\t\t\t\t<div class=\"su-post-meta\">\n\t\t\t\t\tPosted: 03\/18\/2022\t\t\t\t<\/div>\n\n\t\t\t\t<div class=\"su-post-excerpt\">\n\t\t\t\t\t<p>Here is a story of a monumental project we were lucky to be part of, and which was published today in Science. Read the full article here!\u00a0\u00a0 Humans re-shape the environments where they live, with cities being among the most profoundly transformed environments on Earth. New research now shows that these urban environments are altering [&hellip;]<\/p>\n\t\t\t\t<\/div>\n\n\t\t\t\t\n\t\t\t<\/div>\n\n\t\t\t\t\t\n\t\t\t\n\t\t\t<div id=\"su-post-774\" class=\"su-post \">\n\n\t\t\t\t\n\t\t\t\t<h2 class=\"su-post-title\"><a href=\"https:\/\/site.nord.no\/landscapegenomics\/2021\/11\/05\/population-genomicsnord-2022\/\">Population genomics@Nord 2022<\/a><\/h2>\n\n\t\t\t\t<div class=\"su-post-meta\">\n\t\t\t\t\tPosted: 11\/05\/2021\t\t\t\t<\/div>\n\n\t\t\t\t<div class=\"su-post-excerpt\">\n\t\t\t\t\t<p>*** Sorry, registration for the 2022 course is now closed. The next edition of the course is in spring 2024 *** The 2022 PhD course in Population Genomics at Nord University (course code : BIO9001) is held in Bod\u00f8 from 21th to 25th of February 2022. The course, sponsored by NORBIS and EEA Iceland-Liechtenstein-Norway grants, [&hellip;]<\/p>\n\t\t\t\t<\/div>\n\n\t\t\t\t\n\t\t\t<\/div>\n\n\t\t\t\t\t\n\t\t\t\n\t\t\t<div id=\"su-post-678\" class=\"su-post \">\n\n\t\t\t\t\n\t\t\t\t<h2 class=\"su-post-title\"><a href=\"https:\/\/site.nord.no\/landscapegenomics\/2021\/07\/14\/rapid-evolution-in-waterfleas-yields-new-conservation-insights\/\">Rapid evolution in waterfleas yields new conservation insights<\/a><\/h2>\n\n\t\t\t\t<div class=\"su-post-meta\">\n\t\t\t\t\tPosted: 07\/14\/2021\t\t\t\t<\/div>\n\n\t\t\t\t<div class=\"su-post-excerpt\">\n\t\t\t\t\t<p>The extraordinary ability of animals to rapidly evolve in response to predators has been demonstrated via genetic sequencing of a waterflea population across nearly two decades. In a new study\u00a0published in\u00a0Nature Communications,\u00a0together with scientists at the Universities of Birmingham in the UK, the KU Leuven in Belgium, and the Leibniz Institute for Freshwater Ecology and [&hellip;]<\/p>\n\t\t\t\t<\/div>\n\n\t\t\t\t\n\t\t\t<\/div>\n\n\t\t\n\t\n<\/div>\n\n","protected":false},"excerpt":{"rendered":"<p>\u200bWelcome! The Landscape Genomics\u00a0Group at Nord University aims to understand local adaptation and adaptive potential in natural, human-disturbed and exploited populations. To do so, we study the evolutionary ecology and population genetics of various organisms across large and ecologically diverse landscapes. The results help us to determine how organisms persist, adapt to different environments, and [&hellip;]<\/p>\n","protected":false},"author":75,"featured_media":0,"parent":0,"menu_order":0,"comment_status":"closed","ping_status":"open","template":"","meta":{"site-sidebar-layout":"default","site-content-layout":"default","ast-site-content-layout":"default","site-content-style":"default","site-sidebar-style":"default","ast-global-header-display":"","ast-banner-title-visibility":"","ast-main-header-display":"","ast-hfb-above-header-display":"","ast-hfb-below-header-display":"","ast-hfb-mobile-header-display":"","site-post-title":"disabled","ast-breadcrumbs-content":"","ast-featured-img":"","footer-sml-layout":"","ast-disable-related-posts":"","theme-transparent-header-meta":"default","adv-header-id-meta":"","stick-header-meta":"","header-above-stick-meta":"","header-main-stick-meta":"","header-below-stick-meta":"","astra-migrate-meta-layouts":"set","ast-page-background-enabled":"default","ast-page-background-meta":{"desktop":{"background-color":"","background-image":"","background-repeat":"repeat","background-position":"center center","background-size":"auto","background-attachment":"scroll","background-type":"","background-media":"","overlay-type":"","overlay-color":"","overlay-opacity":"","overlay-gradient":""},"tablet":{"background-color":"","background-image":"","background-repeat":"repeat","background-position":"center center","background-size":"auto","background-attachment":"scroll","background-type":"","background-media":"","overlay-type":"","overlay-color":"","overlay-opacity":"","overlay-gradient":""},"mobile":{"background-color":"","background-image":"","background-repeat":"repeat","background-position":"center center","background-size":"auto","background-attachment":"scroll","background-type":"","background-media":"","overlay-type":"","overlay-color":"","overlay-opacity":"","overlay-gradient":""}},"ast-content-background-meta":{"desktop":{"background-color":"var(--ast-global-color-5)","background-image":"","background-repeat":"repeat","background-position":"center center","background-size":"auto","background-attachment":"scroll","background-type":"","background-media":"","overlay-type":"","overlay-color":"","overlay-opacity":"","overlay-gradient":""},"tablet":{"background-color":"var(--ast-global-color-5)","background-image":"","background-repeat":"repeat","background-position":"center center","background-size":"auto","background-attachment":"scroll","background-type":"","background-media":"","overlay-type":"","overlay-color":"","overlay-opacity":"","overlay-gradient":""},"mobile":{"background-color":"var(--ast-global-color-5)","background-image":"","background-repeat":"repeat","background-position":"center center","background-size":"auto","background-attachment":"scroll","background-type":"","background-media":"","overlay-type":"","overlay-color":"","overlay-opacity":"","overlay-gradient":""}},"footnotes":""},"coauthors":[2],"class_list":["post-2","page","type-page","status-publish","hentry"],"_links":{"self":[{"href":"https:\/\/site.nord.no\/landscapegenomics\/wp-json\/wp\/v2\/pages\/2","targetHints":{"allow":["GET"]}}],"collection":[{"href":"https:\/\/site.nord.no\/landscapegenomics\/wp-json\/wp\/v2\/pages"}],"about":[{"href":"https:\/\/site.nord.no\/landscapegenomics\/wp-json\/wp\/v2\/types\/page"}],"author":[{"embeddable":true,"href":"https:\/\/site.nord.no\/landscapegenomics\/wp-json\/wp\/v2\/users\/75"}],"replies":[{"embeddable":true,"href":"https:\/\/site.nord.no\/landscapegenomics\/wp-json\/wp\/v2\/comments?post=2"}],"version-history":[{"count":22,"href":"https:\/\/site.nord.no\/landscapegenomics\/wp-json\/wp\/v2\/pages\/2\/revisions"}],"predecessor-version":[{"id":1198,"href":"https:\/\/site.nord.no\/landscapegenomics\/wp-json\/wp\/v2\/pages\/2\/revisions\/1198"}],"wp:attachment":[{"href":"https:\/\/site.nord.no\/landscapegenomics\/wp-json\/wp\/v2\/media?parent=2"}],"wp:term":[{"taxonomy":"author","embeddable":true,"href":"https:\/\/site.nord.no\/landscapegenomics\/wp-json\/wp\/v2\/coauthors?post=2"}],"curies":[{"name":"wp","href":"https:\/\/api.w.org\/{rel}","templated":true}]}}