{"id":8,"date":"2019-10-30T11:40:48","date_gmt":"2019-10-30T10:40:48","guid":{"rendered":"https:\/\/blogg.nord.no\/lytring\/?page_id=8"},"modified":"2026-04-09T09:22:43","modified_gmt":"2026-04-09T07:22:43","slug":"kontakt","status":"publish","type":"page","link":"https:\/\/site.nord.no\/lytring\/kontakt\/","title":{"rendered":"Kontakt"},"content":{"rendered":"\t\t<div data-elementor-type=\"wp-page\" data-elementor-id=\"8\" class=\"elementor elementor-8\" data-elementor-post-type=\"page\">\n\t\t\t\t\t\t<section class=\"elementor-section elementor-top-section elementor-element elementor-element-9b7b579 elementor-section-boxed elementor-section-height-default elementor-section-height-default\" data-id=\"9b7b579\" data-element_type=\"section\" data-e-type=\"section\">\n\t\t\t\t\t\t<div class=\"elementor-container elementor-column-gap-default\">\n\t\t\t\t\t<div class=\"elementor-column elementor-col-100 elementor-top-column elementor-element elementor-element-1c12e3b\" data-id=\"1c12e3b\" data-element_type=\"column\" data-e-type=\"column\">\n\t\t\t<div class=\"elementor-widget-wrap elementor-element-populated\">\n\t\t\t\t\t\t<div class=\"elementor-element elementor-element-1a6036e elementor-widget elementor-widget-text-editor\" data-id=\"1a6036e\" data-element_type=\"widget\" data-e-type=\"widget\" data-widget_type=\"text-editor.default\">\n\t\t\t\t<div class=\"elementor-widget-container\">\n\t\t\t\t\t\t\t\t\t<p style=\"font-size: 15px;font-style: normal;font-weight: 400\">Et levende, kunnskapsbasert, offentlig ordskifte er avgj\u00f8rende for v\u00e5rt demokrati, og en motvekt til utfordringer som polarisering, intoleranse, det postfaktuelle samfunn og forvitringen av tilliten til akademia. Lytring skal stimulere til samfunnsengasjement, og sette dagsorden b\u00e5de lokalt, regionalt og nasjonalt. Vi fors\u00f8ker hele tiden \u00e5 lete fram nye problemstillinger, vinklinger og stemmer, og diskutere slik at alle kan f\u00e5 utbytte av \u00e5 lytte. Vi skal v\u00e6re overraskende, gjerne utfordrende og moth\u00e5rs. Lytring jobber for \u00e5 skape nysgjerrighet for uenighet, andre perspektiver og nyanser. Vi skal slippe til ulike stemmer fra ulike steder i samfunnet, og synliggj\u00f8re bredden i samfunnsengasjement.<\/p><p style=\"font-size: 15px;font-style: normal;font-weight: 400\"><span style=\"font-size: 15px;font-style: normal;font-weight: 400\">Lytring eies av Nord universitet og Nordlandsforskning. Lytring skal sette kunnskapen og forskningen ved disse institusjonene p\u00e5 kartet, og skape et rom for dialog og diskusjon med andre kunnskapsinstitusjoner. Derfor har vi alltid en forsker fra enten Nord eller Nordlandsforskning med i hvert arrangement.<\/span><\/p><p style=\"font-size: 15px;font-style: normal;font-weight: 400\">Lytring setter den nordlige landsdelen p\u00e5 kartet, ikke ved \u00e5 velge spesifikke nordnorske temaer hele tiden, men ved \u00e5 v\u00e6re en av landets beste arenaer for kunnskapsbasert, kritisk diskusjon. Gjennom \u00e5 styrke den kritiske offentligheten her nord, vil vi v\u00e6re med p\u00e5 \u00e5 skape attraktive, levende samfunn for dagens og framtidens innbyggere.<\/p>\t\t\t\t\t\t\t\t<\/div>\n\t\t\t\t<\/div>\n\t\t\t\t\t<\/div>\n\t\t<\/div>\n\t\t\t\t\t<\/div>\n\t\t<\/section>\n\t\t\t\t<section class=\"elementor-section elementor-top-section elementor-element elementor-element-3e2c4b6 elementor-section-boxed elementor-section-height-default elementor-section-height-default\" data-id=\"3e2c4b6\" data-element_type=\"section\" data-e-type=\"section\">\n\t\t\t\t\t\t<div class=\"elementor-container elementor-column-gap-default\">\n\t\t\t\t\t<div class=\"elementor-column elementor-col-100 elementor-top-column elementor-element elementor-element-47d7b1c\" data-id=\"47d7b1c\" data-element_type=\"column\" data-e-type=\"column\">\n\t\t\t<div class=\"elementor-widget-wrap elementor-element-populated\">\n\t\t\t\t\t\t<section class=\"elementor-section elementor-inner-section elementor-element elementor-element-49e8235 elementor-section-boxed elementor-section-height-default elementor-section-height-default\" data-id=\"49e8235\" data-element_type=\"section\" data-e-type=\"section\">\n\t\t\t\t\t\t<div class=\"elementor-container elementor-column-gap-default\">\n\t\t\t\t\t<div class=\"elementor-column elementor-col-50 elementor-inner-column elementor-element elementor-element-0f54a9c\" data-id=\"0f54a9c\" data-element_type=\"column\" data-e-type=\"column\">\n\t\t\t<div class=\"elementor-widget-wrap elementor-element-populated\">\n\t\t\t\t\t\t<div class=\"elementor-element elementor-element-936bc29 elementor-cta--skin-cover elementor-widget__width-initial elementor-animated-content elementor-bg-transform elementor-bg-transform-zoom-in elementor-widget elementor-widget-call-to-action\" data-id=\"936bc29\" data-element_type=\"widget\" data-e-type=\"widget\" data-widget_type=\"call-to-action.default\">\n\t\t\t\t<div class=\"elementor-widget-container\">\n\t\t\t\t\t\t\t<div class=\"elementor-cta\">\n\t\t\t\t\t<div class=\"elementor-cta__bg-wrapper\">\n\t\t\t\t<div class=\"elementor-cta__bg elementor-bg\" style=\"background-image: url(https:\/\/site.nord.no\/lytring\/wp-content\/uploads\/sites\/15\/2024\/11\/quan-tran-6Kc77imm5YI-unsplash-1.jpg);\" role=\"img\" aria-label=\"quan-tran-6Kc77imm5YI-unsplash\"><\/div>\n\t\t\t\t<div class=\"elementor-cta__bg-overlay\"><\/div>\n\t\t\t<\/div>\n\t\t\t\t\t\t\t<div class=\"elementor-cta__content\">\n\t\t\t\t\n\t\t\t\t\n\t\t\t\t\n\t\t\t\t\t\t\t\t\t<div class=\"elementor-cta__button-wrapper elementor-cta__content-item elementor-content-item elementor-animated-item--grow\">\n\t\t\t\t\t<a class=\"elementor-cta__button elementor-button elementor-size-\" href=\"https:\/\/www.facebook.com\/lytringdebatt\">\n\t\t\t\t\t\tF\u00f8lg oss p\u00e5 Facebook\t\t\t\t\t<\/a>\n\t\t\t\t\t<\/div>\n\t\t\t\t\t\t\t<\/div>\n\t\t\t\t\t\t<\/div>\n\t\t\t\t\t\t<\/div>\n\t\t\t\t<\/div>\n\t\t\t\t\t<\/div>\n\t\t<\/div>\n\t\t\t\t<div class=\"elementor-column elementor-col-50 elementor-inner-column elementor-element elementor-element-fd100d9\" data-id=\"fd100d9\" data-element_type=\"column\" data-e-type=\"column\">\n\t\t\t<div class=\"elementor-widget-wrap elementor-element-populated\">\n\t\t\t\t\t\t<div class=\"elementor-element elementor-element-fd0314c elementor-cta--skin-cover elementor-animated-content elementor-bg-transform elementor-bg-transform-zoom-in elementor-widget elementor-widget-call-to-action\" data-id=\"fd0314c\" data-element_type=\"widget\" data-e-type=\"widget\" data-widget_type=\"call-to-action.default\">\n\t\t\t\t<div class=\"elementor-widget-container\">\n\t\t\t\t\t\t\t<div class=\"elementor-cta\">\n\t\t\t\t\t<div class=\"elementor-cta__bg-wrapper\">\n\t\t\t\t<div class=\"elementor-cta__bg elementor-bg\" style=\"background-image: url(https:\/\/site.nord.no\/lytring\/wp-content\/uploads\/sites\/15\/2024\/11\/jonathan-velasquez-c1ZN57GfDB0-unsplash.jpg);\" role=\"img\" aria-label=\"jonathan-velasquez-c1ZN57GfDB0-unsplash\"><\/div>\n\t\t\t\t<div class=\"elementor-cta__bg-overlay\"><\/div>\n\t\t\t<\/div>\n\t\t\t\t\t\t\t<div class=\"elementor-cta__content\">\n\t\t\t\t\n\t\t\t\t\n\t\t\t\t\n\t\t\t\t\t\t\t\t\t<div class=\"elementor-cta__button-wrapper elementor-cta__content-item elementor-content-item elementor-animated-item--grow\">\n\t\t\t\t\t<a class=\"elementor-cta__button elementor-button elementor-size-\" href=\"https:\/\/pub.dialogapi.no\/s\/ODAyMjo4OWMyNDE5OC0wY2M1LTQwNTMtOTgwMi1mYTEzMTkyZDFjYWI\">\n\t\t\t\t\t\tF\u00e5 nyhetsbrev om Lytring\t\t\t\t\t<\/a>\n\t\t\t\t\t<\/div>\n\t\t\t\t\t\t\t<\/div>\n\t\t\t\t\t\t<\/div>\n\t\t\t\t\t\t<\/div>\n\t\t\t\t<\/div>\n\t\t\t\t\t<\/div>\n\t\t<\/div>\n\t\t\t\t\t<\/div>\n\t\t<\/section>\n\t\t\t\t\t<\/div>\n\t\t<\/div>\n\t\t\t\t\t<\/div>\n\t\t<\/section>\n\t\t\t\t<section class=\"elementor-section elementor-top-section elementor-element elementor-element-4c25620 elementor-section-boxed elementor-section-height-default elementor-section-height-default\" data-id=\"4c25620\" data-element_type=\"section\" data-e-type=\"section\">\n\t\t\t\t\t\t<div class=\"elementor-container elementor-column-gap-default\">\n\t\t\t\t\t<div class=\"elementor-column elementor-col-100 elementor-top-column elementor-element elementor-element-b0b7bc5\" data-id=\"b0b7bc5\" data-element_type=\"column\" data-e-type=\"column\">\n\t\t\t<div class=\"elementor-widget-wrap elementor-element-populated\">\n\t\t\t\t\t\t<div class=\"elementor-element elementor-element-d91680e elementor-widget elementor-widget-text-editor\" data-id=\"d91680e\" data-element_type=\"widget\" data-e-type=\"widget\" data-widget_type=\"text-editor.default\">\n\t\t\t\t<div class=\"elementor-widget-container\">\n\t\t\t\t\t\t\t\t\t<p><span style=\"font-size: 15px;font-weight: bold\">I l\u00f8pet av et kalender\u00e5r lager vi:<\/span><\/p><ul><li>9 debatter i Bod\u00f8, Stormen bibliotek<\/li><li>2 debatter i Levanger, R\u00f8stad Scene<\/li><li>2 debatter i Mo i Rana, Teaterkafeen<\/li><li>2 debatter i Svolv\u00e6r, Lofoten kulturhus<\/li><\/ul><p style=\"font-size: 15px;font-style: normal;font-weight: 400\">Alle v\u00e5re debatter str\u00f8mmes og lagres via lytring.no.<\/p>\t\t\t\t\t\t\t\t<\/div>\n\t\t\t\t<\/div>\n\t\t\t\t\t<\/div>\n\t\t<\/div>\n\t\t\t\t\t<\/div>\n\t\t<\/section>\n\t\t\t\t<section class=\"elementor-section elementor-top-section elementor-element elementor-element-0a3f05d elementor-section-boxed elementor-section-height-default elementor-section-height-default\" data-id=\"0a3f05d\" data-element_type=\"section\" data-e-type=\"section\">\n\t\t\t\t\t\t<div class=\"elementor-container elementor-column-gap-default\">\n\t\t\t\t\t<div class=\"elementor-column elementor-col-100 elementor-top-column elementor-element elementor-element-ea47dd0\" data-id=\"ea47dd0\" data-element_type=\"column\" data-e-type=\"column\">\n\t\t\t<div class=\"elementor-widget-wrap elementor-element-populated\">\n\t\t\t\t\t\t<div class=\"elementor-element elementor-element-b37c36e elementor-widget elementor-widget-heading\" data-id=\"b37c36e\" data-element_type=\"widget\" data-e-type=\"widget\" data-widget_type=\"heading.default\">\n\t\t\t\t<div class=\"elementor-widget-container\">\n\t\t\t\t\t<h2 class=\"elementor-heading-title elementor-size-default\">Lytring og kunsten<\/h2>\t\t\t\t<\/div>\n\t\t\t\t<\/div>\n\t\t\t\t<div class=\"elementor-element elementor-element-5fffa84 elementor-widget elementor-widget-text-editor\" data-id=\"5fffa84\" data-element_type=\"widget\" data-e-type=\"widget\" data-widget_type=\"text-editor.default\">\n\t\t\t\t<div class=\"elementor-widget-container\">\n\t\t\t\t\t\t\t\t\t<p>Lytring samarbeider med lokale kunstnere som lager illustrasjoner til hver debatt. Kunstnerne har full frihet til \u00e5 utforme illustrasjonene slik de selv \u00f8nsker.<\/p><p>Disse kunstnerne bidrar fast:<\/p><ul><li>Hege Gundersen<\/li><li>Rune Pettersen<\/li><li>Anne Breivik<\/li><li>Joanna Piasecka<\/li><li>Martin Losvik<\/li><li>Regina Pedersen<\/li><\/ul><p>\u00d8nsker du \u00e5 bidra, sender du e-post til <a href=\"mailto:anki.k.gerhardsen@nord.no\">anki.k.gerhardsen@nord.no<\/a>\u00a0eller ringer 917 30 317.<\/p>\t\t\t\t\t\t\t\t<\/div>\n\t\t\t\t<\/div>\n\t\t\t\t\t<\/div>\n\t\t<\/div>\n\t\t\t\t\t<\/div>\n\t\t<\/section>\n\t\t\t\t<section class=\"elementor-section elementor-top-section elementor-element elementor-element-684ac12 elementor-section-boxed elementor-section-height-default elementor-section-height-default\" data-id=\"684ac12\" data-element_type=\"section\" data-e-type=\"section\">\n\t\t\t\t\t\t<div class=\"elementor-container elementor-column-gap-default\">\n\t\t\t\t\t<div class=\"elementor-column elementor-col-100 elementor-top-column elementor-element elementor-element-952e9f1\" data-id=\"952e9f1\" data-element_type=\"column\" data-e-type=\"column\">\n\t\t\t<div class=\"elementor-widget-wrap\">\n\t\t\t\t\t\t\t<\/div>\n\t\t<\/div>\n\t\t\t\t\t<\/div>\n\t\t<\/section>\n\t\t\t\t<section class=\"elementor-section elementor-top-section elementor-element elementor-element-0dc5763 elementor-section-boxed elementor-section-height-default elementor-section-height-default\" data-id=\"0dc5763\" data-element_type=\"section\" data-e-type=\"section\" data-settings=\"{&quot;background_background&quot;:&quot;classic&quot;}\">\n\t\t\t\t\t\t<div class=\"elementor-container elementor-column-gap-default\">\n\t\t\t\t\t<div class=\"elementor-column elementor-col-100 elementor-top-column elementor-element elementor-element-3fe2411\" data-id=\"3fe2411\" data-element_type=\"column\" data-e-type=\"column\">\n\t\t\t<div class=\"elementor-widget-wrap elementor-element-populated\">\n\t\t\t\t\t\t<div class=\"elementor-element elementor-element-bcabd28 elementor-widget elementor-widget-heading\" data-id=\"bcabd28\" data-element_type=\"widget\" data-e-type=\"widget\" data-widget_type=\"heading.default\">\n\t\t\t\t<div class=\"elementor-widget-container\">\n\t\t\t\t\t<h2 class=\"elementor-heading-title elementor-size-default\">Organisering<\/h2>\t\t\t\t<\/div>\n\t\t\t\t<\/div>\n\t\t\t\t<div class=\"elementor-element elementor-element-4efef6f elementor-widget elementor-widget-text-editor\" data-id=\"4efef6f\" data-element_type=\"widget\" data-e-type=\"widget\" data-widget_type=\"text-editor.default\">\n\t\t\t\t<div class=\"elementor-widget-container\">\n\t\t\t\t\t\t\t\t\t<p><span style=\"font-size: 15px;font-style: normal;font-weight: bold\">REDAKSJONEN:<\/span><\/p><ul><li>Anki Gerhardsen, redakt\u00f8r, Nord universitet (Bod\u00f8)<\/li><li><span style=\"font-size: 15px;font-style: normal;font-weight: 400\">Frida Austmo W\u00e5gan, Nord universitet (Bod\u00f8)<\/span><\/li><li><span style=\"font-size: 15px;font-style: normal;font-weight: 400\">Hanne Stokvik, Nord universitet (Bod\u00f8)<\/span><\/li><li><span style=\"font-size: 15px;font-style: normal;font-weight: 400\">Jarle Tryti Nordeide, Nord universitet (Bod\u00f8)<\/span><\/li><li>Tove Godskesen, Nord universitet (Bod\u00f8)<\/li><li>Thor-Erik Sandberg-Hanssen, Nord universitet (Bod\u00f8)<\/li><li>Rikke L\u00fcnell, Nord universitet (Bod\u00f8)<\/li><li>Helena Gonzales Lindberg, Nordlandsforskning (Bod\u00f8)<\/li><li><span style=\"font-size: 15px;font-style: normal;font-weight: 400\">Tiril Vold Hansen, Nordlandsforskning (Bod\u00f8)<\/span><\/li><li><span style=\"font-size: 15px;font-style: normal;font-weight: 400\">Marianne Blom Brodersen, Nord universitet (Levanger)<\/span><\/li><li><span style=\"font-size: 15px;font-style: normal;font-weight: 400\">Ragnhild Forseth, Nord universitet (Levanger)<\/span><\/li><li><span style=\"font-size: 15px;font-style: normal;font-weight: 400\">Unn Haukenes Holgersen, Nordlandsforskning (Svolv\u00e6r)<\/span><\/li><li><span style=\"font-size: 15px;font-style: normal;font-weight: 400\">Karin Antonsen, Nordlandsforskning (Svolv\u00e6r)<\/span><\/li><li>Cecilie Bratt, Nordlandsforskning (Mo i Rana)<\/li><li>David A. Bj\u00f8rsvik, Nord universitet (Mo i Rana)<\/li><\/ul>\t\t\t\t\t\t\t\t<\/div>\n\t\t\t\t<\/div>\n\t\t\t\t<div class=\"elementor-element elementor-element-f9b31eb elementor-widget elementor-widget-text-editor\" data-id=\"f9b31eb\" data-element_type=\"widget\" data-e-type=\"widget\" data-widget_type=\"text-editor.default\">\n\t\t\t\t<div class=\"elementor-widget-container\">\n\t\t\t\t\t\t\t\t\t<p style=\"font-size: 15px;font-style: normal;font-weight: 400\"><span style=\"font-size: 15px;font-weight: bold\">KOMMUNIKASJON:<\/span><\/p><ul><li><a style=\"font-size: 15px;font-style: normal;font-weight: 400;background-color: #fafafa\" href=\"https:\/\/www.nordlandsforskning.no\/medarbeidere\/tarjei-abelsen\">Tarjei Abelsen<\/a><span style=\"font-size: 15px;font-style: normal;font-weight: 400\">, Nordlandsforskning<\/span><\/li><li style=\"font-size: 15px\"><a style=\"font-size: 15px;font-style: normal;font-weight: 400;background-color: #ffffff\" href=\"https:\/\/www.nord.no\/no\/ansatte\/per-stian-michelsen-ekroll\">Per-Stian Ekroll<\/a><span style=\"font-size: 15px;font-style: normal;font-weight: 400\">,\u00a0<\/span><span style=\"font-size: 15px;font-style: normal;font-weight: 400\">Nord universitet<\/span><\/li><li><span style=\"font-size: 15px;font-style: normal;font-weight: 400\"><a href=\"https:\/\/www.nord.no\/om\/ansatte\/bjornar-olav-leknes\">Bj\u00f8rnar Leknes<\/a>, Nord universitet<\/span><\/li><\/ul>\t\t\t\t\t\t\t\t<\/div>\n\t\t\t\t<\/div>\n\t\t\t\t<div class=\"elementor-element elementor-element-ffed339 elementor-widget elementor-widget-text-editor\" data-id=\"ffed339\" data-element_type=\"widget\" data-e-type=\"widget\" data-widget_type=\"text-editor.default\">\n\t\t\t\t<div class=\"elementor-widget-container\">\n\t\t\t\t\t\t\t\t\t<p style=\"font-size: 15px;font-style: normal;font-weight: 400\"><span style=\"font-size: 15px;font-weight: bold\">ARBEIDSGRUPPE:<\/span><br \/>Prodekan for forskning fra alle fakultet og Nordlandsforskning er representert i arbeidsgruppa som jobber med overordnet planlegging og kvalitetssikring:<\/p><ul><li style=\"font-size: 15px;font-style: normal;font-weight: 400\">Ragnhild Holmen Waldahl, Nordlandsforskning<\/li><li style=\"font-size: 15px;font-style: normal;font-weight: 400\">Kari Ingstad, Fakultet for sykepleie og helsevitenskap, Nord universitet<\/li><li>Janne Ir\u00e9n Paulsen Breimo, Fakultet for samfunnsvitenskap, Nord universitet<\/li><li style=\"font-size: 15px;font-style: normal;font-weight: 400\">Wenche R\u00f8nning, Fakultet for l\u00e6rerutdanning og kunst- og kulturfag, Nord universitet<\/li><li style=\"font-size: 15px;font-style: normal;font-weight: 400\">Kiron Viswanth, Fakultet for biovitenskap og akvakultur, Nord universitet<\/li><li style=\"font-size: 15px;font-style: normal;font-weight: 400\">Terje Mathisen, Fakultetet handelsh\u00f8gskolen, Nord universitet<\/li><li style=\"font-size: 15px;font-style: normal;font-weight: 400\">Anki Gerhardsen, Lytrings leder, Nord universitet<\/li><\/ul>\t\t\t\t\t\t\t\t<\/div>\n\t\t\t\t<\/div>\n\t\t\t\t<div class=\"elementor-element elementor-element-3a9a21e elementor-widget elementor-widget-text-editor\" data-id=\"3a9a21e\" data-element_type=\"widget\" data-e-type=\"widget\" data-widget_type=\"text-editor.default\">\n\t\t\t\t<div class=\"elementor-widget-container\">\n\t\t\t\t\t\t\t\t\t<p style=\"font-size: 15px;font-style: normal;font-weight: 400\"><span style=\"font-size: 15px;font-weight: bold\">STYRINGSGRUPPE<\/span><br \/>Lytrings styringsgruppe er Lytrings \u00f8verste organ, og jobber med strategi, budsjett og \u00f8konomi.<\/p><ul><li style=\"font-size: 15px;font-style: normal;font-weight: 400\">Nina Kje\u00f8y, kommunikasjonssjef Nord universitet<\/li><li style=\"font-size: 15px;font-style: normal;font-weight: 400\"><div class=\"field-first-name\">Andr\u00e9 <span style=\"font-size: 15px;font-style: normal;font-weight: 400\">Wallann Larsen<\/span><span style=\"font-size: 15px;font-style: normal;font-weight: 400\">, administrerende direkt\u00f8r Nordlandsforskning<\/span><\/div><\/li><li style=\"font-size: 15px;font-style: normal;font-weight: 400\">Anki Gerhardsen, Lytrings leder, Nord universitet<\/li><\/ul>\t\t\t\t\t\t\t\t<\/div>\n\t\t\t\t<\/div>\n\t\t\t\t\t<\/div>\n\t\t<\/div>\n\t\t\t\t\t<\/div>\n\t\t<\/section>\n\t\t\t\t<section class=\"elementor-section elementor-top-section elementor-element elementor-element-38ec7e7 elementor-section-boxed elementor-section-height-default elementor-section-height-default\" data-id=\"38ec7e7\" data-element_type=\"section\" data-e-type=\"section\">\n\t\t\t\t\t\t<div class=\"elementor-container elementor-column-gap-default\">\n\t\t\t\t\t<div class=\"elementor-column elementor-col-100 elementor-top-column elementor-element elementor-element-59d1203\" data-id=\"59d1203\" data-element_type=\"column\" data-e-type=\"column\">\n\t\t\t<div class=\"elementor-widget-wrap elementor-element-populated\">\n\t\t\t\t\t\t<div class=\"elementor-element elementor-element-9eaa986 elementor-cta--skin-cover elementor-cta--valign-bottom elementor-animated-content elementor-bg-transform elementor-bg-transform-zoom-in elementor-widget elementor-widget-call-to-action\" data-id=\"9eaa986\" data-element_type=\"widget\" data-e-type=\"widget\" data-widget_type=\"call-to-action.default\">\n\t\t\t\t<div class=\"elementor-widget-container\">\n\t\t\t\t\t\t\t<div class=\"elementor-cta\">\n\t\t\t\t\t<div class=\"elementor-cta__bg-wrapper\">\n\t\t\t\t<div class=\"elementor-cta__bg elementor-bg\" style=\"background-image: url(https:\/\/site.nord.no\/lytring\/wp-content\/uploads\/sites\/15\/2024\/11\/AL_4517-kopi.jpg);\" role=\"img\" aria-label=\"_AL_4517 kopi\"><\/div>\n\t\t\t\t<div class=\"elementor-cta__bg-overlay\"><\/div>\n\t\t\t<\/div>\n\t\t\t\t\t\t\t<div class=\"elementor-cta__content\">\n\t\t\t\t\n\t\t\t\t\t\t\t\t\t<h2 class=\"elementor-cta__title elementor-cta__content-item elementor-content-item elementor-animated-item--grow\">\n\t\t\t\t\t\tKommende Lytringer\t\t\t\t\t<\/h2>\n\t\t\t\t\n\t\t\t\t\n\t\t\t\t\t\t\t\t\t<div class=\"elementor-cta__button-wrapper elementor-cta__content-item elementor-content-item elementor-animated-item--grow\">\n\t\t\t\t\t<a class=\"elementor-cta__button elementor-button elementor-size-\" href=\"https:\/\/site.nord.no\/lytring\/\">\n\t\t\t\t\t\tProgram\t\t\t\t\t<\/a>\n\t\t\t\t\t<\/div>\n\t\t\t\t\t\t\t<\/div>\n\t\t\t\t\t\t<\/div>\n\t\t\t\t\t\t<\/div>\n\t\t\t\t<\/div>\n\t\t\t\t\t<\/div>\n\t\t<\/div>\n\t\t\t\t\t<\/div>\n\t\t<\/section>\n\t\t\t\t<section class=\"elementor-section elementor-top-section elementor-element elementor-element-c0073cd elementor-section-boxed elementor-section-height-default elementor-section-height-default\" data-id=\"c0073cd\" data-element_type=\"section\" data-e-type=\"section\" data-settings=\"{&quot;background_background&quot;:&quot;classic&quot;}\">\n\t\t\t\t\t\t<div class=\"elementor-container elementor-column-gap-default\">\n\t\t\t\t\t<div class=\"elementor-column elementor-col-100 elementor-top-column elementor-element elementor-element-28445a8\" data-id=\"28445a8\" data-element_type=\"column\" data-e-type=\"column\">\n\t\t\t<div class=\"elementor-widget-wrap elementor-element-populated\">\n\t\t\t\t\t\t<div class=\"elementor-element elementor-element-ef690d5 elementor-widget elementor-widget-heading\" data-id=\"ef690d5\" data-element_type=\"widget\" data-e-type=\"widget\" data-widget_type=\"heading.default\">\n\t\t\t\t<div class=\"elementor-widget-container\">\n\t\t\t\t\t<h2 class=\"elementor-heading-title elementor-size-default\">Samarbeidspartnere<\/h2>\t\t\t\t<\/div>\n\t\t\t\t<\/div>\n\t\t\t\t<div class=\"elementor-element elementor-element-a743f03 elementor-widget elementor-widget-text-editor\" data-id=\"a743f03\" data-element_type=\"widget\" data-e-type=\"widget\" data-widget_type=\"text-editor.default\">\n\t\t\t\t<div class=\"elementor-widget-container\">\n\t\t\t\t\t\t\t\t\t<ul><li><a href=\"https:\/\/stormen.no\/bibliotek\/\">Stormen bibliotek<\/a><\/li><li><a href=\"https:\/\/intune.no\/\">InTune<\/a><\/li><li>Teaterkafeen, Nordland Teater<\/li><li>Kulturhuset i Lofoten<\/li><li>R\u00f8stad Scene<\/li><li><a href=\"https:\/\/se-nor.no\/\">Se-Nor<\/a><\/li><\/ul>\t\t\t\t\t\t\t\t<\/div>\n\t\t\t\t<\/div>\n\t\t\t\t\t<\/div>\n\t\t<\/div>\n\t\t\t\t\t<\/div>\n\t\t<\/section>\n\t\t\t\t<\/div>\n\t\t","protected":false},"excerpt":{"rendered":"<p>Et levende, kunnskapsbasert, offentlig ordskifte er avgj\u00f8rende for v\u00e5rt demokrati, og en motvekt til utfordringer som polarisering, intoleranse, det postfaktuelle samfunn og forvitringen av tilliten til akademia. Lytring skal stimulere til samfunnsengasjement, og sette dagsorden b\u00e5de lokalt, regionalt og nasjonalt. Vi fors\u00f8ker hele tiden \u00e5 lete fram nye problemstillinger, vinklinger og stemmer, og diskutere slik [&hellip;]<\/p>\n","protected":false},"author":75,"featured_media":0,"parent":0,"menu_order":0,"comment_status":"closed","ping_status":"closed","template":"elementor_header_footer","meta":{"site-sidebar-layout":"default","site-content-layout":"default","ast-site-content-layout":"default","site-content-style":"default","site-sidebar-style":"default","ast-global-header-display":"","ast-banner-title-visibility":"","ast-main-header-display":"","ast-hfb-above-header-display":"","ast-hfb-below-header-display":"","ast-hfb-mobile-header-display":"","site-post-title":"disabled","ast-breadcrumbs-content":"","ast-featured-img":"","footer-sml-layout":"","ast-disable-related-posts":"","theme-transparent-header-meta":"default","adv-header-id-meta":"","stick-header-meta":"","header-above-stick-meta":"","header-main-stick-meta":"","header-below-stick-meta":"","astra-migrate-meta-layouts":"default","ast-page-background-enabled":"default","ast-page-background-meta":{"desktop":{"background-color":"","background-image":"","background-repeat":"repeat","background-position":"center center","background-size":"auto","background-attachment":"scroll","background-type":"","background-media":"","overlay-type":"","overlay-color":"","overlay-opacity":"","overlay-gradient":""},"tablet":{"background-color":"","background-image":"","background-repeat":"repeat","background-position":"center center","background-size":"auto","background-attachment":"scroll","background-type":"","background-media":"","overlay-type":"","overlay-color":"","overlay-opacity":"","overlay-gradient":""},"mobile":{"background-color":"","background-image":"","background-repeat":"repeat","background-position":"center center","background-size":"auto","background-attachment":"scroll","background-type":"","background-media":"","overlay-type":"","overlay-color":"","overlay-opacity":"","overlay-gradient":""}},"ast-content-background-meta":{"desktop":{"background-color":"var(--ast-global-color-5)","background-image":"","background-repeat":"repeat","background-position":"center center","background-size":"auto","background-attachment":"scroll","background-type":"","background-media":"","overlay-type":"","overlay-color":"","overlay-opacity":"","overlay-gradient":""},"tablet":{"background-color":"var(--ast-global-color-5)","background-image":"","background-repeat":"repeat","background-position":"center center","background-size":"auto","background-attachment":"scroll","background-type":"","background-media":"","overlay-type":"","overlay-color":"","overlay-opacity":"","overlay-gradient":""},"mobile":{"background-color":"var(--ast-global-color-5)","background-image":"","background-repeat":"repeat","background-position":"center center","background-size":"auto","background-attachment":"scroll","background-type":"","background-media":"","overlay-type":"","overlay-color":"","overlay-opacity":"","overlay-gradient":""}},"footnotes":""},"coauthors":[2],"class_list":["post-8","page","type-page","status-publish","hentry"],"_links":{"self":[{"href":"https:\/\/site.nord.no\/lytring\/wp-json\/wp\/v2\/pages\/8","targetHints":{"allow":["GET"]}}],"collection":[{"href":"https:\/\/site.nord.no\/lytring\/wp-json\/wp\/v2\/pages"}],"about":[{"href":"https:\/\/site.nord.no\/lytring\/wp-json\/wp\/v2\/types\/page"}],"author":[{"embeddable":true,"href":"https:\/\/site.nord.no\/lytring\/wp-json\/wp\/v2\/users\/75"}],"replies":[{"embeddable":true,"href":"https:\/\/site.nord.no\/lytring\/wp-json\/wp\/v2\/comments?post=8"}],"version-history":[{"count":202,"href":"https:\/\/site.nord.no\/lytring\/wp-json\/wp\/v2\/pages\/8\/revisions"}],"predecessor-version":[{"id":3984,"href":"https:\/\/site.nord.no\/lytring\/wp-json\/wp\/v2\/pages\/8\/revisions\/3984"}],"wp:attachment":[{"href":"https:\/\/site.nord.no\/lytring\/wp-json\/wp\/v2\/media?parent=8"}],"wp:term":[{"taxonomy":"author","embeddable":true,"href":"https:\/\/site.nord.no\/lytring\/wp-json\/wp\/v2\/coauthors?post=8"}],"curies":[{"name":"wp","href":"https:\/\/api.w.org\/{rel}","templated":true}]}}