{"id":138,"date":"2024-12-05T22:11:15","date_gmt":"2024-12-05T21:11:15","guid":{"rendered":"https:\/\/site.nord.no\/medsafe-old\/?page_id=138"},"modified":"2024-12-18T14:30:40","modified_gmt":"2024-12-18T13:30:40","slug":"arbeidspakke-1","status":"publish","type":"page","link":"https:\/\/site.nord.no\/medsafe-old\/arbeidspakke-1\/","title":{"rendered":"Arbeidspakke 1"},"content":{"rendered":"\n<div class=\"wp-block-columns is-layout-flex wp-container-core-columns-is-layout-28f84493 wp-block-columns-is-layout-flex\">\n<div class=\"wp-block-column is-vertically-aligned-center is-layout-flow wp-block-column-is-layout-flow\">\n<p style=\"font-size:25px\"><strong><em>Det overordna m\u00e5let med arbeidspakke 1 er \u00e5 identifisere og kartlegge hvordan kommunale helse- og omsorgstjenester tilrettelegger for trygg legemiddelbruk for hjemmeboende eldre.<\/em> <\/strong><\/p>\n<\/div>\n\n\n\n<div class=\"wp-block-column is-layout-flow wp-block-column-is-layout-flow\">\n<iframe src=\"https:\/\/nord.cloud.panopto.eu\/Panopto\/Pages\/Embed.aspx?id=4f2b526f-d11d-4bb1-b9c9-b23d00e761ec&#038;autoplay=false&#038;offerviewer=true&#038;showtitle=true&#038;showbrand=true&#038;captions=false&#038;interactivity=all\" height=\"300\" width=\"500\" style=\"border: 1px solid #464646;\" allowfullscreen allow=\"autoplay\" aria-label=\"Panopto Embedded Video Player\" aria-description=\"Video presentation arbeidspakke 1 v 4\" ><\/iframe>\n<\/div>\n<\/div>\n\n\n\n<div class=\"wp-block-columns is-layout-flex wp-container-core-columns-is-layout-28f84493 wp-block-columns-is-layout-flex\">\n<div class=\"wp-block-column is-layout-flow wp-block-column-is-layout-flow\">\n<div style=\"height:50px\" aria-hidden=\"true\" class=\"wp-block-spacer\"><\/div>\n\n\n\n<p class=\"has-medium-font-size\">Gjennom granskning av tildelingsbrev, samt intervju med brukere og helsepersonell, skal f\u00f8lgende forskningssp\u00f8rsm\u00e5l besvares: <\/p>\n\n\n\n<ul class=\"wp-block-list\">\n<li class=\"has-medium-font-size\">Hvordan er hjelp med legemiddelh\u00e5ndtering definert og beskrevet i tildelingsbrev? <\/li>\n\n\n\n<li class=\"has-medium-font-size\">Hvordan samsvarer tildelingsbrev med offentlige f\u00f8ringer, lovverk og kvalitetsstandarder? <\/li>\n\n\n\n<li class=\"has-medium-font-size\">Hvilke vurderingskriterier ligger til grunn for tildeling av hjelp? <\/li>\n\n\n\n<li class=\"has-medium-font-size\">Hvordan er de individuelle vedtaksbrevene om hjelp til legemiddelh\u00e5ndteringen vurdert og revidert?<\/li>\n\n\n\n<li class=\"has-medium-font-size\">Hvordan samsvarer tildelingsbrev med den faktiske hjelpen som gis? <\/li>\n\n\n\n<li class=\"has-medium-font-size\">Har eldre brukere og deres helsepersonell samme forst\u00e5else av hvilken hjelp som skal gis og hvilken hjelp som faktisk gis?<\/li>\n<\/ul>\n\n\n\n<div style=\"height:50px\" aria-hidden=\"true\" class=\"wp-block-spacer\"><\/div>\n<\/div>\n<\/div>\n\n\n\n<p class=\"has-medium-font-size\">Arbeidspakke 1 ledes av Nord universitet v\/Senter for omsorgsforskning, midt. De som jobber med arbeidspakken er:<\/p>\n\n\n\n<div class=\"wp-block-columns is-layout-flex wp-container-core-columns-is-layout-28f84493 wp-block-columns-is-layout-flex\">\n<div class=\"wp-block-column is-layout-flow wp-block-column-is-layout-flow\">\n<figure class=\"wp-block-image size-full is-resized\"><img fetchpriority=\"high\" decoding=\"async\" width=\"268\" height=\"300\" src=\"https:\/\/site.nord.no\/medsafe-old\/wp-content\/uploads\/sites\/75\/2024\/12\/Marianne.jpg\" alt=\"\" class=\"wp-image-504\" style=\"width:167px\"\/><figcaption class=\"wp-element-caption\">Marianne Koller\u00f8s Nilsen, <br>postdoktor<\/figcaption><\/figure>\n<\/div>\n\n\n\n<div class=\"wp-block-column is-layout-flow wp-block-column-is-layout-flow\">\n<figure class=\"wp-block-image size-full is-resized\"><img decoding=\"async\" width=\"800\" height=\"800\" src=\"https:\/\/site.nord.no\/medsafe-old\/wp-content\/uploads\/sites\/75\/2024\/12\/IMG_2332_kvadrat_lite_lav-oppl-1.jpg\" alt=\"\" class=\"wp-image-510\" style=\"width:186px\"\/><figcaption class=\"wp-element-caption\">Rose Mari Olsen, <br>professor<\/figcaption><\/figure>\n<\/div>\n\n\n\n<div class=\"wp-block-column is-layout-flow wp-block-column-is-layout-flow\">\n<figure class=\"wp-block-image alignleft size-full is-resized\"><img decoding=\"async\" width=\"240\" height=\"240\" src=\"https:\/\/site.nord.no\/medsafe-old\/wp-content\/uploads\/sites\/75\/2024\/09\/Hege-Sletvold-1-1.jpeg\" alt=\"\" class=\"wp-image-481\" style=\"width:186px\"\/><figcaption class=\"wp-element-caption\">Hege Sletvold, <br>f\u00f8rsteamanuensis<\/figcaption><\/figure>\n<\/div>\n\n\n\n<div class=\"wp-block-column is-layout-flow wp-block-column-is-layout-flow\">\n<figure class=\"wp-block-image size-full is-resized\"><img loading=\"lazy\" decoding=\"async\" width=\"206\" height=\"206\" src=\"https:\/\/site.nord.no\/medsafe-old\/wp-content\/uploads\/sites\/75\/2024\/12\/Sue_9.11.16_29_1_29-1.jpg\" alt=\"Photo: Swansea University\" class=\"wp-image-516\" style=\"width:186px\"\/><figcaption class=\"wp-element-caption\">Sue Jordan, <br>professor<\/figcaption><\/figure>\n<\/div>\n<\/div>\n\n\n\n<p><\/p>\n","protected":false},"excerpt":{"rendered":"<p>Det overordna m\u00e5let med arbeidspakke 1 er \u00e5 identifisere og kartlegge hvordan kommunale helse- og omsorgstjenester tilrettelegger for trygg legemiddelbruk for hjemmeboende eldre. Gjennom granskning av tildelingsbrev, samt intervju med brukere og helsepersonell, skal f\u00f8lgende forskningssp\u00f8rsm\u00e5l besvares: Arbeidspakke 1 ledes av Nord universitet v\/Senter for omsorgsforskning, midt. De som jobber med arbeidspakken er:<\/p>\n","protected":false},"author":148,"featured_media":0,"parent":0,"menu_order":0,"comment_status":"closed","ping_status":"closed","template":"","meta":{"footnotes":""},"coauthors":[10],"class_list":["post-138","page","type-page","status-publish","hentry"],"_links":{"self":[{"href":"https:\/\/site.nord.no\/medsafe-old\/wp-json\/wp\/v2\/pages\/138","targetHints":{"allow":["GET"]}}],"collection":[{"href":"https:\/\/site.nord.no\/medsafe-old\/wp-json\/wp\/v2\/pages"}],"about":[{"href":"https:\/\/site.nord.no\/medsafe-old\/wp-json\/wp\/v2\/types\/page"}],"author":[{"embeddable":true,"href":"https:\/\/site.nord.no\/medsafe-old\/wp-json\/wp\/v2\/users\/148"}],"replies":[{"embeddable":true,"href":"https:\/\/site.nord.no\/medsafe-old\/wp-json\/wp\/v2\/comments?post=138"}],"version-history":[{"count":52,"href":"https:\/\/site.nord.no\/medsafe-old\/wp-json\/wp\/v2\/pages\/138\/revisions"}],"predecessor-version":[{"id":775,"href":"https:\/\/site.nord.no\/medsafe-old\/wp-json\/wp\/v2\/pages\/138\/revisions\/775"}],"wp:attachment":[{"href":"https:\/\/site.nord.no\/medsafe-old\/wp-json\/wp\/v2\/media?parent=138"}],"wp:term":[{"taxonomy":"author","embeddable":true,"href":"https:\/\/site.nord.no\/medsafe-old\/wp-json\/wp\/v2\/coauthors?post=138"}],"curies":[{"name":"wp","href":"https:\/\/api.w.org\/{rel}","templated":true}]}}