{"id":140,"date":"2024-02-20T22:01:37","date_gmt":"2024-02-20T21:01:37","guid":{"rendered":"https:\/\/site.nord.no\/medsafe-old\/?page_id=140"},"modified":"2024-12-18T14:32:08","modified_gmt":"2024-12-18T13:32:08","slug":"arbeidspakke-2","status":"publish","type":"page","link":"https:\/\/site.nord.no\/medsafe-old\/arbeidspakke-2\/","title":{"rendered":"Arbeidspakke 2"},"content":{"rendered":"\n<div class=\"wp-block-columns is-layout-flex wp-container-core-columns-is-layout-28f84493 wp-block-columns-is-layout-flex\">\n<div class=\"wp-block-column is-vertically-aligned-center is-layout-flow wp-block-column-is-layout-flow\">\n<p style=\"font-size:25px\"><strong><em>Det overordna m\u00e5let med arbeidspakke 2 er \u00e5 utforske hvordan legemiddelh\u00e5ndtering for hjemmeboende eldre praktiseres og oppleves av helsepersonell.<\/em><\/strong><\/p>\n<\/div>\n\n\n\n<div class=\"wp-block-column is-layout-flow wp-block-column-is-layout-flow\">\n<iframe src=\"https:\/\/nord.cloud.panopto.eu\/Panopto\/Pages\/Embed.aspx?id=0bed2daa-6ff8-4b40-b32c-b23d0117b746&#038;autoplay=false&#038;offerviewer=true&#038;showtitle=true&#038;showbrand=true&#038;captions=false&#038;interactivity=all\" height=\"300\" width=\"500\" style=\"border: 1px solid #464646;\" allowfullscreen allow=\"autoplay\" aria-label=\"Panopto Embedded Video Player\" aria-description=\"Videopresentasjon arbeidspakke 2\" ><\/iframe>\n<\/div>\n<\/div>\n\n\n\n<div class=\"wp-block-columns is-layout-flex wp-container-core-columns-is-layout-28f84493 wp-block-columns-is-layout-flex\">\n<div class=\"wp-block-column is-layout-flow wp-block-column-is-layout-flow\">\n<div style=\"height:50px\" aria-hidden=\"true\" class=\"wp-block-spacer\"><\/div>\n\n\n\n<p class=\"has-medium-font-size\">Studien har et etnografisk design. Gjennom observasjon, individuelle intervju, fokusgruppeintervju og foto voice, skal f\u00f8lgende forskningssp\u00f8rsm\u00e5l besvares:<\/p>\n\n\n\n<ul class=\"wp-block-list\">\n<li class=\"has-medium-font-size\">Hvordan erfarer ansatte i hjemmesykepleien og fastleger at vedtaket om hjelp med legemiddelh\u00e5ndtering implementeres?<\/li>\n\n\n\n<li class=\"has-medium-font-size\">Hvordan erfarer og praktiserer helsepersonell hjelp med legemiddelh\u00e5ndtering for hjemmeboende eldre?<\/li>\n\n\n\n<li class=\"has-medium-font-size\">Hvordan involverer ansatte i hjemmesykepleien og fastleger eldre mottakere av hjemmesykepleie og deres p\u00e5r\u00f8rende i legemiddelh\u00e5ndteringen?<\/li>\n\n\n\n<li class=\"has-medium-font-size\">Hvordan opplever ansatte i hjemmesykepleien og fastleger tverrfaglig og tverretatlig samarbeid og koordinering knyttet til legemiddelh\u00e5ndteringen?<\/li>\n<\/ul>\n\n\n\n<div style=\"height:50px\" aria-hidden=\"true\" class=\"wp-block-spacer\"><\/div>\n<\/div>\n<\/div>\n\n\n\n<p class=\"has-medium-font-size\">Arbeidspakke 2 ledes av NTNU Gj\u00f8vik v\/Senter for omsorgsforskning, \u00f8st. De som jobber med arbeidspakken er:<\/p>\n\n\n\n<div class=\"wp-block-columns is-layout-flex wp-container-core-columns-is-layout-28f84493 wp-block-columns-is-layout-flex\">\n<div class=\"wp-block-column is-layout-flow wp-block-column-is-layout-flow\">\n<figure class=\"wp-block-image size-full is-resized\"><img fetchpriority=\"high\" decoding=\"async\" width=\"350\" height=\"350\" src=\"https:\/\/site.nord.no\/medsafe-old\/wp-content\/uploads\/sites\/75\/2024\/12\/Thomas-HAbtu.jpg\" alt=\"Portrettbilde\" class=\"wp-image-618\" style=\"width:186px;height:auto\"\/><figcaption class=\"wp-element-caption\">Thomas Habtu, <br>stipendiat<\/figcaption><\/figure>\n<\/div>\n\n\n\n<div class=\"wp-block-column is-layout-flow wp-block-column-is-layout-flow\">\n<figure class=\"wp-block-image size-full is-resized\"><img decoding=\"async\" width=\"400\" height=\"400\" src=\"https:\/\/site.nord.no\/medsafe-old\/wp-content\/uploads\/sites\/75\/2024\/12\/Nina-Beate.jpg\" alt=\"Portrettbilde\" class=\"wp-image-619\" style=\"width:185px;height:auto\"\/><figcaption class=\"wp-element-caption\">Nina Beate Andfossen, <br>f\u00f8rsteamanuensis<\/figcaption><\/figure>\n<\/div>\n\n\n\n<div class=\"wp-block-column is-layout-flow wp-block-column-is-layout-flow\">\n<figure class=\"wp-block-image size-full is-resized\"><img decoding=\"async\" width=\"400\" height=\"400\" src=\"https:\/\/site.nord.no\/medsafe-old\/wp-content\/uploads\/sites\/75\/2024\/12\/Aud-Uhlen-Obstfelder.jpg\" alt=\"Portrettbilde\" class=\"wp-image-620\" style=\"width:184px;height:auto\"\/><figcaption class=\"wp-element-caption\">Aud Uhlen Obstfelder, <br>professor<\/figcaption><\/figure>\n<\/div>\n\n\n\n<div class=\"wp-block-column is-layout-flow wp-block-column-is-layout-flow\">\n<figure class=\"wp-block-image size-full is-resized\"><img loading=\"lazy\" decoding=\"async\" width=\"300\" height=\"400\" src=\"https:\/\/site.nord.no\/medsafe-old\/wp-content\/uploads\/sites\/75\/2024\/12\/Janne-Myhre.jpg\" alt=\"Portrettbilde\" class=\"wp-image-621\" style=\"aspect-ratio:1;object-fit:cover;width:186px;height:auto\"\/><figcaption class=\"wp-element-caption\">Janne Myhre, <br>f\u00f8rsteamanuensis<\/figcaption><\/figure>\n<\/div>\n\n\n\n<div class=\"wp-block-column is-layout-flow wp-block-column-is-layout-flow\">\n<figure class=\"wp-block-image size-full is-resized\"><img loading=\"lazy\" decoding=\"async\" width=\"150\" height=\"150\" src=\"https:\/\/site.nord.no\/medsafe-old\/wp-content\/uploads\/sites\/75\/2024\/12\/Davina-Allen.jpg\" alt=\"Portrettbilde\" class=\"wp-image-622\" style=\"object-fit:cover;width:184px;height:184px\"\/><figcaption class=\"wp-element-caption\">Davina Allen, <br>professor<\/figcaption><\/figure>\n<\/div>\n<\/div>\n\n\n\n<p><\/p>\n","protected":false},"excerpt":{"rendered":"<p>Det overordna m\u00e5let med arbeidspakke 2 er \u00e5 utforske hvordan legemiddelh\u00e5ndtering for hjemmeboende eldre praktiseres og oppleves av helsepersonell. Studien har et etnografisk design. Gjennom observasjon, individuelle intervju, fokusgruppeintervju og foto voice, skal f\u00f8lgende forskningssp\u00f8rsm\u00e5l besvares: Arbeidspakke 2 ledes av NTNU Gj\u00f8vik v\/Senter for omsorgsforskning, \u00f8st. De som jobber med arbeidspakken er:<\/p>\n","protected":false},"author":148,"featured_media":0,"parent":0,"menu_order":0,"comment_status":"closed","ping_status":"closed","template":"","meta":{"footnotes":""},"coauthors":[10],"class_list":["post-140","page","type-page","status-publish","hentry"],"_links":{"self":[{"href":"https:\/\/site.nord.no\/medsafe-old\/wp-json\/wp\/v2\/pages\/140","targetHints":{"allow":["GET"]}}],"collection":[{"href":"https:\/\/site.nord.no\/medsafe-old\/wp-json\/wp\/v2\/pages"}],"about":[{"href":"https:\/\/site.nord.no\/medsafe-old\/wp-json\/wp\/v2\/types\/page"}],"author":[{"embeddable":true,"href":"https:\/\/site.nord.no\/medsafe-old\/wp-json\/wp\/v2\/users\/148"}],"replies":[{"embeddable":true,"href":"https:\/\/site.nord.no\/medsafe-old\/wp-json\/wp\/v2\/comments?post=140"}],"version-history":[{"count":14,"href":"https:\/\/site.nord.no\/medsafe-old\/wp-json\/wp\/v2\/pages\/140\/revisions"}],"predecessor-version":[{"id":776,"href":"https:\/\/site.nord.no\/medsafe-old\/wp-json\/wp\/v2\/pages\/140\/revisions\/776"}],"wp:attachment":[{"href":"https:\/\/site.nord.no\/medsafe-old\/wp-json\/wp\/v2\/media?parent=140"}],"wp:term":[{"taxonomy":"author","embeddable":true,"href":"https:\/\/site.nord.no\/medsafe-old\/wp-json\/wp\/v2\/coauthors?post=140"}],"curies":[{"name":"wp","href":"https:\/\/api.w.org\/{rel}","templated":true}]}}