{"id":146,"date":"2024-02-20T22:02:05","date_gmt":"2024-02-20T21:02:05","guid":{"rendered":"https:\/\/site.nord.no\/medsafe-old\/?page_id=146"},"modified":"2024-12-18T14:32:36","modified_gmt":"2024-12-18T13:32:36","slug":"arbeidspakke-4","status":"publish","type":"page","link":"https:\/\/site.nord.no\/medsafe-old\/arbeidspakke-4\/","title":{"rendered":"Arbeidspakke 4"},"content":{"rendered":"\n<div class=\"wp-block-columns is-layout-flex wp-container-core-columns-is-layout-28f84493 wp-block-columns-is-layout-flex\">\n<div class=\"wp-block-column is-vertically-aligned-center is-layout-flow wp-block-column-is-layout-flow\">\n<p style=\"font-size:25px\"><strong><em>Det overordna m\u00e5let med arbeidspakke 4 er \u00e5 utvikle, fremme og evaluere persontilpasset og trygg legemiddelh\u00e5ndtering for hjemmeboende eldre ved bruk av kunstbaserte metoder (anvendt teaterintervensjon)<\/em><\/strong><\/p>\n<\/div>\n\n\n\n<div class=\"wp-block-column is-layout-flow wp-block-column-is-layout-flow\">\n<iframe src=\"https:\/\/nord.cloud.panopto.eu\/Panopto\/Pages\/Embed.aspx?id=bf7cfd96-752f-4100-9bd9-b23d00e0e47b&#038;autoplay=false&#038;offerviewer=true&#038;showtitle=true&#038;showbrand=true&#038;captions=false&#038;interactivity=all\" height=\"300\" width=\"500\" style=\"border: 1px solid #464646;\" allowfullscreen allow=\"autoplay\" aria-label=\"Panopto Embedded Video Player\" aria-description=\"videopresentasjon arbeidspakke 4 2024\" ><\/iframe>\n<\/div>\n<\/div>\n\n\n\n<p class=\"has-medium-font-size\">Gjennom individuelle intervju, teaterworkshops og fokusgruppeintervju, skal f\u00f8lgende forskningssp\u00f8rsm\u00e5l besvares:<\/p>\n\n\n\n<div class=\"wp-block-columns is-layout-flex wp-container-core-columns-is-layout-28f84493 wp-block-columns-is-layout-flex\">\n<div class=\"wp-block-column is-layout-flow wp-block-column-is-layout-flow\">\n<ul class=\"wp-block-list\">\n<li class=\"has-medium-font-size\">Hvilke utfordringer m\u00f8ter helsepersonell og hjemmeboende eldre n\u00e5r det gjelder hjelp med legemiddelh\u00e5ndtering?<\/li>\n\n\n\n<li class=\"has-medium-font-size\">Hvilke strategier kan brukes for \u00e5 tilrettelegge og sikre persontilpasset og trygg legemiddelbruk for hjemmeboende eldre?<\/li>\n\n\n\n<li class=\"has-medium-font-size\">&nbsp;Hvordan kan en intervensjon med bruk av anvendt teater bidra til en persontilpasset og tilfredsstillende legemiddelh\u00e5ndtering for hjemmeboende eldre og deres helsepersonell?<\/li>\n<\/ul>\n\n\n\n<div style=\"height:50px\" aria-hidden=\"true\" class=\"wp-block-spacer\"><\/div>\n<\/div>\n<\/div>\n\n\n\n<p class=\"has-medium-font-size\">Arbeidspakke 4 ledes av Nord universitet v\/Senter for omsorgsforskning, midt. De som jobber med arbeidspakken er:<\/p>\n\n\n\n<div class=\"wp-block-columns is-layout-flex wp-container-core-columns-is-layout-28f84493 wp-block-columns-is-layout-flex\">\n<div class=\"wp-block-column is-layout-flow wp-block-column-is-layout-flow\">\n<figure class=\"wp-block-image size-full is-resized\"><img fetchpriority=\"high\" decoding=\"async\" width=\"1145\" height=\"1145\" src=\"https:\/\/site.nord.no\/medsafe-old\/wp-content\/uploads\/sites\/75\/2024\/12\/Astrid_1.jpg\" alt=\"\" class=\"wp-image-556\" style=\"width:186px;height:auto\"\/><figcaption class=\"wp-element-caption\">Astrid Skogseth, <br>stipendiat<\/figcaption><\/figure>\n<\/div>\n\n\n\n<div class=\"wp-block-column is-layout-flow wp-block-column-is-layout-flow\">\n<figure class=\"wp-block-image size-full is-resized\"><img decoding=\"async\" width=\"800\" height=\"800\" src=\"https:\/\/site.nord.no\/medsafe-old\/wp-content\/uploads\/sites\/75\/2024\/12\/IMG_2332_kvadrat_lite_lav-oppl-1.jpg\" alt=\"\" class=\"wp-image-510\" style=\"width:185px;height:auto\"\/><figcaption class=\"wp-element-caption\">Rose Mari Olsen, <br>professor<\/figcaption><\/figure>\n<\/div>\n\n\n\n<div class=\"wp-block-column is-layout-flow wp-block-column-is-layout-flow\">\n<figure class=\"wp-block-image size-full is-resized\"><img decoding=\"async\" width=\"487\" height=\"487\" src=\"https:\/\/site.nord.no\/medsafe-old\/wp-content\/uploads\/sites\/75\/2024\/12\/Kristin-Berre-Orjasaeter-1733365617.jpeg\" alt=\"\" class=\"wp-image-558\" style=\"width:184px;height:auto\"\/><figcaption class=\"wp-element-caption\">Kristin Berre \u00d8rjas\u00e6ter, <br>f\u00f8rsteamanuensis<\/figcaption><\/figure>\n<\/div>\n\n\n\n<div class=\"wp-block-column is-layout-flow wp-block-column-is-layout-flow\">\n<figure class=\"wp-block-image size-full is-resized\"><img loading=\"lazy\" decoding=\"async\" width=\"400\" height=\"400\" src=\"https:\/\/site.nord.no\/medsafe-old\/wp-content\/uploads\/sites\/75\/2024\/12\/bjorn-rasmussen.jpg\" alt=\"\" class=\"wp-image-559\" style=\"width:186px;height:auto\"\/><figcaption class=\"wp-element-caption\">Bj\u00f8rn Rasmussen, <br>professor emeritus <\/figcaption><\/figure>\n<\/div>\n\n\n\n<div class=\"wp-block-column is-layout-flow wp-block-column-is-layout-flow\">\n<figure class=\"wp-block-image size-full\"><img loading=\"lazy\" decoding=\"async\" width=\"205\" height=\"205\" src=\"https:\/\/site.nord.no\/medsafe-old\/wp-content\/uploads\/sites\/75\/2024\/12\/Per-Gunnar-Disch.jpg\" alt=\"\" class=\"wp-image-595\"\/><figcaption class=\"wp-element-caption\">Per Gunnar Disch, <br>f\u00f8rstelektor<\/figcaption><\/figure>\n<\/div>\n<\/div>\n\n\n\n<p><\/p>\n","protected":false},"excerpt":{"rendered":"<p>Det overordna m\u00e5let med arbeidspakke 4 er \u00e5 utvikle, fremme og evaluere persontilpasset og trygg legemiddelh\u00e5ndtering for hjemmeboende eldre ved bruk av kunstbaserte metoder (anvendt teaterintervensjon) Gjennom individuelle intervju, teaterworkshops og fokusgruppeintervju, skal f\u00f8lgende forskningssp\u00f8rsm\u00e5l besvares: Arbeidspakke 4 ledes av Nord universitet v\/Senter for omsorgsforskning, midt. De som jobber med arbeidspakken er:<\/p>\n","protected":false},"author":148,"featured_media":0,"parent":0,"menu_order":0,"comment_status":"closed","ping_status":"closed","template":"","meta":{"footnotes":""},"coauthors":[10],"class_list":["post-146","page","type-page","status-publish","hentry"],"_links":{"self":[{"href":"https:\/\/site.nord.no\/medsafe-old\/wp-json\/wp\/v2\/pages\/146","targetHints":{"allow":["GET"]}}],"collection":[{"href":"https:\/\/site.nord.no\/medsafe-old\/wp-json\/wp\/v2\/pages"}],"about":[{"href":"https:\/\/site.nord.no\/medsafe-old\/wp-json\/wp\/v2\/types\/page"}],"author":[{"embeddable":true,"href":"https:\/\/site.nord.no\/medsafe-old\/wp-json\/wp\/v2\/users\/148"}],"replies":[{"embeddable":true,"href":"https:\/\/site.nord.no\/medsafe-old\/wp-json\/wp\/v2\/comments?post=146"}],"version-history":[{"count":27,"href":"https:\/\/site.nord.no\/medsafe-old\/wp-json\/wp\/v2\/pages\/146\/revisions"}],"predecessor-version":[{"id":778,"href":"https:\/\/site.nord.no\/medsafe-old\/wp-json\/wp\/v2\/pages\/146\/revisions\/778"}],"wp:attachment":[{"href":"https:\/\/site.nord.no\/medsafe-old\/wp-json\/wp\/v2\/media?parent=146"}],"wp:term":[{"taxonomy":"author","embeddable":true,"href":"https:\/\/site.nord.no\/medsafe-old\/wp-json\/wp\/v2\/coauthors?post=146"}],"curies":[{"name":"wp","href":"https:\/\/api.w.org\/{rel}","templated":true}]}}