{"id":16,"date":"2024-01-16T13:48:01","date_gmt":"2024-01-16T12:48:01","guid":{"rendered":"https:\/\/site.nord.no\/medsafe-old\/?page_id=16"},"modified":"2025-01-17T09:51:35","modified_gmt":"2025-01-17T08:51:35","slug":"hjem","status":"publish","type":"page","link":"https:\/\/site.nord.no\/medsafe-old\/","title":{"rendered":"Hjem"},"content":{"rendered":"\n<p class=\"has-text-align-left has-large-font-size\"><span><strong style=\"font-style: italic;\">Medsafe-Old: Trygg legemiddelbruk for eldre brukere av kommunale hjemmetjenester<\/strong><\/span><\/p>\n\n\n\n<p>Det overordna m\u00e5let med <strong>MedSafe-Old<\/strong> er <em>\u00e5 tilrettelegge for b\u00e6rekraftig, persontilpasset og trygg legemiddelbruk for hjemmeboende eldre<\/em>. Forskningsprosjektet er finansiert av Norges Forskningsr\u00e5d (HELSEVEL), og prosjekteier er Nord universitet v\/Senter for omsorgsforskning, midt.<\/p>\n\n\n\n<p>Uhensiktsmessig forskrivning av legemidler, manglende kompetanse, utilstrekkelig kommunikasjon og informasjonsutveksling, samt lav grad av personorientering, utgj\u00f8r store utfordringer for legemiddelsikkerheten i hjemmetjenestene. Samtidig har mange av tiltakene rettet mot disse utfordringene en gjennomg\u00e5ende svakhet, ved at brukerne av tjenesten blir passive mottakere av legemidler og ikke settes i stand til \u00e5 delta aktivt i \u00e5 gj\u00f8re legemiddelbruken tryggere. Dette prosjektet m\u00f8ter behovet for \u00f8kt kunnskap om effektive tiltak.<\/p>\n\n\n\n<p>For \u00e5 oppn\u00e5 en helhetlig forst\u00e5else av prosessen n\u00e5r hjemmeboende eldre mottar hjelp med legemiddelh\u00e5ndtering, har prosjektet en bred tiln\u00e6rming som omfatter b\u00e5de bruker-, helsepersonell- og organisasjonsperspektiv. Prosjektet har fire arbeidspakker, og involverer et tverrfaglig forskerteam som anvender ulike design og metoder.<\/p>\n\n\n\n<p>Prosjektet har som ambisjon \u00e5 redusere legemiddelskader og bidra til \u00f8kt livskvalitet for eldre mottakere av hjemmetjenester. Dersom studien oppdager feil og svakheter ved tjenesten, kan dette muliggj\u00f8re nye rutiner og prosedyrer for hjelp med legemiddelh\u00e5ndtering i kommunene og derigjennom redusere kostnader. Prosjektet tar i bruk b\u00e5de en samskapingsmodell med medforskere og kunstbaserte metoder, og dette representerer bruk av nye forskningsmetoder p\u00e5 dette feltet.<\/p>\n\n\n\n<div style=\"height:16px\" aria-hidden=\"true\" class=\"wp-block-spacer\"><\/div>\n\n\n\n<hr class=\"wp-block-separator has-text-color has-cyan-bluish-gray-color has-alpha-channel-opacity has-cyan-bluish-gray-background-color has-background is-style-default\"\/>\n\n\n\n<div style=\"height:16px\" aria-hidden=\"true\" class=\"wp-block-spacer\"><\/div>\n\n\n\n<p class=\"has-text-align-center has-large-font-size\"><strong><em>Siste nytt<\/em><\/strong><\/p>\n\n\n\n<div style=\"height:16px\" aria-hidden=\"true\" class=\"wp-block-spacer\"><\/div>\n\n\n<ul class=\"wp-block-latest-posts__list is-grid columns-3 wp-block-latest-posts\"><li><div class=\"wp-block-latest-posts__featured-image\"><a href=\"https:\/\/site.nord.no\/medsafe-old\/2024\/12\/16\/presentasjoner-pa-omsorgsforskningskonferansen-2024\/\" aria-label=\"Omsorgsforskningskonferansen\"><img decoding=\"async\" width=\"300\" height=\"162\" src=\"https:\/\/site.nord.no\/medsafe-old\/wp-content\/uploads\/sites\/75\/2024\/12\/Et-storre-bilde-1.jpg\" class=\"attachment-medium size-medium wp-post-image\" alt=\"\" style=\"max-width:300px;max-height:160px;\" \/><\/a><\/div><a class=\"wp-block-latest-posts__post-title\" href=\"https:\/\/site.nord.no\/medsafe-old\/2024\/12\/16\/presentasjoner-pa-omsorgsforskningskonferansen-2024\/\">Omsorgsforskningskonferansen<\/a><div class=\"wp-block-latest-posts__post-excerpt\">Den 23. og 24. oktober 2024 ble den 8. nasjonale konferansen for omsorgsforskning arrangert i\u2026 <a class=\"wp-block-latest-posts__read-more\" href=\"https:\/\/site.nord.no\/medsafe-old\/2024\/12\/16\/presentasjoner-pa-omsorgsforskningskonferansen-2024\/\" rel=\"noopener noreferrer\">Les mer<span class=\"screen-reader-text\">: Omsorgsforskningskonferansen<\/span><\/a><\/div><\/li>\n<li><div class=\"wp-block-latest-posts__featured-image\"><a href=\"https:\/\/site.nord.no\/medsafe-old\/2024\/12\/15\/reisebrev-fra-whales\/\" aria-label=\"Reisebrev fra Marianne i Wales\"><img decoding=\"async\" width=\"300\" height=\"163\" src=\"https:\/\/site.nord.no\/medsafe-old\/wp-content\/uploads\/sites\/75\/2024\/12\/wales.png\" class=\"attachment-medium size-medium wp-post-image\" alt=\"\" style=\"max-width:300px;max-height:160px;\" \/><\/a><\/div><a class=\"wp-block-latest-posts__post-title\" href=\"https:\/\/site.nord.no\/medsafe-old\/2024\/12\/15\/reisebrev-fra-whales\/\">Reisebrev fra Marianne i Wales<\/a><div class=\"wp-block-latest-posts__post-excerpt\">I perioden 22. april til 10. mai 2024 hadde jeg gleden av \u00e5 ha et\u2026 <a class=\"wp-block-latest-posts__read-more\" href=\"https:\/\/site.nord.no\/medsafe-old\/2024\/12\/15\/reisebrev-fra-whales\/\" rel=\"noopener noreferrer\">Les mer<span class=\"screen-reader-text\">: Reisebrev fra Marianne i Wales<\/span><\/a><\/div><\/li>\n<li><div class=\"wp-block-latest-posts__featured-image\"><a href=\"https:\/\/site.nord.no\/medsafe-old\/2024\/12\/10\/a-month-of-learning-at-uc-irvine\/\" aria-label=\"A month of learning at UC Irvine\"><img decoding=\"async\" width=\"300\" height=\"162\" src=\"https:\/\/site.nord.no\/medsafe-old\/wp-content\/uploads\/sites\/75\/2024\/12\/UC-Irvine.jpg\" class=\"attachment-medium size-medium wp-post-image\" alt=\"\" style=\"max-width:300px;max-height:160px;\" \/><\/a><\/div><a class=\"wp-block-latest-posts__post-title\" href=\"https:\/\/site.nord.no\/medsafe-old\/2024\/12\/10\/a-month-of-learning-at-uc-irvine\/\">A month of learning at UC Irvine<\/a><div class=\"wp-block-latest-posts__post-excerpt\">(Reisebrev fra Thomas i California) As part of my PhD journey at NTNU, I had\u2026 <a class=\"wp-block-latest-posts__read-more\" href=\"https:\/\/site.nord.no\/medsafe-old\/2024\/12\/10\/a-month-of-learning-at-uc-irvine\/\" rel=\"noopener noreferrer\">Les mer<span class=\"screen-reader-text\">: A month of learning at UC Irvine<\/span><\/a><\/div><\/li>\n<\/ul>","protected":false},"excerpt":{"rendered":"<p>Medsafe-Old: Trygg legemiddelbruk for eldre brukere av kommunale hjemmetjenester Det overordna m\u00e5let med MedSafe-Old er \u00e5 tilrettelegge for b\u00e6rekraftig, persontilpasset og trygg legemiddelbruk for hjemmeboende eldre. Forskningsprosjektet er finansiert av Norges Forskningsr\u00e5d (HELSEVEL), og prosjekteier er Nord universitet v\/Senter for omsorgsforskning, midt. Uhensiktsmessig forskrivning av legemidler, manglende kompetanse, utilstrekkelig kommunikasjon og informasjonsutveksling, samt lav grad [&hellip;]<\/p>\n","protected":false},"author":75,"featured_media":63,"parent":0,"menu_order":0,"comment_status":"closed","ping_status":"closed","template":"","meta":{"footnotes":""},"coauthors":[8],"class_list":["post-16","page","type-page","status-publish","has-post-thumbnail","hentry"],"_links":{"self":[{"href":"https:\/\/site.nord.no\/medsafe-old\/wp-json\/wp\/v2\/pages\/16","targetHints":{"allow":["GET"]}}],"collection":[{"href":"https:\/\/site.nord.no\/medsafe-old\/wp-json\/wp\/v2\/pages"}],"about":[{"href":"https:\/\/site.nord.no\/medsafe-old\/wp-json\/wp\/v2\/types\/page"}],"author":[{"embeddable":true,"href":"https:\/\/site.nord.no\/medsafe-old\/wp-json\/wp\/v2\/users\/75"}],"replies":[{"embeddable":true,"href":"https:\/\/site.nord.no\/medsafe-old\/wp-json\/wp\/v2\/comments?post=16"}],"version-history":[{"count":43,"href":"https:\/\/site.nord.no\/medsafe-old\/wp-json\/wp\/v2\/pages\/16\/revisions"}],"predecessor-version":[{"id":816,"href":"https:\/\/site.nord.no\/medsafe-old\/wp-json\/wp\/v2\/pages\/16\/revisions\/816"}],"wp:featuredmedia":[{"embeddable":true,"href":"https:\/\/site.nord.no\/medsafe-old\/wp-json\/wp\/v2\/media\/63"}],"wp:attachment":[{"href":"https:\/\/site.nord.no\/medsafe-old\/wp-json\/wp\/v2\/media?parent=16"}],"wp:term":[{"taxonomy":"author","embeddable":true,"href":"https:\/\/site.nord.no\/medsafe-old\/wp-json\/wp\/v2\/coauthors?post=16"}],"curies":[{"name":"wp","href":"https:\/\/api.w.org\/{rel}","templated":true}]}}