{"id":23,"date":"2024-01-16T13:49:46","date_gmt":"2024-01-16T12:49:46","guid":{"rendered":"https:\/\/site.nord.no\/medsafe-old\/?page_id=23"},"modified":"2024-12-17T10:40:21","modified_gmt":"2024-12-17T09:40:21","slug":"om-prosjektet","status":"publish","type":"page","link":"https:\/\/site.nord.no\/medsafe-old\/om-prosjektet\/","title":{"rendered":"Deltakere"},"content":{"rendered":"\n<div style=\"height:39px\" aria-hidden=\"true\" class=\"wp-block-spacer\"><\/div>\n\n\n\n<div class=\"wp-block-columns is-layout-flex wp-container-core-columns-is-layout-28f84493 wp-block-columns-is-layout-flex\">\n<div class=\"wp-block-column is-layout-flow wp-block-column-is-layout-flow\">\n<h2 class=\"wp-block-heading has-medium-font-size\" style=\"font-style:normal;font-weight:400\"><em><strong>Prosjektgruppe<\/strong><\/em><\/h2>\n\n\n\n<h4 class=\"wp-block-heading has-medium-font-size\" id=\"Rose-Mari-Olsen\" style=\"font-style:normal;font-weight:400\"><a href=\"https:\/\/www.nord.no\/om\/ansatte\/rose-mari-olsen\" target=\"_blank\" rel=\"noreferrer noopener\">Rose Mari Olsen (prosjektleder)<\/a><\/h4>\n\n\n\n<p class=\"has-medium-font-size\"><a href=\"https:\/\/www.ntnu.no\/ansatte\/nina.b.andfossen\" target=\"_blank\" rel=\"noreferrer noopener\">Nina Beate Andfossen<\/a><\/p>\n\n\n\n<p class=\"has-medium-font-size\"><a href=\"https:\/\/www.nord.no\/om\/ansatte\/siri-andreassen-devik\" target=\"_blank\" rel=\"noreferrer noopener\">Siri Andreassen Devik<\/a><\/p>\n\n\n\n<p class=\"has-medium-font-size\"><a href=\"https:\/\/www.nord.no\/om\/ansatte\/marianne-kolleros-nilsen\" target=\"_blank\" rel=\"noreferrer noopener\">Marianne Koller\u00f8s Nilsen<\/a><\/p>\n\n\n\n<p class=\"has-medium-font-size\"><a href=\"https:\/\/www.ntnu.no\/ansatte\/thomas.habtu\">Thomas Habtu<\/a><\/p>\n\n\n\n<p class=\"has-medium-font-size\"><a href=\"https:\/\/www.nord.no\/om\/ansatte\/unn-siri-olsen\" target=\"_blank\" rel=\"noreferrer noopener\">Unn Siri Olsen<\/a><\/p>\n\n\n\n<p class=\"has-medium-font-size\"><a href=\"https:\/\/www.nord.no\/om\/ansatte\/astrid-skogseth\" target=\"_blank\" rel=\"noreferrer noopener\">Astrid Skogseth<\/a><\/p>\n\n\n\n<p class=\"has-medium-font-size\"><a href=\"https:\/\/www.nord.no\/om\/ansatte\/hege-sletvold\" target=\"_blank\" rel=\"noreferrer noopener\">Hege Sletvold<\/a><\/p>\n\n\n\n<p class=\"has-medium-font-size\"><a href=\"https:\/\/www.nord.no\/om\/ansatte\/kristin-berre-orjasaeter\" target=\"_blank\" rel=\"noreferrer noopener\">Kristin Berre \u00d8rjas\u00e6ter<\/a><\/p>\n\n\n\n<p class=\"has-medium-font-size\"><a href=\"https:\/\/www.ntnu.no\/ansatte\/bjorn.rasmussen\" target=\"_blank\" rel=\"noreferrer noopener\">Bj\u00f8rn Rasmussen<\/a><\/p>\n\n\n\n<p class=\"has-medium-font-size\"><a href=\"https:\/\/www.nord.no\/om\/ansatte\/gunn-eva-solum-myren\" target=\"_blank\" rel=\"noreferrer noopener\">Gunn Eva Solum Myren<\/a><\/p>\n\n\n\n<p class=\"has-medium-font-size\"><a href=\"https:\/\/www.ntnu.no\/ansatte\/aud.obstfelder\" target=\"_blank\" rel=\"noreferrer noopener\">Aud Uhlen Obstfelder<\/a><\/p>\n\n\n\n<p class=\"has-medium-font-size\"><a href=\"https:\/\/www.usn.no\/kontakt-oss\/tilsette\/per-gunnar-disch\" target=\"_blank\" rel=\"noreferrer noopener\">Per Gunnar Disch<\/a><\/p>\n\n\n\n<p class=\"has-medium-font-size\"><a href=\"https:\/\/www.miun.se\/Personal\/h\/larshammarstrom\/\" target=\"_blank\" rel=\"noreferrer noopener\">Lars Hammarstr\u00f6m<\/a><\/p>\n\n\n\n<p class=\"has-medium-font-size\"><a href=\"https:\/\/www.inn.no\/finn-en-ansatt\/janne-myhre.html\" target=\"_blank\" rel=\"noreferrer noopener\">Janne Myhre<\/a><\/p>\n\n\n\n<p class=\"has-medium-font-size\"><a href=\"https:\/\/profiles.cardiff.ac.uk\/staff\/allenda\" target=\"_blank\" rel=\"noreferrer noopener\">Davina Allen<\/a><\/p>\n\n\n\n<p class=\"has-medium-font-size\"><a href=\"https:\/\/www.swansea.ac.uk\/staff\/s.e.jordan\/\" target=\"_blank\" rel=\"noreferrer noopener\">Sue Jordan<\/a><\/p>\n\n\n\n<p class=\"has-medium-font-size\"><a href=\"https:\/\/www.utviklingssenter.no\/utviklingssentre\/trondelag-sor\" target=\"_blank\" rel=\"noreferrer noopener\">Victor Valderaune<\/a><\/p>\n\n\n\n<p class=\"has-medium-font-size\"><a href=\"https:\/\/www.utviklingssenter.no\/utviklingssentre\/innlandet-hedmark\" target=\"_blank\" rel=\"noreferrer noopener\">Irene R\u00f8en<\/a><\/p>\n<\/div>\n\n\n\n<div class=\"wp-block-column is-layout-flow wp-block-column-is-layout-flow\">\n<p class=\"has-medium-font-size\"><em><strong>Styringsgruppe<\/strong><\/em><\/p>\n\n\n\n<ul class=\"wp-block-list\">\n<li class=\"has-medium-font-size\"><a href=\"https:\/\/www.nord.no\/om\/ansatte\/goril-ursin\" target=\"_blank\" rel=\"noreferrer noopener\">G\u00f8ril Ursin (Nord universitet)<\/a><\/li>\n\n\n\n<li class=\"has-medium-font-size\"><a href=\"https:\/\/www.ntnu.no\/ansatte\/heidi.vifladt\" target=\"_blank\" rel=\"noreferrer noopener\">Heidi Vifladt (NTNU)<\/a><\/li>\n\n\n\n<li class=\"has-medium-font-size\">Nina Elisabeth Blegen (USN)<\/li>\n\n\n\n<li class=\"has-medium-font-size\"><a href=\"https:\/\/www.ntnu.no\/ansatte\/siv.magnussen\" target=\"_blank\" rel=\"noreferrer noopener\">Siv Magnussen (Senter for omsorgsforskning)<\/a><\/li>\n<\/ul>\n<\/div>\n<\/div>\n\n\n\n<div style=\"height:56px\" aria-hidden=\"true\" class=\"wp-block-spacer\"><\/div>\n\n\n\n<p class=\"has-medium-font-size\"><\/p>\n\n\n\n<p class=\"has-medium-font-size\"><\/p>\n\n\n\n<p class=\"has-medium-font-size\"><\/p>\n\n\n\n<p class=\"has-medium-font-size\"><\/p>\n","protected":false},"excerpt":{"rendered":"<p>Prosjektgruppe Rose Mari Olsen (prosjektleder) Nina Beate Andfossen Siri Andreassen Devik Marianne Koller\u00f8s Nilsen Thomas Habtu Unn Siri Olsen Astrid Skogseth Hege Sletvold Kristin Berre \u00d8rjas\u00e6ter Bj\u00f8rn Rasmussen Gunn Eva Solum Myren Aud Uhlen Obstfelder Per Gunnar Disch Lars Hammarstr\u00f6m Janne Myhre Davina Allen Sue Jordan Victor Valderaune Irene R\u00f8en Styringsgruppe<\/p>\n","protected":false},"author":75,"featured_media":0,"parent":0,"menu_order":0,"comment_status":"closed","ping_status":"closed","template":"","meta":{"footnotes":""},"coauthors":[8],"class_list":["post-23","page","type-page","status-publish","hentry"],"_links":{"self":[{"href":"https:\/\/site.nord.no\/medsafe-old\/wp-json\/wp\/v2\/pages\/23","targetHints":{"allow":["GET"]}}],"collection":[{"href":"https:\/\/site.nord.no\/medsafe-old\/wp-json\/wp\/v2\/pages"}],"about":[{"href":"https:\/\/site.nord.no\/medsafe-old\/wp-json\/wp\/v2\/types\/page"}],"author":[{"embeddable":true,"href":"https:\/\/site.nord.no\/medsafe-old\/wp-json\/wp\/v2\/users\/75"}],"replies":[{"embeddable":true,"href":"https:\/\/site.nord.no\/medsafe-old\/wp-json\/wp\/v2\/comments?post=23"}],"version-history":[{"count":35,"href":"https:\/\/site.nord.no\/medsafe-old\/wp-json\/wp\/v2\/pages\/23\/revisions"}],"predecessor-version":[{"id":700,"href":"https:\/\/site.nord.no\/medsafe-old\/wp-json\/wp\/v2\/pages\/23\/revisions\/700"}],"wp:attachment":[{"href":"https:\/\/site.nord.no\/medsafe-old\/wp-json\/wp\/v2\/media?parent=23"}],"wp:term":[{"taxonomy":"author","embeddable":true,"href":"https:\/\/site.nord.no\/medsafe-old\/wp-json\/wp\/v2\/coauthors?post=23"}],"curies":[{"name":"wp","href":"https:\/\/api.w.org\/{rel}","templated":true}]}}