{"id":25,"date":"2024-01-16T13:51:08","date_gmt":"2024-01-16T12:51:08","guid":{"rendered":"https:\/\/site.nord.no\/medsafe-old\/?page_id=25"},"modified":"2024-09-06T08:22:44","modified_gmt":"2024-09-06T06:22:44","slug":"organisering","status":"publish","type":"page","link":"https:\/\/site.nord.no\/medsafe-old\/organisering\/","title":{"rendered":"Aktiviteter"},"content":{"rendered":"<ul class=\"wp-block-latest-posts__list wp-block-latest-posts\"><li><div class=\"wp-block-latest-posts__featured-image alignleft\"><img decoding=\"async\" width=\"300\" height=\"162\" src=\"https:\/\/site.nord.no\/medsafe-old\/wp-content\/uploads\/sites\/75\/2024\/12\/Et-storre-bilde-1.jpg\" class=\"attachment-medium size-medium wp-post-image\" alt=\"\" style=\"max-width:250px;\" \/><\/div><a class=\"wp-block-latest-posts__post-title\" href=\"https:\/\/site.nord.no\/medsafe-old\/2024\/12\/16\/presentasjoner-pa-omsorgsforskningskonferansen-2024\/\">Omsorgsforskningskonferansen<\/a><div class=\"wp-block-latest-posts__post-excerpt\">Den 23. og 24. oktober 2024 ble den 8. nasjonale konferansen for omsorgsforskning arrangert i Drammen. Dette er en konferanse som Senter for omsorgsforskning arrangerer annen hvert \u00e5r. Konferansen tar\u2026 <a class=\"wp-block-latest-posts__read-more\" href=\"https:\/\/site.nord.no\/medsafe-old\/2024\/12\/16\/presentasjoner-pa-omsorgsforskningskonferansen-2024\/\" rel=\"noopener noreferrer\">Les mer<span class=\"screen-reader-text\">: Omsorgsforskningskonferansen<\/span><\/a><\/div><\/li>\n<li><div class=\"wp-block-latest-posts__featured-image alignleft\"><img decoding=\"async\" width=\"300\" height=\"163\" src=\"https:\/\/site.nord.no\/medsafe-old\/wp-content\/uploads\/sites\/75\/2024\/12\/wales.png\" class=\"attachment-medium size-medium wp-post-image\" alt=\"\" style=\"max-width:250px;\" \/><\/div><a class=\"wp-block-latest-posts__post-title\" href=\"https:\/\/site.nord.no\/medsafe-old\/2024\/12\/15\/reisebrev-fra-whales\/\">Reisebrev fra Marianne i Wales<\/a><div class=\"wp-block-latest-posts__post-excerpt\">I perioden 22. april til 10. mai 2024 hadde jeg gleden av \u00e5 ha et utvekslingsopphold ved Swansea University i Wales, der v\u00e5r samarbeidspartner professor Sue Jordan arbeider. I l\u00f8pet\u2026 <a class=\"wp-block-latest-posts__read-more\" href=\"https:\/\/site.nord.no\/medsafe-old\/2024\/12\/15\/reisebrev-fra-whales\/\" rel=\"noopener noreferrer\">Les mer<span class=\"screen-reader-text\">: Reisebrev fra Marianne i Wales<\/span><\/a><\/div><\/li>\n<li><div class=\"wp-block-latest-posts__featured-image alignleft\"><img decoding=\"async\" width=\"300\" height=\"162\" src=\"https:\/\/site.nord.no\/medsafe-old\/wp-content\/uploads\/sites\/75\/2024\/12\/UC-Irvine.jpg\" class=\"attachment-medium size-medium wp-post-image\" alt=\"\" style=\"max-width:250px;\" \/><\/div><a class=\"wp-block-latest-posts__post-title\" href=\"https:\/\/site.nord.no\/medsafe-old\/2024\/12\/10\/a-month-of-learning-at-uc-irvine\/\">A month of learning at UC Irvine<\/a><div class=\"wp-block-latest-posts__post-excerpt\">(Reisebrev fra Thomas i California) As part of my PhD journey at NTNU, I had the incredible opportunity to visit the University of California, Irvine (UCI) from January 8 to\u2026 <a class=\"wp-block-latest-posts__read-more\" href=\"https:\/\/site.nord.no\/medsafe-old\/2024\/12\/10\/a-month-of-learning-at-uc-irvine\/\" rel=\"noopener noreferrer\">Les mer<span class=\"screen-reader-text\">: A month of learning at UC Irvine<\/span><\/a><\/div><\/li>\n<li><div class=\"wp-block-latest-posts__featured-image alignleft\"><img loading=\"lazy\" decoding=\"async\" width=\"300\" height=\"158\" src=\"https:\/\/site.nord.no\/medsafe-old\/wp-content\/uploads\/sites\/75\/2024\/09\/Farmasidagene_2.jpg\" class=\"attachment-medium size-medium wp-post-image\" alt=\"\" style=\"max-width:250px;\" \/><\/div><a class=\"wp-block-latest-posts__post-title\" href=\"https:\/\/site.nord.no\/medsafe-old\/2024\/09\/06\/presentasjon-under-farmasidagene\/\">Presentasjon under Farmasidagene<\/a><div class=\"wp-block-latest-posts__post-excerpt\">Under Farmasidagene 9. og 10. november 2023 hadde Marianne Koller\u00f8s Nilsen en posterpresentasjon av MedSafe-Old prosjektets arbeidspakke 1. Tittelen p\u00e5 posteren (oversatt til norsk) var Hvordan tilrettelegger de kommunale helsetjenestene\u2026 <a class=\"wp-block-latest-posts__read-more\" href=\"https:\/\/site.nord.no\/medsafe-old\/2024\/09\/06\/presentasjon-under-farmasidagene\/\" rel=\"noopener noreferrer\">Les mer<span class=\"screen-reader-text\">: Presentasjon under Farmasidagene<\/span><\/a><\/div><\/li>\n<li><div class=\"wp-block-latest-posts__featured-image alignleft\"><img loading=\"lazy\" decoding=\"async\" width=\"300\" height=\"161\" src=\"https:\/\/site.nord.no\/medsafe-old\/wp-content\/uploads\/sites\/75\/2024\/02\/IMG_20231114_111212.jpg\" class=\"attachment-medium size-medium wp-post-image\" alt=\"\" style=\"max-width:250px;\" \/><\/div><a class=\"wp-block-latest-posts__post-title\" href=\"https:\/\/site.nord.no\/medsafe-old\/2024\/02\/21\/kick-off-seminar\/\">Kick-off seminar<\/a><div class=\"wp-block-latest-posts__post-excerpt\">Prosjektgruppen gjennomf\u00f8rte kick-off seminar p\u00e5 Stj\u00f8rdal 13. og 14. november 2023. M\u00e5let med samlingen var \u00e5 bli kjent, samt utvikle felles forst\u00e5else av prosjektet MedSafe-Old og dets m\u00e5l. Etter en\u2026 <a class=\"wp-block-latest-posts__read-more\" href=\"https:\/\/site.nord.no\/medsafe-old\/2024\/02\/21\/kick-off-seminar\/\" rel=\"noopener noreferrer\">Les mer<span class=\"screen-reader-text\">: Kick-off seminar<\/span><\/a><\/div><\/li>\n<\/ul>\n\n\n<p><\/p>\n","protected":false},"excerpt":{"rendered":"","protected":false},"author":75,"featured_media":0,"parent":0,"menu_order":0,"comment_status":"closed","ping_status":"closed","template":"","meta":{"footnotes":""},"coauthors":[8],"class_list":["post-25","page","type-page","status-publish","hentry"],"_links":{"self":[{"href":"https:\/\/site.nord.no\/medsafe-old\/wp-json\/wp\/v2\/pages\/25","targetHints":{"allow":["GET"]}}],"collection":[{"href":"https:\/\/site.nord.no\/medsafe-old\/wp-json\/wp\/v2\/pages"}],"about":[{"href":"https:\/\/site.nord.no\/medsafe-old\/wp-json\/wp\/v2\/types\/page"}],"author":[{"embeddable":true,"href":"https:\/\/site.nord.no\/medsafe-old\/wp-json\/wp\/v2\/users\/75"}],"replies":[{"embeddable":true,"href":"https:\/\/site.nord.no\/medsafe-old\/wp-json\/wp\/v2\/comments?post=25"}],"version-history":[{"count":4,"href":"https:\/\/site.nord.no\/medsafe-old\/wp-json\/wp\/v2\/pages\/25\/revisions"}],"predecessor-version":[{"id":418,"href":"https:\/\/site.nord.no\/medsafe-old\/wp-json\/wp\/v2\/pages\/25\/revisions\/418"}],"wp:attachment":[{"href":"https:\/\/site.nord.no\/medsafe-old\/wp-json\/wp\/v2\/media?parent=25"}],"wp:term":[{"taxonomy":"author","embeddable":true,"href":"https:\/\/site.nord.no\/medsafe-old\/wp-json\/wp\/v2\/coauthors?post=25"}],"curies":[{"name":"wp","href":"https:\/\/api.w.org\/{rel}","templated":true}]}}